{"id":17290,"date":"2023-12-19T19:44:10","date_gmt":"2023-12-19T18:44:10","guid":{"rendered":"https:\/\/venuspara.com\/?post_type=product&#038;p=17290"},"modified":"2023-12-19T19:45:07","modified_gmt":"2023-12-19T18:45:07","slug":"mustela-creme-change-vitamine-barriere","status":"publish","type":"product","link":"https:\/\/pharmadreams.shop\/index.php\/product\/mustela-creme-change-vitamine-barriere\/","title":{"rendered":"Mustela cr\u00e8me change vitamine barriere"},"content":{"rendered":"","protected":false},"excerpt":{"rendered":"<p>Souvent enferm\u00e9es dans des couches \u00e0 longueur de journ\u00e9es, les\u00a0<b>fesses de b\u00e9b\u00e9<\/b>\u00a0peuvent vite devenir rouges, et souffrir d\u2019irritations pouvant mener \u00e0 un\u00a0<b>\u00e9ryth\u00e8me fessier<\/b>. Pour pr\u00e9venir l\u2019apparition de ces d\u00e9sagr\u00e9ments et soulager b\u00e9b\u00e9 d\u00e8s la naissance,\u00a0<b>Mustela<\/b>\u00a0a cr\u00e9\u00e9 sa c\u00e9l\u00e8bre\u00a0<b>Cr\u00e8me de Change 1.2.3<\/b>. Ce produit triple-actions, \u00e0 employer \u00e0 chaque change, permet de :<\/p>\n<ul>\n<li><b>Pr\u00e9venir les irritations et les rougeurs<\/b>\u00a0en prot\u00e9geant la peau fragile et d\u00e9licate de l\u2019enfant<\/li>\n<li><b>Soulager les rougeurs et les d\u00e9mangeaisons<\/b>\u00a0d\u00e8s la premi\u00e8re application pour que la peau b\u00e9b\u00e9 retrouve tout son confort et sa douceur<\/li>\n<li><b>R\u00e9parer la peau<\/b>\u00a0en la nourrissant en profondeur et en formant une couche r\u00e9g\u00e9n\u00e9rante et protectric<\/li>\n<\/ul>\n","protected":false},"featured_media":17370,"comment_status":"open","ping_status":"closed","template":"","meta":[],"product_brand":[],"product_cat":[78,194,80],"product_tag":[],"class_list":{"0":"post-17290","1":"product","2":"type-product","3":"status-publish","4":"has-post-thumbnail","6":"product_cat-cremes","7":"product_cat-peaux-sensibles","8":"product_cat-soins","10":"first","11":"instock","12":"shipping-taxable","13":"purchasable","14":"product-type-simple"},"yoast_head":"<!-- This site is optimized with the Yoast SEO plugin v23.0 - https:\/\/yoast.com\/wordpress\/plugins\/seo\/ -->\n<title>Mustela cr\u00e8me change vitamine barriere - pharmadreams<\/title>\n<meta name=\"robots\" content=\"index, follow, max-snippet:-1, max-image-preview:large, max-video-preview:-1\" \/>\n<link rel=\"canonical\" href=\"https:\/\/pharmadreams.shop\/index.php\/product\/mustela-creme-change-vitamine-barriere\/\" \/>\n<meta property=\"og:locale\" content=\"fr_FR\" \/>\n<meta property=\"og:type\" content=\"article\" \/>\n<meta property=\"og:title\" content=\"Mustela cr\u00e8me change vitamine barriere - pharmadreams\" \/>\n<meta property=\"og:description\" content=\"Souvent enferm\u00e9es dans des couches \u00e0 longueur de journ\u00e9es, les\u00a0fesses de b\u00e9b\u00e9\u00a0peuvent vite devenir rouges, et souffrir d\u2019irritations pouvant mener \u00e0 un\u00a0\u00e9ryth\u00e8me fessier. Pour pr\u00e9venir l\u2019apparition de ces d\u00e9sagr\u00e9ments et soulager b\u00e9b\u00e9 d\u00e8s la naissance,\u00a0Mustela\u00a0a cr\u00e9\u00e9 sa c\u00e9l\u00e8bre\u00a0Cr\u00e8me de Change 1.2.3. Ce produit triple-actions, \u00e0 employer \u00e0 chaque change, permet de :   Pr\u00e9venir les irritations et les rougeurs\u00a0en prot\u00e9geant la peau fragile et d\u00e9licate de l\u2019enfant  Soulager les rougeurs et les d\u00e9mangeaisons\u00a0d\u00e8s la premi\u00e8re application pour que la peau b\u00e9b\u00e9 retrouve tout son confort et sa douceur  R\u00e9parer la peau\u00a0en la nourrissant en profondeur et en formant une couche r\u00e9g\u00e9n\u00e9rante et protectric\" \/>\n<meta property=\"og:url\" content=\"https:\/\/pharmadreams.shop\/index.php\/product\/mustela-creme-change-vitamine-barriere\/\" \/>\n<meta property=\"og:site_name\" content=\"pharmadreams\" \/>\n<meta property=\"article:modified_time\" content=\"2023-12-19T18:45:07+00:00\" \/>\n<meta property=\"og:image\" content=\"https:\/\/pharmadreams.shop\/wp-content\/uploads\/2023\/12\/Sans-titre-195.png\" \/>\n\t<meta property=\"og:image:width\" content=\"3052\" \/>\n\t<meta property=\"og:image:height\" content=\"2416\" \/>\n\t<meta property=\"og:image:type\" content=\"image\/png\" \/>\n<meta name=\"twitter:card\" content=\"summary_large_image\" \/>\n<script type=\"application\/ld+json\" class=\"yoast-schema-graph\">{\"@context\":\"https:\/\/schema.org\",\"@graph\":[{\"@type\":\"WebPage\",\"@id\":\"https:\/\/pharmadreams.shop\/index.php\/product\/mustela-creme-change-vitamine-barriere\/\",\"url\":\"https:\/\/pharmadreams.shop\/index.php\/product\/mustela-creme-change-vitamine-barriere\/\",\"name\":\"Mustela cr\u00e8me change vitamine barriere - pharmadreams\",\"isPartOf\":{\"@id\":\"https:\/\/pharmadreams.shop\/#website\"},\"primaryImageOfPage\":{\"@id\":\"https:\/\/pharmadreams.shop\/index.php\/product\/mustela-creme-change-vitamine-barriere\/#primaryimage\"},\"image\":{\"@id\":\"https:\/\/pharmadreams.shop\/index.php\/product\/mustela-creme-change-vitamine-barriere\/#primaryimage\"},\"thumbnailUrl\":\"https:\/\/pharmadreams.shop\/wp-content\/uploads\/2023\/12\/Sans-titre-195.png\",\"datePublished\":\"2023-12-19T18:44:10+00:00\",\"dateModified\":\"2023-12-19T18:45:07+00:00\",\"breadcrumb\":{\"@id\":\"https:\/\/pharmadreams.shop\/index.php\/product\/mustela-creme-change-vitamine-barriere\/#breadcrumb\"},\"inLanguage\":\"fr-FR\",\"potentialAction\":[{\"@type\":\"ReadAction\",\"target\":[\"https:\/\/pharmadreams.shop\/index.php\/product\/mustela-creme-change-vitamine-barriere\/\"]}]},{\"@type\":\"ImageObject\",\"inLanguage\":\"fr-FR\",\"@id\":\"https:\/\/pharmadreams.shop\/index.php\/product\/mustela-creme-change-vitamine-barriere\/#primaryimage\",\"url\":\"https:\/\/pharmadreams.shop\/wp-content\/uploads\/2023\/12\/Sans-titre-195.png\",\"contentUrl\":\"https:\/\/pharmadreams.shop\/wp-content\/uploads\/2023\/12\/Sans-titre-195.png\",\"width\":3052,\"height\":2416},{\"@type\":\"BreadcrumbList\",\"@id\":\"https:\/\/pharmadreams.shop\/index.php\/product\/mustela-creme-change-vitamine-barriere\/#breadcrumb\",\"itemListElement\":[{\"@type\":\"ListItem\",\"position\":1,\"name\":\"Accueil\",\"item\":\"https:\/\/pharmadreams.shop\/\"},{\"@type\":\"ListItem\",\"position\":2,\"name\":\"Shop\",\"item\":\"https:\/\/pharmadreams.shop\/index.php\/shop\/\"},{\"@type\":\"ListItem\",\"position\":3,\"name\":\"Mustela cr\u00e8me change vitamine barriere\"}]},{\"@type\":\"WebSite\",\"@id\":\"https:\/\/pharmadreams.shop\/#website\",\"url\":\"https:\/\/pharmadreams.shop\/\",\"name\":\"pharmadreams\",\"description\":\"Parapharmacie en ligne\",\"potentialAction\":[{\"@type\":\"SearchAction\",\"target\":{\"@type\":\"EntryPoint\",\"urlTemplate\":\"https:\/\/pharmadreams.shop\/?s={search_term_string}\"},\"query-input\":\"required name=search_term_string\"}],\"inLanguage\":\"fr-FR\"}]}<\/script>\n<!-- \/ Yoast SEO plugin. -->","yoast_head_json":{"title":"Mustela cr\u00e8me change vitamine barriere - pharmadreams","robots":{"index":"index","follow":"follow","max-snippet":"max-snippet:-1","max-image-preview":"max-image-preview:large","max-video-preview":"max-video-preview:-1"},"canonical":"https:\/\/pharmadreams.shop\/index.php\/product\/mustela-creme-change-vitamine-barriere\/","og_locale":"fr_FR","og_type":"article","og_title":"Mustela cr\u00e8me change vitamine barriere - pharmadreams","og_description":"Souvent enferm\u00e9es dans des couches \u00e0 longueur de journ\u00e9es, les\u00a0fesses de b\u00e9b\u00e9\u00a0peuvent vite devenir rouges, et souffrir d\u2019irritations pouvant mener \u00e0 un\u00a0\u00e9ryth\u00e8me fessier. Pour pr\u00e9venir l\u2019apparition de ces d\u00e9sagr\u00e9ments et soulager b\u00e9b\u00e9 d\u00e8s la naissance,\u00a0Mustela\u00a0a cr\u00e9\u00e9 sa c\u00e9l\u00e8bre\u00a0Cr\u00e8me de Change 1.2.3. Ce produit triple-actions, \u00e0 employer \u00e0 chaque change, permet de :   Pr\u00e9venir les irritations et les rougeurs\u00a0en prot\u00e9geant la peau fragile et d\u00e9licate de l\u2019enfant  Soulager les rougeurs et les d\u00e9mangeaisons\u00a0d\u00e8s la premi\u00e8re application pour que la peau b\u00e9b\u00e9 retrouve tout son confort et sa douceur  R\u00e9parer la peau\u00a0en la nourrissant en profondeur et en formant une couche r\u00e9g\u00e9n\u00e9rante et protectric","og_url":"https:\/\/pharmadreams.shop\/index.php\/product\/mustela-creme-change-vitamine-barriere\/","og_site_name":"pharmadreams","article_modified_time":"2023-12-19T18:45:07+00:00","og_image":[{"width":3052,"height":2416,"url":"https:\/\/pharmadreams.shop\/wp-content\/uploads\/2023\/12\/Sans-titre-195.png","type":"image\/png"}],"twitter_card":"summary_large_image","schema":{"@context":"https:\/\/schema.org","@graph":[{"@type":"WebPage","@id":"https:\/\/pharmadreams.shop\/index.php\/product\/mustela-creme-change-vitamine-barriere\/","url":"https:\/\/pharmadreams.shop\/index.php\/product\/mustela-creme-change-vitamine-barriere\/","name":"Mustela cr\u00e8me change vitamine barriere - pharmadreams","isPartOf":{"@id":"https:\/\/pharmadreams.shop\/#website"},"primaryImageOfPage":{"@id":"https:\/\/pharmadreams.shop\/index.php\/product\/mustela-creme-change-vitamine-barriere\/#primaryimage"},"image":{"@id":"https:\/\/pharmadreams.shop\/index.php\/product\/mustela-creme-change-vitamine-barriere\/#primaryimage"},"thumbnailUrl":"https:\/\/pharmadreams.shop\/wp-content\/uploads\/2023\/12\/Sans-titre-195.png","datePublished":"2023-12-19T18:44:10+00:00","dateModified":"2023-12-19T18:45:07+00:00","breadcrumb":{"@id":"https:\/\/pharmadreams.shop\/index.php\/product\/mustela-creme-change-vitamine-barriere\/#breadcrumb"},"inLanguage":"fr-FR","potentialAction":[{"@type":"ReadAction","target":["https:\/\/pharmadreams.shop\/index.php\/product\/mustela-creme-change-vitamine-barriere\/"]}]},{"@type":"ImageObject","inLanguage":"fr-FR","@id":"https:\/\/pharmadreams.shop\/index.php\/product\/mustela-creme-change-vitamine-barriere\/#primaryimage","url":"https:\/\/pharmadreams.shop\/wp-content\/uploads\/2023\/12\/Sans-titre-195.png","contentUrl":"https:\/\/pharmadreams.shop\/wp-content\/uploads\/2023\/12\/Sans-titre-195.png","width":3052,"height":2416},{"@type":"BreadcrumbList","@id":"https:\/\/pharmadreams.shop\/index.php\/product\/mustela-creme-change-vitamine-barriere\/#breadcrumb","itemListElement":[{"@type":"ListItem","position":1,"name":"Accueil","item":"https:\/\/pharmadreams.shop\/"},{"@type":"ListItem","position":2,"name":"Shop","item":"https:\/\/pharmadreams.shop\/index.php\/shop\/"},{"@type":"ListItem","position":3,"name":"Mustela cr\u00e8me change vitamine barriere"}]},{"@type":"WebSite","@id":"https:\/\/pharmadreams.shop\/#website","url":"https:\/\/pharmadreams.shop\/","name":"pharmadreams","description":"Parapharmacie en ligne","potentialAction":[{"@type":"SearchAction","target":{"@type":"EntryPoint","urlTemplate":"https:\/\/pharmadreams.shop\/?s={search_term_string}"},"query-input":"required name=search_term_string"}],"inLanguage":"fr-FR"}]}},"_links":{"self":[{"href":"https:\/\/pharmadreams.shop\/index.php\/wp-json\/wp\/v2\/product\/17290","targetHints":{"allow":["GET"]}}],"collection":[{"href":"https:\/\/pharmadreams.shop\/index.php\/wp-json\/wp\/v2\/product"}],"about":[{"href":"https:\/\/pharmadreams.shop\/index.php\/wp-json\/wp\/v2\/types\/product"}],"replies":[{"embeddable":true,"href":"https:\/\/pharmadreams.shop\/index.php\/wp-json\/wp\/v2\/comments?post=17290"}],"version-history":[{"count":0,"href":"https:\/\/pharmadreams.shop\/index.php\/wp-json\/wp\/v2\/product\/17290\/revisions"}],"wp:featuredmedia":[{"embeddable":true,"href":"https:\/\/pharmadreams.shop\/index.php\/wp-json\/wp\/v2\/media\/17370"}],"wp:attachment":[{"href":"https:\/\/pharmadreams.shop\/index.php\/wp-json\/wp\/v2\/media?parent=17290"}],"wp:term":[{"taxonomy":"product_brand","embeddable":true,"href":"https:\/\/pharmadreams.shop\/index.php\/wp-json\/wp\/v2\/product_brand?post=17290"},{"taxonomy":"product_cat","embeddable":true,"href":"https:\/\/pharmadreams.shop\/index.php\/wp-json\/wp\/v2\/product_cat?post=17290"},{"taxonomy":"product_tag","embeddable":true,"href":"https:\/\/pharmadreams.shop\/index.php\/wp-json\/wp\/v2\/product_tag?post=17290"}],"curies":[{"name":"wp","href":"https:\/\/api.w.org\/{rel}","templated":true}]}}