{"id":17322,"date":"2023-12-19T19:44:34","date_gmt":"2023-12-19T18:44:34","guid":{"rendered":"https:\/\/venuspara.com\/?post_type=product&#038;p=17322"},"modified":"2023-12-19T19:45:28","modified_gmt":"2023-12-19T18:45:28","slug":"arvea-creme-apaisante","status":"publish","type":"product","link":"https:\/\/pharmadreams.shop\/index.php\/product\/arvea-creme-apaisante\/","title":{"rendered":"Arvea cr\u00e8me apaisante"},"content":{"rendered":"","protected":false},"excerpt":{"rendered":"<p>Avec cette cr\u00e8me riche en ingr\u00e9dients naturels : eucalyptus, romarin, gen\u00e9vrier, aloe vera, huile essentielle de lavande, beurre de karit\u00e9, menthol, clou de girofle et huile d\u2019argan vos douleurs seront bien apais\u00e9es.<\/p>\n<p>Efficace pour le soulagement des affections rhumatismales articulaires et musculaires.<\/p>\n<p>Cette cr\u00e8me apaisante att\u00e9nue l&rsquo;inflammation, soulage les douleurs et augmente ainsi la mobilit\u00e9.<\/p>\n","protected":false},"featured_media":17388,"comment_status":"open","ping_status":"closed","template":"","meta":[],"product_brand":[],"product_cat":[138,78],"product_tag":[],"class_list":{"0":"post-17322","1":"product","2":"type-product","3":"status-publish","4":"has-post-thumbnail","6":"product_cat-anti-inflammatoire","7":"product_cat-cremes","9":"first","10":"instock","11":"shipping-taxable","12":"purchasable","13":"product-type-simple"},"yoast_head":"<!-- This site is optimized with the Yoast SEO plugin v23.0 - https:\/\/yoast.com\/wordpress\/plugins\/seo\/ -->\n<title>Arvea cr\u00e8me apaisante - pharmadreams<\/title>\n<meta name=\"robots\" content=\"index, follow, max-snippet:-1, max-image-preview:large, max-video-preview:-1\" \/>\n<link rel=\"canonical\" href=\"https:\/\/pharmadreams.shop\/index.php\/product\/arvea-creme-apaisante\/\" \/>\n<meta property=\"og:locale\" content=\"fr_FR\" \/>\n<meta property=\"og:type\" content=\"article\" \/>\n<meta property=\"og:title\" content=\"Arvea cr\u00e8me apaisante - pharmadreams\" \/>\n<meta property=\"og:description\" content=\"Avec cette cr\u00e8me riche en ingr\u00e9dients naturels : eucalyptus, romarin, gen\u00e9vrier, aloe vera, huile essentielle de lavande, beurre de karit\u00e9, menthol, clou de girofle et huile d\u2019argan vos douleurs seront bien apais\u00e9es.  Efficace pour le soulagement des affections rhumatismales articulaires et musculaires.  Cette cr\u00e8me apaisante att\u00e9nue l&#039;inflammation, soulage les douleurs et augmente ainsi la mobilit\u00e9.\" \/>\n<meta property=\"og:url\" content=\"https:\/\/pharmadreams.shop\/index.php\/product\/arvea-creme-apaisante\/\" \/>\n<meta property=\"og:site_name\" content=\"pharmadreams\" \/>\n<meta property=\"article:modified_time\" content=\"2023-12-19T18:45:28+00:00\" \/>\n<meta property=\"og:image\" content=\"https:\/\/pharmadreams.shop\/wp-content\/uploads\/2023\/12\/Sans-titre-201.png\" \/>\n\t<meta property=\"og:image:width\" content=\"1040\" \/>\n\t<meta property=\"og:image:height\" content=\"968\" \/>\n\t<meta property=\"og:image:type\" content=\"image\/png\" \/>\n<meta name=\"twitter:card\" content=\"summary_large_image\" \/>\n<script type=\"application\/ld+json\" class=\"yoast-schema-graph\">{\"@context\":\"https:\/\/schema.org\",\"@graph\":[{\"@type\":\"WebPage\",\"@id\":\"https:\/\/pharmadreams.shop\/index.php\/product\/arvea-creme-apaisante\/\",\"url\":\"https:\/\/pharmadreams.shop\/index.php\/product\/arvea-creme-apaisante\/\",\"name\":\"Arvea cr\u00e8me apaisante - pharmadreams\",\"isPartOf\":{\"@id\":\"https:\/\/pharmadreams.shop\/#website\"},\"primaryImageOfPage\":{\"@id\":\"https:\/\/pharmadreams.shop\/index.php\/product\/arvea-creme-apaisante\/#primaryimage\"},\"image\":{\"@id\":\"https:\/\/pharmadreams.shop\/index.php\/product\/arvea-creme-apaisante\/#primaryimage\"},\"thumbnailUrl\":\"https:\/\/pharmadreams.shop\/wp-content\/uploads\/2023\/12\/Sans-titre-201.png\",\"datePublished\":\"2023-12-19T18:44:34+00:00\",\"dateModified\":\"2023-12-19T18:45:28+00:00\",\"breadcrumb\":{\"@id\":\"https:\/\/pharmadreams.shop\/index.php\/product\/arvea-creme-apaisante\/#breadcrumb\"},\"inLanguage\":\"fr-FR\",\"potentialAction\":[{\"@type\":\"ReadAction\",\"target\":[\"https:\/\/pharmadreams.shop\/index.php\/product\/arvea-creme-apaisante\/\"]}]},{\"@type\":\"ImageObject\",\"inLanguage\":\"fr-FR\",\"@id\":\"https:\/\/pharmadreams.shop\/index.php\/product\/arvea-creme-apaisante\/#primaryimage\",\"url\":\"https:\/\/pharmadreams.shop\/wp-content\/uploads\/2023\/12\/Sans-titre-201.png\",\"contentUrl\":\"https:\/\/pharmadreams.shop\/wp-content\/uploads\/2023\/12\/Sans-titre-201.png\",\"width\":1040,\"height\":968},{\"@type\":\"BreadcrumbList\",\"@id\":\"https:\/\/pharmadreams.shop\/index.php\/product\/arvea-creme-apaisante\/#breadcrumb\",\"itemListElement\":[{\"@type\":\"ListItem\",\"position\":1,\"name\":\"Accueil\",\"item\":\"https:\/\/pharmadreams.shop\/\"},{\"@type\":\"ListItem\",\"position\":2,\"name\":\"Shop\",\"item\":\"https:\/\/pharmadreams.shop\/index.php\/shop\/\"},{\"@type\":\"ListItem\",\"position\":3,\"name\":\"Arvea cr\u00e8me apaisante\"}]},{\"@type\":\"WebSite\",\"@id\":\"https:\/\/pharmadreams.shop\/#website\",\"url\":\"https:\/\/pharmadreams.shop\/\",\"name\":\"pharmadreams\",\"description\":\"Parapharmacie en ligne\",\"potentialAction\":[{\"@type\":\"SearchAction\",\"target\":{\"@type\":\"EntryPoint\",\"urlTemplate\":\"https:\/\/pharmadreams.shop\/?s={search_term_string}\"},\"query-input\":\"required name=search_term_string\"}],\"inLanguage\":\"fr-FR\"}]}<\/script>\n<!-- \/ Yoast SEO plugin. -->","yoast_head_json":{"title":"Arvea cr\u00e8me apaisante - pharmadreams","robots":{"index":"index","follow":"follow","max-snippet":"max-snippet:-1","max-image-preview":"max-image-preview:large","max-video-preview":"max-video-preview:-1"},"canonical":"https:\/\/pharmadreams.shop\/index.php\/product\/arvea-creme-apaisante\/","og_locale":"fr_FR","og_type":"article","og_title":"Arvea cr\u00e8me apaisante - pharmadreams","og_description":"Avec cette cr\u00e8me riche en ingr\u00e9dients naturels : eucalyptus, romarin, gen\u00e9vrier, aloe vera, huile essentielle de lavande, beurre de karit\u00e9, menthol, clou de girofle et huile d\u2019argan vos douleurs seront bien apais\u00e9es.  Efficace pour le soulagement des affections rhumatismales articulaires et musculaires.  Cette cr\u00e8me apaisante att\u00e9nue l'inflammation, soulage les douleurs et augmente ainsi la mobilit\u00e9.","og_url":"https:\/\/pharmadreams.shop\/index.php\/product\/arvea-creme-apaisante\/","og_site_name":"pharmadreams","article_modified_time":"2023-12-19T18:45:28+00:00","og_image":[{"width":1040,"height":968,"url":"https:\/\/pharmadreams.shop\/wp-content\/uploads\/2023\/12\/Sans-titre-201.png","type":"image\/png"}],"twitter_card":"summary_large_image","schema":{"@context":"https:\/\/schema.org","@graph":[{"@type":"WebPage","@id":"https:\/\/pharmadreams.shop\/index.php\/product\/arvea-creme-apaisante\/","url":"https:\/\/pharmadreams.shop\/index.php\/product\/arvea-creme-apaisante\/","name":"Arvea cr\u00e8me apaisante - pharmadreams","isPartOf":{"@id":"https:\/\/pharmadreams.shop\/#website"},"primaryImageOfPage":{"@id":"https:\/\/pharmadreams.shop\/index.php\/product\/arvea-creme-apaisante\/#primaryimage"},"image":{"@id":"https:\/\/pharmadreams.shop\/index.php\/product\/arvea-creme-apaisante\/#primaryimage"},"thumbnailUrl":"https:\/\/pharmadreams.shop\/wp-content\/uploads\/2023\/12\/Sans-titre-201.png","datePublished":"2023-12-19T18:44:34+00:00","dateModified":"2023-12-19T18:45:28+00:00","breadcrumb":{"@id":"https:\/\/pharmadreams.shop\/index.php\/product\/arvea-creme-apaisante\/#breadcrumb"},"inLanguage":"fr-FR","potentialAction":[{"@type":"ReadAction","target":["https:\/\/pharmadreams.shop\/index.php\/product\/arvea-creme-apaisante\/"]}]},{"@type":"ImageObject","inLanguage":"fr-FR","@id":"https:\/\/pharmadreams.shop\/index.php\/product\/arvea-creme-apaisante\/#primaryimage","url":"https:\/\/pharmadreams.shop\/wp-content\/uploads\/2023\/12\/Sans-titre-201.png","contentUrl":"https:\/\/pharmadreams.shop\/wp-content\/uploads\/2023\/12\/Sans-titre-201.png","width":1040,"height":968},{"@type":"BreadcrumbList","@id":"https:\/\/pharmadreams.shop\/index.php\/product\/arvea-creme-apaisante\/#breadcrumb","itemListElement":[{"@type":"ListItem","position":1,"name":"Accueil","item":"https:\/\/pharmadreams.shop\/"},{"@type":"ListItem","position":2,"name":"Shop","item":"https:\/\/pharmadreams.shop\/index.php\/shop\/"},{"@type":"ListItem","position":3,"name":"Arvea cr\u00e8me apaisante"}]},{"@type":"WebSite","@id":"https:\/\/pharmadreams.shop\/#website","url":"https:\/\/pharmadreams.shop\/","name":"pharmadreams","description":"Parapharmacie en ligne","potentialAction":[{"@type":"SearchAction","target":{"@type":"EntryPoint","urlTemplate":"https:\/\/pharmadreams.shop\/?s={search_term_string}"},"query-input":"required name=search_term_string"}],"inLanguage":"fr-FR"}]}},"_links":{"self":[{"href":"https:\/\/pharmadreams.shop\/index.php\/wp-json\/wp\/v2\/product\/17322","targetHints":{"allow":["GET"]}}],"collection":[{"href":"https:\/\/pharmadreams.shop\/index.php\/wp-json\/wp\/v2\/product"}],"about":[{"href":"https:\/\/pharmadreams.shop\/index.php\/wp-json\/wp\/v2\/types\/product"}],"replies":[{"embeddable":true,"href":"https:\/\/pharmadreams.shop\/index.php\/wp-json\/wp\/v2\/comments?post=17322"}],"version-history":[{"count":0,"href":"https:\/\/pharmadreams.shop\/index.php\/wp-json\/wp\/v2\/product\/17322\/revisions"}],"wp:featuredmedia":[{"embeddable":true,"href":"https:\/\/pharmadreams.shop\/index.php\/wp-json\/wp\/v2\/media\/17388"}],"wp:attachment":[{"href":"https:\/\/pharmadreams.shop\/index.php\/wp-json\/wp\/v2\/media?parent=17322"}],"wp:term":[{"taxonomy":"product_brand","embeddable":true,"href":"https:\/\/pharmadreams.shop\/index.php\/wp-json\/wp\/v2\/product_brand?post=17322"},{"taxonomy":"product_cat","embeddable":true,"href":"https:\/\/pharmadreams.shop\/index.php\/wp-json\/wp\/v2\/product_cat?post=17322"},{"taxonomy":"product_tag","embeddable":true,"href":"https:\/\/pharmadreams.shop\/index.php\/wp-json\/wp\/v2\/product_tag?post=17322"}],"curies":[{"name":"wp","href":"https:\/\/api.w.org\/{rel}","templated":true}]}}