{"id":17323,"date":"2023-12-19T19:44:34","date_gmt":"2023-12-19T18:44:34","guid":{"rendered":"https:\/\/venuspara.com\/?post_type=product&#038;p=17323"},"modified":"2023-12-19T19:45:31","modified_gmt":"2023-12-19T18:45:31","slug":"forte-pharma-xtra-slim-700","status":"publish","type":"product","link":"https:\/\/pharmadreams.shop\/index.php\/product\/forte-pharma-xtra-slim-700\/","title":{"rendered":"Fort\u00e9 pharma xtra slim 700"},"content":{"rendered":"","protected":false},"excerpt":{"rendered":"<p><b>Le br\u00fbleur de graisses XtraSlim 700 propose une formule unique et exclusive de 8 actifs :<\/b><\/p>\n<p>4 Extrait de Plantes, choisis pour leur action minceur :- Une association de curcuma et de wakam\u00e9(1) : le wakam\u00e9 aide \u00e0 br\u00fbler les graisses, r\u00e9duire l\u2019app\u00e9tit et \u00e0 contr\u00f4ler son poids.- Le cassis(2) qui draine l\u2019organisme et facilite ainsi la perte de poids.- Le konjac, connu pour ses vertus di\u00e9t\u00e9tiques.\u00a03 Nutriments, agissant sur le m\u00e9tabolisme des lipides, des glucides et des prot\u00e9ines :- La choline, un nutriment essentiel qui agit en synergie avec les vitamines du groupe B. La choline contribue \u00e0 un m\u00e9tabolisme lipidique normal.- Le chrome, qui contribue au maintien d\u2019une glyc\u00e9mie normale.- La vitamine B6 qui favorise le m\u00e9tabolisme des prot\u00e9ines et contribue \u00e9galement \u00e0 r\u00e9duire la fatigue.\u00a0Et de la Vitamine B1(4) qui permet un bon \u00e9quilibre du syst\u00e8me nerveux, et un m\u00e9tabolisme \u00e9nerg\u00e9tique normal.2 g\u00e9lules d\u2019XtraSlim 700 2 fois par jour, \u00e0 prendre avant les deux principaux repas avec un grand verre d\u2019eau (200 ml). Programme de 1 mois, \u00e0 renouveler<\/p>\n","protected":false},"featured_media":17390,"comment_status":"open","ping_status":"closed","template":"","meta":[],"product_brand":[],"product_cat":[32],"product_tag":[],"class_list":{"0":"post-17323","1":"product","2":"type-product","3":"status-publish","4":"has-post-thumbnail","6":"product_cat-complements-alimentaires","8":"first","9":"instock","10":"shipping-taxable","11":"purchasable","12":"product-type-simple"},"yoast_head":"<!-- This site is optimized with the Yoast SEO plugin v23.0 - https:\/\/yoast.com\/wordpress\/plugins\/seo\/ -->\n<title>Fort\u00e9 pharma xtra slim 700 - pharmadreams<\/title>\n<meta name=\"robots\" content=\"index, follow, max-snippet:-1, max-image-preview:large, max-video-preview:-1\" \/>\n<link rel=\"canonical\" href=\"https:\/\/pharmadreams.shop\/index.php\/product\/forte-pharma-xtra-slim-700\/\" \/>\n<meta property=\"og:locale\" content=\"fr_FR\" \/>\n<meta property=\"og:type\" content=\"article\" \/>\n<meta property=\"og:title\" content=\"Fort\u00e9 pharma xtra slim 700 - pharmadreams\" \/>\n<meta property=\"og:description\" content=\"Le br\u00fbleur de graisses XtraSlim 700 propose une formule unique et exclusive de 8 actifs :  4 Extrait de Plantes, choisis pour leur action minceur :- Une association de curcuma et de wakam\u00e9(1) : le wakam\u00e9 aide \u00e0 br\u00fbler les graisses, r\u00e9duire l\u2019app\u00e9tit et \u00e0 contr\u00f4ler son poids.- Le cassis(2) qui draine l\u2019organisme et facilite ainsi la perte de poids.- Le konjac, connu pour ses vertus di\u00e9t\u00e9tiques.\u00a03 Nutriments, agissant sur le m\u00e9tabolisme des lipides, des glucides et des prot\u00e9ines :- La choline, un nutriment essentiel qui agit en synergie avec les vitamines du groupe B. La choline contribue \u00e0 un m\u00e9tabolisme lipidique normal.- Le chrome, qui contribue au maintien d\u2019une glyc\u00e9mie normale.- La vitamine B6 qui favorise le m\u00e9tabolisme des prot\u00e9ines et contribue \u00e9galement \u00e0 r\u00e9duire la fatigue.\u00a0Et de la Vitamine B1(4) qui permet un bon \u00e9quilibre du syst\u00e8me nerveux, et un m\u00e9tabolisme \u00e9nerg\u00e9tique normal.2 g\u00e9lules d\u2019XtraSlim 700 2 fois par jour, \u00e0 prendre avant les deux principaux repas avec un grand verre d\u2019eau (200 ml). Programme de 1 mois, \u00e0 renouveler\" \/>\n<meta property=\"og:url\" content=\"https:\/\/pharmadreams.shop\/index.php\/product\/forte-pharma-xtra-slim-700\/\" \/>\n<meta property=\"og:site_name\" content=\"pharmadreams\" \/>\n<meta property=\"article:modified_time\" content=\"2023-12-19T18:45:31+00:00\" \/>\n<meta property=\"og:image\" content=\"https:\/\/pharmadreams.shop\/wp-content\/uploads\/2023\/12\/Sans-titre-202.png\" \/>\n\t<meta property=\"og:image:width\" content=\"1480\" \/>\n\t<meta property=\"og:image:height\" content=\"1020\" \/>\n\t<meta property=\"og:image:type\" content=\"image\/png\" \/>\n<meta name=\"twitter:card\" content=\"summary_large_image\" \/>\n<script type=\"application\/ld+json\" class=\"yoast-schema-graph\">{\"@context\":\"https:\/\/schema.org\",\"@graph\":[{\"@type\":\"WebPage\",\"@id\":\"https:\/\/pharmadreams.shop\/index.php\/product\/forte-pharma-xtra-slim-700\/\",\"url\":\"https:\/\/pharmadreams.shop\/index.php\/product\/forte-pharma-xtra-slim-700\/\",\"name\":\"Fort\u00e9 pharma xtra slim 700 - pharmadreams\",\"isPartOf\":{\"@id\":\"https:\/\/pharmadreams.shop\/#website\"},\"primaryImageOfPage\":{\"@id\":\"https:\/\/pharmadreams.shop\/index.php\/product\/forte-pharma-xtra-slim-700\/#primaryimage\"},\"image\":{\"@id\":\"https:\/\/pharmadreams.shop\/index.php\/product\/forte-pharma-xtra-slim-700\/#primaryimage\"},\"thumbnailUrl\":\"https:\/\/pharmadreams.shop\/wp-content\/uploads\/2023\/12\/Sans-titre-202.png\",\"datePublished\":\"2023-12-19T18:44:34+00:00\",\"dateModified\":\"2023-12-19T18:45:31+00:00\",\"breadcrumb\":{\"@id\":\"https:\/\/pharmadreams.shop\/index.php\/product\/forte-pharma-xtra-slim-700\/#breadcrumb\"},\"inLanguage\":\"fr-FR\",\"potentialAction\":[{\"@type\":\"ReadAction\",\"target\":[\"https:\/\/pharmadreams.shop\/index.php\/product\/forte-pharma-xtra-slim-700\/\"]}]},{\"@type\":\"ImageObject\",\"inLanguage\":\"fr-FR\",\"@id\":\"https:\/\/pharmadreams.shop\/index.php\/product\/forte-pharma-xtra-slim-700\/#primaryimage\",\"url\":\"https:\/\/pharmadreams.shop\/wp-content\/uploads\/2023\/12\/Sans-titre-202.png\",\"contentUrl\":\"https:\/\/pharmadreams.shop\/wp-content\/uploads\/2023\/12\/Sans-titre-202.png\",\"width\":1480,\"height\":1020},{\"@type\":\"BreadcrumbList\",\"@id\":\"https:\/\/pharmadreams.shop\/index.php\/product\/forte-pharma-xtra-slim-700\/#breadcrumb\",\"itemListElement\":[{\"@type\":\"ListItem\",\"position\":1,\"name\":\"Accueil\",\"item\":\"https:\/\/pharmadreams.shop\/\"},{\"@type\":\"ListItem\",\"position\":2,\"name\":\"Shop\",\"item\":\"https:\/\/pharmadreams.shop\/index.php\/shop\/\"},{\"@type\":\"ListItem\",\"position\":3,\"name\":\"Fort\u00e9 pharma xtra slim 700\"}]},{\"@type\":\"WebSite\",\"@id\":\"https:\/\/pharmadreams.shop\/#website\",\"url\":\"https:\/\/pharmadreams.shop\/\",\"name\":\"pharmadreams\",\"description\":\"Parapharmacie en ligne\",\"potentialAction\":[{\"@type\":\"SearchAction\",\"target\":{\"@type\":\"EntryPoint\",\"urlTemplate\":\"https:\/\/pharmadreams.shop\/?s={search_term_string}\"},\"query-input\":\"required name=search_term_string\"}],\"inLanguage\":\"fr-FR\"}]}<\/script>\n<!-- \/ Yoast SEO plugin. -->","yoast_head_json":{"title":"Fort\u00e9 pharma xtra slim 700 - pharmadreams","robots":{"index":"index","follow":"follow","max-snippet":"max-snippet:-1","max-image-preview":"max-image-preview:large","max-video-preview":"max-video-preview:-1"},"canonical":"https:\/\/pharmadreams.shop\/index.php\/product\/forte-pharma-xtra-slim-700\/","og_locale":"fr_FR","og_type":"article","og_title":"Fort\u00e9 pharma xtra slim 700 - pharmadreams","og_description":"Le br\u00fbleur de graisses XtraSlim 700 propose une formule unique et exclusive de 8 actifs :  4 Extrait de Plantes, choisis pour leur action minceur :- Une association de curcuma et de wakam\u00e9(1) : le wakam\u00e9 aide \u00e0 br\u00fbler les graisses, r\u00e9duire l\u2019app\u00e9tit et \u00e0 contr\u00f4ler son poids.- Le cassis(2) qui draine l\u2019organisme et facilite ainsi la perte de poids.- Le konjac, connu pour ses vertus di\u00e9t\u00e9tiques.\u00a03 Nutriments, agissant sur le m\u00e9tabolisme des lipides, des glucides et des prot\u00e9ines :- La choline, un nutriment essentiel qui agit en synergie avec les vitamines du groupe B. La choline contribue \u00e0 un m\u00e9tabolisme lipidique normal.- Le chrome, qui contribue au maintien d\u2019une glyc\u00e9mie normale.- La vitamine B6 qui favorise le m\u00e9tabolisme des prot\u00e9ines et contribue \u00e9galement \u00e0 r\u00e9duire la fatigue.\u00a0Et de la Vitamine B1(4) qui permet un bon \u00e9quilibre du syst\u00e8me nerveux, et un m\u00e9tabolisme \u00e9nerg\u00e9tique normal.2 g\u00e9lules d\u2019XtraSlim 700 2 fois par jour, \u00e0 prendre avant les deux principaux repas avec un grand verre d\u2019eau (200 ml). Programme de 1 mois, \u00e0 renouveler","og_url":"https:\/\/pharmadreams.shop\/index.php\/product\/forte-pharma-xtra-slim-700\/","og_site_name":"pharmadreams","article_modified_time":"2023-12-19T18:45:31+00:00","og_image":[{"width":1480,"height":1020,"url":"https:\/\/pharmadreams.shop\/wp-content\/uploads\/2023\/12\/Sans-titre-202.png","type":"image\/png"}],"twitter_card":"summary_large_image","schema":{"@context":"https:\/\/schema.org","@graph":[{"@type":"WebPage","@id":"https:\/\/pharmadreams.shop\/index.php\/product\/forte-pharma-xtra-slim-700\/","url":"https:\/\/pharmadreams.shop\/index.php\/product\/forte-pharma-xtra-slim-700\/","name":"Fort\u00e9 pharma xtra slim 700 - pharmadreams","isPartOf":{"@id":"https:\/\/pharmadreams.shop\/#website"},"primaryImageOfPage":{"@id":"https:\/\/pharmadreams.shop\/index.php\/product\/forte-pharma-xtra-slim-700\/#primaryimage"},"image":{"@id":"https:\/\/pharmadreams.shop\/index.php\/product\/forte-pharma-xtra-slim-700\/#primaryimage"},"thumbnailUrl":"https:\/\/pharmadreams.shop\/wp-content\/uploads\/2023\/12\/Sans-titre-202.png","datePublished":"2023-12-19T18:44:34+00:00","dateModified":"2023-12-19T18:45:31+00:00","breadcrumb":{"@id":"https:\/\/pharmadreams.shop\/index.php\/product\/forte-pharma-xtra-slim-700\/#breadcrumb"},"inLanguage":"fr-FR","potentialAction":[{"@type":"ReadAction","target":["https:\/\/pharmadreams.shop\/index.php\/product\/forte-pharma-xtra-slim-700\/"]}]},{"@type":"ImageObject","inLanguage":"fr-FR","@id":"https:\/\/pharmadreams.shop\/index.php\/product\/forte-pharma-xtra-slim-700\/#primaryimage","url":"https:\/\/pharmadreams.shop\/wp-content\/uploads\/2023\/12\/Sans-titre-202.png","contentUrl":"https:\/\/pharmadreams.shop\/wp-content\/uploads\/2023\/12\/Sans-titre-202.png","width":1480,"height":1020},{"@type":"BreadcrumbList","@id":"https:\/\/pharmadreams.shop\/index.php\/product\/forte-pharma-xtra-slim-700\/#breadcrumb","itemListElement":[{"@type":"ListItem","position":1,"name":"Accueil","item":"https:\/\/pharmadreams.shop\/"},{"@type":"ListItem","position":2,"name":"Shop","item":"https:\/\/pharmadreams.shop\/index.php\/shop\/"},{"@type":"ListItem","position":3,"name":"Fort\u00e9 pharma xtra slim 700"}]},{"@type":"WebSite","@id":"https:\/\/pharmadreams.shop\/#website","url":"https:\/\/pharmadreams.shop\/","name":"pharmadreams","description":"Parapharmacie en ligne","potentialAction":[{"@type":"SearchAction","target":{"@type":"EntryPoint","urlTemplate":"https:\/\/pharmadreams.shop\/?s={search_term_string}"},"query-input":"required name=search_term_string"}],"inLanguage":"fr-FR"}]}},"_links":{"self":[{"href":"https:\/\/pharmadreams.shop\/index.php\/wp-json\/wp\/v2\/product\/17323","targetHints":{"allow":["GET"]}}],"collection":[{"href":"https:\/\/pharmadreams.shop\/index.php\/wp-json\/wp\/v2\/product"}],"about":[{"href":"https:\/\/pharmadreams.shop\/index.php\/wp-json\/wp\/v2\/types\/product"}],"replies":[{"embeddable":true,"href":"https:\/\/pharmadreams.shop\/index.php\/wp-json\/wp\/v2\/comments?post=17323"}],"version-history":[{"count":0,"href":"https:\/\/pharmadreams.shop\/index.php\/wp-json\/wp\/v2\/product\/17323\/revisions"}],"wp:featuredmedia":[{"embeddable":true,"href":"https:\/\/pharmadreams.shop\/index.php\/wp-json\/wp\/v2\/media\/17390"}],"wp:attachment":[{"href":"https:\/\/pharmadreams.shop\/index.php\/wp-json\/wp\/v2\/media?parent=17323"}],"wp:term":[{"taxonomy":"product_brand","embeddable":true,"href":"https:\/\/pharmadreams.shop\/index.php\/wp-json\/wp\/v2\/product_brand?post=17323"},{"taxonomy":"product_cat","embeddable":true,"href":"https:\/\/pharmadreams.shop\/index.php\/wp-json\/wp\/v2\/product_cat?post=17323"},{"taxonomy":"product_tag","embeddable":true,"href":"https:\/\/pharmadreams.shop\/index.php\/wp-json\/wp\/v2\/product_tag?post=17323"}],"curies":[{"name":"wp","href":"https:\/\/api.w.org\/{rel}","templated":true}]}}