{"id":17326,"date":"2023-12-19T19:44:35","date_gmt":"2023-12-19T18:44:35","guid":{"rendered":"https:\/\/venuspara.com\/?post_type=product&#038;p=17326"},"modified":"2023-12-19T19:45:36","modified_gmt":"2023-12-19T18:45:36","slug":"triplex-gastro-16-comprimes","status":"publish","type":"product","link":"https:\/\/pharmadreams.shop\/index.php\/product\/triplex-gastro-16-comprimes\/","title":{"rendered":"Triplex gastro 16 comprim\u00e9s"},"content":{"rendered":"","protected":false},"excerpt":{"rendered":"<h2><b>TRIPLEX GASTRO 16 comprim\u00e9s<\/b><\/h2>\n<p>TRIPLEX GASTRO \u00ab compl\u00e9ment alimentaire \u00bb est un produit pharmaceutique 100% NATUREL sous forme de comprim\u00e9s \u00e0 sucer.<\/p>\n<p>Avec des ingr\u00e9dients uniquement naturels : \u00ab Extrait de FENOUIL \u00e0 2% &amp; Extrait d\u2019ANIS \u00e0 2% \u00bb TRIPLEX GASTRO procure des propri\u00e9t\u00e9s<\/p>\n<p>apaisantes, adoucissantes et assainissantes permettant une digestion l\u00e9g\u00e8re et facile.<\/p>\n<p>TRIPLEX GASTRO utilis\u00e9 dans le traitement des digestions difficiles (br\u00fblures et aigreur d\u2019estomac, ballonnement, a\u00e9rophagie).<\/p>\n<p>TRIPLEX GASTRO est pr\u00e9conis\u00e9 aussi pour le soulagement des Re\ufb02ux gastro-oesophagien.<\/p>\n<p><b>Conseil d&rsquo;utilisation :<\/b><\/p>\n","protected":false},"featured_media":17396,"comment_status":"open","ping_status":"closed","template":"","meta":[],"product_brand":[],"product_cat":[32],"product_tag":[],"class_list":{"0":"post-17326","1":"product","2":"type-product","3":"status-publish","4":"has-post-thumbnail","6":"product_cat-complements-alimentaires","8":"first","9":"instock","10":"shipping-taxable","11":"purchasable","12":"product-type-simple"},"yoast_head":"<!-- This site is optimized with the Yoast SEO plugin v23.0 - https:\/\/yoast.com\/wordpress\/plugins\/seo\/ -->\n<title>Triplex gastro 16 comprim\u00e9s - pharmadreams<\/title>\n<meta name=\"robots\" content=\"index, follow, max-snippet:-1, max-image-preview:large, max-video-preview:-1\" \/>\n<link rel=\"canonical\" href=\"https:\/\/pharmadreams.shop\/index.php\/product\/triplex-gastro-16-comprimes\/\" \/>\n<meta property=\"og:locale\" content=\"fr_FR\" \/>\n<meta property=\"og:type\" content=\"article\" \/>\n<meta property=\"og:title\" content=\"Triplex gastro 16 comprim\u00e9s - pharmadreams\" \/>\n<meta property=\"og:description\" content=\"TRIPLEX GASTRO 16 comprim\u00e9s TRIPLEX GASTRO \u00ab compl\u00e9ment alimentaire \u00bb est un produit pharmaceutique 100% NATUREL sous forme de comprim\u00e9s \u00e0 sucer.  Avec des ingr\u00e9dients uniquement naturels : \u00ab Extrait de FENOUIL \u00e0 2% &amp; Extrait d\u2019ANIS \u00e0 2% \u00bb TRIPLEX GASTRO procure des propri\u00e9t\u00e9s  apaisantes, adoucissantes et assainissantes permettant une digestion l\u00e9g\u00e8re et facile.  TRIPLEX GASTRO utilis\u00e9 dans le traitement des digestions difficiles (br\u00fblures et aigreur d\u2019estomac, ballonnement, a\u00e9rophagie).  TRIPLEX GASTRO est pr\u00e9conis\u00e9 aussi pour le soulagement des Re\ufb02ux gastro-oesophagien.  Conseil d&#039;utilisation :\" \/>\n<meta property=\"og:url\" content=\"https:\/\/pharmadreams.shop\/index.php\/product\/triplex-gastro-16-comprimes\/\" \/>\n<meta property=\"og:site_name\" content=\"pharmadreams\" \/>\n<meta property=\"article:modified_time\" content=\"2023-12-19T18:45:36+00:00\" \/>\n<meta property=\"og:image\" content=\"https:\/\/pharmadreams.shop\/wp-content\/uploads\/2023\/12\/Sans-titre-205.png\" \/>\n\t<meta property=\"og:image:width\" content=\"1056\" \/>\n\t<meta property=\"og:image:height\" content=\"744\" \/>\n\t<meta property=\"og:image:type\" content=\"image\/png\" \/>\n<meta name=\"twitter:card\" content=\"summary_large_image\" \/>\n<script type=\"application\/ld+json\" class=\"yoast-schema-graph\">{\"@context\":\"https:\/\/schema.org\",\"@graph\":[{\"@type\":\"WebPage\",\"@id\":\"https:\/\/pharmadreams.shop\/index.php\/product\/triplex-gastro-16-comprimes\/\",\"url\":\"https:\/\/pharmadreams.shop\/index.php\/product\/triplex-gastro-16-comprimes\/\",\"name\":\"Triplex gastro 16 comprim\u00e9s - pharmadreams\",\"isPartOf\":{\"@id\":\"https:\/\/pharmadreams.shop\/#website\"},\"primaryImageOfPage\":{\"@id\":\"https:\/\/pharmadreams.shop\/index.php\/product\/triplex-gastro-16-comprimes\/#primaryimage\"},\"image\":{\"@id\":\"https:\/\/pharmadreams.shop\/index.php\/product\/triplex-gastro-16-comprimes\/#primaryimage\"},\"thumbnailUrl\":\"https:\/\/pharmadreams.shop\/wp-content\/uploads\/2023\/12\/Sans-titre-205.png\",\"datePublished\":\"2023-12-19T18:44:35+00:00\",\"dateModified\":\"2023-12-19T18:45:36+00:00\",\"breadcrumb\":{\"@id\":\"https:\/\/pharmadreams.shop\/index.php\/product\/triplex-gastro-16-comprimes\/#breadcrumb\"},\"inLanguage\":\"fr-FR\",\"potentialAction\":[{\"@type\":\"ReadAction\",\"target\":[\"https:\/\/pharmadreams.shop\/index.php\/product\/triplex-gastro-16-comprimes\/\"]}]},{\"@type\":\"ImageObject\",\"inLanguage\":\"fr-FR\",\"@id\":\"https:\/\/pharmadreams.shop\/index.php\/product\/triplex-gastro-16-comprimes\/#primaryimage\",\"url\":\"https:\/\/pharmadreams.shop\/wp-content\/uploads\/2023\/12\/Sans-titre-205.png\",\"contentUrl\":\"https:\/\/pharmadreams.shop\/wp-content\/uploads\/2023\/12\/Sans-titre-205.png\",\"width\":1056,\"height\":744},{\"@type\":\"BreadcrumbList\",\"@id\":\"https:\/\/pharmadreams.shop\/index.php\/product\/triplex-gastro-16-comprimes\/#breadcrumb\",\"itemListElement\":[{\"@type\":\"ListItem\",\"position\":1,\"name\":\"Accueil\",\"item\":\"https:\/\/pharmadreams.shop\/\"},{\"@type\":\"ListItem\",\"position\":2,\"name\":\"Shop\",\"item\":\"https:\/\/pharmadreams.shop\/index.php\/shop\/\"},{\"@type\":\"ListItem\",\"position\":3,\"name\":\"Triplex gastro 16 comprim\u00e9s\"}]},{\"@type\":\"WebSite\",\"@id\":\"https:\/\/pharmadreams.shop\/#website\",\"url\":\"https:\/\/pharmadreams.shop\/\",\"name\":\"pharmadreams\",\"description\":\"Parapharmacie en ligne\",\"potentialAction\":[{\"@type\":\"SearchAction\",\"target\":{\"@type\":\"EntryPoint\",\"urlTemplate\":\"https:\/\/pharmadreams.shop\/?s={search_term_string}\"},\"query-input\":\"required name=search_term_string\"}],\"inLanguage\":\"fr-FR\"}]}<\/script>\n<!-- \/ Yoast SEO plugin. -->","yoast_head_json":{"title":"Triplex gastro 16 comprim\u00e9s - pharmadreams","robots":{"index":"index","follow":"follow","max-snippet":"max-snippet:-1","max-image-preview":"max-image-preview:large","max-video-preview":"max-video-preview:-1"},"canonical":"https:\/\/pharmadreams.shop\/index.php\/product\/triplex-gastro-16-comprimes\/","og_locale":"fr_FR","og_type":"article","og_title":"Triplex gastro 16 comprim\u00e9s - pharmadreams","og_description":"TRIPLEX GASTRO 16 comprim\u00e9s TRIPLEX GASTRO \u00ab compl\u00e9ment alimentaire \u00bb est un produit pharmaceutique 100% NATUREL sous forme de comprim\u00e9s \u00e0 sucer.  Avec des ingr\u00e9dients uniquement naturels : \u00ab Extrait de FENOUIL \u00e0 2% &amp; Extrait d\u2019ANIS \u00e0 2% \u00bb TRIPLEX GASTRO procure des propri\u00e9t\u00e9s  apaisantes, adoucissantes et assainissantes permettant une digestion l\u00e9g\u00e8re et facile.  TRIPLEX GASTRO utilis\u00e9 dans le traitement des digestions difficiles (br\u00fblures et aigreur d\u2019estomac, ballonnement, a\u00e9rophagie).  TRIPLEX GASTRO est pr\u00e9conis\u00e9 aussi pour le soulagement des Re\ufb02ux gastro-oesophagien.  Conseil d'utilisation :","og_url":"https:\/\/pharmadreams.shop\/index.php\/product\/triplex-gastro-16-comprimes\/","og_site_name":"pharmadreams","article_modified_time":"2023-12-19T18:45:36+00:00","og_image":[{"width":1056,"height":744,"url":"https:\/\/pharmadreams.shop\/wp-content\/uploads\/2023\/12\/Sans-titre-205.png","type":"image\/png"}],"twitter_card":"summary_large_image","schema":{"@context":"https:\/\/schema.org","@graph":[{"@type":"WebPage","@id":"https:\/\/pharmadreams.shop\/index.php\/product\/triplex-gastro-16-comprimes\/","url":"https:\/\/pharmadreams.shop\/index.php\/product\/triplex-gastro-16-comprimes\/","name":"Triplex gastro 16 comprim\u00e9s - pharmadreams","isPartOf":{"@id":"https:\/\/pharmadreams.shop\/#website"},"primaryImageOfPage":{"@id":"https:\/\/pharmadreams.shop\/index.php\/product\/triplex-gastro-16-comprimes\/#primaryimage"},"image":{"@id":"https:\/\/pharmadreams.shop\/index.php\/product\/triplex-gastro-16-comprimes\/#primaryimage"},"thumbnailUrl":"https:\/\/pharmadreams.shop\/wp-content\/uploads\/2023\/12\/Sans-titre-205.png","datePublished":"2023-12-19T18:44:35+00:00","dateModified":"2023-12-19T18:45:36+00:00","breadcrumb":{"@id":"https:\/\/pharmadreams.shop\/index.php\/product\/triplex-gastro-16-comprimes\/#breadcrumb"},"inLanguage":"fr-FR","potentialAction":[{"@type":"ReadAction","target":["https:\/\/pharmadreams.shop\/index.php\/product\/triplex-gastro-16-comprimes\/"]}]},{"@type":"ImageObject","inLanguage":"fr-FR","@id":"https:\/\/pharmadreams.shop\/index.php\/product\/triplex-gastro-16-comprimes\/#primaryimage","url":"https:\/\/pharmadreams.shop\/wp-content\/uploads\/2023\/12\/Sans-titre-205.png","contentUrl":"https:\/\/pharmadreams.shop\/wp-content\/uploads\/2023\/12\/Sans-titre-205.png","width":1056,"height":744},{"@type":"BreadcrumbList","@id":"https:\/\/pharmadreams.shop\/index.php\/product\/triplex-gastro-16-comprimes\/#breadcrumb","itemListElement":[{"@type":"ListItem","position":1,"name":"Accueil","item":"https:\/\/pharmadreams.shop\/"},{"@type":"ListItem","position":2,"name":"Shop","item":"https:\/\/pharmadreams.shop\/index.php\/shop\/"},{"@type":"ListItem","position":3,"name":"Triplex gastro 16 comprim\u00e9s"}]},{"@type":"WebSite","@id":"https:\/\/pharmadreams.shop\/#website","url":"https:\/\/pharmadreams.shop\/","name":"pharmadreams","description":"Parapharmacie en ligne","potentialAction":[{"@type":"SearchAction","target":{"@type":"EntryPoint","urlTemplate":"https:\/\/pharmadreams.shop\/?s={search_term_string}"},"query-input":"required name=search_term_string"}],"inLanguage":"fr-FR"}]}},"_links":{"self":[{"href":"https:\/\/pharmadreams.shop\/index.php\/wp-json\/wp\/v2\/product\/17326","targetHints":{"allow":["GET"]}}],"collection":[{"href":"https:\/\/pharmadreams.shop\/index.php\/wp-json\/wp\/v2\/product"}],"about":[{"href":"https:\/\/pharmadreams.shop\/index.php\/wp-json\/wp\/v2\/types\/product"}],"replies":[{"embeddable":true,"href":"https:\/\/pharmadreams.shop\/index.php\/wp-json\/wp\/v2\/comments?post=17326"}],"version-history":[{"count":0,"href":"https:\/\/pharmadreams.shop\/index.php\/wp-json\/wp\/v2\/product\/17326\/revisions"}],"wp:featuredmedia":[{"embeddable":true,"href":"https:\/\/pharmadreams.shop\/index.php\/wp-json\/wp\/v2\/media\/17396"}],"wp:attachment":[{"href":"https:\/\/pharmadreams.shop\/index.php\/wp-json\/wp\/v2\/media?parent=17326"}],"wp:term":[{"taxonomy":"product_brand","embeddable":true,"href":"https:\/\/pharmadreams.shop\/index.php\/wp-json\/wp\/v2\/product_brand?post=17326"},{"taxonomy":"product_cat","embeddable":true,"href":"https:\/\/pharmadreams.shop\/index.php\/wp-json\/wp\/v2\/product_cat?post=17326"},{"taxonomy":"product_tag","embeddable":true,"href":"https:\/\/pharmadreams.shop\/index.php\/wp-json\/wp\/v2\/product_tag?post=17326"}],"curies":[{"name":"wp","href":"https:\/\/api.w.org\/{rel}","templated":true}]}}