{"id":17327,"date":"2023-12-19T19:44:35","date_gmt":"2023-12-19T18:44:35","guid":{"rendered":"https:\/\/venuspara.com\/?post_type=product&#038;p=17327"},"modified":"2023-12-19T19:45:40","modified_gmt":"2023-12-19T18:45:40","slug":"nuk-first-choice-6-18-months","status":"publish","type":"product","link":"https:\/\/pharmadreams.shop\/index.php\/product\/nuk-first-choice-6-18-months\/","title":{"rendered":"Nuk first choice 6-18 months"},"content":{"rendered":"","protected":false},"excerpt":{"rendered":"<p><strong>Biberon sans bpa mickey 300ml<\/strong><br \/>\nEn\u00a0polypropyl\u00e8ne Mickey by Nuk, t\u00e9tine silicone Nuk first choice+.<br \/>\nColoris\u00a0rouge.<\/p>\n<p>-Recommand\u00e9 par l&rsquo;Union Fran\u00e7aise pour la Sant\u00e9 Bucco-Dentaire (ufsbd).<br \/>\n-Sans bisph\u00e9nol A, conform\u00e9ment \u00e0 la r\u00e9glementation en vigueur.<br \/>\n-Fabriqu\u00e9 en Allemagne.<\/p>\n<p>-Muni d&rsquo;une t\u00e9tine physiologique Air System en silicone taille 2 (6-18 mois), per\u00e7age M (lait infantile) \u00e0 base \u00e9largie pour que la bouche de b\u00e9b\u00e9 se positionne naturellement en but\u00e9e comme au sein.<br \/>\nPar rapport \u00e0 la t\u00e9tine Nuk first choice, la t\u00e9tine fisrt choice+ est encore plus souple gr\u00e2ce \u00e0 la nouvelle \u00ab Soft zone \u00bb : L&rsquo;avant de la t\u00e9tine suit encore mieux les mouvements du palais de b\u00e9b\u00e9, pour une t\u00e9t\u00e9e encore plus naturelle.<\/p>\n","protected":false},"featured_media":17398,"comment_status":"open","ping_status":"closed","template":"","meta":[],"product_brand":[],"product_cat":[327],"product_tag":[],"class_list":{"0":"post-17327","1":"product","2":"type-product","3":"status-publish","4":"has-post-thumbnail","6":"product_cat-biberon","8":"first","9":"instock","10":"shipping-taxable","11":"purchasable","12":"product-type-simple"},"yoast_head":"<!-- This site is optimized with the Yoast SEO plugin v23.0 - https:\/\/yoast.com\/wordpress\/plugins\/seo\/ -->\n<title>Nuk first choice 6-18 months - pharmadreams<\/title>\n<meta name=\"robots\" content=\"index, follow, max-snippet:-1, max-image-preview:large, max-video-preview:-1\" \/>\n<link rel=\"canonical\" href=\"https:\/\/pharmadreams.shop\/index.php\/product\/nuk-first-choice-6-18-months\/\" \/>\n<meta property=\"og:locale\" content=\"fr_FR\" \/>\n<meta property=\"og:type\" content=\"article\" \/>\n<meta property=\"og:title\" content=\"Nuk first choice 6-18 months - pharmadreams\" \/>\n<meta property=\"og:description\" content=\"Biberon sans bpa mickey 300ml En\u00a0polypropyl\u00e8ne Mickey by Nuk, t\u00e9tine silicone Nuk first choice+. Coloris\u00a0rouge.  -Recommand\u00e9 par l&#039;Union Fran\u00e7aise pour la Sant\u00e9 Bucco-Dentaire (ufsbd). -Sans bisph\u00e9nol A, conform\u00e9ment \u00e0 la r\u00e9glementation en vigueur. -Fabriqu\u00e9 en Allemagne.  -Muni d&#039;une t\u00e9tine physiologique Air System en silicone taille 2 (6-18 mois), per\u00e7age M (lait infantile) \u00e0 base \u00e9largie pour que la bouche de b\u00e9b\u00e9 se positionne naturellement en but\u00e9e comme au sein. Par rapport \u00e0 la t\u00e9tine Nuk first choice, la t\u00e9tine fisrt choice+ est encore plus souple gr\u00e2ce \u00e0 la nouvelle \u00ab Soft zone \u00bb : L&#039;avant de la t\u00e9tine suit encore mieux les mouvements du palais de b\u00e9b\u00e9, pour une t\u00e9t\u00e9e encore plus naturelle.\" \/>\n<meta property=\"og:url\" content=\"https:\/\/pharmadreams.shop\/index.php\/product\/nuk-first-choice-6-18-months\/\" \/>\n<meta property=\"og:site_name\" content=\"pharmadreams\" \/>\n<meta property=\"article:modified_time\" content=\"2023-12-19T18:45:40+00:00\" \/>\n<meta property=\"og:image\" content=\"https:\/\/pharmadreams.shop\/wp-content\/uploads\/2023\/12\/Sans-titre-206.png\" \/>\n\t<meta property=\"og:image:width\" content=\"2896\" \/>\n\t<meta property=\"og:image:height\" content=\"2504\" \/>\n\t<meta property=\"og:image:type\" content=\"image\/png\" \/>\n<meta name=\"twitter:card\" content=\"summary_large_image\" \/>\n<script type=\"application\/ld+json\" class=\"yoast-schema-graph\">{\"@context\":\"https:\/\/schema.org\",\"@graph\":[{\"@type\":\"WebPage\",\"@id\":\"https:\/\/pharmadreams.shop\/index.php\/product\/nuk-first-choice-6-18-months\/\",\"url\":\"https:\/\/pharmadreams.shop\/index.php\/product\/nuk-first-choice-6-18-months\/\",\"name\":\"Nuk first choice 6-18 months - pharmadreams\",\"isPartOf\":{\"@id\":\"https:\/\/pharmadreams.shop\/#website\"},\"primaryImageOfPage\":{\"@id\":\"https:\/\/pharmadreams.shop\/index.php\/product\/nuk-first-choice-6-18-months\/#primaryimage\"},\"image\":{\"@id\":\"https:\/\/pharmadreams.shop\/index.php\/product\/nuk-first-choice-6-18-months\/#primaryimage\"},\"thumbnailUrl\":\"https:\/\/pharmadreams.shop\/wp-content\/uploads\/2023\/12\/Sans-titre-206.png\",\"datePublished\":\"2023-12-19T18:44:35+00:00\",\"dateModified\":\"2023-12-19T18:45:40+00:00\",\"breadcrumb\":{\"@id\":\"https:\/\/pharmadreams.shop\/index.php\/product\/nuk-first-choice-6-18-months\/#breadcrumb\"},\"inLanguage\":\"fr-FR\",\"potentialAction\":[{\"@type\":\"ReadAction\",\"target\":[\"https:\/\/pharmadreams.shop\/index.php\/product\/nuk-first-choice-6-18-months\/\"]}]},{\"@type\":\"ImageObject\",\"inLanguage\":\"fr-FR\",\"@id\":\"https:\/\/pharmadreams.shop\/index.php\/product\/nuk-first-choice-6-18-months\/#primaryimage\",\"url\":\"https:\/\/pharmadreams.shop\/wp-content\/uploads\/2023\/12\/Sans-titre-206.png\",\"contentUrl\":\"https:\/\/pharmadreams.shop\/wp-content\/uploads\/2023\/12\/Sans-titre-206.png\",\"width\":2896,\"height\":2504},{\"@type\":\"BreadcrumbList\",\"@id\":\"https:\/\/pharmadreams.shop\/index.php\/product\/nuk-first-choice-6-18-months\/#breadcrumb\",\"itemListElement\":[{\"@type\":\"ListItem\",\"position\":1,\"name\":\"Accueil\",\"item\":\"https:\/\/pharmadreams.shop\/\"},{\"@type\":\"ListItem\",\"position\":2,\"name\":\"Shop\",\"item\":\"https:\/\/pharmadreams.shop\/index.php\/shop\/\"},{\"@type\":\"ListItem\",\"position\":3,\"name\":\"Nuk first choice 6-18 months\"}]},{\"@type\":\"WebSite\",\"@id\":\"https:\/\/pharmadreams.shop\/#website\",\"url\":\"https:\/\/pharmadreams.shop\/\",\"name\":\"pharmadreams\",\"description\":\"Parapharmacie en ligne\",\"potentialAction\":[{\"@type\":\"SearchAction\",\"target\":{\"@type\":\"EntryPoint\",\"urlTemplate\":\"https:\/\/pharmadreams.shop\/?s={search_term_string}\"},\"query-input\":\"required name=search_term_string\"}],\"inLanguage\":\"fr-FR\"}]}<\/script>\n<!-- \/ Yoast SEO plugin. -->","yoast_head_json":{"title":"Nuk first choice 6-18 months - pharmadreams","robots":{"index":"index","follow":"follow","max-snippet":"max-snippet:-1","max-image-preview":"max-image-preview:large","max-video-preview":"max-video-preview:-1"},"canonical":"https:\/\/pharmadreams.shop\/index.php\/product\/nuk-first-choice-6-18-months\/","og_locale":"fr_FR","og_type":"article","og_title":"Nuk first choice 6-18 months - pharmadreams","og_description":"Biberon sans bpa mickey 300ml En\u00a0polypropyl\u00e8ne Mickey by Nuk, t\u00e9tine silicone Nuk first choice+. Coloris\u00a0rouge.  -Recommand\u00e9 par l'Union Fran\u00e7aise pour la Sant\u00e9 Bucco-Dentaire (ufsbd). -Sans bisph\u00e9nol A, conform\u00e9ment \u00e0 la r\u00e9glementation en vigueur. -Fabriqu\u00e9 en Allemagne.  -Muni d'une t\u00e9tine physiologique Air System en silicone taille 2 (6-18 mois), per\u00e7age M (lait infantile) \u00e0 base \u00e9largie pour que la bouche de b\u00e9b\u00e9 se positionne naturellement en but\u00e9e comme au sein. Par rapport \u00e0 la t\u00e9tine Nuk first choice, la t\u00e9tine fisrt choice+ est encore plus souple gr\u00e2ce \u00e0 la nouvelle \u00ab Soft zone \u00bb : L'avant de la t\u00e9tine suit encore mieux les mouvements du palais de b\u00e9b\u00e9, pour une t\u00e9t\u00e9e encore plus naturelle.","og_url":"https:\/\/pharmadreams.shop\/index.php\/product\/nuk-first-choice-6-18-months\/","og_site_name":"pharmadreams","article_modified_time":"2023-12-19T18:45:40+00:00","og_image":[{"width":2896,"height":2504,"url":"https:\/\/pharmadreams.shop\/wp-content\/uploads\/2023\/12\/Sans-titre-206.png","type":"image\/png"}],"twitter_card":"summary_large_image","schema":{"@context":"https:\/\/schema.org","@graph":[{"@type":"WebPage","@id":"https:\/\/pharmadreams.shop\/index.php\/product\/nuk-first-choice-6-18-months\/","url":"https:\/\/pharmadreams.shop\/index.php\/product\/nuk-first-choice-6-18-months\/","name":"Nuk first choice 6-18 months - pharmadreams","isPartOf":{"@id":"https:\/\/pharmadreams.shop\/#website"},"primaryImageOfPage":{"@id":"https:\/\/pharmadreams.shop\/index.php\/product\/nuk-first-choice-6-18-months\/#primaryimage"},"image":{"@id":"https:\/\/pharmadreams.shop\/index.php\/product\/nuk-first-choice-6-18-months\/#primaryimage"},"thumbnailUrl":"https:\/\/pharmadreams.shop\/wp-content\/uploads\/2023\/12\/Sans-titre-206.png","datePublished":"2023-12-19T18:44:35+00:00","dateModified":"2023-12-19T18:45:40+00:00","breadcrumb":{"@id":"https:\/\/pharmadreams.shop\/index.php\/product\/nuk-first-choice-6-18-months\/#breadcrumb"},"inLanguage":"fr-FR","potentialAction":[{"@type":"ReadAction","target":["https:\/\/pharmadreams.shop\/index.php\/product\/nuk-first-choice-6-18-months\/"]}]},{"@type":"ImageObject","inLanguage":"fr-FR","@id":"https:\/\/pharmadreams.shop\/index.php\/product\/nuk-first-choice-6-18-months\/#primaryimage","url":"https:\/\/pharmadreams.shop\/wp-content\/uploads\/2023\/12\/Sans-titre-206.png","contentUrl":"https:\/\/pharmadreams.shop\/wp-content\/uploads\/2023\/12\/Sans-titre-206.png","width":2896,"height":2504},{"@type":"BreadcrumbList","@id":"https:\/\/pharmadreams.shop\/index.php\/product\/nuk-first-choice-6-18-months\/#breadcrumb","itemListElement":[{"@type":"ListItem","position":1,"name":"Accueil","item":"https:\/\/pharmadreams.shop\/"},{"@type":"ListItem","position":2,"name":"Shop","item":"https:\/\/pharmadreams.shop\/index.php\/shop\/"},{"@type":"ListItem","position":3,"name":"Nuk first choice 6-18 months"}]},{"@type":"WebSite","@id":"https:\/\/pharmadreams.shop\/#website","url":"https:\/\/pharmadreams.shop\/","name":"pharmadreams","description":"Parapharmacie en ligne","potentialAction":[{"@type":"SearchAction","target":{"@type":"EntryPoint","urlTemplate":"https:\/\/pharmadreams.shop\/?s={search_term_string}"},"query-input":"required name=search_term_string"}],"inLanguage":"fr-FR"}]}},"_links":{"self":[{"href":"https:\/\/pharmadreams.shop\/index.php\/wp-json\/wp\/v2\/product\/17327","targetHints":{"allow":["GET"]}}],"collection":[{"href":"https:\/\/pharmadreams.shop\/index.php\/wp-json\/wp\/v2\/product"}],"about":[{"href":"https:\/\/pharmadreams.shop\/index.php\/wp-json\/wp\/v2\/types\/product"}],"replies":[{"embeddable":true,"href":"https:\/\/pharmadreams.shop\/index.php\/wp-json\/wp\/v2\/comments?post=17327"}],"version-history":[{"count":0,"href":"https:\/\/pharmadreams.shop\/index.php\/wp-json\/wp\/v2\/product\/17327\/revisions"}],"wp:featuredmedia":[{"embeddable":true,"href":"https:\/\/pharmadreams.shop\/index.php\/wp-json\/wp\/v2\/media\/17398"}],"wp:attachment":[{"href":"https:\/\/pharmadreams.shop\/index.php\/wp-json\/wp\/v2\/media?parent=17327"}],"wp:term":[{"taxonomy":"product_brand","embeddable":true,"href":"https:\/\/pharmadreams.shop\/index.php\/wp-json\/wp\/v2\/product_brand?post=17327"},{"taxonomy":"product_cat","embeddable":true,"href":"https:\/\/pharmadreams.shop\/index.php\/wp-json\/wp\/v2\/product_cat?post=17327"},{"taxonomy":"product_tag","embeddable":true,"href":"https:\/\/pharmadreams.shop\/index.php\/wp-json\/wp\/v2\/product_tag?post=17327"}],"curies":[{"name":"wp","href":"https:\/\/api.w.org\/{rel}","templated":true}]}}