{"id":17328,"date":"2023-12-19T19:44:35","date_gmt":"2023-12-19T18:44:35","guid":{"rendered":"https:\/\/venuspara.com\/?post_type=product&#038;p=17328"},"modified":"2023-12-19T19:45:42","modified_gmt":"2023-12-19T18:45:42","slug":"nuk-first-choice-0-6-months","status":"publish","type":"product","link":"https:\/\/pharmadreams.shop\/index.php\/product\/nuk-first-choice-0-6-months\/","title":{"rendered":"Nuk first choice 0-6 months"},"content":{"rendered":"","protected":false},"excerpt":{"rendered":"<p>Les biberons NUK First Choice+ avec Temp\u00e9rature Control indiquent en un clin d\u2019\u0153il lorsque la bonne temp\u00e9rature de boisson est atteinte. Avec le contr\u00f4le de la temp\u00e9rature, la graduation du biberon change de couleur en fonction de la temp\u00e9rature du contenu. Si la nourriture est trop chaude, l\u2019affichage normalement bleu devient blanc.<\/p>\n","protected":false},"featured_media":17400,"comment_status":"open","ping_status":"closed","template":"","meta":[],"product_brand":[],"product_cat":[327],"product_tag":[],"class_list":{"0":"post-17328","1":"product","2":"type-product","3":"status-publish","4":"has-post-thumbnail","6":"product_cat-biberon","8":"first","9":"instock","10":"shipping-taxable","11":"purchasable","12":"product-type-simple"},"yoast_head":"<!-- This site is optimized with the Yoast SEO plugin v23.0 - https:\/\/yoast.com\/wordpress\/plugins\/seo\/ -->\n<title>Nuk first choice 0-6 months - pharmadreams<\/title>\n<meta name=\"robots\" content=\"index, follow, max-snippet:-1, max-image-preview:large, max-video-preview:-1\" \/>\n<link rel=\"canonical\" href=\"https:\/\/pharmadreams.shop\/index.php\/product\/nuk-first-choice-0-6-months\/\" \/>\n<meta property=\"og:locale\" content=\"fr_FR\" \/>\n<meta property=\"og:type\" content=\"article\" \/>\n<meta property=\"og:title\" content=\"Nuk first choice 0-6 months - pharmadreams\" \/>\n<meta property=\"og:description\" content=\"Les biberons NUK First Choice+ avec Temp\u00e9rature Control indiquent en un clin d\u2019\u0153il lorsque la bonne temp\u00e9rature de boisson est atteinte. Avec le contr\u00f4le de la temp\u00e9rature, la graduation du biberon change de couleur en fonction de la temp\u00e9rature du contenu. Si la nourriture est trop chaude, l\u2019affichage normalement bleu devient blanc.\" \/>\n<meta property=\"og:url\" content=\"https:\/\/pharmadreams.shop\/index.php\/product\/nuk-first-choice-0-6-months\/\" \/>\n<meta property=\"og:site_name\" content=\"pharmadreams\" \/>\n<meta property=\"article:modified_time\" content=\"2023-12-19T18:45:42+00:00\" \/>\n<meta property=\"og:image\" content=\"https:\/\/pharmadreams.shop\/wp-content\/uploads\/2023\/12\/Sans-titre-207.png\" \/>\n\t<meta property=\"og:image:width\" content=\"800\" \/>\n\t<meta property=\"og:image:height\" content=\"740\" \/>\n\t<meta property=\"og:image:type\" content=\"image\/png\" \/>\n<meta name=\"twitter:card\" content=\"summary_large_image\" \/>\n<script type=\"application\/ld+json\" class=\"yoast-schema-graph\">{\"@context\":\"https:\/\/schema.org\",\"@graph\":[{\"@type\":\"WebPage\",\"@id\":\"https:\/\/pharmadreams.shop\/index.php\/product\/nuk-first-choice-0-6-months\/\",\"url\":\"https:\/\/pharmadreams.shop\/index.php\/product\/nuk-first-choice-0-6-months\/\",\"name\":\"Nuk first choice 0-6 months - pharmadreams\",\"isPartOf\":{\"@id\":\"https:\/\/pharmadreams.shop\/#website\"},\"primaryImageOfPage\":{\"@id\":\"https:\/\/pharmadreams.shop\/index.php\/product\/nuk-first-choice-0-6-months\/#primaryimage\"},\"image\":{\"@id\":\"https:\/\/pharmadreams.shop\/index.php\/product\/nuk-first-choice-0-6-months\/#primaryimage\"},\"thumbnailUrl\":\"https:\/\/pharmadreams.shop\/wp-content\/uploads\/2023\/12\/Sans-titre-207.png\",\"datePublished\":\"2023-12-19T18:44:35+00:00\",\"dateModified\":\"2023-12-19T18:45:42+00:00\",\"breadcrumb\":{\"@id\":\"https:\/\/pharmadreams.shop\/index.php\/product\/nuk-first-choice-0-6-months\/#breadcrumb\"},\"inLanguage\":\"fr-FR\",\"potentialAction\":[{\"@type\":\"ReadAction\",\"target\":[\"https:\/\/pharmadreams.shop\/index.php\/product\/nuk-first-choice-0-6-months\/\"]}]},{\"@type\":\"ImageObject\",\"inLanguage\":\"fr-FR\",\"@id\":\"https:\/\/pharmadreams.shop\/index.php\/product\/nuk-first-choice-0-6-months\/#primaryimage\",\"url\":\"https:\/\/pharmadreams.shop\/wp-content\/uploads\/2023\/12\/Sans-titre-207.png\",\"contentUrl\":\"https:\/\/pharmadreams.shop\/wp-content\/uploads\/2023\/12\/Sans-titre-207.png\",\"width\":800,\"height\":740},{\"@type\":\"BreadcrumbList\",\"@id\":\"https:\/\/pharmadreams.shop\/index.php\/product\/nuk-first-choice-0-6-months\/#breadcrumb\",\"itemListElement\":[{\"@type\":\"ListItem\",\"position\":1,\"name\":\"Accueil\",\"item\":\"https:\/\/pharmadreams.shop\/\"},{\"@type\":\"ListItem\",\"position\":2,\"name\":\"Shop\",\"item\":\"https:\/\/pharmadreams.shop\/index.php\/shop\/\"},{\"@type\":\"ListItem\",\"position\":3,\"name\":\"Nuk first choice 0-6 months\"}]},{\"@type\":\"WebSite\",\"@id\":\"https:\/\/pharmadreams.shop\/#website\",\"url\":\"https:\/\/pharmadreams.shop\/\",\"name\":\"pharmadreams\",\"description\":\"Parapharmacie en ligne\",\"potentialAction\":[{\"@type\":\"SearchAction\",\"target\":{\"@type\":\"EntryPoint\",\"urlTemplate\":\"https:\/\/pharmadreams.shop\/?s={search_term_string}\"},\"query-input\":\"required name=search_term_string\"}],\"inLanguage\":\"fr-FR\"}]}<\/script>\n<!-- \/ Yoast SEO plugin. -->","yoast_head_json":{"title":"Nuk first choice 0-6 months - pharmadreams","robots":{"index":"index","follow":"follow","max-snippet":"max-snippet:-1","max-image-preview":"max-image-preview:large","max-video-preview":"max-video-preview:-1"},"canonical":"https:\/\/pharmadreams.shop\/index.php\/product\/nuk-first-choice-0-6-months\/","og_locale":"fr_FR","og_type":"article","og_title":"Nuk first choice 0-6 months - pharmadreams","og_description":"Les biberons NUK First Choice+ avec Temp\u00e9rature Control indiquent en un clin d\u2019\u0153il lorsque la bonne temp\u00e9rature de boisson est atteinte. Avec le contr\u00f4le de la temp\u00e9rature, la graduation du biberon change de couleur en fonction de la temp\u00e9rature du contenu. Si la nourriture est trop chaude, l\u2019affichage normalement bleu devient blanc.","og_url":"https:\/\/pharmadreams.shop\/index.php\/product\/nuk-first-choice-0-6-months\/","og_site_name":"pharmadreams","article_modified_time":"2023-12-19T18:45:42+00:00","og_image":[{"width":800,"height":740,"url":"https:\/\/pharmadreams.shop\/wp-content\/uploads\/2023\/12\/Sans-titre-207.png","type":"image\/png"}],"twitter_card":"summary_large_image","schema":{"@context":"https:\/\/schema.org","@graph":[{"@type":"WebPage","@id":"https:\/\/pharmadreams.shop\/index.php\/product\/nuk-first-choice-0-6-months\/","url":"https:\/\/pharmadreams.shop\/index.php\/product\/nuk-first-choice-0-6-months\/","name":"Nuk first choice 0-6 months - pharmadreams","isPartOf":{"@id":"https:\/\/pharmadreams.shop\/#website"},"primaryImageOfPage":{"@id":"https:\/\/pharmadreams.shop\/index.php\/product\/nuk-first-choice-0-6-months\/#primaryimage"},"image":{"@id":"https:\/\/pharmadreams.shop\/index.php\/product\/nuk-first-choice-0-6-months\/#primaryimage"},"thumbnailUrl":"https:\/\/pharmadreams.shop\/wp-content\/uploads\/2023\/12\/Sans-titre-207.png","datePublished":"2023-12-19T18:44:35+00:00","dateModified":"2023-12-19T18:45:42+00:00","breadcrumb":{"@id":"https:\/\/pharmadreams.shop\/index.php\/product\/nuk-first-choice-0-6-months\/#breadcrumb"},"inLanguage":"fr-FR","potentialAction":[{"@type":"ReadAction","target":["https:\/\/pharmadreams.shop\/index.php\/product\/nuk-first-choice-0-6-months\/"]}]},{"@type":"ImageObject","inLanguage":"fr-FR","@id":"https:\/\/pharmadreams.shop\/index.php\/product\/nuk-first-choice-0-6-months\/#primaryimage","url":"https:\/\/pharmadreams.shop\/wp-content\/uploads\/2023\/12\/Sans-titre-207.png","contentUrl":"https:\/\/pharmadreams.shop\/wp-content\/uploads\/2023\/12\/Sans-titre-207.png","width":800,"height":740},{"@type":"BreadcrumbList","@id":"https:\/\/pharmadreams.shop\/index.php\/product\/nuk-first-choice-0-6-months\/#breadcrumb","itemListElement":[{"@type":"ListItem","position":1,"name":"Accueil","item":"https:\/\/pharmadreams.shop\/"},{"@type":"ListItem","position":2,"name":"Shop","item":"https:\/\/pharmadreams.shop\/index.php\/shop\/"},{"@type":"ListItem","position":3,"name":"Nuk first choice 0-6 months"}]},{"@type":"WebSite","@id":"https:\/\/pharmadreams.shop\/#website","url":"https:\/\/pharmadreams.shop\/","name":"pharmadreams","description":"Parapharmacie en ligne","potentialAction":[{"@type":"SearchAction","target":{"@type":"EntryPoint","urlTemplate":"https:\/\/pharmadreams.shop\/?s={search_term_string}"},"query-input":"required name=search_term_string"}],"inLanguage":"fr-FR"}]}},"_links":{"self":[{"href":"https:\/\/pharmadreams.shop\/index.php\/wp-json\/wp\/v2\/product\/17328","targetHints":{"allow":["GET"]}}],"collection":[{"href":"https:\/\/pharmadreams.shop\/index.php\/wp-json\/wp\/v2\/product"}],"about":[{"href":"https:\/\/pharmadreams.shop\/index.php\/wp-json\/wp\/v2\/types\/product"}],"replies":[{"embeddable":true,"href":"https:\/\/pharmadreams.shop\/index.php\/wp-json\/wp\/v2\/comments?post=17328"}],"version-history":[{"count":0,"href":"https:\/\/pharmadreams.shop\/index.php\/wp-json\/wp\/v2\/product\/17328\/revisions"}],"wp:featuredmedia":[{"embeddable":true,"href":"https:\/\/pharmadreams.shop\/index.php\/wp-json\/wp\/v2\/media\/17400"}],"wp:attachment":[{"href":"https:\/\/pharmadreams.shop\/index.php\/wp-json\/wp\/v2\/media?parent=17328"}],"wp:term":[{"taxonomy":"product_brand","embeddable":true,"href":"https:\/\/pharmadreams.shop\/index.php\/wp-json\/wp\/v2\/product_brand?post=17328"},{"taxonomy":"product_cat","embeddable":true,"href":"https:\/\/pharmadreams.shop\/index.php\/wp-json\/wp\/v2\/product_cat?post=17328"},{"taxonomy":"product_tag","embeddable":true,"href":"https:\/\/pharmadreams.shop\/index.php\/wp-json\/wp\/v2\/product_tag?post=17328"}],"curies":[{"name":"wp","href":"https:\/\/api.w.org\/{rel}","templated":true}]}}