{"id":17359,"date":"2023-12-19T19:44:59","date_gmt":"2023-12-19T18:44:59","guid":{"rendered":"https:\/\/venuspara.com\/?post_type=product&#038;p=17359"},"modified":"2023-12-19T19:46:02","modified_gmt":"2023-12-19T18:46:02","slug":"olivafix-creme-adhesive","status":"publish","type":"product","link":"https:\/\/pharmadreams.shop\/index.php\/product\/olivafix-creme-adhesive\/","title":{"rendered":"Olivafix cr\u00e8me adhesive"},"content":{"rendered":"","protected":false},"excerpt":{"rendered":"<p>Tenue de 24* heures, formul\u00e9e avec 30 % d\u2019huile d\u2019olive<\/p>\n<p>OlivaFix\u00ae Cr\u00e8me Adh\u00e9sive pour Proth\u00e8ses Dentaires est la premi\u00e8re au monde contenant jusqu\u2019\u00e0 30 % d\u2019huile d\u2019olive. La cr\u00e8me adh\u00e9sive pour proth\u00e8se dentaire est absorb\u00e9e par le corps \u00e0 travers la bouche, c\u2019est pourquoi l\u2019huile d\u2019olive est utilis\u00e9e dans la formulation. L\u2019huile d\u2019olive remplace l\u2019huile min\u00e9rale et la vaseline, qui sont couramment utilis\u00e9es dans la formulation des cr\u00e8mes adh\u00e9sives pour proth\u00e8ses dentaires<\/p>\n","protected":false},"featured_media":17426,"comment_status":"open","ping_status":"closed","template":"","meta":[],"product_brand":[],"product_cat":[78,136],"product_tag":[],"class_list":{"0":"post-17359","1":"product","2":"type-product","3":"status-publish","4":"has-post-thumbnail","6":"product_cat-cremes","7":"product_cat-dentifrice","9":"first","10":"instock","11":"shipping-taxable","12":"purchasable","13":"product-type-simple"},"yoast_head":"<!-- This site is optimized with the Yoast SEO plugin v23.0 - https:\/\/yoast.com\/wordpress\/plugins\/seo\/ -->\n<title>Olivafix cr\u00e8me adhesive - pharmadreams<\/title>\n<meta name=\"robots\" content=\"index, follow, max-snippet:-1, max-image-preview:large, max-video-preview:-1\" \/>\n<link rel=\"canonical\" href=\"https:\/\/pharmadreams.shop\/index.php\/product\/olivafix-creme-adhesive\/\" \/>\n<meta property=\"og:locale\" content=\"fr_FR\" \/>\n<meta property=\"og:type\" content=\"article\" \/>\n<meta property=\"og:title\" content=\"Olivafix cr\u00e8me adhesive - pharmadreams\" \/>\n<meta property=\"og:description\" content=\"Tenue de 24* heures, formul\u00e9e avec 30 % d\u2019huile d\u2019olive  OlivaFix\u00ae Cr\u00e8me Adh\u00e9sive pour Proth\u00e8ses Dentaires est la premi\u00e8re au monde contenant jusqu\u2019\u00e0 30 % d\u2019huile d\u2019olive. La cr\u00e8me adh\u00e9sive pour proth\u00e8se dentaire est absorb\u00e9e par le corps \u00e0 travers la bouche, c\u2019est pourquoi l\u2019huile d\u2019olive est utilis\u00e9e dans la formulation. L\u2019huile d\u2019olive remplace l\u2019huile min\u00e9rale et la vaseline, qui sont couramment utilis\u00e9es dans la formulation des cr\u00e8mes adh\u00e9sives pour proth\u00e8ses dentaires\" \/>\n<meta property=\"og:url\" content=\"https:\/\/pharmadreams.shop\/index.php\/product\/olivafix-creme-adhesive\/\" \/>\n<meta property=\"og:site_name\" content=\"pharmadreams\" \/>\n<meta property=\"article:modified_time\" content=\"2023-12-19T18:46:02+00:00\" \/>\n<meta property=\"og:image\" content=\"https:\/\/pharmadreams.shop\/wp-content\/uploads\/2023\/12\/Sans-titre-215.png\" \/>\n\t<meta property=\"og:image:width\" content=\"1264\" \/>\n\t<meta property=\"og:image:height\" content=\"688\" \/>\n\t<meta property=\"og:image:type\" content=\"image\/png\" \/>\n<meta name=\"twitter:card\" content=\"summary_large_image\" \/>\n<script type=\"application\/ld+json\" class=\"yoast-schema-graph\">{\"@context\":\"https:\/\/schema.org\",\"@graph\":[{\"@type\":\"WebPage\",\"@id\":\"https:\/\/pharmadreams.shop\/index.php\/product\/olivafix-creme-adhesive\/\",\"url\":\"https:\/\/pharmadreams.shop\/index.php\/product\/olivafix-creme-adhesive\/\",\"name\":\"Olivafix cr\u00e8me adhesive - pharmadreams\",\"isPartOf\":{\"@id\":\"https:\/\/pharmadreams.shop\/#website\"},\"primaryImageOfPage\":{\"@id\":\"https:\/\/pharmadreams.shop\/index.php\/product\/olivafix-creme-adhesive\/#primaryimage\"},\"image\":{\"@id\":\"https:\/\/pharmadreams.shop\/index.php\/product\/olivafix-creme-adhesive\/#primaryimage\"},\"thumbnailUrl\":\"https:\/\/pharmadreams.shop\/wp-content\/uploads\/2023\/12\/Sans-titre-215.png\",\"datePublished\":\"2023-12-19T18:44:59+00:00\",\"dateModified\":\"2023-12-19T18:46:02+00:00\",\"breadcrumb\":{\"@id\":\"https:\/\/pharmadreams.shop\/index.php\/product\/olivafix-creme-adhesive\/#breadcrumb\"},\"inLanguage\":\"fr-FR\",\"potentialAction\":[{\"@type\":\"ReadAction\",\"target\":[\"https:\/\/pharmadreams.shop\/index.php\/product\/olivafix-creme-adhesive\/\"]}]},{\"@type\":\"ImageObject\",\"inLanguage\":\"fr-FR\",\"@id\":\"https:\/\/pharmadreams.shop\/index.php\/product\/olivafix-creme-adhesive\/#primaryimage\",\"url\":\"https:\/\/pharmadreams.shop\/wp-content\/uploads\/2023\/12\/Sans-titre-215.png\",\"contentUrl\":\"https:\/\/pharmadreams.shop\/wp-content\/uploads\/2023\/12\/Sans-titre-215.png\",\"width\":1264,\"height\":688},{\"@type\":\"BreadcrumbList\",\"@id\":\"https:\/\/pharmadreams.shop\/index.php\/product\/olivafix-creme-adhesive\/#breadcrumb\",\"itemListElement\":[{\"@type\":\"ListItem\",\"position\":1,\"name\":\"Accueil\",\"item\":\"https:\/\/pharmadreams.shop\/\"},{\"@type\":\"ListItem\",\"position\":2,\"name\":\"Shop\",\"item\":\"https:\/\/pharmadreams.shop\/index.php\/shop\/\"},{\"@type\":\"ListItem\",\"position\":3,\"name\":\"Olivafix cr\u00e8me adhesive\"}]},{\"@type\":\"WebSite\",\"@id\":\"https:\/\/pharmadreams.shop\/#website\",\"url\":\"https:\/\/pharmadreams.shop\/\",\"name\":\"pharmadreams\",\"description\":\"Parapharmacie en ligne\",\"potentialAction\":[{\"@type\":\"SearchAction\",\"target\":{\"@type\":\"EntryPoint\",\"urlTemplate\":\"https:\/\/pharmadreams.shop\/?s={search_term_string}\"},\"query-input\":\"required name=search_term_string\"}],\"inLanguage\":\"fr-FR\"}]}<\/script>\n<!-- \/ Yoast SEO plugin. -->","yoast_head_json":{"title":"Olivafix cr\u00e8me adhesive - pharmadreams","robots":{"index":"index","follow":"follow","max-snippet":"max-snippet:-1","max-image-preview":"max-image-preview:large","max-video-preview":"max-video-preview:-1"},"canonical":"https:\/\/pharmadreams.shop\/index.php\/product\/olivafix-creme-adhesive\/","og_locale":"fr_FR","og_type":"article","og_title":"Olivafix cr\u00e8me adhesive - pharmadreams","og_description":"Tenue de 24* heures, formul\u00e9e avec 30 % d\u2019huile d\u2019olive  OlivaFix\u00ae Cr\u00e8me Adh\u00e9sive pour Proth\u00e8ses Dentaires est la premi\u00e8re au monde contenant jusqu\u2019\u00e0 30 % d\u2019huile d\u2019olive. La cr\u00e8me adh\u00e9sive pour proth\u00e8se dentaire est absorb\u00e9e par le corps \u00e0 travers la bouche, c\u2019est pourquoi l\u2019huile d\u2019olive est utilis\u00e9e dans la formulation. L\u2019huile d\u2019olive remplace l\u2019huile min\u00e9rale et la vaseline, qui sont couramment utilis\u00e9es dans la formulation des cr\u00e8mes adh\u00e9sives pour proth\u00e8ses dentaires","og_url":"https:\/\/pharmadreams.shop\/index.php\/product\/olivafix-creme-adhesive\/","og_site_name":"pharmadreams","article_modified_time":"2023-12-19T18:46:02+00:00","og_image":[{"width":1264,"height":688,"url":"https:\/\/pharmadreams.shop\/wp-content\/uploads\/2023\/12\/Sans-titre-215.png","type":"image\/png"}],"twitter_card":"summary_large_image","schema":{"@context":"https:\/\/schema.org","@graph":[{"@type":"WebPage","@id":"https:\/\/pharmadreams.shop\/index.php\/product\/olivafix-creme-adhesive\/","url":"https:\/\/pharmadreams.shop\/index.php\/product\/olivafix-creme-adhesive\/","name":"Olivafix cr\u00e8me adhesive - pharmadreams","isPartOf":{"@id":"https:\/\/pharmadreams.shop\/#website"},"primaryImageOfPage":{"@id":"https:\/\/pharmadreams.shop\/index.php\/product\/olivafix-creme-adhesive\/#primaryimage"},"image":{"@id":"https:\/\/pharmadreams.shop\/index.php\/product\/olivafix-creme-adhesive\/#primaryimage"},"thumbnailUrl":"https:\/\/pharmadreams.shop\/wp-content\/uploads\/2023\/12\/Sans-titre-215.png","datePublished":"2023-12-19T18:44:59+00:00","dateModified":"2023-12-19T18:46:02+00:00","breadcrumb":{"@id":"https:\/\/pharmadreams.shop\/index.php\/product\/olivafix-creme-adhesive\/#breadcrumb"},"inLanguage":"fr-FR","potentialAction":[{"@type":"ReadAction","target":["https:\/\/pharmadreams.shop\/index.php\/product\/olivafix-creme-adhesive\/"]}]},{"@type":"ImageObject","inLanguage":"fr-FR","@id":"https:\/\/pharmadreams.shop\/index.php\/product\/olivafix-creme-adhesive\/#primaryimage","url":"https:\/\/pharmadreams.shop\/wp-content\/uploads\/2023\/12\/Sans-titre-215.png","contentUrl":"https:\/\/pharmadreams.shop\/wp-content\/uploads\/2023\/12\/Sans-titre-215.png","width":1264,"height":688},{"@type":"BreadcrumbList","@id":"https:\/\/pharmadreams.shop\/index.php\/product\/olivafix-creme-adhesive\/#breadcrumb","itemListElement":[{"@type":"ListItem","position":1,"name":"Accueil","item":"https:\/\/pharmadreams.shop\/"},{"@type":"ListItem","position":2,"name":"Shop","item":"https:\/\/pharmadreams.shop\/index.php\/shop\/"},{"@type":"ListItem","position":3,"name":"Olivafix cr\u00e8me adhesive"}]},{"@type":"WebSite","@id":"https:\/\/pharmadreams.shop\/#website","url":"https:\/\/pharmadreams.shop\/","name":"pharmadreams","description":"Parapharmacie en ligne","potentialAction":[{"@type":"SearchAction","target":{"@type":"EntryPoint","urlTemplate":"https:\/\/pharmadreams.shop\/?s={search_term_string}"},"query-input":"required name=search_term_string"}],"inLanguage":"fr-FR"}]}},"_links":{"self":[{"href":"https:\/\/pharmadreams.shop\/index.php\/wp-json\/wp\/v2\/product\/17359","targetHints":{"allow":["GET"]}}],"collection":[{"href":"https:\/\/pharmadreams.shop\/index.php\/wp-json\/wp\/v2\/product"}],"about":[{"href":"https:\/\/pharmadreams.shop\/index.php\/wp-json\/wp\/v2\/types\/product"}],"replies":[{"embeddable":true,"href":"https:\/\/pharmadreams.shop\/index.php\/wp-json\/wp\/v2\/comments?post=17359"}],"version-history":[{"count":0,"href":"https:\/\/pharmadreams.shop\/index.php\/wp-json\/wp\/v2\/product\/17359\/revisions"}],"wp:featuredmedia":[{"embeddable":true,"href":"https:\/\/pharmadreams.shop\/index.php\/wp-json\/wp\/v2\/media\/17426"}],"wp:attachment":[{"href":"https:\/\/pharmadreams.shop\/index.php\/wp-json\/wp\/v2\/media?parent=17359"}],"wp:term":[{"taxonomy":"product_brand","embeddable":true,"href":"https:\/\/pharmadreams.shop\/index.php\/wp-json\/wp\/v2\/product_brand?post=17359"},{"taxonomy":"product_cat","embeddable":true,"href":"https:\/\/pharmadreams.shop\/index.php\/wp-json\/wp\/v2\/product_cat?post=17359"},{"taxonomy":"product_tag","embeddable":true,"href":"https:\/\/pharmadreams.shop\/index.php\/wp-json\/wp\/v2\/product_tag?post=17359"}],"curies":[{"name":"wp","href":"https:\/\/api.w.org\/{rel}","templated":true}]}}