{"id":17361,"date":"2023-12-19T19:45:00","date_gmt":"2023-12-19T18:45:00","guid":{"rendered":"https:\/\/venuspara.com\/?post_type=product&#038;p=17361"},"modified":"2024-03-16T00:19:02","modified_gmt":"2024-03-15T23:19:02","slug":"philips-avent-natural-biberon-0m","status":"publish","type":"product","link":"https:\/\/pharmadreams.shop\/index.php\/product\/philips-avent-natural-biberon-0m\/","title":{"rendered":"Philips avent natural biberon 0m"},"content":{"rendered":"","protected":false},"excerpt":{"rendered":"<p>Notre bouteille en verre naturel vous aide \u00e0 nourrir votre enfant en bouteille plus naturellement pour votre b\u00e9b\u00e9 et pour vous. Le mamelon a une conception innovante avec des p\u00e9tales qui permet un crochet naturel similaire \u00e0 celui de la poitrine, ce qui rend facile pour le b\u00e9b\u00e9 de combiner l\u2019alimentation avec la poitrine et le biberon. R\u00e9sistance \u00e0 la chaleur: La bouteille en verre Philips AVENT est r\u00e9sistante aux chocs thermiques et thermiques. Par cons\u00e9quent, il peut \u00eatre stock\u00e9 en toute s\u00e9curit\u00e9 dans le r\u00e9frig\u00e9rateur, chaud et \u00e9galement adapt\u00e9 \u00e0 la st\u00e9rilisation.<\/p>\n","protected":false},"featured_media":17430,"comment_status":"open","ping_status":"closed","template":"","meta":[],"product_brand":[],"product_cat":[327],"product_tag":[],"class_list":{"0":"post-17361","1":"product","2":"type-product","3":"status-publish","4":"has-post-thumbnail","6":"product_cat-biberon","8":"first","9":"instock","10":"shipping-taxable","11":"purchasable","12":"product-type-simple"},"yoast_head":"<!-- This site is optimized with the Yoast SEO plugin v23.0 - https:\/\/yoast.com\/wordpress\/plugins\/seo\/ -->\n<title>Philips avent natural biberon 0m - pharmadreams<\/title>\n<meta name=\"robots\" content=\"index, follow, max-snippet:-1, max-image-preview:large, max-video-preview:-1\" \/>\n<link rel=\"canonical\" href=\"https:\/\/pharmadreams.shop\/index.php\/product\/philips-avent-natural-biberon-0m\/\" \/>\n<meta property=\"og:locale\" content=\"fr_FR\" \/>\n<meta property=\"og:type\" content=\"article\" \/>\n<meta property=\"og:title\" content=\"Philips avent natural biberon 0m - pharmadreams\" \/>\n<meta property=\"og:description\" content=\"Notre bouteille en verre naturel vous aide \u00e0 nourrir votre enfant en bouteille plus naturellement pour votre b\u00e9b\u00e9 et pour vous. Le mamelon a une conception innovante avec des p\u00e9tales qui permet un crochet naturel similaire \u00e0 celui de la poitrine, ce qui rend facile pour le b\u00e9b\u00e9 de combiner l\u2019alimentation avec la poitrine et le biberon. R\u00e9sistance \u00e0 la chaleur: La bouteille en verre Philips AVENT est r\u00e9sistante aux chocs thermiques et thermiques. Par cons\u00e9quent, il peut \u00eatre stock\u00e9 en toute s\u00e9curit\u00e9 dans le r\u00e9frig\u00e9rateur, chaud et \u00e9galement adapt\u00e9 \u00e0 la st\u00e9rilisation.\" \/>\n<meta property=\"og:url\" content=\"https:\/\/pharmadreams.shop\/index.php\/product\/philips-avent-natural-biberon-0m\/\" \/>\n<meta property=\"og:site_name\" content=\"pharmadreams\" \/>\n<meta property=\"article:modified_time\" content=\"2024-03-15T23:19:02+00:00\" \/>\n<meta property=\"og:image\" content=\"https:\/\/pharmadreams.shop\/wp-content\/uploads\/2023\/12\/Sans-titre-217.png\" \/>\n\t<meta property=\"og:image:width\" content=\"1256\" \/>\n\t<meta property=\"og:image:height\" content=\"1168\" \/>\n\t<meta property=\"og:image:type\" content=\"image\/png\" \/>\n<meta name=\"twitter:card\" content=\"summary_large_image\" \/>\n<meta name=\"twitter:label1\" content=\"Dur\u00e9e de lecture estim\u00e9e\" \/>\n\t<meta name=\"twitter:data1\" content=\"1 minute\" \/>\n<script type=\"application\/ld+json\" class=\"yoast-schema-graph\">{\"@context\":\"https:\/\/schema.org\",\"@graph\":[{\"@type\":\"WebPage\",\"@id\":\"https:\/\/pharmadreams.shop\/index.php\/product\/philips-avent-natural-biberon-0m\/\",\"url\":\"https:\/\/pharmadreams.shop\/index.php\/product\/philips-avent-natural-biberon-0m\/\",\"name\":\"Philips avent natural biberon 0m - pharmadreams\",\"isPartOf\":{\"@id\":\"https:\/\/pharmadreams.shop\/#website\"},\"primaryImageOfPage\":{\"@id\":\"https:\/\/pharmadreams.shop\/index.php\/product\/philips-avent-natural-biberon-0m\/#primaryimage\"},\"image\":{\"@id\":\"https:\/\/pharmadreams.shop\/index.php\/product\/philips-avent-natural-biberon-0m\/#primaryimage\"},\"thumbnailUrl\":\"https:\/\/pharmadreams.shop\/wp-content\/uploads\/2023\/12\/Sans-titre-217.png\",\"datePublished\":\"2023-12-19T18:45:00+00:00\",\"dateModified\":\"2024-03-15T23:19:02+00:00\",\"breadcrumb\":{\"@id\":\"https:\/\/pharmadreams.shop\/index.php\/product\/philips-avent-natural-biberon-0m\/#breadcrumb\"},\"inLanguage\":\"fr-FR\",\"potentialAction\":[{\"@type\":\"ReadAction\",\"target\":[\"https:\/\/pharmadreams.shop\/index.php\/product\/philips-avent-natural-biberon-0m\/\"]}]},{\"@type\":\"ImageObject\",\"inLanguage\":\"fr-FR\",\"@id\":\"https:\/\/pharmadreams.shop\/index.php\/product\/philips-avent-natural-biberon-0m\/#primaryimage\",\"url\":\"https:\/\/pharmadreams.shop\/wp-content\/uploads\/2023\/12\/Sans-titre-217.png\",\"contentUrl\":\"https:\/\/pharmadreams.shop\/wp-content\/uploads\/2023\/12\/Sans-titre-217.png\",\"width\":1256,\"height\":1168},{\"@type\":\"BreadcrumbList\",\"@id\":\"https:\/\/pharmadreams.shop\/index.php\/product\/philips-avent-natural-biberon-0m\/#breadcrumb\",\"itemListElement\":[{\"@type\":\"ListItem\",\"position\":1,\"name\":\"Accueil\",\"item\":\"https:\/\/pharmadreams.shop\/\"},{\"@type\":\"ListItem\",\"position\":2,\"name\":\"Shop\",\"item\":\"https:\/\/pharmadreams.shop\/index.php\/shop\/\"},{\"@type\":\"ListItem\",\"position\":3,\"name\":\"Philips avent natural biberon 0m\"}]},{\"@type\":\"WebSite\",\"@id\":\"https:\/\/pharmadreams.shop\/#website\",\"url\":\"https:\/\/pharmadreams.shop\/\",\"name\":\"pharmadreams\",\"description\":\"Parapharmacie en ligne\",\"potentialAction\":[{\"@type\":\"SearchAction\",\"target\":{\"@type\":\"EntryPoint\",\"urlTemplate\":\"https:\/\/pharmadreams.shop\/?s={search_term_string}\"},\"query-input\":\"required name=search_term_string\"}],\"inLanguage\":\"fr-FR\"}]}<\/script>\n<!-- \/ Yoast SEO plugin. -->","yoast_head_json":{"title":"Philips avent natural biberon 0m - pharmadreams","robots":{"index":"index","follow":"follow","max-snippet":"max-snippet:-1","max-image-preview":"max-image-preview:large","max-video-preview":"max-video-preview:-1"},"canonical":"https:\/\/pharmadreams.shop\/index.php\/product\/philips-avent-natural-biberon-0m\/","og_locale":"fr_FR","og_type":"article","og_title":"Philips avent natural biberon 0m - pharmadreams","og_description":"Notre bouteille en verre naturel vous aide \u00e0 nourrir votre enfant en bouteille plus naturellement pour votre b\u00e9b\u00e9 et pour vous. Le mamelon a une conception innovante avec des p\u00e9tales qui permet un crochet naturel similaire \u00e0 celui de la poitrine, ce qui rend facile pour le b\u00e9b\u00e9 de combiner l\u2019alimentation avec la poitrine et le biberon. R\u00e9sistance \u00e0 la chaleur: La bouteille en verre Philips AVENT est r\u00e9sistante aux chocs thermiques et thermiques. Par cons\u00e9quent, il peut \u00eatre stock\u00e9 en toute s\u00e9curit\u00e9 dans le r\u00e9frig\u00e9rateur, chaud et \u00e9galement adapt\u00e9 \u00e0 la st\u00e9rilisation.","og_url":"https:\/\/pharmadreams.shop\/index.php\/product\/philips-avent-natural-biberon-0m\/","og_site_name":"pharmadreams","article_modified_time":"2024-03-15T23:19:02+00:00","og_image":[{"width":1256,"height":1168,"url":"https:\/\/pharmadreams.shop\/wp-content\/uploads\/2023\/12\/Sans-titre-217.png","type":"image\/png"}],"twitter_card":"summary_large_image","twitter_misc":{"Dur\u00e9e de lecture estim\u00e9e":"1 minute"},"schema":{"@context":"https:\/\/schema.org","@graph":[{"@type":"WebPage","@id":"https:\/\/pharmadreams.shop\/index.php\/product\/philips-avent-natural-biberon-0m\/","url":"https:\/\/pharmadreams.shop\/index.php\/product\/philips-avent-natural-biberon-0m\/","name":"Philips avent natural biberon 0m - pharmadreams","isPartOf":{"@id":"https:\/\/pharmadreams.shop\/#website"},"primaryImageOfPage":{"@id":"https:\/\/pharmadreams.shop\/index.php\/product\/philips-avent-natural-biberon-0m\/#primaryimage"},"image":{"@id":"https:\/\/pharmadreams.shop\/index.php\/product\/philips-avent-natural-biberon-0m\/#primaryimage"},"thumbnailUrl":"https:\/\/pharmadreams.shop\/wp-content\/uploads\/2023\/12\/Sans-titre-217.png","datePublished":"2023-12-19T18:45:00+00:00","dateModified":"2024-03-15T23:19:02+00:00","breadcrumb":{"@id":"https:\/\/pharmadreams.shop\/index.php\/product\/philips-avent-natural-biberon-0m\/#breadcrumb"},"inLanguage":"fr-FR","potentialAction":[{"@type":"ReadAction","target":["https:\/\/pharmadreams.shop\/index.php\/product\/philips-avent-natural-biberon-0m\/"]}]},{"@type":"ImageObject","inLanguage":"fr-FR","@id":"https:\/\/pharmadreams.shop\/index.php\/product\/philips-avent-natural-biberon-0m\/#primaryimage","url":"https:\/\/pharmadreams.shop\/wp-content\/uploads\/2023\/12\/Sans-titre-217.png","contentUrl":"https:\/\/pharmadreams.shop\/wp-content\/uploads\/2023\/12\/Sans-titre-217.png","width":1256,"height":1168},{"@type":"BreadcrumbList","@id":"https:\/\/pharmadreams.shop\/index.php\/product\/philips-avent-natural-biberon-0m\/#breadcrumb","itemListElement":[{"@type":"ListItem","position":1,"name":"Accueil","item":"https:\/\/pharmadreams.shop\/"},{"@type":"ListItem","position":2,"name":"Shop","item":"https:\/\/pharmadreams.shop\/index.php\/shop\/"},{"@type":"ListItem","position":3,"name":"Philips avent natural biberon 0m"}]},{"@type":"WebSite","@id":"https:\/\/pharmadreams.shop\/#website","url":"https:\/\/pharmadreams.shop\/","name":"pharmadreams","description":"Parapharmacie en ligne","potentialAction":[{"@type":"SearchAction","target":{"@type":"EntryPoint","urlTemplate":"https:\/\/pharmadreams.shop\/?s={search_term_string}"},"query-input":"required name=search_term_string"}],"inLanguage":"fr-FR"}]}},"_links":{"self":[{"href":"https:\/\/pharmadreams.shop\/index.php\/wp-json\/wp\/v2\/product\/17361","targetHints":{"allow":["GET"]}}],"collection":[{"href":"https:\/\/pharmadreams.shop\/index.php\/wp-json\/wp\/v2\/product"}],"about":[{"href":"https:\/\/pharmadreams.shop\/index.php\/wp-json\/wp\/v2\/types\/product"}],"replies":[{"embeddable":true,"href":"https:\/\/pharmadreams.shop\/index.php\/wp-json\/wp\/v2\/comments?post=17361"}],"version-history":[{"count":0,"href":"https:\/\/pharmadreams.shop\/index.php\/wp-json\/wp\/v2\/product\/17361\/revisions"}],"wp:featuredmedia":[{"embeddable":true,"href":"https:\/\/pharmadreams.shop\/index.php\/wp-json\/wp\/v2\/media\/17430"}],"wp:attachment":[{"href":"https:\/\/pharmadreams.shop\/index.php\/wp-json\/wp\/v2\/media?parent=17361"}],"wp:term":[{"taxonomy":"product_brand","embeddable":true,"href":"https:\/\/pharmadreams.shop\/index.php\/wp-json\/wp\/v2\/product_brand?post=17361"},{"taxonomy":"product_cat","embeddable":true,"href":"https:\/\/pharmadreams.shop\/index.php\/wp-json\/wp\/v2\/product_cat?post=17361"},{"taxonomy":"product_tag","embeddable":true,"href":"https:\/\/pharmadreams.shop\/index.php\/wp-json\/wp\/v2\/product_tag?post=17361"}],"curies":[{"name":"wp","href":"https:\/\/api.w.org\/{rel}","templated":true}]}}