{"id":17362,"date":"2023-12-19T19:45:00","date_gmt":"2023-12-19T18:45:00","guid":{"rendered":"https:\/\/venuspara.com\/?post_type=product&#038;p=17362"},"modified":"2024-05-03T15:19:32","modified_gmt":"2024-05-03T14:19:32","slug":"dermedic-normacne-therapy-h2o2","status":"publish","type":"product","link":"https:\/\/pharmadreams.shop\/index.php\/product\/dermedic-normacne-therapy-h2o2\/","title":{"rendered":"DERMEDIC NORMACNE Traitement Local Anti-Acne 15m"},"content":{"rendered":"","protected":false},"excerpt":{"rendered":"<p>&lsquo;- Assure la diminution visible des l\u00e9sions inflammatoires acn\u00e9iques (\u00e9ruptions, infiltrations, kystes, pustules, papules, point noirs) d\u00e9s la premi\u00e8re applications.<\/p>\n<p>&#8211; Il a un effet bact\u00e9ricide et apaise les inflammations ( acides salicylique,\u00a0 peroxyde d&rsquo;hydrog\u00e8ne).<\/p>\n<p>&#8211; Il acc\u00e9l\u00e8re la disparition des l\u00e9sions acn\u00e9iques et r\u00e9duit leur visibilit\u00e9 ( Oxyg\u00e8ne actif, D-Panthenol).<\/p>\n<p>&#8211; Il nettoie les pores bouch\u00e9s, r\u00e9gule la production de s\u00e9bum dans le lieu d&rsquo;application du produit ( acide lactobionique).<\/p>\n<p>&#8211; Il \u00e9limine les d\u00e9colorations de l&rsquo;acn\u00e9 et pr\u00e9vient leur formation.<\/p>\n","protected":false},"featured_media":17443,"comment_status":"open","ping_status":"closed","template":"","meta":[],"product_brand":[],"product_cat":[138,95,80],"product_tag":[],"class_list":{"0":"post-17362","1":"product","2":"type-product","3":"status-publish","4":"has-post-thumbnail","6":"product_cat-anti-inflammatoire","7":"product_cat-skin-care","8":"product_cat-soins","10":"first","11":"instock","12":"shipping-taxable","13":"purchasable","14":"product-type-simple"},"yoast_head":"<!-- This site is optimized with the Yoast SEO plugin v23.0 - https:\/\/yoast.com\/wordpress\/plugins\/seo\/ -->\n<title>DERMEDIC NORMACNE Traitement Local Anti-Acne 15m - pharmadreams<\/title>\n<meta name=\"robots\" content=\"index, follow, max-snippet:-1, max-image-preview:large, max-video-preview:-1\" \/>\n<link rel=\"canonical\" href=\"https:\/\/pharmadreams.shop\/index.php\/product\/dermedic-normacne-therapy-h2o2\/\" \/>\n<meta property=\"og:locale\" content=\"fr_FR\" \/>\n<meta property=\"og:type\" content=\"article\" \/>\n<meta property=\"og:title\" content=\"DERMEDIC NORMACNE Traitement Local Anti-Acne 15m - pharmadreams\" \/>\n<meta property=\"og:description\" content=\"&#039;- Assure la diminution visible des l\u00e9sions inflammatoires acn\u00e9iques (\u00e9ruptions, infiltrations, kystes, pustules, papules, point noirs) d\u00e9s la premi\u00e8re applications.  - Il a un effet bact\u00e9ricide et apaise les inflammations ( acides salicylique,\u00a0 peroxyde d&#039;hydrog\u00e8ne).  - Il acc\u00e9l\u00e8re la disparition des l\u00e9sions acn\u00e9iques et r\u00e9duit leur visibilit\u00e9 ( Oxyg\u00e8ne actif, D-Panthenol).  - Il nettoie les pores bouch\u00e9s, r\u00e9gule la production de s\u00e9bum dans le lieu d&#039;application du produit ( acide lactobionique).  - Il \u00e9limine les d\u00e9colorations de l&#039;acn\u00e9 et pr\u00e9vient leur formation.\" \/>\n<meta property=\"og:url\" content=\"https:\/\/pharmadreams.shop\/index.php\/product\/dermedic-normacne-therapy-h2o2\/\" \/>\n<meta property=\"og:site_name\" content=\"pharmadreams\" \/>\n<meta property=\"article:modified_time\" content=\"2024-05-03T14:19:32+00:00\" \/>\n<meta property=\"og:image\" content=\"https:\/\/pharmadreams.shop\/wp-content\/uploads\/2023\/12\/Sans-titre-218.png\" \/>\n\t<meta property=\"og:image:width\" content=\"1096\" \/>\n\t<meta property=\"og:image:height\" content=\"1016\" \/>\n\t<meta property=\"og:image:type\" content=\"image\/png\" \/>\n<meta name=\"twitter:card\" content=\"summary_large_image\" \/>\n<meta name=\"twitter:label1\" content=\"Dur\u00e9e de lecture estim\u00e9e\" \/>\n\t<meta name=\"twitter:data1\" content=\"1 minute\" \/>\n<script type=\"application\/ld+json\" class=\"yoast-schema-graph\">{\"@context\":\"https:\/\/schema.org\",\"@graph\":[{\"@type\":\"WebPage\",\"@id\":\"https:\/\/pharmadreams.shop\/index.php\/product\/dermedic-normacne-therapy-h2o2\/\",\"url\":\"https:\/\/pharmadreams.shop\/index.php\/product\/dermedic-normacne-therapy-h2o2\/\",\"name\":\"DERMEDIC NORMACNE Traitement Local Anti-Acne 15m - pharmadreams\",\"isPartOf\":{\"@id\":\"https:\/\/pharmadreams.shop\/#website\"},\"primaryImageOfPage\":{\"@id\":\"https:\/\/pharmadreams.shop\/index.php\/product\/dermedic-normacne-therapy-h2o2\/#primaryimage\"},\"image\":{\"@id\":\"https:\/\/pharmadreams.shop\/index.php\/product\/dermedic-normacne-therapy-h2o2\/#primaryimage\"},\"thumbnailUrl\":\"https:\/\/pharmadreams.shop\/wp-content\/uploads\/2023\/12\/Sans-titre-218.png\",\"datePublished\":\"2023-12-19T18:45:00+00:00\",\"dateModified\":\"2024-05-03T14:19:32+00:00\",\"breadcrumb\":{\"@id\":\"https:\/\/pharmadreams.shop\/index.php\/product\/dermedic-normacne-therapy-h2o2\/#breadcrumb\"},\"inLanguage\":\"fr-FR\",\"potentialAction\":[{\"@type\":\"ReadAction\",\"target\":[\"https:\/\/pharmadreams.shop\/index.php\/product\/dermedic-normacne-therapy-h2o2\/\"]}]},{\"@type\":\"ImageObject\",\"inLanguage\":\"fr-FR\",\"@id\":\"https:\/\/pharmadreams.shop\/index.php\/product\/dermedic-normacne-therapy-h2o2\/#primaryimage\",\"url\":\"https:\/\/pharmadreams.shop\/wp-content\/uploads\/2023\/12\/Sans-titre-218.png\",\"contentUrl\":\"https:\/\/pharmadreams.shop\/wp-content\/uploads\/2023\/12\/Sans-titre-218.png\",\"width\":1096,\"height\":1016},{\"@type\":\"BreadcrumbList\",\"@id\":\"https:\/\/pharmadreams.shop\/index.php\/product\/dermedic-normacne-therapy-h2o2\/#breadcrumb\",\"itemListElement\":[{\"@type\":\"ListItem\",\"position\":1,\"name\":\"Accueil\",\"item\":\"https:\/\/pharmadreams.shop\/\"},{\"@type\":\"ListItem\",\"position\":2,\"name\":\"Shop\",\"item\":\"https:\/\/pharmadreams.shop\/index.php\/shop\/\"},{\"@type\":\"ListItem\",\"position\":3,\"name\":\"DERMEDIC NORMACNE Traitement Local Anti-Acne 15m\"}]},{\"@type\":\"WebSite\",\"@id\":\"https:\/\/pharmadreams.shop\/#website\",\"url\":\"https:\/\/pharmadreams.shop\/\",\"name\":\"pharmadreams\",\"description\":\"Parapharmacie en ligne\",\"potentialAction\":[{\"@type\":\"SearchAction\",\"target\":{\"@type\":\"EntryPoint\",\"urlTemplate\":\"https:\/\/pharmadreams.shop\/?s={search_term_string}\"},\"query-input\":\"required name=search_term_string\"}],\"inLanguage\":\"fr-FR\"}]}<\/script>\n<!-- \/ Yoast SEO plugin. -->","yoast_head_json":{"title":"DERMEDIC NORMACNE Traitement Local Anti-Acne 15m - pharmadreams","robots":{"index":"index","follow":"follow","max-snippet":"max-snippet:-1","max-image-preview":"max-image-preview:large","max-video-preview":"max-video-preview:-1"},"canonical":"https:\/\/pharmadreams.shop\/index.php\/product\/dermedic-normacne-therapy-h2o2\/","og_locale":"fr_FR","og_type":"article","og_title":"DERMEDIC NORMACNE Traitement Local Anti-Acne 15m - pharmadreams","og_description":"'- Assure la diminution visible des l\u00e9sions inflammatoires acn\u00e9iques (\u00e9ruptions, infiltrations, kystes, pustules, papules, point noirs) d\u00e9s la premi\u00e8re applications.  - Il a un effet bact\u00e9ricide et apaise les inflammations ( acides salicylique,\u00a0 peroxyde d'hydrog\u00e8ne).  - Il acc\u00e9l\u00e8re la disparition des l\u00e9sions acn\u00e9iques et r\u00e9duit leur visibilit\u00e9 ( Oxyg\u00e8ne actif, D-Panthenol).  - Il nettoie les pores bouch\u00e9s, r\u00e9gule la production de s\u00e9bum dans le lieu d'application du produit ( acide lactobionique).  - Il \u00e9limine les d\u00e9colorations de l'acn\u00e9 et pr\u00e9vient leur formation.","og_url":"https:\/\/pharmadreams.shop\/index.php\/product\/dermedic-normacne-therapy-h2o2\/","og_site_name":"pharmadreams","article_modified_time":"2024-05-03T14:19:32+00:00","og_image":[{"width":1096,"height":1016,"url":"https:\/\/pharmadreams.shop\/wp-content\/uploads\/2023\/12\/Sans-titre-218.png","type":"image\/png"}],"twitter_card":"summary_large_image","twitter_misc":{"Dur\u00e9e de lecture estim\u00e9e":"1 minute"},"schema":{"@context":"https:\/\/schema.org","@graph":[{"@type":"WebPage","@id":"https:\/\/pharmadreams.shop\/index.php\/product\/dermedic-normacne-therapy-h2o2\/","url":"https:\/\/pharmadreams.shop\/index.php\/product\/dermedic-normacne-therapy-h2o2\/","name":"DERMEDIC NORMACNE Traitement Local Anti-Acne 15m - pharmadreams","isPartOf":{"@id":"https:\/\/pharmadreams.shop\/#website"},"primaryImageOfPage":{"@id":"https:\/\/pharmadreams.shop\/index.php\/product\/dermedic-normacne-therapy-h2o2\/#primaryimage"},"image":{"@id":"https:\/\/pharmadreams.shop\/index.php\/product\/dermedic-normacne-therapy-h2o2\/#primaryimage"},"thumbnailUrl":"https:\/\/pharmadreams.shop\/wp-content\/uploads\/2023\/12\/Sans-titre-218.png","datePublished":"2023-12-19T18:45:00+00:00","dateModified":"2024-05-03T14:19:32+00:00","breadcrumb":{"@id":"https:\/\/pharmadreams.shop\/index.php\/product\/dermedic-normacne-therapy-h2o2\/#breadcrumb"},"inLanguage":"fr-FR","potentialAction":[{"@type":"ReadAction","target":["https:\/\/pharmadreams.shop\/index.php\/product\/dermedic-normacne-therapy-h2o2\/"]}]},{"@type":"ImageObject","inLanguage":"fr-FR","@id":"https:\/\/pharmadreams.shop\/index.php\/product\/dermedic-normacne-therapy-h2o2\/#primaryimage","url":"https:\/\/pharmadreams.shop\/wp-content\/uploads\/2023\/12\/Sans-titre-218.png","contentUrl":"https:\/\/pharmadreams.shop\/wp-content\/uploads\/2023\/12\/Sans-titre-218.png","width":1096,"height":1016},{"@type":"BreadcrumbList","@id":"https:\/\/pharmadreams.shop\/index.php\/product\/dermedic-normacne-therapy-h2o2\/#breadcrumb","itemListElement":[{"@type":"ListItem","position":1,"name":"Accueil","item":"https:\/\/pharmadreams.shop\/"},{"@type":"ListItem","position":2,"name":"Shop","item":"https:\/\/pharmadreams.shop\/index.php\/shop\/"},{"@type":"ListItem","position":3,"name":"DERMEDIC NORMACNE Traitement Local Anti-Acne 15m"}]},{"@type":"WebSite","@id":"https:\/\/pharmadreams.shop\/#website","url":"https:\/\/pharmadreams.shop\/","name":"pharmadreams","description":"Parapharmacie en ligne","potentialAction":[{"@type":"SearchAction","target":{"@type":"EntryPoint","urlTemplate":"https:\/\/pharmadreams.shop\/?s={search_term_string}"},"query-input":"required name=search_term_string"}],"inLanguage":"fr-FR"}]}},"_links":{"self":[{"href":"https:\/\/pharmadreams.shop\/index.php\/wp-json\/wp\/v2\/product\/17362","targetHints":{"allow":["GET"]}}],"collection":[{"href":"https:\/\/pharmadreams.shop\/index.php\/wp-json\/wp\/v2\/product"}],"about":[{"href":"https:\/\/pharmadreams.shop\/index.php\/wp-json\/wp\/v2\/types\/product"}],"replies":[{"embeddable":true,"href":"https:\/\/pharmadreams.shop\/index.php\/wp-json\/wp\/v2\/comments?post=17362"}],"version-history":[{"count":0,"href":"https:\/\/pharmadreams.shop\/index.php\/wp-json\/wp\/v2\/product\/17362\/revisions"}],"wp:featuredmedia":[{"embeddable":true,"href":"https:\/\/pharmadreams.shop\/index.php\/wp-json\/wp\/v2\/media\/17443"}],"wp:attachment":[{"href":"https:\/\/pharmadreams.shop\/index.php\/wp-json\/wp\/v2\/media?parent=17362"}],"wp:term":[{"taxonomy":"product_brand","embeddable":true,"href":"https:\/\/pharmadreams.shop\/index.php\/wp-json\/wp\/v2\/product_brand?post=17362"},{"taxonomy":"product_cat","embeddable":true,"href":"https:\/\/pharmadreams.shop\/index.php\/wp-json\/wp\/v2\/product_cat?post=17362"},{"taxonomy":"product_tag","embeddable":true,"href":"https:\/\/pharmadreams.shop\/index.php\/wp-json\/wp\/v2\/product_tag?post=17362"}],"curies":[{"name":"wp","href":"https:\/\/api.w.org\/{rel}","templated":true}]}}