{"id":17363,"date":"2023-12-19T19:45:00","date_gmt":"2023-12-19T18:45:00","guid":{"rendered":"https:\/\/venuspara.com\/?post_type=product&#038;p=17363"},"modified":"2023-12-19T19:46:14","modified_gmt":"2023-12-19T18:46:14","slug":"uriage-eau-thermale-demaquillant-yeux-waterproof","status":"publish","type":"product","link":"https:\/\/pharmadreams.shop\/index.php\/product\/uriage-eau-thermale-demaquillant-yeux-waterproof\/","title":{"rendered":"Uriage eau thermale d\u00e9maquillant yeux waterproof"},"content":{"rendered":"","protected":false},"excerpt":{"rendered":"<p class=\"product-baseline\">D\u00c9MAQUILLANT YEUX BIPHAS\u00c9<\/p>\n<p>La formule du D\u00e9maquillant Yeux Waterproof a \u00e9t\u00e9 sp\u00e9cialement con\u00e7ue pour les femmes ayant les yeux sensibles. Il permet de d\u00e9maquiller tr\u00e8s rapidement les maquillages les plus intenses.<\/p>\n<p>L\u2019efficacit\u00e9 d\u00e9maquillante est li\u00e9e \u00e0 sa formule biphase : la phase grasse solubilise les formules waterproof tandis que la phase aqueuse limite la sensation de gras.<\/p>\n<div class=\"grid landscape-two\">\n<div class=\"container container-double border-double\">\n<div class=\"product-description\">\n<p>Gr\u00e2ce \u00e0 l\u2019Eau florale de bleuet et \u00e0 l\u2019Eau Thermale d\u2019Uriage, ce d\u00e9maquillant\u00a0 apaise et apporte une sensation de confort.<\/p>\n<\/div>\n<\/div>\n<\/div>\n<div class=\"grid\">\n<div class=\"container border border-theme\"><\/div>\n<\/div>\n","protected":false},"featured_media":17445,"comment_status":"open","ping_status":"closed","template":"","meta":[],"product_brand":[],"product_cat":[281],"product_tag":[],"class_list":{"0":"post-17363","1":"product","2":"type-product","3":"status-publish","4":"has-post-thumbnail","6":"product_cat-eau-thermale","8":"first","9":"instock","10":"shipping-taxable","11":"purchasable","12":"product-type-simple"},"yoast_head":"<!-- This site is optimized with the Yoast SEO plugin v23.0 - https:\/\/yoast.com\/wordpress\/plugins\/seo\/ -->\n<title>Uriage eau thermale d\u00e9maquillant yeux waterproof - pharmadreams<\/title>\n<meta name=\"robots\" content=\"index, follow, max-snippet:-1, max-image-preview:large, max-video-preview:-1\" \/>\n<link rel=\"canonical\" href=\"https:\/\/pharmadreams.shop\/index.php\/product\/uriage-eau-thermale-demaquillant-yeux-waterproof\/\" \/>\n<meta property=\"og:locale\" content=\"fr_FR\" \/>\n<meta property=\"og:type\" content=\"article\" \/>\n<meta property=\"og:title\" content=\"Uriage eau thermale d\u00e9maquillant yeux waterproof - pharmadreams\" \/>\n<meta property=\"og:description\" content=\"D\u00c9MAQUILLANT YEUX BIPHAS\u00c9 La formule du D\u00e9maquillant Yeux Waterproof a \u00e9t\u00e9 sp\u00e9cialement con\u00e7ue pour les femmes ayant les yeux sensibles. Il permet de d\u00e9maquiller tr\u00e8s rapidement les maquillages les plus intenses.  L\u2019efficacit\u00e9 d\u00e9maquillante est li\u00e9e \u00e0 sa formule biphase : la phase grasse solubilise les formules waterproof tandis que la phase aqueuse limite la sensation de gras.     Gr\u00e2ce \u00e0 l\u2019Eau florale de bleuet et \u00e0 l\u2019Eau Thermale d\u2019Uriage, ce d\u00e9maquillant\u00a0 apaise et apporte une sensation de confort.\" \/>\n<meta property=\"og:url\" content=\"https:\/\/pharmadreams.shop\/index.php\/product\/uriage-eau-thermale-demaquillant-yeux-waterproof\/\" \/>\n<meta property=\"og:site_name\" content=\"pharmadreams\" \/>\n<meta property=\"article:modified_time\" content=\"2023-12-19T18:46:14+00:00\" \/>\n<meta property=\"og:image\" content=\"https:\/\/pharmadreams.shop\/wp-content\/uploads\/2023\/12\/Sans-titre-219.png\" \/>\n\t<meta property=\"og:image:width\" content=\"848\" \/>\n\t<meta property=\"og:image:height\" content=\"872\" \/>\n\t<meta property=\"og:image:type\" content=\"image\/png\" \/>\n<meta name=\"twitter:card\" content=\"summary_large_image\" \/>\n<script type=\"application\/ld+json\" class=\"yoast-schema-graph\">{\"@context\":\"https:\/\/schema.org\",\"@graph\":[{\"@type\":\"WebPage\",\"@id\":\"https:\/\/pharmadreams.shop\/index.php\/product\/uriage-eau-thermale-demaquillant-yeux-waterproof\/\",\"url\":\"https:\/\/pharmadreams.shop\/index.php\/product\/uriage-eau-thermale-demaquillant-yeux-waterproof\/\",\"name\":\"Uriage eau thermale d\u00e9maquillant yeux waterproof - pharmadreams\",\"isPartOf\":{\"@id\":\"https:\/\/pharmadreams.shop\/#website\"},\"primaryImageOfPage\":{\"@id\":\"https:\/\/pharmadreams.shop\/index.php\/product\/uriage-eau-thermale-demaquillant-yeux-waterproof\/#primaryimage\"},\"image\":{\"@id\":\"https:\/\/pharmadreams.shop\/index.php\/product\/uriage-eau-thermale-demaquillant-yeux-waterproof\/#primaryimage\"},\"thumbnailUrl\":\"https:\/\/pharmadreams.shop\/wp-content\/uploads\/2023\/12\/Sans-titre-219.png\",\"datePublished\":\"2023-12-19T18:45:00+00:00\",\"dateModified\":\"2023-12-19T18:46:14+00:00\",\"breadcrumb\":{\"@id\":\"https:\/\/pharmadreams.shop\/index.php\/product\/uriage-eau-thermale-demaquillant-yeux-waterproof\/#breadcrumb\"},\"inLanguage\":\"fr-FR\",\"potentialAction\":[{\"@type\":\"ReadAction\",\"target\":[\"https:\/\/pharmadreams.shop\/index.php\/product\/uriage-eau-thermale-demaquillant-yeux-waterproof\/\"]}]},{\"@type\":\"ImageObject\",\"inLanguage\":\"fr-FR\",\"@id\":\"https:\/\/pharmadreams.shop\/index.php\/product\/uriage-eau-thermale-demaquillant-yeux-waterproof\/#primaryimage\",\"url\":\"https:\/\/pharmadreams.shop\/wp-content\/uploads\/2023\/12\/Sans-titre-219.png\",\"contentUrl\":\"https:\/\/pharmadreams.shop\/wp-content\/uploads\/2023\/12\/Sans-titre-219.png\",\"width\":848,\"height\":872},{\"@type\":\"BreadcrumbList\",\"@id\":\"https:\/\/pharmadreams.shop\/index.php\/product\/uriage-eau-thermale-demaquillant-yeux-waterproof\/#breadcrumb\",\"itemListElement\":[{\"@type\":\"ListItem\",\"position\":1,\"name\":\"Accueil\",\"item\":\"https:\/\/pharmadreams.shop\/\"},{\"@type\":\"ListItem\",\"position\":2,\"name\":\"Shop\",\"item\":\"https:\/\/pharmadreams.shop\/index.php\/shop\/\"},{\"@type\":\"ListItem\",\"position\":3,\"name\":\"Uriage eau thermale d\u00e9maquillant yeux waterproof\"}]},{\"@type\":\"WebSite\",\"@id\":\"https:\/\/pharmadreams.shop\/#website\",\"url\":\"https:\/\/pharmadreams.shop\/\",\"name\":\"pharmadreams\",\"description\":\"Parapharmacie en ligne\",\"potentialAction\":[{\"@type\":\"SearchAction\",\"target\":{\"@type\":\"EntryPoint\",\"urlTemplate\":\"https:\/\/pharmadreams.shop\/?s={search_term_string}\"},\"query-input\":\"required name=search_term_string\"}],\"inLanguage\":\"fr-FR\"}]}<\/script>\n<!-- \/ Yoast SEO plugin. -->","yoast_head_json":{"title":"Uriage eau thermale d\u00e9maquillant yeux waterproof - pharmadreams","robots":{"index":"index","follow":"follow","max-snippet":"max-snippet:-1","max-image-preview":"max-image-preview:large","max-video-preview":"max-video-preview:-1"},"canonical":"https:\/\/pharmadreams.shop\/index.php\/product\/uriage-eau-thermale-demaquillant-yeux-waterproof\/","og_locale":"fr_FR","og_type":"article","og_title":"Uriage eau thermale d\u00e9maquillant yeux waterproof - pharmadreams","og_description":"D\u00c9MAQUILLANT YEUX BIPHAS\u00c9 La formule du D\u00e9maquillant Yeux Waterproof a \u00e9t\u00e9 sp\u00e9cialement con\u00e7ue pour les femmes ayant les yeux sensibles. Il permet de d\u00e9maquiller tr\u00e8s rapidement les maquillages les plus intenses.  L\u2019efficacit\u00e9 d\u00e9maquillante est li\u00e9e \u00e0 sa formule biphase : la phase grasse solubilise les formules waterproof tandis que la phase aqueuse limite la sensation de gras.     Gr\u00e2ce \u00e0 l\u2019Eau florale de bleuet et \u00e0 l\u2019Eau Thermale d\u2019Uriage, ce d\u00e9maquillant\u00a0 apaise et apporte une sensation de confort.","og_url":"https:\/\/pharmadreams.shop\/index.php\/product\/uriage-eau-thermale-demaquillant-yeux-waterproof\/","og_site_name":"pharmadreams","article_modified_time":"2023-12-19T18:46:14+00:00","og_image":[{"width":848,"height":872,"url":"https:\/\/pharmadreams.shop\/wp-content\/uploads\/2023\/12\/Sans-titre-219.png","type":"image\/png"}],"twitter_card":"summary_large_image","schema":{"@context":"https:\/\/schema.org","@graph":[{"@type":"WebPage","@id":"https:\/\/pharmadreams.shop\/index.php\/product\/uriage-eau-thermale-demaquillant-yeux-waterproof\/","url":"https:\/\/pharmadreams.shop\/index.php\/product\/uriage-eau-thermale-demaquillant-yeux-waterproof\/","name":"Uriage eau thermale d\u00e9maquillant yeux waterproof - pharmadreams","isPartOf":{"@id":"https:\/\/pharmadreams.shop\/#website"},"primaryImageOfPage":{"@id":"https:\/\/pharmadreams.shop\/index.php\/product\/uriage-eau-thermale-demaquillant-yeux-waterproof\/#primaryimage"},"image":{"@id":"https:\/\/pharmadreams.shop\/index.php\/product\/uriage-eau-thermale-demaquillant-yeux-waterproof\/#primaryimage"},"thumbnailUrl":"https:\/\/pharmadreams.shop\/wp-content\/uploads\/2023\/12\/Sans-titre-219.png","datePublished":"2023-12-19T18:45:00+00:00","dateModified":"2023-12-19T18:46:14+00:00","breadcrumb":{"@id":"https:\/\/pharmadreams.shop\/index.php\/product\/uriage-eau-thermale-demaquillant-yeux-waterproof\/#breadcrumb"},"inLanguage":"fr-FR","potentialAction":[{"@type":"ReadAction","target":["https:\/\/pharmadreams.shop\/index.php\/product\/uriage-eau-thermale-demaquillant-yeux-waterproof\/"]}]},{"@type":"ImageObject","inLanguage":"fr-FR","@id":"https:\/\/pharmadreams.shop\/index.php\/product\/uriage-eau-thermale-demaquillant-yeux-waterproof\/#primaryimage","url":"https:\/\/pharmadreams.shop\/wp-content\/uploads\/2023\/12\/Sans-titre-219.png","contentUrl":"https:\/\/pharmadreams.shop\/wp-content\/uploads\/2023\/12\/Sans-titre-219.png","width":848,"height":872},{"@type":"BreadcrumbList","@id":"https:\/\/pharmadreams.shop\/index.php\/product\/uriage-eau-thermale-demaquillant-yeux-waterproof\/#breadcrumb","itemListElement":[{"@type":"ListItem","position":1,"name":"Accueil","item":"https:\/\/pharmadreams.shop\/"},{"@type":"ListItem","position":2,"name":"Shop","item":"https:\/\/pharmadreams.shop\/index.php\/shop\/"},{"@type":"ListItem","position":3,"name":"Uriage eau thermale d\u00e9maquillant yeux waterproof"}]},{"@type":"WebSite","@id":"https:\/\/pharmadreams.shop\/#website","url":"https:\/\/pharmadreams.shop\/","name":"pharmadreams","description":"Parapharmacie en ligne","potentialAction":[{"@type":"SearchAction","target":{"@type":"EntryPoint","urlTemplate":"https:\/\/pharmadreams.shop\/?s={search_term_string}"},"query-input":"required name=search_term_string"}],"inLanguage":"fr-FR"}]}},"_links":{"self":[{"href":"https:\/\/pharmadreams.shop\/index.php\/wp-json\/wp\/v2\/product\/17363","targetHints":{"allow":["GET"]}}],"collection":[{"href":"https:\/\/pharmadreams.shop\/index.php\/wp-json\/wp\/v2\/product"}],"about":[{"href":"https:\/\/pharmadreams.shop\/index.php\/wp-json\/wp\/v2\/types\/product"}],"replies":[{"embeddable":true,"href":"https:\/\/pharmadreams.shop\/index.php\/wp-json\/wp\/v2\/comments?post=17363"}],"version-history":[{"count":0,"href":"https:\/\/pharmadreams.shop\/index.php\/wp-json\/wp\/v2\/product\/17363\/revisions"}],"wp:featuredmedia":[{"embeddable":true,"href":"https:\/\/pharmadreams.shop\/index.php\/wp-json\/wp\/v2\/media\/17445"}],"wp:attachment":[{"href":"https:\/\/pharmadreams.shop\/index.php\/wp-json\/wp\/v2\/media?parent=17363"}],"wp:term":[{"taxonomy":"product_brand","embeddable":true,"href":"https:\/\/pharmadreams.shop\/index.php\/wp-json\/wp\/v2\/product_brand?post=17363"},{"taxonomy":"product_cat","embeddable":true,"href":"https:\/\/pharmadreams.shop\/index.php\/wp-json\/wp\/v2\/product_cat?post=17363"},{"taxonomy":"product_tag","embeddable":true,"href":"https:\/\/pharmadreams.shop\/index.php\/wp-json\/wp\/v2\/product_tag?post=17363"}],"curies":[{"name":"wp","href":"https:\/\/api.w.org\/{rel}","templated":true}]}}