{"id":17364,"date":"2023-12-19T19:45:00","date_gmt":"2023-12-19T18:45:00","guid":{"rendered":"https:\/\/venuspara.com\/?post_type=product&#038;p=17364"},"modified":"2023-12-19T19:46:15","modified_gmt":"2023-12-19T18:46:15","slug":"isispharma-gel-nettoyant-exfoliant","status":"publish","type":"product","link":"https:\/\/pharmadreams.shop\/index.php\/product\/isispharma-gel-nettoyant-exfoliant\/","title":{"rendered":"Isispharma gel nettoyant exfoliant"},"content":{"rendered":"","protected":false},"excerpt":{"rendered":"<p>Isispharma gel nettoyant permet d&rsquo;avoir un teint unifi\u00e9 et \u00e9clatant. L\u2019apparition de taches brunes sur le visage peuvent rendre votre teint terne, irr\u00e9gulier et fatigu\u00e9.<br \/>\nPour \u00e9viter cela, il est important de nettoyer votre peau avec un soin d&rsquo;hygi\u00e8ne adapt\u00e9.<br \/>\nLe gel nettoyant et exfoliant de la gamme NEOTONE nettoie la peau en profondeur pour retrouver un teint unifi\u00e9 et apporte une sensation de fra\u00eecheur au quotidien. Il est enrichi en 5 actifs puissants aux propri\u00e9t\u00e9s exfoliantes et \u00e9claircissantes pour contribuer \u00e0 r\u00e9duire les taches, et am\u00e9liorer l\u2019homog\u00e9n\u00e9it\u00e9 du teint<\/p>\n","protected":false},"featured_media":17447,"comment_status":"open","ping_status":"closed","template":"","meta":[],"product_brand":[],"product_cat":[96],"product_tag":[],"class_list":{"0":"post-17364","1":"product","2":"type-product","3":"status-publish","4":"has-post-thumbnail","6":"product_cat-gel-nottoyant","8":"first","9":"instock","10":"shipping-taxable","11":"purchasable","12":"product-type-simple"},"yoast_head":"<!-- This site is optimized with the Yoast SEO plugin v23.0 - https:\/\/yoast.com\/wordpress\/plugins\/seo\/ -->\n<title>Isispharma gel nettoyant exfoliant - pharmadreams<\/title>\n<meta name=\"robots\" content=\"index, follow, max-snippet:-1, max-image-preview:large, max-video-preview:-1\" \/>\n<link rel=\"canonical\" href=\"https:\/\/pharmadreams.shop\/index.php\/product\/isispharma-gel-nettoyant-exfoliant\/\" \/>\n<meta property=\"og:locale\" content=\"fr_FR\" \/>\n<meta property=\"og:type\" content=\"article\" \/>\n<meta property=\"og:title\" content=\"Isispharma gel nettoyant exfoliant - pharmadreams\" \/>\n<meta property=\"og:description\" content=\"Isispharma gel nettoyant permet d&#039;avoir un teint unifi\u00e9 et \u00e9clatant. L\u2019apparition de taches brunes sur le visage peuvent rendre votre teint terne, irr\u00e9gulier et fatigu\u00e9. Pour \u00e9viter cela, il est important de nettoyer votre peau avec un soin d&#039;hygi\u00e8ne adapt\u00e9. Le gel nettoyant et exfoliant de la gamme NEOTONE nettoie la peau en profondeur pour retrouver un teint unifi\u00e9 et apporte une sensation de fra\u00eecheur au quotidien. Il est enrichi en 5 actifs puissants aux propri\u00e9t\u00e9s exfoliantes et \u00e9claircissantes pour contribuer \u00e0 r\u00e9duire les taches, et am\u00e9liorer l\u2019homog\u00e9n\u00e9it\u00e9 du teint\" \/>\n<meta property=\"og:url\" content=\"https:\/\/pharmadreams.shop\/index.php\/product\/isispharma-gel-nettoyant-exfoliant\/\" \/>\n<meta property=\"og:site_name\" content=\"pharmadreams\" \/>\n<meta property=\"article:modified_time\" content=\"2023-12-19T18:46:15+00:00\" \/>\n<meta property=\"og:image\" content=\"https:\/\/pharmadreams.shop\/wp-content\/uploads\/2023\/12\/Sans-titre-221.png\" \/>\n\t<meta property=\"og:image:width\" content=\"1256\" \/>\n\t<meta property=\"og:image:height\" content=\"1168\" \/>\n\t<meta property=\"og:image:type\" content=\"image\/png\" \/>\n<meta name=\"twitter:card\" content=\"summary_large_image\" \/>\n<script type=\"application\/ld+json\" class=\"yoast-schema-graph\">{\"@context\":\"https:\/\/schema.org\",\"@graph\":[{\"@type\":\"WebPage\",\"@id\":\"https:\/\/pharmadreams.shop\/index.php\/product\/isispharma-gel-nettoyant-exfoliant\/\",\"url\":\"https:\/\/pharmadreams.shop\/index.php\/product\/isispharma-gel-nettoyant-exfoliant\/\",\"name\":\"Isispharma gel nettoyant exfoliant - pharmadreams\",\"isPartOf\":{\"@id\":\"https:\/\/pharmadreams.shop\/#website\"},\"primaryImageOfPage\":{\"@id\":\"https:\/\/pharmadreams.shop\/index.php\/product\/isispharma-gel-nettoyant-exfoliant\/#primaryimage\"},\"image\":{\"@id\":\"https:\/\/pharmadreams.shop\/index.php\/product\/isispharma-gel-nettoyant-exfoliant\/#primaryimage\"},\"thumbnailUrl\":\"https:\/\/pharmadreams.shop\/wp-content\/uploads\/2023\/12\/Sans-titre-221.png\",\"datePublished\":\"2023-12-19T18:45:00+00:00\",\"dateModified\":\"2023-12-19T18:46:15+00:00\",\"breadcrumb\":{\"@id\":\"https:\/\/pharmadreams.shop\/index.php\/product\/isispharma-gel-nettoyant-exfoliant\/#breadcrumb\"},\"inLanguage\":\"fr-FR\",\"potentialAction\":[{\"@type\":\"ReadAction\",\"target\":[\"https:\/\/pharmadreams.shop\/index.php\/product\/isispharma-gel-nettoyant-exfoliant\/\"]}]},{\"@type\":\"ImageObject\",\"inLanguage\":\"fr-FR\",\"@id\":\"https:\/\/pharmadreams.shop\/index.php\/product\/isispharma-gel-nettoyant-exfoliant\/#primaryimage\",\"url\":\"https:\/\/pharmadreams.shop\/wp-content\/uploads\/2023\/12\/Sans-titre-221.png\",\"contentUrl\":\"https:\/\/pharmadreams.shop\/wp-content\/uploads\/2023\/12\/Sans-titre-221.png\",\"width\":1256,\"height\":1168},{\"@type\":\"BreadcrumbList\",\"@id\":\"https:\/\/pharmadreams.shop\/index.php\/product\/isispharma-gel-nettoyant-exfoliant\/#breadcrumb\",\"itemListElement\":[{\"@type\":\"ListItem\",\"position\":1,\"name\":\"Accueil\",\"item\":\"https:\/\/pharmadreams.shop\/\"},{\"@type\":\"ListItem\",\"position\":2,\"name\":\"Shop\",\"item\":\"https:\/\/pharmadreams.shop\/index.php\/shop\/\"},{\"@type\":\"ListItem\",\"position\":3,\"name\":\"Isispharma gel nettoyant exfoliant\"}]},{\"@type\":\"WebSite\",\"@id\":\"https:\/\/pharmadreams.shop\/#website\",\"url\":\"https:\/\/pharmadreams.shop\/\",\"name\":\"pharmadreams\",\"description\":\"Parapharmacie en ligne\",\"potentialAction\":[{\"@type\":\"SearchAction\",\"target\":{\"@type\":\"EntryPoint\",\"urlTemplate\":\"https:\/\/pharmadreams.shop\/?s={search_term_string}\"},\"query-input\":\"required name=search_term_string\"}],\"inLanguage\":\"fr-FR\"}]}<\/script>\n<!-- \/ Yoast SEO plugin. -->","yoast_head_json":{"title":"Isispharma gel nettoyant exfoliant - pharmadreams","robots":{"index":"index","follow":"follow","max-snippet":"max-snippet:-1","max-image-preview":"max-image-preview:large","max-video-preview":"max-video-preview:-1"},"canonical":"https:\/\/pharmadreams.shop\/index.php\/product\/isispharma-gel-nettoyant-exfoliant\/","og_locale":"fr_FR","og_type":"article","og_title":"Isispharma gel nettoyant exfoliant - pharmadreams","og_description":"Isispharma gel nettoyant permet d'avoir un teint unifi\u00e9 et \u00e9clatant. L\u2019apparition de taches brunes sur le visage peuvent rendre votre teint terne, irr\u00e9gulier et fatigu\u00e9. Pour \u00e9viter cela, il est important de nettoyer votre peau avec un soin d'hygi\u00e8ne adapt\u00e9. Le gel nettoyant et exfoliant de la gamme NEOTONE nettoie la peau en profondeur pour retrouver un teint unifi\u00e9 et apporte une sensation de fra\u00eecheur au quotidien. Il est enrichi en 5 actifs puissants aux propri\u00e9t\u00e9s exfoliantes et \u00e9claircissantes pour contribuer \u00e0 r\u00e9duire les taches, et am\u00e9liorer l\u2019homog\u00e9n\u00e9it\u00e9 du teint","og_url":"https:\/\/pharmadreams.shop\/index.php\/product\/isispharma-gel-nettoyant-exfoliant\/","og_site_name":"pharmadreams","article_modified_time":"2023-12-19T18:46:15+00:00","og_image":[{"width":1256,"height":1168,"url":"https:\/\/pharmadreams.shop\/wp-content\/uploads\/2023\/12\/Sans-titre-221.png","type":"image\/png"}],"twitter_card":"summary_large_image","schema":{"@context":"https:\/\/schema.org","@graph":[{"@type":"WebPage","@id":"https:\/\/pharmadreams.shop\/index.php\/product\/isispharma-gel-nettoyant-exfoliant\/","url":"https:\/\/pharmadreams.shop\/index.php\/product\/isispharma-gel-nettoyant-exfoliant\/","name":"Isispharma gel nettoyant exfoliant - pharmadreams","isPartOf":{"@id":"https:\/\/pharmadreams.shop\/#website"},"primaryImageOfPage":{"@id":"https:\/\/pharmadreams.shop\/index.php\/product\/isispharma-gel-nettoyant-exfoliant\/#primaryimage"},"image":{"@id":"https:\/\/pharmadreams.shop\/index.php\/product\/isispharma-gel-nettoyant-exfoliant\/#primaryimage"},"thumbnailUrl":"https:\/\/pharmadreams.shop\/wp-content\/uploads\/2023\/12\/Sans-titre-221.png","datePublished":"2023-12-19T18:45:00+00:00","dateModified":"2023-12-19T18:46:15+00:00","breadcrumb":{"@id":"https:\/\/pharmadreams.shop\/index.php\/product\/isispharma-gel-nettoyant-exfoliant\/#breadcrumb"},"inLanguage":"fr-FR","potentialAction":[{"@type":"ReadAction","target":["https:\/\/pharmadreams.shop\/index.php\/product\/isispharma-gel-nettoyant-exfoliant\/"]}]},{"@type":"ImageObject","inLanguage":"fr-FR","@id":"https:\/\/pharmadreams.shop\/index.php\/product\/isispharma-gel-nettoyant-exfoliant\/#primaryimage","url":"https:\/\/pharmadreams.shop\/wp-content\/uploads\/2023\/12\/Sans-titre-221.png","contentUrl":"https:\/\/pharmadreams.shop\/wp-content\/uploads\/2023\/12\/Sans-titre-221.png","width":1256,"height":1168},{"@type":"BreadcrumbList","@id":"https:\/\/pharmadreams.shop\/index.php\/product\/isispharma-gel-nettoyant-exfoliant\/#breadcrumb","itemListElement":[{"@type":"ListItem","position":1,"name":"Accueil","item":"https:\/\/pharmadreams.shop\/"},{"@type":"ListItem","position":2,"name":"Shop","item":"https:\/\/pharmadreams.shop\/index.php\/shop\/"},{"@type":"ListItem","position":3,"name":"Isispharma gel nettoyant exfoliant"}]},{"@type":"WebSite","@id":"https:\/\/pharmadreams.shop\/#website","url":"https:\/\/pharmadreams.shop\/","name":"pharmadreams","description":"Parapharmacie en ligne","potentialAction":[{"@type":"SearchAction","target":{"@type":"EntryPoint","urlTemplate":"https:\/\/pharmadreams.shop\/?s={search_term_string}"},"query-input":"required name=search_term_string"}],"inLanguage":"fr-FR"}]}},"_links":{"self":[{"href":"https:\/\/pharmadreams.shop\/index.php\/wp-json\/wp\/v2\/product\/17364","targetHints":{"allow":["GET"]}}],"collection":[{"href":"https:\/\/pharmadreams.shop\/index.php\/wp-json\/wp\/v2\/product"}],"about":[{"href":"https:\/\/pharmadreams.shop\/index.php\/wp-json\/wp\/v2\/types\/product"}],"replies":[{"embeddable":true,"href":"https:\/\/pharmadreams.shop\/index.php\/wp-json\/wp\/v2\/comments?post=17364"}],"version-history":[{"count":0,"href":"https:\/\/pharmadreams.shop\/index.php\/wp-json\/wp\/v2\/product\/17364\/revisions"}],"wp:featuredmedia":[{"embeddable":true,"href":"https:\/\/pharmadreams.shop\/index.php\/wp-json\/wp\/v2\/media\/17447"}],"wp:attachment":[{"href":"https:\/\/pharmadreams.shop\/index.php\/wp-json\/wp\/v2\/media?parent=17364"}],"wp:term":[{"taxonomy":"product_brand","embeddable":true,"href":"https:\/\/pharmadreams.shop\/index.php\/wp-json\/wp\/v2\/product_brand?post=17364"},{"taxonomy":"product_cat","embeddable":true,"href":"https:\/\/pharmadreams.shop\/index.php\/wp-json\/wp\/v2\/product_cat?post=17364"},{"taxonomy":"product_tag","embeddable":true,"href":"https:\/\/pharmadreams.shop\/index.php\/wp-json\/wp\/v2\/product_tag?post=17364"}],"curies":[{"name":"wp","href":"https:\/\/api.w.org\/{rel}","templated":true}]}}