{"id":17365,"date":"2023-12-19T19:45:00","date_gmt":"2023-12-19T18:45:00","guid":{"rendered":"https:\/\/venuspara.com\/?post_type=product&#038;p=17365"},"modified":"2024-05-03T15:14:35","modified_gmt":"2024-05-03T14:14:35","slug":"pharmaceris-t-zone-oily-skin","status":"publish","type":"product","link":"https:\/\/pharmadreams.shop\/index.php\/product\/pharmaceris-t-zone-oily-skin\/","title":{"rendered":"Pharmaceris t zone oily skin"},"content":{"rendered":"","protected":false},"excerpt":{"rendered":"<ul>\n<li>Le produit de nettoyage de la peau Pharmaceris T-Zone Oily Skin Puri-Sebogel est un choix parfait pour le soin quotidien de la peau.<\/li>\n<li>Le produit :<\/li>\n<\/ul>\n<ul>\n<li>lave la peau du visage en douceur et profondeur<\/li>\n<li>r\u00e9gule la formation de s\u00e9bum cutan\u00e9<\/li>\n<li>prend soin de la peau probl\u00e9matique<\/li>\n<li>rend la peau plus mate<\/li>\n<\/ul>\n","protected":false},"featured_media":17449,"comment_status":"open","ping_status":"closed","template":"","meta":[],"product_brand":[],"product_cat":[83],"product_tag":[],"class_list":{"0":"post-17365","1":"product","2":"type-product","3":"status-publish","4":"has-post-thumbnail","6":"product_cat-uncategorized","8":"first","9":"instock","10":"shipping-taxable","11":"purchasable","12":"product-type-simple"},"yoast_head":"<!-- This site is optimized with the Yoast SEO plugin v23.0 - https:\/\/yoast.com\/wordpress\/plugins\/seo\/ -->\n<title>Pharmaceris t zone oily skin - pharmadreams<\/title>\n<meta name=\"robots\" content=\"index, follow, max-snippet:-1, max-image-preview:large, max-video-preview:-1\" \/>\n<link rel=\"canonical\" href=\"https:\/\/pharmadreams.shop\/index.php\/product\/pharmaceris-t-zone-oily-skin\/\" \/>\n<meta property=\"og:locale\" content=\"fr_FR\" \/>\n<meta property=\"og:type\" content=\"article\" \/>\n<meta property=\"og:title\" content=\"Pharmaceris t zone oily skin - pharmadreams\" \/>\n<meta property=\"og:description\" content=\"Le produit de nettoyage de la peau Pharmaceris T-Zone Oily Skin Puri-Sebogel est un choix parfait pour le soin quotidien de la peau.  Le produit :    lave la peau du visage en douceur et profondeur  r\u00e9gule la formation de s\u00e9bum cutan\u00e9  prend soin de la peau probl\u00e9matique  rend la peau plus mate\" \/>\n<meta property=\"og:url\" content=\"https:\/\/pharmadreams.shop\/index.php\/product\/pharmaceris-t-zone-oily-skin\/\" \/>\n<meta property=\"og:site_name\" content=\"pharmadreams\" \/>\n<meta property=\"article:modified_time\" content=\"2024-05-03T14:14:35+00:00\" \/>\n<meta property=\"og:image\" content=\"https:\/\/pharmadreams.shop\/wp-content\/uploads\/2023\/12\/Sans-titre-222.png\" \/>\n\t<meta property=\"og:image:width\" content=\"1232\" \/>\n\t<meta property=\"og:image:height\" content=\"1352\" \/>\n\t<meta property=\"og:image:type\" content=\"image\/png\" \/>\n<meta name=\"twitter:card\" content=\"summary_large_image\" \/>\n<script type=\"application\/ld+json\" class=\"yoast-schema-graph\">{\"@context\":\"https:\/\/schema.org\",\"@graph\":[{\"@type\":\"WebPage\",\"@id\":\"https:\/\/pharmadreams.shop\/index.php\/product\/pharmaceris-t-zone-oily-skin\/\",\"url\":\"https:\/\/pharmadreams.shop\/index.php\/product\/pharmaceris-t-zone-oily-skin\/\",\"name\":\"Pharmaceris t zone oily skin - pharmadreams\",\"isPartOf\":{\"@id\":\"https:\/\/pharmadreams.shop\/#website\"},\"primaryImageOfPage\":{\"@id\":\"https:\/\/pharmadreams.shop\/index.php\/product\/pharmaceris-t-zone-oily-skin\/#primaryimage\"},\"image\":{\"@id\":\"https:\/\/pharmadreams.shop\/index.php\/product\/pharmaceris-t-zone-oily-skin\/#primaryimage\"},\"thumbnailUrl\":\"https:\/\/pharmadreams.shop\/wp-content\/uploads\/2023\/12\/Sans-titre-222.png\",\"datePublished\":\"2023-12-19T18:45:00+00:00\",\"dateModified\":\"2024-05-03T14:14:35+00:00\",\"breadcrumb\":{\"@id\":\"https:\/\/pharmadreams.shop\/index.php\/product\/pharmaceris-t-zone-oily-skin\/#breadcrumb\"},\"inLanguage\":\"fr-FR\",\"potentialAction\":[{\"@type\":\"ReadAction\",\"target\":[\"https:\/\/pharmadreams.shop\/index.php\/product\/pharmaceris-t-zone-oily-skin\/\"]}]},{\"@type\":\"ImageObject\",\"inLanguage\":\"fr-FR\",\"@id\":\"https:\/\/pharmadreams.shop\/index.php\/product\/pharmaceris-t-zone-oily-skin\/#primaryimage\",\"url\":\"https:\/\/pharmadreams.shop\/wp-content\/uploads\/2023\/12\/Sans-titre-222.png\",\"contentUrl\":\"https:\/\/pharmadreams.shop\/wp-content\/uploads\/2023\/12\/Sans-titre-222.png\",\"width\":1232,\"height\":1352},{\"@type\":\"BreadcrumbList\",\"@id\":\"https:\/\/pharmadreams.shop\/index.php\/product\/pharmaceris-t-zone-oily-skin\/#breadcrumb\",\"itemListElement\":[{\"@type\":\"ListItem\",\"position\":1,\"name\":\"Accueil\",\"item\":\"https:\/\/pharmadreams.shop\/\"},{\"@type\":\"ListItem\",\"position\":2,\"name\":\"Shop\",\"item\":\"https:\/\/pharmadreams.shop\/index.php\/shop\/\"},{\"@type\":\"ListItem\",\"position\":3,\"name\":\"Pharmaceris t zone oily skin\"}]},{\"@type\":\"WebSite\",\"@id\":\"https:\/\/pharmadreams.shop\/#website\",\"url\":\"https:\/\/pharmadreams.shop\/\",\"name\":\"pharmadreams\",\"description\":\"Parapharmacie en ligne\",\"potentialAction\":[{\"@type\":\"SearchAction\",\"target\":{\"@type\":\"EntryPoint\",\"urlTemplate\":\"https:\/\/pharmadreams.shop\/?s={search_term_string}\"},\"query-input\":\"required name=search_term_string\"}],\"inLanguage\":\"fr-FR\"}]}<\/script>\n<!-- \/ Yoast SEO plugin. -->","yoast_head_json":{"title":"Pharmaceris t zone oily skin - pharmadreams","robots":{"index":"index","follow":"follow","max-snippet":"max-snippet:-1","max-image-preview":"max-image-preview:large","max-video-preview":"max-video-preview:-1"},"canonical":"https:\/\/pharmadreams.shop\/index.php\/product\/pharmaceris-t-zone-oily-skin\/","og_locale":"fr_FR","og_type":"article","og_title":"Pharmaceris t zone oily skin - pharmadreams","og_description":"Le produit de nettoyage de la peau Pharmaceris T-Zone Oily Skin Puri-Sebogel est un choix parfait pour le soin quotidien de la peau.  Le produit :    lave la peau du visage en douceur et profondeur  r\u00e9gule la formation de s\u00e9bum cutan\u00e9  prend soin de la peau probl\u00e9matique  rend la peau plus mate","og_url":"https:\/\/pharmadreams.shop\/index.php\/product\/pharmaceris-t-zone-oily-skin\/","og_site_name":"pharmadreams","article_modified_time":"2024-05-03T14:14:35+00:00","og_image":[{"width":1232,"height":1352,"url":"https:\/\/pharmadreams.shop\/wp-content\/uploads\/2023\/12\/Sans-titre-222.png","type":"image\/png"}],"twitter_card":"summary_large_image","schema":{"@context":"https:\/\/schema.org","@graph":[{"@type":"WebPage","@id":"https:\/\/pharmadreams.shop\/index.php\/product\/pharmaceris-t-zone-oily-skin\/","url":"https:\/\/pharmadreams.shop\/index.php\/product\/pharmaceris-t-zone-oily-skin\/","name":"Pharmaceris t zone oily skin - pharmadreams","isPartOf":{"@id":"https:\/\/pharmadreams.shop\/#website"},"primaryImageOfPage":{"@id":"https:\/\/pharmadreams.shop\/index.php\/product\/pharmaceris-t-zone-oily-skin\/#primaryimage"},"image":{"@id":"https:\/\/pharmadreams.shop\/index.php\/product\/pharmaceris-t-zone-oily-skin\/#primaryimage"},"thumbnailUrl":"https:\/\/pharmadreams.shop\/wp-content\/uploads\/2023\/12\/Sans-titre-222.png","datePublished":"2023-12-19T18:45:00+00:00","dateModified":"2024-05-03T14:14:35+00:00","breadcrumb":{"@id":"https:\/\/pharmadreams.shop\/index.php\/product\/pharmaceris-t-zone-oily-skin\/#breadcrumb"},"inLanguage":"fr-FR","potentialAction":[{"@type":"ReadAction","target":["https:\/\/pharmadreams.shop\/index.php\/product\/pharmaceris-t-zone-oily-skin\/"]}]},{"@type":"ImageObject","inLanguage":"fr-FR","@id":"https:\/\/pharmadreams.shop\/index.php\/product\/pharmaceris-t-zone-oily-skin\/#primaryimage","url":"https:\/\/pharmadreams.shop\/wp-content\/uploads\/2023\/12\/Sans-titre-222.png","contentUrl":"https:\/\/pharmadreams.shop\/wp-content\/uploads\/2023\/12\/Sans-titre-222.png","width":1232,"height":1352},{"@type":"BreadcrumbList","@id":"https:\/\/pharmadreams.shop\/index.php\/product\/pharmaceris-t-zone-oily-skin\/#breadcrumb","itemListElement":[{"@type":"ListItem","position":1,"name":"Accueil","item":"https:\/\/pharmadreams.shop\/"},{"@type":"ListItem","position":2,"name":"Shop","item":"https:\/\/pharmadreams.shop\/index.php\/shop\/"},{"@type":"ListItem","position":3,"name":"Pharmaceris t zone oily skin"}]},{"@type":"WebSite","@id":"https:\/\/pharmadreams.shop\/#website","url":"https:\/\/pharmadreams.shop\/","name":"pharmadreams","description":"Parapharmacie en ligne","potentialAction":[{"@type":"SearchAction","target":{"@type":"EntryPoint","urlTemplate":"https:\/\/pharmadreams.shop\/?s={search_term_string}"},"query-input":"required name=search_term_string"}],"inLanguage":"fr-FR"}]}},"_links":{"self":[{"href":"https:\/\/pharmadreams.shop\/index.php\/wp-json\/wp\/v2\/product\/17365","targetHints":{"allow":["GET"]}}],"collection":[{"href":"https:\/\/pharmadreams.shop\/index.php\/wp-json\/wp\/v2\/product"}],"about":[{"href":"https:\/\/pharmadreams.shop\/index.php\/wp-json\/wp\/v2\/types\/product"}],"replies":[{"embeddable":true,"href":"https:\/\/pharmadreams.shop\/index.php\/wp-json\/wp\/v2\/comments?post=17365"}],"version-history":[{"count":0,"href":"https:\/\/pharmadreams.shop\/index.php\/wp-json\/wp\/v2\/product\/17365\/revisions"}],"wp:featuredmedia":[{"embeddable":true,"href":"https:\/\/pharmadreams.shop\/index.php\/wp-json\/wp\/v2\/media\/17449"}],"wp:attachment":[{"href":"https:\/\/pharmadreams.shop\/index.php\/wp-json\/wp\/v2\/media?parent=17365"}],"wp:term":[{"taxonomy":"product_brand","embeddable":true,"href":"https:\/\/pharmadreams.shop\/index.php\/wp-json\/wp\/v2\/product_brand?post=17365"},{"taxonomy":"product_cat","embeddable":true,"href":"https:\/\/pharmadreams.shop\/index.php\/wp-json\/wp\/v2\/product_cat?post=17365"},{"taxonomy":"product_tag","embeddable":true,"href":"https:\/\/pharmadreams.shop\/index.php\/wp-json\/wp\/v2\/product_tag?post=17365"}],"curies":[{"name":"wp","href":"https:\/\/api.w.org\/{rel}","templated":true}]}}