{"id":17382,"date":"2023-12-19T19:45:23","date_gmt":"2023-12-19T18:45:23","guid":{"rendered":"https:\/\/venuspara.com\/?post_type=product&#038;p=17382"},"modified":"2023-12-19T19:46:25","modified_gmt":"2023-12-19T18:46:25","slug":"hydra-24h-spf20","status":"publish","type":"product","link":"https:\/\/pharmadreams.shop\/index.php\/product\/hydra-24h-spf20\/","title":{"rendered":"Hydra 24h spf20"},"content":{"rendered":"","protected":false},"excerpt":{"rendered":"<div id=\"product-description-short-9627\" class=\"product-description-short-detail\">\n<p>HYDRA 24, Cr\u00e8me l\u00e9g\u00e8re Hydrate la peau pendant 24 heures (MOIST 24), de la surface vers la profondeur (HYDRAPROTECTOL), apaise et am\u00e9liore le confort des peaux sensibles (PACIFEEL) et prot\u00e8ge contre les UV (SPF 20). La texture fine, non grasse et fraiche laisse la peau infiniment confortable, douce et visiblement radieuse.<\/p>\n<\/div>\n","protected":false},"featured_media":17459,"comment_status":"open","ping_status":"closed","template":"","meta":[],"product_brand":[],"product_cat":[85,104],"product_tag":[],"class_list":{"0":"post-17382","1":"product","2":"type-product","3":"status-publish","4":"has-post-thumbnail","6":"product_cat-hydratation-et-nutrition","7":"product_cat-protection","9":"first","10":"instock","11":"shipping-taxable","12":"purchasable","13":"product-type-simple"},"yoast_head":"<!-- This site is optimized with the Yoast SEO plugin v23.0 - https:\/\/yoast.com\/wordpress\/plugins\/seo\/ -->\n<title>Hydra 24h spf20 - pharmadreams<\/title>\n<meta name=\"robots\" content=\"index, follow, max-snippet:-1, max-image-preview:large, max-video-preview:-1\" \/>\n<link rel=\"canonical\" href=\"https:\/\/pharmadreams.shop\/index.php\/product\/hydra-24h-spf20\/\" \/>\n<meta property=\"og:locale\" content=\"fr_FR\" \/>\n<meta property=\"og:type\" content=\"article\" \/>\n<meta property=\"og:title\" content=\"Hydra 24h spf20 - pharmadreams\" \/>\n<meta property=\"og:description\" content=\"HYDRA 24, Cr\u00e8me l\u00e9g\u00e8re Hydrate la peau pendant 24 heures (MOIST 24), de la surface vers la profondeur (HYDRAPROTECTOL), apaise et am\u00e9liore le confort des peaux sensibles (PACIFEEL) et prot\u00e8ge contre les UV (SPF 20). La texture fine, non grasse et fraiche laisse la peau infiniment confortable, douce et visiblement radieuse.\" \/>\n<meta property=\"og:url\" content=\"https:\/\/pharmadreams.shop\/index.php\/product\/hydra-24h-spf20\/\" \/>\n<meta property=\"og:site_name\" content=\"pharmadreams\" \/>\n<meta property=\"article:modified_time\" content=\"2023-12-19T18:46:25+00:00\" \/>\n<meta property=\"og:image\" content=\"https:\/\/pharmadreams.shop\/wp-content\/uploads\/2023\/12\/Sans-titre-227.png\" \/>\n\t<meta property=\"og:image:width\" content=\"1008\" \/>\n\t<meta property=\"og:image:height\" content=\"936\" \/>\n\t<meta property=\"og:image:type\" content=\"image\/png\" \/>\n<meta name=\"twitter:card\" content=\"summary_large_image\" \/>\n<script type=\"application\/ld+json\" class=\"yoast-schema-graph\">{\"@context\":\"https:\/\/schema.org\",\"@graph\":[{\"@type\":\"WebPage\",\"@id\":\"https:\/\/pharmadreams.shop\/index.php\/product\/hydra-24h-spf20\/\",\"url\":\"https:\/\/pharmadreams.shop\/index.php\/product\/hydra-24h-spf20\/\",\"name\":\"Hydra 24h spf20 - pharmadreams\",\"isPartOf\":{\"@id\":\"https:\/\/pharmadreams.shop\/#website\"},\"primaryImageOfPage\":{\"@id\":\"https:\/\/pharmadreams.shop\/index.php\/product\/hydra-24h-spf20\/#primaryimage\"},\"image\":{\"@id\":\"https:\/\/pharmadreams.shop\/index.php\/product\/hydra-24h-spf20\/#primaryimage\"},\"thumbnailUrl\":\"https:\/\/pharmadreams.shop\/wp-content\/uploads\/2023\/12\/Sans-titre-227.png\",\"datePublished\":\"2023-12-19T18:45:23+00:00\",\"dateModified\":\"2023-12-19T18:46:25+00:00\",\"breadcrumb\":{\"@id\":\"https:\/\/pharmadreams.shop\/index.php\/product\/hydra-24h-spf20\/#breadcrumb\"},\"inLanguage\":\"fr-FR\",\"potentialAction\":[{\"@type\":\"ReadAction\",\"target\":[\"https:\/\/pharmadreams.shop\/index.php\/product\/hydra-24h-spf20\/\"]}]},{\"@type\":\"ImageObject\",\"inLanguage\":\"fr-FR\",\"@id\":\"https:\/\/pharmadreams.shop\/index.php\/product\/hydra-24h-spf20\/#primaryimage\",\"url\":\"https:\/\/pharmadreams.shop\/wp-content\/uploads\/2023\/12\/Sans-titre-227.png\",\"contentUrl\":\"https:\/\/pharmadreams.shop\/wp-content\/uploads\/2023\/12\/Sans-titre-227.png\",\"width\":1008,\"height\":936},{\"@type\":\"BreadcrumbList\",\"@id\":\"https:\/\/pharmadreams.shop\/index.php\/product\/hydra-24h-spf20\/#breadcrumb\",\"itemListElement\":[{\"@type\":\"ListItem\",\"position\":1,\"name\":\"Accueil\",\"item\":\"https:\/\/pharmadreams.shop\/\"},{\"@type\":\"ListItem\",\"position\":2,\"name\":\"Shop\",\"item\":\"https:\/\/pharmadreams.shop\/index.php\/shop\/\"},{\"@type\":\"ListItem\",\"position\":3,\"name\":\"Hydra 24h spf20\"}]},{\"@type\":\"WebSite\",\"@id\":\"https:\/\/pharmadreams.shop\/#website\",\"url\":\"https:\/\/pharmadreams.shop\/\",\"name\":\"pharmadreams\",\"description\":\"Parapharmacie en ligne\",\"potentialAction\":[{\"@type\":\"SearchAction\",\"target\":{\"@type\":\"EntryPoint\",\"urlTemplate\":\"https:\/\/pharmadreams.shop\/?s={search_term_string}\"},\"query-input\":\"required name=search_term_string\"}],\"inLanguage\":\"fr-FR\"}]}<\/script>\n<!-- \/ Yoast SEO plugin. -->","yoast_head_json":{"title":"Hydra 24h spf20 - pharmadreams","robots":{"index":"index","follow":"follow","max-snippet":"max-snippet:-1","max-image-preview":"max-image-preview:large","max-video-preview":"max-video-preview:-1"},"canonical":"https:\/\/pharmadreams.shop\/index.php\/product\/hydra-24h-spf20\/","og_locale":"fr_FR","og_type":"article","og_title":"Hydra 24h spf20 - pharmadreams","og_description":"HYDRA 24, Cr\u00e8me l\u00e9g\u00e8re Hydrate la peau pendant 24 heures (MOIST 24), de la surface vers la profondeur (HYDRAPROTECTOL), apaise et am\u00e9liore le confort des peaux sensibles (PACIFEEL) et prot\u00e8ge contre les UV (SPF 20). La texture fine, non grasse et fraiche laisse la peau infiniment confortable, douce et visiblement radieuse.","og_url":"https:\/\/pharmadreams.shop\/index.php\/product\/hydra-24h-spf20\/","og_site_name":"pharmadreams","article_modified_time":"2023-12-19T18:46:25+00:00","og_image":[{"width":1008,"height":936,"url":"https:\/\/pharmadreams.shop\/wp-content\/uploads\/2023\/12\/Sans-titre-227.png","type":"image\/png"}],"twitter_card":"summary_large_image","schema":{"@context":"https:\/\/schema.org","@graph":[{"@type":"WebPage","@id":"https:\/\/pharmadreams.shop\/index.php\/product\/hydra-24h-spf20\/","url":"https:\/\/pharmadreams.shop\/index.php\/product\/hydra-24h-spf20\/","name":"Hydra 24h spf20 - pharmadreams","isPartOf":{"@id":"https:\/\/pharmadreams.shop\/#website"},"primaryImageOfPage":{"@id":"https:\/\/pharmadreams.shop\/index.php\/product\/hydra-24h-spf20\/#primaryimage"},"image":{"@id":"https:\/\/pharmadreams.shop\/index.php\/product\/hydra-24h-spf20\/#primaryimage"},"thumbnailUrl":"https:\/\/pharmadreams.shop\/wp-content\/uploads\/2023\/12\/Sans-titre-227.png","datePublished":"2023-12-19T18:45:23+00:00","dateModified":"2023-12-19T18:46:25+00:00","breadcrumb":{"@id":"https:\/\/pharmadreams.shop\/index.php\/product\/hydra-24h-spf20\/#breadcrumb"},"inLanguage":"fr-FR","potentialAction":[{"@type":"ReadAction","target":["https:\/\/pharmadreams.shop\/index.php\/product\/hydra-24h-spf20\/"]}]},{"@type":"ImageObject","inLanguage":"fr-FR","@id":"https:\/\/pharmadreams.shop\/index.php\/product\/hydra-24h-spf20\/#primaryimage","url":"https:\/\/pharmadreams.shop\/wp-content\/uploads\/2023\/12\/Sans-titre-227.png","contentUrl":"https:\/\/pharmadreams.shop\/wp-content\/uploads\/2023\/12\/Sans-titre-227.png","width":1008,"height":936},{"@type":"BreadcrumbList","@id":"https:\/\/pharmadreams.shop\/index.php\/product\/hydra-24h-spf20\/#breadcrumb","itemListElement":[{"@type":"ListItem","position":1,"name":"Accueil","item":"https:\/\/pharmadreams.shop\/"},{"@type":"ListItem","position":2,"name":"Shop","item":"https:\/\/pharmadreams.shop\/index.php\/shop\/"},{"@type":"ListItem","position":3,"name":"Hydra 24h spf20"}]},{"@type":"WebSite","@id":"https:\/\/pharmadreams.shop\/#website","url":"https:\/\/pharmadreams.shop\/","name":"pharmadreams","description":"Parapharmacie en ligne","potentialAction":[{"@type":"SearchAction","target":{"@type":"EntryPoint","urlTemplate":"https:\/\/pharmadreams.shop\/?s={search_term_string}"},"query-input":"required name=search_term_string"}],"inLanguage":"fr-FR"}]}},"_links":{"self":[{"href":"https:\/\/pharmadreams.shop\/index.php\/wp-json\/wp\/v2\/product\/17382","targetHints":{"allow":["GET"]}}],"collection":[{"href":"https:\/\/pharmadreams.shop\/index.php\/wp-json\/wp\/v2\/product"}],"about":[{"href":"https:\/\/pharmadreams.shop\/index.php\/wp-json\/wp\/v2\/types\/product"}],"replies":[{"embeddable":true,"href":"https:\/\/pharmadreams.shop\/index.php\/wp-json\/wp\/v2\/comments?post=17382"}],"version-history":[{"count":0,"href":"https:\/\/pharmadreams.shop\/index.php\/wp-json\/wp\/v2\/product\/17382\/revisions"}],"wp:featuredmedia":[{"embeddable":true,"href":"https:\/\/pharmadreams.shop\/index.php\/wp-json\/wp\/v2\/media\/17459"}],"wp:attachment":[{"href":"https:\/\/pharmadreams.shop\/index.php\/wp-json\/wp\/v2\/media?parent=17382"}],"wp:term":[{"taxonomy":"product_brand","embeddable":true,"href":"https:\/\/pharmadreams.shop\/index.php\/wp-json\/wp\/v2\/product_brand?post=17382"},{"taxonomy":"product_cat","embeddable":true,"href":"https:\/\/pharmadreams.shop\/index.php\/wp-json\/wp\/v2\/product_cat?post=17382"},{"taxonomy":"product_tag","embeddable":true,"href":"https:\/\/pharmadreams.shop\/index.php\/wp-json\/wp\/v2\/product_tag?post=17382"}],"curies":[{"name":"wp","href":"https:\/\/api.w.org\/{rel}","templated":true}]}}