{"id":17404,"date":"2023-12-19T19:45:44","date_gmt":"2023-12-19T18:45:44","guid":{"rendered":"https:\/\/venuspara.com\/?post_type=product&#038;p=17404"},"modified":"2023-12-19T19:46:31","modified_gmt":"2023-12-19T18:46:31","slug":"aleonat-appetinat-boite-30","status":"publish","type":"product","link":"https:\/\/pharmadreams.shop\/index.php\/product\/aleonat-appetinat-boite-30\/","title":{"rendered":"Aleonat appetinat boite 30"},"content":{"rendered":"","protected":false},"excerpt":{"rendered":"<ul>\n<li><strong>FENUGREC<\/strong><\/li>\n<li>Riche en fer et en prot\u00e9ines, il est \u00e9galement anabolisant et participe \u00e0 accroitre les performances physiques.<\/li>\n<li><strong>GENTIANE<\/strong><\/li>\n<li>Aide \u00e0 stimuler les secr\u00e9tions biliaires.\u00a0<strong>LA GENTIANE<\/strong>\u00a0am\u00e9liore la digestion et stimule l\u2019app\u00e9tit.<\/li>\n<li><strong>GINGEMBRE<\/strong><\/li>\n<li>Stimule la digestion en augmentant les s\u00e9cr\u00e9tions salivaires et en stimulant le p\u00e9ristaltisme intestinal.<\/li>\n<li><strong>ANG\u00c9LIQUE<\/strong><\/li>\n<li>Lutte contre la fatigue et l\u2019asth\u00e9nie. L\u2019Ang\u00e9lique aide \u00e0 stimuler l\u2019app\u00e9tit par ses propri\u00e9t\u00e9s\u00a0antispasmodiques et cholagogues.<\/li>\n<li><strong>C<\/strong><strong>URCUMA<\/strong><\/li>\n<li>Augmente la s\u00e9cr\u00e9tion biliaire, facilite la digestion et stimule l\u2019app\u00e9tit.<\/li>\n<\/ul>\n","protected":false},"featured_media":17467,"comment_status":"open","ping_status":"closed","template":"","meta":[],"product_brand":[],"product_cat":[32],"product_tag":[],"class_list":{"0":"post-17404","1":"product","2":"type-product","3":"status-publish","4":"has-post-thumbnail","6":"product_cat-complements-alimentaires","8":"first","9":"instock","10":"shipping-taxable","11":"purchasable","12":"product-type-simple"},"yoast_head":"<!-- This site is optimized with the Yoast SEO plugin v23.0 - https:\/\/yoast.com\/wordpress\/plugins\/seo\/ -->\n<title>Aleonat appetinat boite 30 - pharmadreams<\/title>\n<meta name=\"robots\" content=\"index, follow, max-snippet:-1, max-image-preview:large, max-video-preview:-1\" \/>\n<link rel=\"canonical\" href=\"https:\/\/pharmadreams.shop\/index.php\/product\/aleonat-appetinat-boite-30\/\" \/>\n<meta property=\"og:locale\" content=\"fr_FR\" \/>\n<meta property=\"og:type\" content=\"article\" \/>\n<meta property=\"og:title\" content=\"Aleonat appetinat boite 30 - pharmadreams\" \/>\n<meta property=\"og:description\" content=\"FENUGREC  Riche en fer et en prot\u00e9ines, il est \u00e9galement anabolisant et participe \u00e0 accroitre les performances physiques.  GENTIANE  Aide \u00e0 stimuler les secr\u00e9tions biliaires.\u00a0LA GENTIANE\u00a0am\u00e9liore la digestion et stimule l\u2019app\u00e9tit.  GINGEMBRE  Stimule la digestion en augmentant les s\u00e9cr\u00e9tions salivaires et en stimulant le p\u00e9ristaltisme intestinal.  ANG\u00c9LIQUE  Lutte contre la fatigue et l\u2019asth\u00e9nie. L\u2019Ang\u00e9lique aide \u00e0 stimuler l\u2019app\u00e9tit par ses propri\u00e9t\u00e9s\u00a0antispasmodiques et cholagogues.  CURCUMA  Augmente la s\u00e9cr\u00e9tion biliaire, facilite la digestion et stimule l\u2019app\u00e9tit.\" \/>\n<meta property=\"og:url\" content=\"https:\/\/pharmadreams.shop\/index.php\/product\/aleonat-appetinat-boite-30\/\" \/>\n<meta property=\"og:site_name\" content=\"pharmadreams\" \/>\n<meta property=\"article:modified_time\" content=\"2023-12-19T18:46:31+00:00\" \/>\n<meta property=\"og:image\" content=\"https:\/\/pharmadreams.shop\/wp-content\/uploads\/2023\/12\/Sans-titre-231.png\" \/>\n\t<meta property=\"og:image:width\" content=\"784\" \/>\n\t<meta property=\"og:image:height\" content=\"656\" \/>\n\t<meta property=\"og:image:type\" content=\"image\/png\" \/>\n<meta name=\"twitter:card\" content=\"summary_large_image\" \/>\n<script type=\"application\/ld+json\" class=\"yoast-schema-graph\">{\"@context\":\"https:\/\/schema.org\",\"@graph\":[{\"@type\":\"WebPage\",\"@id\":\"https:\/\/pharmadreams.shop\/index.php\/product\/aleonat-appetinat-boite-30\/\",\"url\":\"https:\/\/pharmadreams.shop\/index.php\/product\/aleonat-appetinat-boite-30\/\",\"name\":\"Aleonat appetinat boite 30 - pharmadreams\",\"isPartOf\":{\"@id\":\"https:\/\/pharmadreams.shop\/#website\"},\"primaryImageOfPage\":{\"@id\":\"https:\/\/pharmadreams.shop\/index.php\/product\/aleonat-appetinat-boite-30\/#primaryimage\"},\"image\":{\"@id\":\"https:\/\/pharmadreams.shop\/index.php\/product\/aleonat-appetinat-boite-30\/#primaryimage\"},\"thumbnailUrl\":\"https:\/\/pharmadreams.shop\/wp-content\/uploads\/2023\/12\/Sans-titre-231.png\",\"datePublished\":\"2023-12-19T18:45:44+00:00\",\"dateModified\":\"2023-12-19T18:46:31+00:00\",\"breadcrumb\":{\"@id\":\"https:\/\/pharmadreams.shop\/index.php\/product\/aleonat-appetinat-boite-30\/#breadcrumb\"},\"inLanguage\":\"fr-FR\",\"potentialAction\":[{\"@type\":\"ReadAction\",\"target\":[\"https:\/\/pharmadreams.shop\/index.php\/product\/aleonat-appetinat-boite-30\/\"]}]},{\"@type\":\"ImageObject\",\"inLanguage\":\"fr-FR\",\"@id\":\"https:\/\/pharmadreams.shop\/index.php\/product\/aleonat-appetinat-boite-30\/#primaryimage\",\"url\":\"https:\/\/pharmadreams.shop\/wp-content\/uploads\/2023\/12\/Sans-titre-231.png\",\"contentUrl\":\"https:\/\/pharmadreams.shop\/wp-content\/uploads\/2023\/12\/Sans-titre-231.png\",\"width\":784,\"height\":656},{\"@type\":\"BreadcrumbList\",\"@id\":\"https:\/\/pharmadreams.shop\/index.php\/product\/aleonat-appetinat-boite-30\/#breadcrumb\",\"itemListElement\":[{\"@type\":\"ListItem\",\"position\":1,\"name\":\"Accueil\",\"item\":\"https:\/\/pharmadreams.shop\/\"},{\"@type\":\"ListItem\",\"position\":2,\"name\":\"Shop\",\"item\":\"https:\/\/pharmadreams.shop\/index.php\/shop\/\"},{\"@type\":\"ListItem\",\"position\":3,\"name\":\"Aleonat appetinat boite 30\"}]},{\"@type\":\"WebSite\",\"@id\":\"https:\/\/pharmadreams.shop\/#website\",\"url\":\"https:\/\/pharmadreams.shop\/\",\"name\":\"pharmadreams\",\"description\":\"Parapharmacie en ligne\",\"potentialAction\":[{\"@type\":\"SearchAction\",\"target\":{\"@type\":\"EntryPoint\",\"urlTemplate\":\"https:\/\/pharmadreams.shop\/?s={search_term_string}\"},\"query-input\":\"required name=search_term_string\"}],\"inLanguage\":\"fr-FR\"}]}<\/script>\n<!-- \/ Yoast SEO plugin. -->","yoast_head_json":{"title":"Aleonat appetinat boite 30 - pharmadreams","robots":{"index":"index","follow":"follow","max-snippet":"max-snippet:-1","max-image-preview":"max-image-preview:large","max-video-preview":"max-video-preview:-1"},"canonical":"https:\/\/pharmadreams.shop\/index.php\/product\/aleonat-appetinat-boite-30\/","og_locale":"fr_FR","og_type":"article","og_title":"Aleonat appetinat boite 30 - pharmadreams","og_description":"FENUGREC  Riche en fer et en prot\u00e9ines, il est \u00e9galement anabolisant et participe \u00e0 accroitre les performances physiques.  GENTIANE  Aide \u00e0 stimuler les secr\u00e9tions biliaires.\u00a0LA GENTIANE\u00a0am\u00e9liore la digestion et stimule l\u2019app\u00e9tit.  GINGEMBRE  Stimule la digestion en augmentant les s\u00e9cr\u00e9tions salivaires et en stimulant le p\u00e9ristaltisme intestinal.  ANG\u00c9LIQUE  Lutte contre la fatigue et l\u2019asth\u00e9nie. L\u2019Ang\u00e9lique aide \u00e0 stimuler l\u2019app\u00e9tit par ses propri\u00e9t\u00e9s\u00a0antispasmodiques et cholagogues.  CURCUMA  Augmente la s\u00e9cr\u00e9tion biliaire, facilite la digestion et stimule l\u2019app\u00e9tit.","og_url":"https:\/\/pharmadreams.shop\/index.php\/product\/aleonat-appetinat-boite-30\/","og_site_name":"pharmadreams","article_modified_time":"2023-12-19T18:46:31+00:00","og_image":[{"width":784,"height":656,"url":"https:\/\/pharmadreams.shop\/wp-content\/uploads\/2023\/12\/Sans-titre-231.png","type":"image\/png"}],"twitter_card":"summary_large_image","schema":{"@context":"https:\/\/schema.org","@graph":[{"@type":"WebPage","@id":"https:\/\/pharmadreams.shop\/index.php\/product\/aleonat-appetinat-boite-30\/","url":"https:\/\/pharmadreams.shop\/index.php\/product\/aleonat-appetinat-boite-30\/","name":"Aleonat appetinat boite 30 - pharmadreams","isPartOf":{"@id":"https:\/\/pharmadreams.shop\/#website"},"primaryImageOfPage":{"@id":"https:\/\/pharmadreams.shop\/index.php\/product\/aleonat-appetinat-boite-30\/#primaryimage"},"image":{"@id":"https:\/\/pharmadreams.shop\/index.php\/product\/aleonat-appetinat-boite-30\/#primaryimage"},"thumbnailUrl":"https:\/\/pharmadreams.shop\/wp-content\/uploads\/2023\/12\/Sans-titre-231.png","datePublished":"2023-12-19T18:45:44+00:00","dateModified":"2023-12-19T18:46:31+00:00","breadcrumb":{"@id":"https:\/\/pharmadreams.shop\/index.php\/product\/aleonat-appetinat-boite-30\/#breadcrumb"},"inLanguage":"fr-FR","potentialAction":[{"@type":"ReadAction","target":["https:\/\/pharmadreams.shop\/index.php\/product\/aleonat-appetinat-boite-30\/"]}]},{"@type":"ImageObject","inLanguage":"fr-FR","@id":"https:\/\/pharmadreams.shop\/index.php\/product\/aleonat-appetinat-boite-30\/#primaryimage","url":"https:\/\/pharmadreams.shop\/wp-content\/uploads\/2023\/12\/Sans-titre-231.png","contentUrl":"https:\/\/pharmadreams.shop\/wp-content\/uploads\/2023\/12\/Sans-titre-231.png","width":784,"height":656},{"@type":"BreadcrumbList","@id":"https:\/\/pharmadreams.shop\/index.php\/product\/aleonat-appetinat-boite-30\/#breadcrumb","itemListElement":[{"@type":"ListItem","position":1,"name":"Accueil","item":"https:\/\/pharmadreams.shop\/"},{"@type":"ListItem","position":2,"name":"Shop","item":"https:\/\/pharmadreams.shop\/index.php\/shop\/"},{"@type":"ListItem","position":3,"name":"Aleonat appetinat boite 30"}]},{"@type":"WebSite","@id":"https:\/\/pharmadreams.shop\/#website","url":"https:\/\/pharmadreams.shop\/","name":"pharmadreams","description":"Parapharmacie en ligne","potentialAction":[{"@type":"SearchAction","target":{"@type":"EntryPoint","urlTemplate":"https:\/\/pharmadreams.shop\/?s={search_term_string}"},"query-input":"required name=search_term_string"}],"inLanguage":"fr-FR"}]}},"_links":{"self":[{"href":"https:\/\/pharmadreams.shop\/index.php\/wp-json\/wp\/v2\/product\/17404","targetHints":{"allow":["GET"]}}],"collection":[{"href":"https:\/\/pharmadreams.shop\/index.php\/wp-json\/wp\/v2\/product"}],"about":[{"href":"https:\/\/pharmadreams.shop\/index.php\/wp-json\/wp\/v2\/types\/product"}],"replies":[{"embeddable":true,"href":"https:\/\/pharmadreams.shop\/index.php\/wp-json\/wp\/v2\/comments?post=17404"}],"version-history":[{"count":0,"href":"https:\/\/pharmadreams.shop\/index.php\/wp-json\/wp\/v2\/product\/17404\/revisions"}],"wp:featuredmedia":[{"embeddable":true,"href":"https:\/\/pharmadreams.shop\/index.php\/wp-json\/wp\/v2\/media\/17467"}],"wp:attachment":[{"href":"https:\/\/pharmadreams.shop\/index.php\/wp-json\/wp\/v2\/media?parent=17404"}],"wp:term":[{"taxonomy":"product_brand","embeddable":true,"href":"https:\/\/pharmadreams.shop\/index.php\/wp-json\/wp\/v2\/product_brand?post=17404"},{"taxonomy":"product_cat","embeddable":true,"href":"https:\/\/pharmadreams.shop\/index.php\/wp-json\/wp\/v2\/product_cat?post=17404"},{"taxonomy":"product_tag","embeddable":true,"href":"https:\/\/pharmadreams.shop\/index.php\/wp-json\/wp\/v2\/product_tag?post=17404"}],"curies":[{"name":"wp","href":"https:\/\/api.w.org\/{rel}","templated":true}]}}