{"id":17405,"date":"2023-12-19T19:45:44","date_gmt":"2023-12-19T18:45:44","guid":{"rendered":"https:\/\/venuspara.com\/?post_type=product&#038;p=17405"},"modified":"2023-12-19T19:46:36","modified_gmt":"2023-12-19T18:46:36","slug":"drainacur-vinaigre-de-figue-de-barbarie","status":"publish","type":"product","link":"https:\/\/pharmadreams.shop\/index.php\/product\/drainacur-vinaigre-de-figue-de-barbarie\/","title":{"rendered":"Drainacur vinaigre de figue de barbarie"},"content":{"rendered":"","protected":false},"excerpt":{"rendered":"<p style=\"font-weight: 400;\">Aide-minceur efficace et naturel, le vinaigre de figue de barbarie stimule la perte de poids et affine la silhouette. Gr\u00e2ce \u00e0 ses propri\u00e9t\u00e9s hypoglyc\u00e9miantes, il r\u00e9gule l\u2019app\u00e9tit et aide \u00e0 lutter contre le grignotage. Il stimule la flore intestinale et am\u00e9liore la digestion, \u00e9vitant ainsi les sensations ballonnements. Sa double action de br\u00fble-graisse et draineur en fait l\u2019alli\u00e9 id\u00e9al de votre r\u00e9\u00e9quilibrage alimentaire. Sa saveur douce et fruit\u00e9e en fait un accompagnement sain, original et raffin\u00e9 pour vos salades et vos plats.<\/p>\n<p style=\"font-weight: 400;\">En cosm\u00e9tique, le vinaigre de figue de barbarie est conseill\u00e9 pour les cheveux ternes et ab\u00eem\u00e9s. Utilis\u00e9 dans le shampoing, il donne brillance, \u00e9clat et vitalit\u00e9 \u00e0 vos cheveux.<\/p>\n","protected":false},"featured_media":17469,"comment_status":"open","ping_status":"closed","template":"","meta":[],"product_brand":[],"product_cat":[32],"product_tag":[],"class_list":{"0":"post-17405","1":"product","2":"type-product","3":"status-publish","4":"has-post-thumbnail","6":"product_cat-complements-alimentaires","8":"first","9":"instock","10":"shipping-taxable","11":"purchasable","12":"product-type-simple"},"yoast_head":"<!-- This site is optimized with the Yoast SEO plugin v23.0 - https:\/\/yoast.com\/wordpress\/plugins\/seo\/ -->\n<title>Drainacur vinaigre de figue de barbarie - pharmadreams<\/title>\n<meta name=\"robots\" content=\"index, follow, max-snippet:-1, max-image-preview:large, max-video-preview:-1\" \/>\n<link rel=\"canonical\" href=\"https:\/\/pharmadreams.shop\/index.php\/product\/drainacur-vinaigre-de-figue-de-barbarie\/\" \/>\n<meta property=\"og:locale\" content=\"fr_FR\" \/>\n<meta property=\"og:type\" content=\"article\" \/>\n<meta property=\"og:title\" content=\"Drainacur vinaigre de figue de barbarie - pharmadreams\" \/>\n<meta property=\"og:description\" content=\"Aide-minceur efficace et naturel, le vinaigre de figue de barbarie stimule la perte de poids et affine la silhouette. Gr\u00e2ce \u00e0 ses propri\u00e9t\u00e9s hypoglyc\u00e9miantes, il r\u00e9gule l\u2019app\u00e9tit et aide \u00e0 lutter contre le grignotage. Il stimule la flore intestinale et am\u00e9liore la digestion, \u00e9vitant ainsi les sensations ballonnements. Sa double action de br\u00fble-graisse et draineur en fait l\u2019alli\u00e9 id\u00e9al de votre r\u00e9\u00e9quilibrage alimentaire. Sa saveur douce et fruit\u00e9e en fait un accompagnement sain, original et raffin\u00e9 pour vos salades et vos plats. En cosm\u00e9tique, le vinaigre de figue de barbarie est conseill\u00e9 pour les cheveux ternes et ab\u00eem\u00e9s. Utilis\u00e9 dans le shampoing, il donne brillance, \u00e9clat et vitalit\u00e9 \u00e0 vos cheveux.\" \/>\n<meta property=\"og:url\" content=\"https:\/\/pharmadreams.shop\/index.php\/product\/drainacur-vinaigre-de-figue-de-barbarie\/\" \/>\n<meta property=\"og:site_name\" content=\"pharmadreams\" \/>\n<meta property=\"article:modified_time\" content=\"2023-12-19T18:46:36+00:00\" \/>\n<meta property=\"og:image\" content=\"https:\/\/pharmadreams.shop\/wp-content\/uploads\/2023\/12\/Sans-titre-232.png\" \/>\n\t<meta property=\"og:image:width\" content=\"680\" \/>\n\t<meta property=\"og:image:height\" content=\"576\" \/>\n\t<meta property=\"og:image:type\" content=\"image\/png\" \/>\n<meta name=\"twitter:card\" content=\"summary_large_image\" \/>\n<script type=\"application\/ld+json\" class=\"yoast-schema-graph\">{\"@context\":\"https:\/\/schema.org\",\"@graph\":[{\"@type\":\"WebPage\",\"@id\":\"https:\/\/pharmadreams.shop\/index.php\/product\/drainacur-vinaigre-de-figue-de-barbarie\/\",\"url\":\"https:\/\/pharmadreams.shop\/index.php\/product\/drainacur-vinaigre-de-figue-de-barbarie\/\",\"name\":\"Drainacur vinaigre de figue de barbarie - pharmadreams\",\"isPartOf\":{\"@id\":\"https:\/\/pharmadreams.shop\/#website\"},\"primaryImageOfPage\":{\"@id\":\"https:\/\/pharmadreams.shop\/index.php\/product\/drainacur-vinaigre-de-figue-de-barbarie\/#primaryimage\"},\"image\":{\"@id\":\"https:\/\/pharmadreams.shop\/index.php\/product\/drainacur-vinaigre-de-figue-de-barbarie\/#primaryimage\"},\"thumbnailUrl\":\"https:\/\/pharmadreams.shop\/wp-content\/uploads\/2023\/12\/Sans-titre-232.png\",\"datePublished\":\"2023-12-19T18:45:44+00:00\",\"dateModified\":\"2023-12-19T18:46:36+00:00\",\"breadcrumb\":{\"@id\":\"https:\/\/pharmadreams.shop\/index.php\/product\/drainacur-vinaigre-de-figue-de-barbarie\/#breadcrumb\"},\"inLanguage\":\"fr-FR\",\"potentialAction\":[{\"@type\":\"ReadAction\",\"target\":[\"https:\/\/pharmadreams.shop\/index.php\/product\/drainacur-vinaigre-de-figue-de-barbarie\/\"]}]},{\"@type\":\"ImageObject\",\"inLanguage\":\"fr-FR\",\"@id\":\"https:\/\/pharmadreams.shop\/index.php\/product\/drainacur-vinaigre-de-figue-de-barbarie\/#primaryimage\",\"url\":\"https:\/\/pharmadreams.shop\/wp-content\/uploads\/2023\/12\/Sans-titre-232.png\",\"contentUrl\":\"https:\/\/pharmadreams.shop\/wp-content\/uploads\/2023\/12\/Sans-titre-232.png\",\"width\":680,\"height\":576},{\"@type\":\"BreadcrumbList\",\"@id\":\"https:\/\/pharmadreams.shop\/index.php\/product\/drainacur-vinaigre-de-figue-de-barbarie\/#breadcrumb\",\"itemListElement\":[{\"@type\":\"ListItem\",\"position\":1,\"name\":\"Accueil\",\"item\":\"https:\/\/pharmadreams.shop\/\"},{\"@type\":\"ListItem\",\"position\":2,\"name\":\"Shop\",\"item\":\"https:\/\/pharmadreams.shop\/index.php\/shop\/\"},{\"@type\":\"ListItem\",\"position\":3,\"name\":\"Drainacur vinaigre de figue de barbarie\"}]},{\"@type\":\"WebSite\",\"@id\":\"https:\/\/pharmadreams.shop\/#website\",\"url\":\"https:\/\/pharmadreams.shop\/\",\"name\":\"pharmadreams\",\"description\":\"Parapharmacie en ligne\",\"potentialAction\":[{\"@type\":\"SearchAction\",\"target\":{\"@type\":\"EntryPoint\",\"urlTemplate\":\"https:\/\/pharmadreams.shop\/?s={search_term_string}\"},\"query-input\":\"required name=search_term_string\"}],\"inLanguage\":\"fr-FR\"}]}<\/script>\n<!-- \/ Yoast SEO plugin. -->","yoast_head_json":{"title":"Drainacur vinaigre de figue de barbarie - pharmadreams","robots":{"index":"index","follow":"follow","max-snippet":"max-snippet:-1","max-image-preview":"max-image-preview:large","max-video-preview":"max-video-preview:-1"},"canonical":"https:\/\/pharmadreams.shop\/index.php\/product\/drainacur-vinaigre-de-figue-de-barbarie\/","og_locale":"fr_FR","og_type":"article","og_title":"Drainacur vinaigre de figue de barbarie - pharmadreams","og_description":"Aide-minceur efficace et naturel, le vinaigre de figue de barbarie stimule la perte de poids et affine la silhouette. Gr\u00e2ce \u00e0 ses propri\u00e9t\u00e9s hypoglyc\u00e9miantes, il r\u00e9gule l\u2019app\u00e9tit et aide \u00e0 lutter contre le grignotage. Il stimule la flore intestinale et am\u00e9liore la digestion, \u00e9vitant ainsi les sensations ballonnements. Sa double action de br\u00fble-graisse et draineur en fait l\u2019alli\u00e9 id\u00e9al de votre r\u00e9\u00e9quilibrage alimentaire. Sa saveur douce et fruit\u00e9e en fait un accompagnement sain, original et raffin\u00e9 pour vos salades et vos plats. En cosm\u00e9tique, le vinaigre de figue de barbarie est conseill\u00e9 pour les cheveux ternes et ab\u00eem\u00e9s. Utilis\u00e9 dans le shampoing, il donne brillance, \u00e9clat et vitalit\u00e9 \u00e0 vos cheveux.","og_url":"https:\/\/pharmadreams.shop\/index.php\/product\/drainacur-vinaigre-de-figue-de-barbarie\/","og_site_name":"pharmadreams","article_modified_time":"2023-12-19T18:46:36+00:00","og_image":[{"width":680,"height":576,"url":"https:\/\/pharmadreams.shop\/wp-content\/uploads\/2023\/12\/Sans-titre-232.png","type":"image\/png"}],"twitter_card":"summary_large_image","schema":{"@context":"https:\/\/schema.org","@graph":[{"@type":"WebPage","@id":"https:\/\/pharmadreams.shop\/index.php\/product\/drainacur-vinaigre-de-figue-de-barbarie\/","url":"https:\/\/pharmadreams.shop\/index.php\/product\/drainacur-vinaigre-de-figue-de-barbarie\/","name":"Drainacur vinaigre de figue de barbarie - pharmadreams","isPartOf":{"@id":"https:\/\/pharmadreams.shop\/#website"},"primaryImageOfPage":{"@id":"https:\/\/pharmadreams.shop\/index.php\/product\/drainacur-vinaigre-de-figue-de-barbarie\/#primaryimage"},"image":{"@id":"https:\/\/pharmadreams.shop\/index.php\/product\/drainacur-vinaigre-de-figue-de-barbarie\/#primaryimage"},"thumbnailUrl":"https:\/\/pharmadreams.shop\/wp-content\/uploads\/2023\/12\/Sans-titre-232.png","datePublished":"2023-12-19T18:45:44+00:00","dateModified":"2023-12-19T18:46:36+00:00","breadcrumb":{"@id":"https:\/\/pharmadreams.shop\/index.php\/product\/drainacur-vinaigre-de-figue-de-barbarie\/#breadcrumb"},"inLanguage":"fr-FR","potentialAction":[{"@type":"ReadAction","target":["https:\/\/pharmadreams.shop\/index.php\/product\/drainacur-vinaigre-de-figue-de-barbarie\/"]}]},{"@type":"ImageObject","inLanguage":"fr-FR","@id":"https:\/\/pharmadreams.shop\/index.php\/product\/drainacur-vinaigre-de-figue-de-barbarie\/#primaryimage","url":"https:\/\/pharmadreams.shop\/wp-content\/uploads\/2023\/12\/Sans-titre-232.png","contentUrl":"https:\/\/pharmadreams.shop\/wp-content\/uploads\/2023\/12\/Sans-titre-232.png","width":680,"height":576},{"@type":"BreadcrumbList","@id":"https:\/\/pharmadreams.shop\/index.php\/product\/drainacur-vinaigre-de-figue-de-barbarie\/#breadcrumb","itemListElement":[{"@type":"ListItem","position":1,"name":"Accueil","item":"https:\/\/pharmadreams.shop\/"},{"@type":"ListItem","position":2,"name":"Shop","item":"https:\/\/pharmadreams.shop\/index.php\/shop\/"},{"@type":"ListItem","position":3,"name":"Drainacur vinaigre de figue de barbarie"}]},{"@type":"WebSite","@id":"https:\/\/pharmadreams.shop\/#website","url":"https:\/\/pharmadreams.shop\/","name":"pharmadreams","description":"Parapharmacie en ligne","potentialAction":[{"@type":"SearchAction","target":{"@type":"EntryPoint","urlTemplate":"https:\/\/pharmadreams.shop\/?s={search_term_string}"},"query-input":"required name=search_term_string"}],"inLanguage":"fr-FR"}]}},"_links":{"self":[{"href":"https:\/\/pharmadreams.shop\/index.php\/wp-json\/wp\/v2\/product\/17405","targetHints":{"allow":["GET"]}}],"collection":[{"href":"https:\/\/pharmadreams.shop\/index.php\/wp-json\/wp\/v2\/product"}],"about":[{"href":"https:\/\/pharmadreams.shop\/index.php\/wp-json\/wp\/v2\/types\/product"}],"replies":[{"embeddable":true,"href":"https:\/\/pharmadreams.shop\/index.php\/wp-json\/wp\/v2\/comments?post=17405"}],"version-history":[{"count":0,"href":"https:\/\/pharmadreams.shop\/index.php\/wp-json\/wp\/v2\/product\/17405\/revisions"}],"wp:featuredmedia":[{"embeddable":true,"href":"https:\/\/pharmadreams.shop\/index.php\/wp-json\/wp\/v2\/media\/17469"}],"wp:attachment":[{"href":"https:\/\/pharmadreams.shop\/index.php\/wp-json\/wp\/v2\/media?parent=17405"}],"wp:term":[{"taxonomy":"product_brand","embeddable":true,"href":"https:\/\/pharmadreams.shop\/index.php\/wp-json\/wp\/v2\/product_brand?post=17405"},{"taxonomy":"product_cat","embeddable":true,"href":"https:\/\/pharmadreams.shop\/index.php\/wp-json\/wp\/v2\/product_cat?post=17405"},{"taxonomy":"product_tag","embeddable":true,"href":"https:\/\/pharmadreams.shop\/index.php\/wp-json\/wp\/v2\/product_tag?post=17405"}],"curies":[{"name":"wp","href":"https:\/\/api.w.org\/{rel}","templated":true}]}}