{"id":17407,"date":"2023-12-19T19:45:44","date_gmt":"2023-12-19T18:45:44","guid":{"rendered":"https:\/\/venuspara.com\/?post_type=product&#038;p=17407"},"modified":"2023-12-19T19:46:40","modified_gmt":"2023-12-19T18:46:40","slug":"accuchek-bandelette-instant-b-50","status":"publish","type":"product","link":"https:\/\/pharmadreams.shop\/index.php\/product\/accuchek-bandelette-instant-b-50\/","title":{"rendered":"Accuchek bandelette instant b\/50"},"content":{"rendered":"","protected":false},"excerpt":{"rendered":"<p>Les bandelettes Accu-Chek\u00ae Instant ont une large zone d\u2019application. Vous pouvez appliquer une petite goutte de sang en n\u2019importe quel endroit de la zone d\u2019application jaune de la bandelette. Les bandelettes ont \u00e9t\u00e9 con\u00e7ues pour que l\u2019application d\u2019une petite goutte de sang \u00e0 l\u2019extr\u00e9mit\u00e9 de la bandelette soit facile.<\/p>\n","protected":false},"featured_media":17473,"comment_status":"open","ping_status":"closed","template":"","meta":[],"product_brand":[],"product_cat":[328],"product_tag":[],"class_list":{"0":"post-17407","1":"product","2":"type-product","3":"status-publish","4":"has-post-thumbnail","6":"product_cat-bandelettes","8":"first","9":"instock","10":"shipping-taxable","11":"purchasable","12":"product-type-simple"},"yoast_head":"<!-- This site is optimized with the Yoast SEO plugin v23.0 - https:\/\/yoast.com\/wordpress\/plugins\/seo\/ -->\n<title>Accuchek bandelette instant b\/50 - pharmadreams<\/title>\n<meta name=\"robots\" content=\"index, follow, max-snippet:-1, max-image-preview:large, max-video-preview:-1\" \/>\n<link rel=\"canonical\" href=\"https:\/\/pharmadreams.shop\/index.php\/product\/accuchek-bandelette-instant-b-50\/\" \/>\n<meta property=\"og:locale\" content=\"fr_FR\" \/>\n<meta property=\"og:type\" content=\"article\" \/>\n<meta property=\"og:title\" content=\"Accuchek bandelette instant b\/50 - pharmadreams\" \/>\n<meta property=\"og:description\" content=\"Les bandelettes Accu-Chek\u00ae Instant ont une large zone d\u2019application. Vous pouvez appliquer une petite goutte de sang en n\u2019importe quel endroit de la zone d\u2019application jaune de la bandelette. Les bandelettes ont \u00e9t\u00e9 con\u00e7ues pour que l\u2019application d\u2019une petite goutte de sang \u00e0 l\u2019extr\u00e9mit\u00e9 de la bandelette soit facile.\" \/>\n<meta property=\"og:url\" content=\"https:\/\/pharmadreams.shop\/index.php\/product\/accuchek-bandelette-instant-b-50\/\" \/>\n<meta property=\"og:site_name\" content=\"pharmadreams\" \/>\n<meta property=\"article:modified_time\" content=\"2023-12-19T18:46:40+00:00\" \/>\n<meta property=\"og:image\" content=\"https:\/\/pharmadreams.shop\/wp-content\/uploads\/2023\/12\/Sans-titre-234.png\" \/>\n\t<meta property=\"og:image:width\" content=\"1456\" \/>\n\t<meta property=\"og:image:height\" content=\"1264\" \/>\n\t<meta property=\"og:image:type\" content=\"image\/png\" \/>\n<meta name=\"twitter:card\" content=\"summary_large_image\" \/>\n<script type=\"application\/ld+json\" class=\"yoast-schema-graph\">{\"@context\":\"https:\/\/schema.org\",\"@graph\":[{\"@type\":\"WebPage\",\"@id\":\"https:\/\/pharmadreams.shop\/index.php\/product\/accuchek-bandelette-instant-b-50\/\",\"url\":\"https:\/\/pharmadreams.shop\/index.php\/product\/accuchek-bandelette-instant-b-50\/\",\"name\":\"Accuchek bandelette instant b\/50 - pharmadreams\",\"isPartOf\":{\"@id\":\"https:\/\/pharmadreams.shop\/#website\"},\"primaryImageOfPage\":{\"@id\":\"https:\/\/pharmadreams.shop\/index.php\/product\/accuchek-bandelette-instant-b-50\/#primaryimage\"},\"image\":{\"@id\":\"https:\/\/pharmadreams.shop\/index.php\/product\/accuchek-bandelette-instant-b-50\/#primaryimage\"},\"thumbnailUrl\":\"https:\/\/pharmadreams.shop\/wp-content\/uploads\/2023\/12\/Sans-titre-234.png\",\"datePublished\":\"2023-12-19T18:45:44+00:00\",\"dateModified\":\"2023-12-19T18:46:40+00:00\",\"breadcrumb\":{\"@id\":\"https:\/\/pharmadreams.shop\/index.php\/product\/accuchek-bandelette-instant-b-50\/#breadcrumb\"},\"inLanguage\":\"fr-FR\",\"potentialAction\":[{\"@type\":\"ReadAction\",\"target\":[\"https:\/\/pharmadreams.shop\/index.php\/product\/accuchek-bandelette-instant-b-50\/\"]}]},{\"@type\":\"ImageObject\",\"inLanguage\":\"fr-FR\",\"@id\":\"https:\/\/pharmadreams.shop\/index.php\/product\/accuchek-bandelette-instant-b-50\/#primaryimage\",\"url\":\"https:\/\/pharmadreams.shop\/wp-content\/uploads\/2023\/12\/Sans-titre-234.png\",\"contentUrl\":\"https:\/\/pharmadreams.shop\/wp-content\/uploads\/2023\/12\/Sans-titre-234.png\",\"width\":1456,\"height\":1264},{\"@type\":\"BreadcrumbList\",\"@id\":\"https:\/\/pharmadreams.shop\/index.php\/product\/accuchek-bandelette-instant-b-50\/#breadcrumb\",\"itemListElement\":[{\"@type\":\"ListItem\",\"position\":1,\"name\":\"Accueil\",\"item\":\"https:\/\/pharmadreams.shop\/\"},{\"@type\":\"ListItem\",\"position\":2,\"name\":\"Shop\",\"item\":\"https:\/\/pharmadreams.shop\/index.php\/shop\/\"},{\"@type\":\"ListItem\",\"position\":3,\"name\":\"Accuchek bandelette instant b\/50\"}]},{\"@type\":\"WebSite\",\"@id\":\"https:\/\/pharmadreams.shop\/#website\",\"url\":\"https:\/\/pharmadreams.shop\/\",\"name\":\"pharmadreams\",\"description\":\"Parapharmacie en ligne\",\"potentialAction\":[{\"@type\":\"SearchAction\",\"target\":{\"@type\":\"EntryPoint\",\"urlTemplate\":\"https:\/\/pharmadreams.shop\/?s={search_term_string}\"},\"query-input\":\"required name=search_term_string\"}],\"inLanguage\":\"fr-FR\"}]}<\/script>\n<!-- \/ Yoast SEO plugin. -->","yoast_head_json":{"title":"Accuchek bandelette instant b\/50 - pharmadreams","robots":{"index":"index","follow":"follow","max-snippet":"max-snippet:-1","max-image-preview":"max-image-preview:large","max-video-preview":"max-video-preview:-1"},"canonical":"https:\/\/pharmadreams.shop\/index.php\/product\/accuchek-bandelette-instant-b-50\/","og_locale":"fr_FR","og_type":"article","og_title":"Accuchek bandelette instant b\/50 - pharmadreams","og_description":"Les bandelettes Accu-Chek\u00ae Instant ont une large zone d\u2019application. Vous pouvez appliquer une petite goutte de sang en n\u2019importe quel endroit de la zone d\u2019application jaune de la bandelette. Les bandelettes ont \u00e9t\u00e9 con\u00e7ues pour que l\u2019application d\u2019une petite goutte de sang \u00e0 l\u2019extr\u00e9mit\u00e9 de la bandelette soit facile.","og_url":"https:\/\/pharmadreams.shop\/index.php\/product\/accuchek-bandelette-instant-b-50\/","og_site_name":"pharmadreams","article_modified_time":"2023-12-19T18:46:40+00:00","og_image":[{"width":1456,"height":1264,"url":"https:\/\/pharmadreams.shop\/wp-content\/uploads\/2023\/12\/Sans-titre-234.png","type":"image\/png"}],"twitter_card":"summary_large_image","schema":{"@context":"https:\/\/schema.org","@graph":[{"@type":"WebPage","@id":"https:\/\/pharmadreams.shop\/index.php\/product\/accuchek-bandelette-instant-b-50\/","url":"https:\/\/pharmadreams.shop\/index.php\/product\/accuchek-bandelette-instant-b-50\/","name":"Accuchek bandelette instant b\/50 - pharmadreams","isPartOf":{"@id":"https:\/\/pharmadreams.shop\/#website"},"primaryImageOfPage":{"@id":"https:\/\/pharmadreams.shop\/index.php\/product\/accuchek-bandelette-instant-b-50\/#primaryimage"},"image":{"@id":"https:\/\/pharmadreams.shop\/index.php\/product\/accuchek-bandelette-instant-b-50\/#primaryimage"},"thumbnailUrl":"https:\/\/pharmadreams.shop\/wp-content\/uploads\/2023\/12\/Sans-titre-234.png","datePublished":"2023-12-19T18:45:44+00:00","dateModified":"2023-12-19T18:46:40+00:00","breadcrumb":{"@id":"https:\/\/pharmadreams.shop\/index.php\/product\/accuchek-bandelette-instant-b-50\/#breadcrumb"},"inLanguage":"fr-FR","potentialAction":[{"@type":"ReadAction","target":["https:\/\/pharmadreams.shop\/index.php\/product\/accuchek-bandelette-instant-b-50\/"]}]},{"@type":"ImageObject","inLanguage":"fr-FR","@id":"https:\/\/pharmadreams.shop\/index.php\/product\/accuchek-bandelette-instant-b-50\/#primaryimage","url":"https:\/\/pharmadreams.shop\/wp-content\/uploads\/2023\/12\/Sans-titre-234.png","contentUrl":"https:\/\/pharmadreams.shop\/wp-content\/uploads\/2023\/12\/Sans-titre-234.png","width":1456,"height":1264},{"@type":"BreadcrumbList","@id":"https:\/\/pharmadreams.shop\/index.php\/product\/accuchek-bandelette-instant-b-50\/#breadcrumb","itemListElement":[{"@type":"ListItem","position":1,"name":"Accueil","item":"https:\/\/pharmadreams.shop\/"},{"@type":"ListItem","position":2,"name":"Shop","item":"https:\/\/pharmadreams.shop\/index.php\/shop\/"},{"@type":"ListItem","position":3,"name":"Accuchek bandelette instant b\/50"}]},{"@type":"WebSite","@id":"https:\/\/pharmadreams.shop\/#website","url":"https:\/\/pharmadreams.shop\/","name":"pharmadreams","description":"Parapharmacie en ligne","potentialAction":[{"@type":"SearchAction","target":{"@type":"EntryPoint","urlTemplate":"https:\/\/pharmadreams.shop\/?s={search_term_string}"},"query-input":"required name=search_term_string"}],"inLanguage":"fr-FR"}]}},"_links":{"self":[{"href":"https:\/\/pharmadreams.shop\/index.php\/wp-json\/wp\/v2\/product\/17407","targetHints":{"allow":["GET"]}}],"collection":[{"href":"https:\/\/pharmadreams.shop\/index.php\/wp-json\/wp\/v2\/product"}],"about":[{"href":"https:\/\/pharmadreams.shop\/index.php\/wp-json\/wp\/v2\/types\/product"}],"replies":[{"embeddable":true,"href":"https:\/\/pharmadreams.shop\/index.php\/wp-json\/wp\/v2\/comments?post=17407"}],"version-history":[{"count":0,"href":"https:\/\/pharmadreams.shop\/index.php\/wp-json\/wp\/v2\/product\/17407\/revisions"}],"wp:featuredmedia":[{"embeddable":true,"href":"https:\/\/pharmadreams.shop\/index.php\/wp-json\/wp\/v2\/media\/17473"}],"wp:attachment":[{"href":"https:\/\/pharmadreams.shop\/index.php\/wp-json\/wp\/v2\/media?parent=17407"}],"wp:term":[{"taxonomy":"product_brand","embeddable":true,"href":"https:\/\/pharmadreams.shop\/index.php\/wp-json\/wp\/v2\/product_brand?post=17407"},{"taxonomy":"product_cat","embeddable":true,"href":"https:\/\/pharmadreams.shop\/index.php\/wp-json\/wp\/v2\/product_cat?post=17407"},{"taxonomy":"product_tag","embeddable":true,"href":"https:\/\/pharmadreams.shop\/index.php\/wp-json\/wp\/v2\/product_tag?post=17407"}],"curies":[{"name":"wp","href":"https:\/\/api.w.org\/{rel}","templated":true}]}}