{"id":17433,"date":"2023-12-19T19:46:09","date_gmt":"2023-12-19T18:46:09","guid":{"rendered":"https:\/\/venuspara.com\/?post_type=product&#038;p=17433"},"modified":"2024-05-03T09:10:38","modified_gmt":"2024-05-03T08:10:38","slug":"doppel-herz-aktiv-maternavit","status":"publish","type":"product","link":"https:\/\/pharmadreams.shop\/index.php\/product\/doppel-herz-aktiv-maternavit\/","title":{"rendered":"Doppel herz aktiv maternavit"},"content":{"rendered":"","protected":false},"excerpt":{"rendered":"<p>Les recherches scientifiques r\u00e9centes montrent que l\u2018apport de certaines vitamines et certains min\u00e9raux dans les deux mois qui pr\u00e9c\u00e8dent la conception agit positivement sur la sant\u00e9 du b\u00e9b\u00e9. Ainsi la prise de calcium, de magn\u00e9sium, de zinc et de vitamines B, en particulier l\u2019acide folique, est recommand\u00e9e.<\/p>\n<p>&nbsp;<\/p>\n<p>Doppelherz\u00ae Aktiv a con\u00e7u le compl\u00e9ment alimentaire Maternavit pour accompagner les femmes d\u00e8s leur d\u00e9sir d\u2018enfant, pendant la grossesse et jusqu\u2018\u00e0 la fin de la p\u00e9riode d\u2018allaitement.<\/p>\n","protected":false},"featured_media":17483,"comment_status":"open","ping_status":"closed","template":"","meta":[],"product_brand":[],"product_cat":[32],"product_tag":[],"class_list":{"0":"post-17433","1":"product","2":"type-product","3":"status-publish","4":"has-post-thumbnail","6":"product_cat-complements-alimentaires","8":"first","9":"instock","10":"sale","11":"shipping-taxable","12":"purchasable","13":"product-type-simple"},"yoast_head":"<!-- This site is optimized with the Yoast SEO plugin v23.0 - https:\/\/yoast.com\/wordpress\/plugins\/seo\/ -->\n<title>Doppel herz aktiv maternavit - pharmadreams<\/title>\n<meta name=\"robots\" content=\"index, follow, max-snippet:-1, max-image-preview:large, max-video-preview:-1\" \/>\n<link rel=\"canonical\" href=\"https:\/\/pharmadreams.shop\/index.php\/product\/doppel-herz-aktiv-maternavit\/\" \/>\n<meta property=\"og:locale\" content=\"fr_FR\" \/>\n<meta property=\"og:type\" content=\"article\" \/>\n<meta property=\"og:title\" content=\"Doppel herz aktiv maternavit - pharmadreams\" \/>\n<meta property=\"og:description\" content=\"Les recherches scientifiques r\u00e9centes montrent que l\u2018apport de certaines vitamines et certains min\u00e9raux dans les deux mois qui pr\u00e9c\u00e8dent la conception agit positivement sur la sant\u00e9 du b\u00e9b\u00e9. Ainsi la prise de calcium, de magn\u00e9sium, de zinc et de vitamines B, en particulier l\u2019acide folique, est recommand\u00e9e.  &nbsp;  Doppelherz\u00ae Aktiv a con\u00e7u le compl\u00e9ment alimentaire Maternavit pour accompagner les femmes d\u00e8s leur d\u00e9sir d\u2018enfant, pendant la grossesse et jusqu\u2018\u00e0 la fin de la p\u00e9riode d\u2018allaitement.\" \/>\n<meta property=\"og:url\" content=\"https:\/\/pharmadreams.shop\/index.php\/product\/doppel-herz-aktiv-maternavit\/\" \/>\n<meta property=\"og:site_name\" content=\"pharmadreams\" \/>\n<meta property=\"article:modified_time\" content=\"2024-05-03T08:10:38+00:00\" \/>\n<meta property=\"og:image\" content=\"https:\/\/pharmadreams.shop\/wp-content\/uploads\/2023\/12\/Sans-titre-239.png\" \/>\n\t<meta property=\"og:image:width\" content=\"1080\" \/>\n\t<meta property=\"og:image:height\" content=\"944\" \/>\n\t<meta property=\"og:image:type\" content=\"image\/png\" \/>\n<meta name=\"twitter:card\" content=\"summary_large_image\" \/>\n<meta name=\"twitter:label1\" content=\"Dur\u00e9e de lecture estim\u00e9e\" \/>\n\t<meta name=\"twitter:data1\" content=\"1 minute\" \/>\n<script type=\"application\/ld+json\" class=\"yoast-schema-graph\">{\"@context\":\"https:\/\/schema.org\",\"@graph\":[{\"@type\":\"WebPage\",\"@id\":\"https:\/\/pharmadreams.shop\/index.php\/product\/doppel-herz-aktiv-maternavit\/\",\"url\":\"https:\/\/pharmadreams.shop\/index.php\/product\/doppel-herz-aktiv-maternavit\/\",\"name\":\"Doppel herz aktiv maternavit - pharmadreams\",\"isPartOf\":{\"@id\":\"https:\/\/pharmadreams.shop\/#website\"},\"primaryImageOfPage\":{\"@id\":\"https:\/\/pharmadreams.shop\/index.php\/product\/doppel-herz-aktiv-maternavit\/#primaryimage\"},\"image\":{\"@id\":\"https:\/\/pharmadreams.shop\/index.php\/product\/doppel-herz-aktiv-maternavit\/#primaryimage\"},\"thumbnailUrl\":\"https:\/\/pharmadreams.shop\/wp-content\/uploads\/2023\/12\/Sans-titre-239.png\",\"datePublished\":\"2023-12-19T18:46:09+00:00\",\"dateModified\":\"2024-05-03T08:10:38+00:00\",\"breadcrumb\":{\"@id\":\"https:\/\/pharmadreams.shop\/index.php\/product\/doppel-herz-aktiv-maternavit\/#breadcrumb\"},\"inLanguage\":\"fr-FR\",\"potentialAction\":[{\"@type\":\"ReadAction\",\"target\":[\"https:\/\/pharmadreams.shop\/index.php\/product\/doppel-herz-aktiv-maternavit\/\"]}]},{\"@type\":\"ImageObject\",\"inLanguage\":\"fr-FR\",\"@id\":\"https:\/\/pharmadreams.shop\/index.php\/product\/doppel-herz-aktiv-maternavit\/#primaryimage\",\"url\":\"https:\/\/pharmadreams.shop\/wp-content\/uploads\/2023\/12\/Sans-titre-239.png\",\"contentUrl\":\"https:\/\/pharmadreams.shop\/wp-content\/uploads\/2023\/12\/Sans-titre-239.png\",\"width\":1080,\"height\":944},{\"@type\":\"BreadcrumbList\",\"@id\":\"https:\/\/pharmadreams.shop\/index.php\/product\/doppel-herz-aktiv-maternavit\/#breadcrumb\",\"itemListElement\":[{\"@type\":\"ListItem\",\"position\":1,\"name\":\"Accueil\",\"item\":\"https:\/\/pharmadreams.shop\/\"},{\"@type\":\"ListItem\",\"position\":2,\"name\":\"Shop\",\"item\":\"https:\/\/pharmadreams.shop\/index.php\/shop\/\"},{\"@type\":\"ListItem\",\"position\":3,\"name\":\"Doppel herz aktiv maternavit\"}]},{\"@type\":\"WebSite\",\"@id\":\"https:\/\/pharmadreams.shop\/#website\",\"url\":\"https:\/\/pharmadreams.shop\/\",\"name\":\"pharmadreams\",\"description\":\"Parapharmacie en ligne\",\"potentialAction\":[{\"@type\":\"SearchAction\",\"target\":{\"@type\":\"EntryPoint\",\"urlTemplate\":\"https:\/\/pharmadreams.shop\/?s={search_term_string}\"},\"query-input\":\"required name=search_term_string\"}],\"inLanguage\":\"fr-FR\"}]}<\/script>\n<!-- \/ Yoast SEO plugin. -->","yoast_head_json":{"title":"Doppel herz aktiv maternavit - pharmadreams","robots":{"index":"index","follow":"follow","max-snippet":"max-snippet:-1","max-image-preview":"max-image-preview:large","max-video-preview":"max-video-preview:-1"},"canonical":"https:\/\/pharmadreams.shop\/index.php\/product\/doppel-herz-aktiv-maternavit\/","og_locale":"fr_FR","og_type":"article","og_title":"Doppel herz aktiv maternavit - pharmadreams","og_description":"Les recherches scientifiques r\u00e9centes montrent que l\u2018apport de certaines vitamines et certains min\u00e9raux dans les deux mois qui pr\u00e9c\u00e8dent la conception agit positivement sur la sant\u00e9 du b\u00e9b\u00e9. Ainsi la prise de calcium, de magn\u00e9sium, de zinc et de vitamines B, en particulier l\u2019acide folique, est recommand\u00e9e.  &nbsp;  Doppelherz\u00ae Aktiv a con\u00e7u le compl\u00e9ment alimentaire Maternavit pour accompagner les femmes d\u00e8s leur d\u00e9sir d\u2018enfant, pendant la grossesse et jusqu\u2018\u00e0 la fin de la p\u00e9riode d\u2018allaitement.","og_url":"https:\/\/pharmadreams.shop\/index.php\/product\/doppel-herz-aktiv-maternavit\/","og_site_name":"pharmadreams","article_modified_time":"2024-05-03T08:10:38+00:00","og_image":[{"width":1080,"height":944,"url":"https:\/\/pharmadreams.shop\/wp-content\/uploads\/2023\/12\/Sans-titre-239.png","type":"image\/png"}],"twitter_card":"summary_large_image","twitter_misc":{"Dur\u00e9e de lecture estim\u00e9e":"1 minute"},"schema":{"@context":"https:\/\/schema.org","@graph":[{"@type":"WebPage","@id":"https:\/\/pharmadreams.shop\/index.php\/product\/doppel-herz-aktiv-maternavit\/","url":"https:\/\/pharmadreams.shop\/index.php\/product\/doppel-herz-aktiv-maternavit\/","name":"Doppel herz aktiv maternavit - pharmadreams","isPartOf":{"@id":"https:\/\/pharmadreams.shop\/#website"},"primaryImageOfPage":{"@id":"https:\/\/pharmadreams.shop\/index.php\/product\/doppel-herz-aktiv-maternavit\/#primaryimage"},"image":{"@id":"https:\/\/pharmadreams.shop\/index.php\/product\/doppel-herz-aktiv-maternavit\/#primaryimage"},"thumbnailUrl":"https:\/\/pharmadreams.shop\/wp-content\/uploads\/2023\/12\/Sans-titre-239.png","datePublished":"2023-12-19T18:46:09+00:00","dateModified":"2024-05-03T08:10:38+00:00","breadcrumb":{"@id":"https:\/\/pharmadreams.shop\/index.php\/product\/doppel-herz-aktiv-maternavit\/#breadcrumb"},"inLanguage":"fr-FR","potentialAction":[{"@type":"ReadAction","target":["https:\/\/pharmadreams.shop\/index.php\/product\/doppel-herz-aktiv-maternavit\/"]}]},{"@type":"ImageObject","inLanguage":"fr-FR","@id":"https:\/\/pharmadreams.shop\/index.php\/product\/doppel-herz-aktiv-maternavit\/#primaryimage","url":"https:\/\/pharmadreams.shop\/wp-content\/uploads\/2023\/12\/Sans-titre-239.png","contentUrl":"https:\/\/pharmadreams.shop\/wp-content\/uploads\/2023\/12\/Sans-titre-239.png","width":1080,"height":944},{"@type":"BreadcrumbList","@id":"https:\/\/pharmadreams.shop\/index.php\/product\/doppel-herz-aktiv-maternavit\/#breadcrumb","itemListElement":[{"@type":"ListItem","position":1,"name":"Accueil","item":"https:\/\/pharmadreams.shop\/"},{"@type":"ListItem","position":2,"name":"Shop","item":"https:\/\/pharmadreams.shop\/index.php\/shop\/"},{"@type":"ListItem","position":3,"name":"Doppel herz aktiv maternavit"}]},{"@type":"WebSite","@id":"https:\/\/pharmadreams.shop\/#website","url":"https:\/\/pharmadreams.shop\/","name":"pharmadreams","description":"Parapharmacie en ligne","potentialAction":[{"@type":"SearchAction","target":{"@type":"EntryPoint","urlTemplate":"https:\/\/pharmadreams.shop\/?s={search_term_string}"},"query-input":"required name=search_term_string"}],"inLanguage":"fr-FR"}]}},"_links":{"self":[{"href":"https:\/\/pharmadreams.shop\/index.php\/wp-json\/wp\/v2\/product\/17433","targetHints":{"allow":["GET"]}}],"collection":[{"href":"https:\/\/pharmadreams.shop\/index.php\/wp-json\/wp\/v2\/product"}],"about":[{"href":"https:\/\/pharmadreams.shop\/index.php\/wp-json\/wp\/v2\/types\/product"}],"replies":[{"embeddable":true,"href":"https:\/\/pharmadreams.shop\/index.php\/wp-json\/wp\/v2\/comments?post=17433"}],"version-history":[{"count":0,"href":"https:\/\/pharmadreams.shop\/index.php\/wp-json\/wp\/v2\/product\/17433\/revisions"}],"wp:featuredmedia":[{"embeddable":true,"href":"https:\/\/pharmadreams.shop\/index.php\/wp-json\/wp\/v2\/media\/17483"}],"wp:attachment":[{"href":"https:\/\/pharmadreams.shop\/index.php\/wp-json\/wp\/v2\/media?parent=17433"}],"wp:term":[{"taxonomy":"product_brand","embeddable":true,"href":"https:\/\/pharmadreams.shop\/index.php\/wp-json\/wp\/v2\/product_brand?post=17433"},{"taxonomy":"product_cat","embeddable":true,"href":"https:\/\/pharmadreams.shop\/index.php\/wp-json\/wp\/v2\/product_cat?post=17433"},{"taxonomy":"product_tag","embeddable":true,"href":"https:\/\/pharmadreams.shop\/index.php\/wp-json\/wp\/v2\/product_tag?post=17433"}],"curies":[{"name":"wp","href":"https:\/\/api.w.org\/{rel}","templated":true}]}}