{"id":17435,"date":"2023-12-19T19:46:09","date_gmt":"2023-12-19T18:46:09","guid":{"rendered":"https:\/\/venuspara.com\/?post_type=product&#038;p=17435"},"modified":"2024-03-16T00:15:26","modified_gmt":"2024-03-15T23:15:26","slug":"daylong-face-innovation-50spf","status":"publish","type":"product","link":"https:\/\/pharmadreams.shop\/index.php\/product\/daylong-face-innovation-50spf\/","title":{"rendered":"Daylong face innovation 50spf"},"content":{"rendered":"","protected":false},"excerpt":{"rendered":"<p>fluide r\u00e9gulateur effet matifiant longue dur\u00e9e Peau grasse ou \u00e0 tendance allergique au soleil Multi protection contre les rayons UVA et UVB, anti-oxydante et anti-pollution. Tr\u00e8s haute protection SPF50+. Test\u00e9 sous contr\u00f4le dermatologique. Daylong Sensitive Face Fluide r\u00e9gulateur est une protection solaire quotidienne pour le visage. Sa texture ultra l\u00e9g\u00e8re matifie la peau et r\u00e9gule la production de s\u00e9bum pour une action anti-brillance.<\/p>\n","protected":false},"featured_media":17487,"comment_status":"open","ping_status":"closed","template":"","meta":[],"product_brand":[],"product_cat":[233,107],"product_tag":[],"class_list":{"0":"post-17435","1":"product","2":"type-product","3":"status-publish","4":"has-post-thumbnail","6":"product_cat-protection-solaire","7":"product_cat-soin-solaire","9":"first","10":"instock","11":"shipping-taxable","12":"purchasable","13":"product-type-simple"},"yoast_head":"<!-- This site is optimized with the Yoast SEO plugin v23.0 - https:\/\/yoast.com\/wordpress\/plugins\/seo\/ -->\n<title>Daylong face innovation 50spf - pharmadreams<\/title>\n<meta name=\"robots\" content=\"index, follow, max-snippet:-1, max-image-preview:large, max-video-preview:-1\" \/>\n<link rel=\"canonical\" href=\"https:\/\/pharmadreams.shop\/index.php\/product\/daylong-face-innovation-50spf\/\" \/>\n<meta property=\"og:locale\" content=\"fr_FR\" \/>\n<meta property=\"og:type\" content=\"article\" \/>\n<meta property=\"og:title\" content=\"Daylong face innovation 50spf - pharmadreams\" \/>\n<meta property=\"og:description\" content=\"fluide r\u00e9gulateur effet matifiant longue dur\u00e9e Peau grasse ou \u00e0 tendance allergique au soleil Multi protection contre les rayons UVA et UVB, anti-oxydante et anti-pollution. Tr\u00e8s haute protection SPF50+. Test\u00e9 sous contr\u00f4le dermatologique. Daylong Sensitive Face Fluide r\u00e9gulateur est une protection solaire quotidienne pour le visage. Sa texture ultra l\u00e9g\u00e8re matifie la peau et r\u00e9gule la production de s\u00e9bum pour une action anti-brillance.\" \/>\n<meta property=\"og:url\" content=\"https:\/\/pharmadreams.shop\/index.php\/product\/daylong-face-innovation-50spf\/\" \/>\n<meta property=\"og:site_name\" content=\"pharmadreams\" \/>\n<meta property=\"article:modified_time\" content=\"2024-03-15T23:15:26+00:00\" \/>\n<meta property=\"og:image\" content=\"https:\/\/pharmadreams.shop\/wp-content\/uploads\/2023\/12\/Sans-titre-241.png\" \/>\n\t<meta property=\"og:image:width\" content=\"1200\" \/>\n\t<meta property=\"og:image:height\" content=\"1224\" \/>\n\t<meta property=\"og:image:type\" content=\"image\/png\" \/>\n<meta name=\"twitter:card\" content=\"summary_large_image\" \/>\n<meta name=\"twitter:label1\" content=\"Dur\u00e9e de lecture estim\u00e9e\" \/>\n\t<meta name=\"twitter:data1\" content=\"1 minute\" \/>\n<script type=\"application\/ld+json\" class=\"yoast-schema-graph\">{\"@context\":\"https:\/\/schema.org\",\"@graph\":[{\"@type\":\"WebPage\",\"@id\":\"https:\/\/pharmadreams.shop\/index.php\/product\/daylong-face-innovation-50spf\/\",\"url\":\"https:\/\/pharmadreams.shop\/index.php\/product\/daylong-face-innovation-50spf\/\",\"name\":\"Daylong face innovation 50spf - pharmadreams\",\"isPartOf\":{\"@id\":\"https:\/\/pharmadreams.shop\/#website\"},\"primaryImageOfPage\":{\"@id\":\"https:\/\/pharmadreams.shop\/index.php\/product\/daylong-face-innovation-50spf\/#primaryimage\"},\"image\":{\"@id\":\"https:\/\/pharmadreams.shop\/index.php\/product\/daylong-face-innovation-50spf\/#primaryimage\"},\"thumbnailUrl\":\"https:\/\/pharmadreams.shop\/wp-content\/uploads\/2023\/12\/Sans-titre-241.png\",\"datePublished\":\"2023-12-19T18:46:09+00:00\",\"dateModified\":\"2024-03-15T23:15:26+00:00\",\"breadcrumb\":{\"@id\":\"https:\/\/pharmadreams.shop\/index.php\/product\/daylong-face-innovation-50spf\/#breadcrumb\"},\"inLanguage\":\"fr-FR\",\"potentialAction\":[{\"@type\":\"ReadAction\",\"target\":[\"https:\/\/pharmadreams.shop\/index.php\/product\/daylong-face-innovation-50spf\/\"]}]},{\"@type\":\"ImageObject\",\"inLanguage\":\"fr-FR\",\"@id\":\"https:\/\/pharmadreams.shop\/index.php\/product\/daylong-face-innovation-50spf\/#primaryimage\",\"url\":\"https:\/\/pharmadreams.shop\/wp-content\/uploads\/2023\/12\/Sans-titre-241.png\",\"contentUrl\":\"https:\/\/pharmadreams.shop\/wp-content\/uploads\/2023\/12\/Sans-titre-241.png\",\"width\":1200,\"height\":1224},{\"@type\":\"BreadcrumbList\",\"@id\":\"https:\/\/pharmadreams.shop\/index.php\/product\/daylong-face-innovation-50spf\/#breadcrumb\",\"itemListElement\":[{\"@type\":\"ListItem\",\"position\":1,\"name\":\"Accueil\",\"item\":\"https:\/\/pharmadreams.shop\/\"},{\"@type\":\"ListItem\",\"position\":2,\"name\":\"Shop\",\"item\":\"https:\/\/pharmadreams.shop\/index.php\/shop\/\"},{\"@type\":\"ListItem\",\"position\":3,\"name\":\"Daylong face innovation 50spf\"}]},{\"@type\":\"WebSite\",\"@id\":\"https:\/\/pharmadreams.shop\/#website\",\"url\":\"https:\/\/pharmadreams.shop\/\",\"name\":\"pharmadreams\",\"description\":\"Parapharmacie en ligne\",\"potentialAction\":[{\"@type\":\"SearchAction\",\"target\":{\"@type\":\"EntryPoint\",\"urlTemplate\":\"https:\/\/pharmadreams.shop\/?s={search_term_string}\"},\"query-input\":\"required name=search_term_string\"}],\"inLanguage\":\"fr-FR\"}]}<\/script>\n<!-- \/ Yoast SEO plugin. -->","yoast_head_json":{"title":"Daylong face innovation 50spf - pharmadreams","robots":{"index":"index","follow":"follow","max-snippet":"max-snippet:-1","max-image-preview":"max-image-preview:large","max-video-preview":"max-video-preview:-1"},"canonical":"https:\/\/pharmadreams.shop\/index.php\/product\/daylong-face-innovation-50spf\/","og_locale":"fr_FR","og_type":"article","og_title":"Daylong face innovation 50spf - pharmadreams","og_description":"fluide r\u00e9gulateur effet matifiant longue dur\u00e9e Peau grasse ou \u00e0 tendance allergique au soleil Multi protection contre les rayons UVA et UVB, anti-oxydante et anti-pollution. Tr\u00e8s haute protection SPF50+. Test\u00e9 sous contr\u00f4le dermatologique. Daylong Sensitive Face Fluide r\u00e9gulateur est une protection solaire quotidienne pour le visage. Sa texture ultra l\u00e9g\u00e8re matifie la peau et r\u00e9gule la production de s\u00e9bum pour une action anti-brillance.","og_url":"https:\/\/pharmadreams.shop\/index.php\/product\/daylong-face-innovation-50spf\/","og_site_name":"pharmadreams","article_modified_time":"2024-03-15T23:15:26+00:00","og_image":[{"width":1200,"height":1224,"url":"https:\/\/pharmadreams.shop\/wp-content\/uploads\/2023\/12\/Sans-titre-241.png","type":"image\/png"}],"twitter_card":"summary_large_image","twitter_misc":{"Dur\u00e9e de lecture estim\u00e9e":"1 minute"},"schema":{"@context":"https:\/\/schema.org","@graph":[{"@type":"WebPage","@id":"https:\/\/pharmadreams.shop\/index.php\/product\/daylong-face-innovation-50spf\/","url":"https:\/\/pharmadreams.shop\/index.php\/product\/daylong-face-innovation-50spf\/","name":"Daylong face innovation 50spf - pharmadreams","isPartOf":{"@id":"https:\/\/pharmadreams.shop\/#website"},"primaryImageOfPage":{"@id":"https:\/\/pharmadreams.shop\/index.php\/product\/daylong-face-innovation-50spf\/#primaryimage"},"image":{"@id":"https:\/\/pharmadreams.shop\/index.php\/product\/daylong-face-innovation-50spf\/#primaryimage"},"thumbnailUrl":"https:\/\/pharmadreams.shop\/wp-content\/uploads\/2023\/12\/Sans-titre-241.png","datePublished":"2023-12-19T18:46:09+00:00","dateModified":"2024-03-15T23:15:26+00:00","breadcrumb":{"@id":"https:\/\/pharmadreams.shop\/index.php\/product\/daylong-face-innovation-50spf\/#breadcrumb"},"inLanguage":"fr-FR","potentialAction":[{"@type":"ReadAction","target":["https:\/\/pharmadreams.shop\/index.php\/product\/daylong-face-innovation-50spf\/"]}]},{"@type":"ImageObject","inLanguage":"fr-FR","@id":"https:\/\/pharmadreams.shop\/index.php\/product\/daylong-face-innovation-50spf\/#primaryimage","url":"https:\/\/pharmadreams.shop\/wp-content\/uploads\/2023\/12\/Sans-titre-241.png","contentUrl":"https:\/\/pharmadreams.shop\/wp-content\/uploads\/2023\/12\/Sans-titre-241.png","width":1200,"height":1224},{"@type":"BreadcrumbList","@id":"https:\/\/pharmadreams.shop\/index.php\/product\/daylong-face-innovation-50spf\/#breadcrumb","itemListElement":[{"@type":"ListItem","position":1,"name":"Accueil","item":"https:\/\/pharmadreams.shop\/"},{"@type":"ListItem","position":2,"name":"Shop","item":"https:\/\/pharmadreams.shop\/index.php\/shop\/"},{"@type":"ListItem","position":3,"name":"Daylong face innovation 50spf"}]},{"@type":"WebSite","@id":"https:\/\/pharmadreams.shop\/#website","url":"https:\/\/pharmadreams.shop\/","name":"pharmadreams","description":"Parapharmacie en ligne","potentialAction":[{"@type":"SearchAction","target":{"@type":"EntryPoint","urlTemplate":"https:\/\/pharmadreams.shop\/?s={search_term_string}"},"query-input":"required name=search_term_string"}],"inLanguage":"fr-FR"}]}},"_links":{"self":[{"href":"https:\/\/pharmadreams.shop\/index.php\/wp-json\/wp\/v2\/product\/17435","targetHints":{"allow":["GET"]}}],"collection":[{"href":"https:\/\/pharmadreams.shop\/index.php\/wp-json\/wp\/v2\/product"}],"about":[{"href":"https:\/\/pharmadreams.shop\/index.php\/wp-json\/wp\/v2\/types\/product"}],"replies":[{"embeddable":true,"href":"https:\/\/pharmadreams.shop\/index.php\/wp-json\/wp\/v2\/comments?post=17435"}],"version-history":[{"count":0,"href":"https:\/\/pharmadreams.shop\/index.php\/wp-json\/wp\/v2\/product\/17435\/revisions"}],"wp:featuredmedia":[{"embeddable":true,"href":"https:\/\/pharmadreams.shop\/index.php\/wp-json\/wp\/v2\/media\/17487"}],"wp:attachment":[{"href":"https:\/\/pharmadreams.shop\/index.php\/wp-json\/wp\/v2\/media?parent=17435"}],"wp:term":[{"taxonomy":"product_brand","embeddable":true,"href":"https:\/\/pharmadreams.shop\/index.php\/wp-json\/wp\/v2\/product_brand?post=17435"},{"taxonomy":"product_cat","embeddable":true,"href":"https:\/\/pharmadreams.shop\/index.php\/wp-json\/wp\/v2\/product_cat?post=17435"},{"taxonomy":"product_tag","embeddable":true,"href":"https:\/\/pharmadreams.shop\/index.php\/wp-json\/wp\/v2\/product_tag?post=17435"}],"curies":[{"name":"wp","href":"https:\/\/api.w.org\/{rel}","templated":true}]}}