{"id":17436,"date":"2023-12-19T19:46:10","date_gmt":"2023-12-19T18:46:10","guid":{"rendered":"https:\/\/venuspara.com\/?post_type=product&#038;p=17436"},"modified":"2024-03-16T00:51:19","modified_gmt":"2024-03-15T23:51:19","slug":"phytothera-pectine-de-pomme-apple-pectin","status":"publish","type":"product","link":"https:\/\/pharmadreams.shop\/index.php\/product\/phytothera-pectine-de-pomme-apple-pectin\/","title":{"rendered":"Phytothera pectine de pomme apple pectin"},"content":{"rendered":"","protected":false},"excerpt":{"rendered":"<p>La pectine est un type de fibres dite solubles.<\/p>\n<p>Elle poss\u00e8de la propri\u00e9t\u00e9 de former un gel, ce qui conf\u00e8re en partie leur texture aux confitures et aux gel\u00e9es de fruits.<\/p>\n<p>Elle repr\u00e9sente environ la moiti\u00e9 de la quantit\u00e9 totale de fibres contenues dans la pomme, surtout dans la pelure.<\/p>\n<p>Par leur capacit\u00e9 de former un gel, ces fibres solubles pourraient lier, en partie,le sucre et le cholest\u00e9rol dans l\u2019intestin et ainsi, en r\u00e9duire l\u2019absorption. Hypercholest\u00e9rol\u00e9mie: Deux \u00e9tudes ont d\u00e9montr\u00e9 une diminution significative du cholest\u00e9rol dans le sang chez le rat lorsqu\u2019on lui administrait de la pectine de pomme. Cela s\u2019expliquerait par la plus grande quantit\u00e9 de cholest\u00e9rol \u00e9limin\u00e9 dans les selles.<\/p>\n","protected":false},"featured_media":17489,"comment_status":"open","ping_status":"closed","template":"","meta":[],"product_brand":[],"product_cat":[32],"product_tag":[],"class_list":{"0":"post-17436","1":"product","2":"type-product","3":"status-publish","4":"has-post-thumbnail","6":"product_cat-complements-alimentaires","8":"first","9":"instock","10":"shipping-taxable","11":"purchasable","12":"product-type-simple"},"yoast_head":"<!-- This site is optimized with the Yoast SEO plugin v23.0 - https:\/\/yoast.com\/wordpress\/plugins\/seo\/ -->\n<title>Phytothera pectine de pomme apple pectin - pharmadreams<\/title>\n<meta name=\"robots\" content=\"index, follow, max-snippet:-1, max-image-preview:large, max-video-preview:-1\" \/>\n<link rel=\"canonical\" href=\"https:\/\/pharmadreams.shop\/index.php\/product\/phytothera-pectine-de-pomme-apple-pectin\/\" \/>\n<meta property=\"og:locale\" content=\"fr_FR\" \/>\n<meta property=\"og:type\" content=\"article\" \/>\n<meta property=\"og:title\" content=\"Phytothera pectine de pomme apple pectin - pharmadreams\" \/>\n<meta property=\"og:description\" content=\"La pectine est un type de fibres dite solubles.  Elle poss\u00e8de la propri\u00e9t\u00e9 de former un gel, ce qui conf\u00e8re en partie leur texture aux confitures et aux gel\u00e9es de fruits.  Elle repr\u00e9sente environ la moiti\u00e9 de la quantit\u00e9 totale de fibres contenues dans la pomme, surtout dans la pelure.  Par leur capacit\u00e9 de former un gel, ces fibres solubles pourraient lier, en partie,le sucre et le cholest\u00e9rol dans l\u2019intestin et ainsi, en r\u00e9duire l\u2019absorption. Hypercholest\u00e9rol\u00e9mie: Deux \u00e9tudes ont d\u00e9montr\u00e9 une diminution significative du cholest\u00e9rol dans le sang chez le rat lorsqu\u2019on lui administrait de la pectine de pomme. Cela s\u2019expliquerait par la plus grande quantit\u00e9 de cholest\u00e9rol \u00e9limin\u00e9 dans les selles.\" \/>\n<meta property=\"og:url\" content=\"https:\/\/pharmadreams.shop\/index.php\/product\/phytothera-pectine-de-pomme-apple-pectin\/\" \/>\n<meta property=\"og:site_name\" content=\"pharmadreams\" \/>\n<meta property=\"article:modified_time\" content=\"2024-03-15T23:51:19+00:00\" \/>\n<meta property=\"og:image\" content=\"https:\/\/pharmadreams.shop\/wp-content\/uploads\/2023\/12\/Sans-titre-242.png\" \/>\n\t<meta property=\"og:image:width\" content=\"952\" \/>\n\t<meta property=\"og:image:height\" content=\"856\" \/>\n\t<meta property=\"og:image:type\" content=\"image\/png\" \/>\n<meta name=\"twitter:card\" content=\"summary_large_image\" \/>\n<meta name=\"twitter:label1\" content=\"Dur\u00e9e de lecture estim\u00e9e\" \/>\n\t<meta name=\"twitter:data1\" content=\"1 minute\" \/>\n<script type=\"application\/ld+json\" class=\"yoast-schema-graph\">{\"@context\":\"https:\/\/schema.org\",\"@graph\":[{\"@type\":\"WebPage\",\"@id\":\"https:\/\/pharmadreams.shop\/index.php\/product\/phytothera-pectine-de-pomme-apple-pectin\/\",\"url\":\"https:\/\/pharmadreams.shop\/index.php\/product\/phytothera-pectine-de-pomme-apple-pectin\/\",\"name\":\"Phytothera pectine de pomme apple pectin - pharmadreams\",\"isPartOf\":{\"@id\":\"https:\/\/pharmadreams.shop\/#website\"},\"primaryImageOfPage\":{\"@id\":\"https:\/\/pharmadreams.shop\/index.php\/product\/phytothera-pectine-de-pomme-apple-pectin\/#primaryimage\"},\"image\":{\"@id\":\"https:\/\/pharmadreams.shop\/index.php\/product\/phytothera-pectine-de-pomme-apple-pectin\/#primaryimage\"},\"thumbnailUrl\":\"https:\/\/pharmadreams.shop\/wp-content\/uploads\/2023\/12\/Sans-titre-242.png\",\"datePublished\":\"2023-12-19T18:46:10+00:00\",\"dateModified\":\"2024-03-15T23:51:19+00:00\",\"breadcrumb\":{\"@id\":\"https:\/\/pharmadreams.shop\/index.php\/product\/phytothera-pectine-de-pomme-apple-pectin\/#breadcrumb\"},\"inLanguage\":\"fr-FR\",\"potentialAction\":[{\"@type\":\"ReadAction\",\"target\":[\"https:\/\/pharmadreams.shop\/index.php\/product\/phytothera-pectine-de-pomme-apple-pectin\/\"]}]},{\"@type\":\"ImageObject\",\"inLanguage\":\"fr-FR\",\"@id\":\"https:\/\/pharmadreams.shop\/index.php\/product\/phytothera-pectine-de-pomme-apple-pectin\/#primaryimage\",\"url\":\"https:\/\/pharmadreams.shop\/wp-content\/uploads\/2023\/12\/Sans-titre-242.png\",\"contentUrl\":\"https:\/\/pharmadreams.shop\/wp-content\/uploads\/2023\/12\/Sans-titre-242.png\",\"width\":952,\"height\":856},{\"@type\":\"BreadcrumbList\",\"@id\":\"https:\/\/pharmadreams.shop\/index.php\/product\/phytothera-pectine-de-pomme-apple-pectin\/#breadcrumb\",\"itemListElement\":[{\"@type\":\"ListItem\",\"position\":1,\"name\":\"Accueil\",\"item\":\"https:\/\/pharmadreams.shop\/\"},{\"@type\":\"ListItem\",\"position\":2,\"name\":\"Shop\",\"item\":\"https:\/\/pharmadreams.shop\/index.php\/shop\/\"},{\"@type\":\"ListItem\",\"position\":3,\"name\":\"Phytothera pectine de pomme apple pectin\"}]},{\"@type\":\"WebSite\",\"@id\":\"https:\/\/pharmadreams.shop\/#website\",\"url\":\"https:\/\/pharmadreams.shop\/\",\"name\":\"pharmadreams\",\"description\":\"Parapharmacie en ligne\",\"potentialAction\":[{\"@type\":\"SearchAction\",\"target\":{\"@type\":\"EntryPoint\",\"urlTemplate\":\"https:\/\/pharmadreams.shop\/?s={search_term_string}\"},\"query-input\":\"required name=search_term_string\"}],\"inLanguage\":\"fr-FR\"}]}<\/script>\n<!-- \/ Yoast SEO plugin. -->","yoast_head_json":{"title":"Phytothera pectine de pomme apple pectin - pharmadreams","robots":{"index":"index","follow":"follow","max-snippet":"max-snippet:-1","max-image-preview":"max-image-preview:large","max-video-preview":"max-video-preview:-1"},"canonical":"https:\/\/pharmadreams.shop\/index.php\/product\/phytothera-pectine-de-pomme-apple-pectin\/","og_locale":"fr_FR","og_type":"article","og_title":"Phytothera pectine de pomme apple pectin - pharmadreams","og_description":"La pectine est un type de fibres dite solubles.  Elle poss\u00e8de la propri\u00e9t\u00e9 de former un gel, ce qui conf\u00e8re en partie leur texture aux confitures et aux gel\u00e9es de fruits.  Elle repr\u00e9sente environ la moiti\u00e9 de la quantit\u00e9 totale de fibres contenues dans la pomme, surtout dans la pelure.  Par leur capacit\u00e9 de former un gel, ces fibres solubles pourraient lier, en partie,le sucre et le cholest\u00e9rol dans l\u2019intestin et ainsi, en r\u00e9duire l\u2019absorption. Hypercholest\u00e9rol\u00e9mie: Deux \u00e9tudes ont d\u00e9montr\u00e9 une diminution significative du cholest\u00e9rol dans le sang chez le rat lorsqu\u2019on lui administrait de la pectine de pomme. Cela s\u2019expliquerait par la plus grande quantit\u00e9 de cholest\u00e9rol \u00e9limin\u00e9 dans les selles.","og_url":"https:\/\/pharmadreams.shop\/index.php\/product\/phytothera-pectine-de-pomme-apple-pectin\/","og_site_name":"pharmadreams","article_modified_time":"2024-03-15T23:51:19+00:00","og_image":[{"width":952,"height":856,"url":"https:\/\/pharmadreams.shop\/wp-content\/uploads\/2023\/12\/Sans-titre-242.png","type":"image\/png"}],"twitter_card":"summary_large_image","twitter_misc":{"Dur\u00e9e de lecture estim\u00e9e":"1 minute"},"schema":{"@context":"https:\/\/schema.org","@graph":[{"@type":"WebPage","@id":"https:\/\/pharmadreams.shop\/index.php\/product\/phytothera-pectine-de-pomme-apple-pectin\/","url":"https:\/\/pharmadreams.shop\/index.php\/product\/phytothera-pectine-de-pomme-apple-pectin\/","name":"Phytothera pectine de pomme apple pectin - pharmadreams","isPartOf":{"@id":"https:\/\/pharmadreams.shop\/#website"},"primaryImageOfPage":{"@id":"https:\/\/pharmadreams.shop\/index.php\/product\/phytothera-pectine-de-pomme-apple-pectin\/#primaryimage"},"image":{"@id":"https:\/\/pharmadreams.shop\/index.php\/product\/phytothera-pectine-de-pomme-apple-pectin\/#primaryimage"},"thumbnailUrl":"https:\/\/pharmadreams.shop\/wp-content\/uploads\/2023\/12\/Sans-titre-242.png","datePublished":"2023-12-19T18:46:10+00:00","dateModified":"2024-03-15T23:51:19+00:00","breadcrumb":{"@id":"https:\/\/pharmadreams.shop\/index.php\/product\/phytothera-pectine-de-pomme-apple-pectin\/#breadcrumb"},"inLanguage":"fr-FR","potentialAction":[{"@type":"ReadAction","target":["https:\/\/pharmadreams.shop\/index.php\/product\/phytothera-pectine-de-pomme-apple-pectin\/"]}]},{"@type":"ImageObject","inLanguage":"fr-FR","@id":"https:\/\/pharmadreams.shop\/index.php\/product\/phytothera-pectine-de-pomme-apple-pectin\/#primaryimage","url":"https:\/\/pharmadreams.shop\/wp-content\/uploads\/2023\/12\/Sans-titre-242.png","contentUrl":"https:\/\/pharmadreams.shop\/wp-content\/uploads\/2023\/12\/Sans-titre-242.png","width":952,"height":856},{"@type":"BreadcrumbList","@id":"https:\/\/pharmadreams.shop\/index.php\/product\/phytothera-pectine-de-pomme-apple-pectin\/#breadcrumb","itemListElement":[{"@type":"ListItem","position":1,"name":"Accueil","item":"https:\/\/pharmadreams.shop\/"},{"@type":"ListItem","position":2,"name":"Shop","item":"https:\/\/pharmadreams.shop\/index.php\/shop\/"},{"@type":"ListItem","position":3,"name":"Phytothera pectine de pomme apple pectin"}]},{"@type":"WebSite","@id":"https:\/\/pharmadreams.shop\/#website","url":"https:\/\/pharmadreams.shop\/","name":"pharmadreams","description":"Parapharmacie en ligne","potentialAction":[{"@type":"SearchAction","target":{"@type":"EntryPoint","urlTemplate":"https:\/\/pharmadreams.shop\/?s={search_term_string}"},"query-input":"required name=search_term_string"}],"inLanguage":"fr-FR"}]}},"_links":{"self":[{"href":"https:\/\/pharmadreams.shop\/index.php\/wp-json\/wp\/v2\/product\/17436","targetHints":{"allow":["GET"]}}],"collection":[{"href":"https:\/\/pharmadreams.shop\/index.php\/wp-json\/wp\/v2\/product"}],"about":[{"href":"https:\/\/pharmadreams.shop\/index.php\/wp-json\/wp\/v2\/types\/product"}],"replies":[{"embeddable":true,"href":"https:\/\/pharmadreams.shop\/index.php\/wp-json\/wp\/v2\/comments?post=17436"}],"version-history":[{"count":0,"href":"https:\/\/pharmadreams.shop\/index.php\/wp-json\/wp\/v2\/product\/17436\/revisions"}],"wp:featuredmedia":[{"embeddable":true,"href":"https:\/\/pharmadreams.shop\/index.php\/wp-json\/wp\/v2\/media\/17489"}],"wp:attachment":[{"href":"https:\/\/pharmadreams.shop\/index.php\/wp-json\/wp\/v2\/media?parent=17436"}],"wp:term":[{"taxonomy":"product_brand","embeddable":true,"href":"https:\/\/pharmadreams.shop\/index.php\/wp-json\/wp\/v2\/product_brand?post=17436"},{"taxonomy":"product_cat","embeddable":true,"href":"https:\/\/pharmadreams.shop\/index.php\/wp-json\/wp\/v2\/product_cat?post=17436"},{"taxonomy":"product_tag","embeddable":true,"href":"https:\/\/pharmadreams.shop\/index.php\/wp-json\/wp\/v2\/product_tag?post=17436"}],"curies":[{"name":"wp","href":"https:\/\/api.w.org\/{rel}","templated":true}]}}