{"id":17935,"date":"2024-04-26T23:01:17","date_gmt":"2024-04-26T22:01:17","guid":{"rendered":"https:\/\/pharmadreams.shop\/?post_type=product&#038;p=17935"},"modified":"2024-04-29T11:06:15","modified_gmt":"2024-04-29T10:06:15","slug":"dermedic-hydrain-3-serum-30-ml","status":"publish","type":"product","link":"https:\/\/pharmadreams.shop\/index.php\/product\/dermedic-hydrain-3-serum-30-ml\/","title":{"rendered":"DERMEDIC HYDRAIN 3 SERUM 30 ML"},"content":{"rendered":"","protected":false},"excerpt":{"rendered":"<p>Dermedic le S\u00e9rum hydratant visage, cou et d\u00e9collet\u00e9 de la s\u00e9rie DERMEDIC HYDRAIN 3. HIALURO est un produit con\u00e7u pour le soin des peaux s\u00e8ches et tr\u00e8s s\u00e8ches dans des conditions de forte s\u00e9cheresse ou alternativement avec la cr\u00e8me Hydrain3 pour renforcer les soins de base. Il n&rsquo;irrite pas &#8211; un produit hypoallerg\u00e9nique<\/p>\n","protected":false},"featured_media":17950,"comment_status":"open","ping_status":"closed","template":"","meta":[],"product_brand":[],"product_cat":[94,20],"product_tag":[],"class_list":{"0":"post-17935","1":"product","2":"type-product","3":"status-publish","4":"has-post-thumbnail","6":"product_cat-serum","7":"product_cat-visage","9":"first","10":"instock","11":"sale","12":"shipping-taxable","13":"purchasable","14":"product-type-simple"},"yoast_head":"<!-- This site is optimized with the Yoast SEO plugin v23.0 - https:\/\/yoast.com\/wordpress\/plugins\/seo\/ -->\n<title>DERMEDIC HYDRAIN 3 SERUM 30 ML - pharmadreams<\/title>\n<meta name=\"robots\" content=\"index, follow, max-snippet:-1, max-image-preview:large, max-video-preview:-1\" \/>\n<link rel=\"canonical\" href=\"https:\/\/pharmadreams.shop\/index.php\/product\/dermedic-hydrain-3-serum-30-ml\/\" \/>\n<meta property=\"og:locale\" content=\"fr_FR\" \/>\n<meta property=\"og:type\" content=\"article\" \/>\n<meta property=\"og:title\" content=\"DERMEDIC HYDRAIN 3 SERUM 30 ML - pharmadreams\" \/>\n<meta property=\"og:description\" content=\"Dermedic le S\u00e9rum hydratant visage, cou et d\u00e9collet\u00e9 de la s\u00e9rie DERMEDIC HYDRAIN 3. HIALURO est un produit con\u00e7u pour le soin des peaux s\u00e8ches et tr\u00e8s s\u00e8ches dans des conditions de forte s\u00e9cheresse ou alternativement avec la cr\u00e8me Hydrain3 pour renforcer les soins de base. Il n&#039;irrite pas - un produit hypoallerg\u00e9nique\" \/>\n<meta property=\"og:url\" content=\"https:\/\/pharmadreams.shop\/index.php\/product\/dermedic-hydrain-3-serum-30-ml\/\" \/>\n<meta property=\"og:site_name\" content=\"pharmadreams\" \/>\n<meta property=\"article:modified_time\" content=\"2024-04-29T10:06:15+00:00\" \/>\n<meta property=\"og:image\" content=\"https:\/\/pharmadreams.shop\/wp-content\/uploads\/2024\/04\/dermedic-hydrain-3-serum-30ml.png\" \/>\n\t<meta property=\"og:image:width\" content=\"800\" \/>\n\t<meta property=\"og:image:height\" content=\"800\" \/>\n\t<meta property=\"og:image:type\" content=\"image\/png\" \/>\n<meta name=\"twitter:card\" content=\"summary_large_image\" \/>\n<meta name=\"twitter:label1\" content=\"Dur\u00e9e de lecture estim\u00e9e\" \/>\n\t<meta name=\"twitter:data1\" content=\"1 minute\" \/>\n<script type=\"application\/ld+json\" class=\"yoast-schema-graph\">{\"@context\":\"https:\/\/schema.org\",\"@graph\":[{\"@type\":\"WebPage\",\"@id\":\"https:\/\/pharmadreams.shop\/index.php\/product\/dermedic-hydrain-3-serum-30-ml\/\",\"url\":\"https:\/\/pharmadreams.shop\/index.php\/product\/dermedic-hydrain-3-serum-30-ml\/\",\"name\":\"DERMEDIC HYDRAIN 3 SERUM 30 ML - pharmadreams\",\"isPartOf\":{\"@id\":\"https:\/\/pharmadreams.shop\/#website\"},\"primaryImageOfPage\":{\"@id\":\"https:\/\/pharmadreams.shop\/index.php\/product\/dermedic-hydrain-3-serum-30-ml\/#primaryimage\"},\"image\":{\"@id\":\"https:\/\/pharmadreams.shop\/index.php\/product\/dermedic-hydrain-3-serum-30-ml\/#primaryimage\"},\"thumbnailUrl\":\"https:\/\/pharmadreams.shop\/wp-content\/uploads\/2024\/04\/dermedic-hydrain-3-serum-30ml.png\",\"datePublished\":\"2024-04-26T22:01:17+00:00\",\"dateModified\":\"2024-04-29T10:06:15+00:00\",\"breadcrumb\":{\"@id\":\"https:\/\/pharmadreams.shop\/index.php\/product\/dermedic-hydrain-3-serum-30-ml\/#breadcrumb\"},\"inLanguage\":\"fr-FR\",\"potentialAction\":[{\"@type\":\"ReadAction\",\"target\":[\"https:\/\/pharmadreams.shop\/index.php\/product\/dermedic-hydrain-3-serum-30-ml\/\"]}]},{\"@type\":\"ImageObject\",\"inLanguage\":\"fr-FR\",\"@id\":\"https:\/\/pharmadreams.shop\/index.php\/product\/dermedic-hydrain-3-serum-30-ml\/#primaryimage\",\"url\":\"https:\/\/pharmadreams.shop\/wp-content\/uploads\/2024\/04\/dermedic-hydrain-3-serum-30ml.png\",\"contentUrl\":\"https:\/\/pharmadreams.shop\/wp-content\/uploads\/2024\/04\/dermedic-hydrain-3-serum-30ml.png\",\"width\":800,\"height\":800},{\"@type\":\"BreadcrumbList\",\"@id\":\"https:\/\/pharmadreams.shop\/index.php\/product\/dermedic-hydrain-3-serum-30-ml\/#breadcrumb\",\"itemListElement\":[{\"@type\":\"ListItem\",\"position\":1,\"name\":\"Accueil\",\"item\":\"https:\/\/pharmadreams.shop\/\"},{\"@type\":\"ListItem\",\"position\":2,\"name\":\"Shop\",\"item\":\"https:\/\/pharmadreams.shop\/index.php\/shop\/\"},{\"@type\":\"ListItem\",\"position\":3,\"name\":\"DERMEDIC HYDRAIN 3 SERUM 30 ML\"}]},{\"@type\":\"WebSite\",\"@id\":\"https:\/\/pharmadreams.shop\/#website\",\"url\":\"https:\/\/pharmadreams.shop\/\",\"name\":\"pharmadreams\",\"description\":\"Parapharmacie en ligne\",\"potentialAction\":[{\"@type\":\"SearchAction\",\"target\":{\"@type\":\"EntryPoint\",\"urlTemplate\":\"https:\/\/pharmadreams.shop\/?s={search_term_string}\"},\"query-input\":\"required name=search_term_string\"}],\"inLanguage\":\"fr-FR\"}]}<\/script>\n<!-- \/ Yoast SEO plugin. -->","yoast_head_json":{"title":"DERMEDIC HYDRAIN 3 SERUM 30 ML - pharmadreams","robots":{"index":"index","follow":"follow","max-snippet":"max-snippet:-1","max-image-preview":"max-image-preview:large","max-video-preview":"max-video-preview:-1"},"canonical":"https:\/\/pharmadreams.shop\/index.php\/product\/dermedic-hydrain-3-serum-30-ml\/","og_locale":"fr_FR","og_type":"article","og_title":"DERMEDIC HYDRAIN 3 SERUM 30 ML - pharmadreams","og_description":"Dermedic le S\u00e9rum hydratant visage, cou et d\u00e9collet\u00e9 de la s\u00e9rie DERMEDIC HYDRAIN 3. HIALURO est un produit con\u00e7u pour le soin des peaux s\u00e8ches et tr\u00e8s s\u00e8ches dans des conditions de forte s\u00e9cheresse ou alternativement avec la cr\u00e8me Hydrain3 pour renforcer les soins de base. Il n'irrite pas - un produit hypoallerg\u00e9nique","og_url":"https:\/\/pharmadreams.shop\/index.php\/product\/dermedic-hydrain-3-serum-30-ml\/","og_site_name":"pharmadreams","article_modified_time":"2024-04-29T10:06:15+00:00","og_image":[{"width":800,"height":800,"url":"https:\/\/pharmadreams.shop\/wp-content\/uploads\/2024\/04\/dermedic-hydrain-3-serum-30ml.png","type":"image\/png"}],"twitter_card":"summary_large_image","twitter_misc":{"Dur\u00e9e de lecture estim\u00e9e":"1 minute"},"schema":{"@context":"https:\/\/schema.org","@graph":[{"@type":"WebPage","@id":"https:\/\/pharmadreams.shop\/index.php\/product\/dermedic-hydrain-3-serum-30-ml\/","url":"https:\/\/pharmadreams.shop\/index.php\/product\/dermedic-hydrain-3-serum-30-ml\/","name":"DERMEDIC HYDRAIN 3 SERUM 30 ML - pharmadreams","isPartOf":{"@id":"https:\/\/pharmadreams.shop\/#website"},"primaryImageOfPage":{"@id":"https:\/\/pharmadreams.shop\/index.php\/product\/dermedic-hydrain-3-serum-30-ml\/#primaryimage"},"image":{"@id":"https:\/\/pharmadreams.shop\/index.php\/product\/dermedic-hydrain-3-serum-30-ml\/#primaryimage"},"thumbnailUrl":"https:\/\/pharmadreams.shop\/wp-content\/uploads\/2024\/04\/dermedic-hydrain-3-serum-30ml.png","datePublished":"2024-04-26T22:01:17+00:00","dateModified":"2024-04-29T10:06:15+00:00","breadcrumb":{"@id":"https:\/\/pharmadreams.shop\/index.php\/product\/dermedic-hydrain-3-serum-30-ml\/#breadcrumb"},"inLanguage":"fr-FR","potentialAction":[{"@type":"ReadAction","target":["https:\/\/pharmadreams.shop\/index.php\/product\/dermedic-hydrain-3-serum-30-ml\/"]}]},{"@type":"ImageObject","inLanguage":"fr-FR","@id":"https:\/\/pharmadreams.shop\/index.php\/product\/dermedic-hydrain-3-serum-30-ml\/#primaryimage","url":"https:\/\/pharmadreams.shop\/wp-content\/uploads\/2024\/04\/dermedic-hydrain-3-serum-30ml.png","contentUrl":"https:\/\/pharmadreams.shop\/wp-content\/uploads\/2024\/04\/dermedic-hydrain-3-serum-30ml.png","width":800,"height":800},{"@type":"BreadcrumbList","@id":"https:\/\/pharmadreams.shop\/index.php\/product\/dermedic-hydrain-3-serum-30-ml\/#breadcrumb","itemListElement":[{"@type":"ListItem","position":1,"name":"Accueil","item":"https:\/\/pharmadreams.shop\/"},{"@type":"ListItem","position":2,"name":"Shop","item":"https:\/\/pharmadreams.shop\/index.php\/shop\/"},{"@type":"ListItem","position":3,"name":"DERMEDIC HYDRAIN 3 SERUM 30 ML"}]},{"@type":"WebSite","@id":"https:\/\/pharmadreams.shop\/#website","url":"https:\/\/pharmadreams.shop\/","name":"pharmadreams","description":"Parapharmacie en ligne","potentialAction":[{"@type":"SearchAction","target":{"@type":"EntryPoint","urlTemplate":"https:\/\/pharmadreams.shop\/?s={search_term_string}"},"query-input":"required name=search_term_string"}],"inLanguage":"fr-FR"}]}},"_links":{"self":[{"href":"https:\/\/pharmadreams.shop\/index.php\/wp-json\/wp\/v2\/product\/17935","targetHints":{"allow":["GET"]}}],"collection":[{"href":"https:\/\/pharmadreams.shop\/index.php\/wp-json\/wp\/v2\/product"}],"about":[{"href":"https:\/\/pharmadreams.shop\/index.php\/wp-json\/wp\/v2\/types\/product"}],"replies":[{"embeddable":true,"href":"https:\/\/pharmadreams.shop\/index.php\/wp-json\/wp\/v2\/comments?post=17935"}],"version-history":[{"count":0,"href":"https:\/\/pharmadreams.shop\/index.php\/wp-json\/wp\/v2\/product\/17935\/revisions"}],"wp:featuredmedia":[{"embeddable":true,"href":"https:\/\/pharmadreams.shop\/index.php\/wp-json\/wp\/v2\/media\/17950"}],"wp:attachment":[{"href":"https:\/\/pharmadreams.shop\/index.php\/wp-json\/wp\/v2\/media?parent=17935"}],"wp:term":[{"taxonomy":"product_brand","embeddable":true,"href":"https:\/\/pharmadreams.shop\/index.php\/wp-json\/wp\/v2\/product_brand?post=17935"},{"taxonomy":"product_cat","embeddable":true,"href":"https:\/\/pharmadreams.shop\/index.php\/wp-json\/wp\/v2\/product_cat?post=17935"},{"taxonomy":"product_tag","embeddable":true,"href":"https:\/\/pharmadreams.shop\/index.php\/wp-json\/wp\/v2\/product_tag?post=17935"}],"curies":[{"name":"wp","href":"https:\/\/api.w.org\/{rel}","templated":true}]}}