{"id":17941,"date":"2024-04-29T10:17:34","date_gmt":"2024-04-29T09:17:34","guid":{"rendered":"https:\/\/pharmadreams.shop\/?post_type=product&#038;p=17941"},"modified":"2024-04-29T10:17:34","modified_gmt":"2024-04-29T09:17:34","slug":"dermedic-hydrain-3-creme-de-nuit-50-ml","status":"publish","type":"product","link":"https:\/\/pharmadreams.shop\/index.php\/product\/dermedic-hydrain-3-creme-de-nuit-50-ml\/","title":{"rendered":"DERMEDIC HYDRAIN 3 Creme de Nuit 50 ml"},"content":{"rendered":"","protected":false},"excerpt":{"rendered":"<p>Actifs : Complexe Aqualare : Acides Hialuroniques (4 formes) + eau thermale + tr\u00e9halose, Huile d\u2019Avocat, Vitamine E, Huile d\u2019Olive, Phytosqualane, Glyc\u00e9rine+DubDiol<\/p>\n<p>Revitalisation intense et hydratation profonde et durable<br \/>\nR\u00e9duction de la visibilit\u00e9 des signes du vieillissement<br \/>\nAm\u00e9lioration de la fermet\u00e9 et de la densit\u00e9 de la peau<br \/>\nAm\u00e9lioration active de l\u2019\u00e9tat de la peau d\u00e8s la premi\u00e8re application<br \/>\nHaute concentration d\u2019ingr\u00e9dients actifs<br \/>\nHypoallerg\u00e9nique, \u00e0 l\u2019eau thermale<\/p>\n","protected":false},"featured_media":17942,"comment_status":"open","ping_status":"closed","template":"","meta":[],"product_brand":[],"product_cat":[100,78,20],"product_tag":[],"class_list":{"0":"post-17941","1":"product","2":"type-product","3":"status-publish","4":"has-post-thumbnail","6":"product_cat-anti-age","7":"product_cat-cremes","8":"product_cat-visage","10":"first","11":"instock","12":"shipping-taxable","13":"purchasable","14":"product-type-simple"},"yoast_head":"<!-- This site is optimized with the Yoast SEO plugin v23.0 - https:\/\/yoast.com\/wordpress\/plugins\/seo\/ -->\n<title>DERMEDIC HYDRAIN 3 Creme de Nuit 50 ml - pharmadreams<\/title>\n<meta name=\"robots\" content=\"index, follow, max-snippet:-1, max-image-preview:large, max-video-preview:-1\" \/>\n<link rel=\"canonical\" href=\"https:\/\/pharmadreams.shop\/index.php\/product\/dermedic-hydrain-3-creme-de-nuit-50-ml\/\" \/>\n<meta property=\"og:locale\" content=\"fr_FR\" \/>\n<meta property=\"og:type\" content=\"article\" \/>\n<meta property=\"og:title\" content=\"DERMEDIC HYDRAIN 3 Creme de Nuit 50 ml - pharmadreams\" \/>\n<meta property=\"og:description\" content=\"Actifs : Complexe Aqualare : Acides Hialuroniques (4 formes) + eau thermale + tr\u00e9halose, Huile d\u2019Avocat, Vitamine E, Huile d\u2019Olive, Phytosqualane, Glyc\u00e9rine+DubDiol  Revitalisation intense et hydratation profonde et durable R\u00e9duction de la visibilit\u00e9 des signes du vieillissement Am\u00e9lioration de la fermet\u00e9 et de la densit\u00e9 de la peau Am\u00e9lioration active de l\u2019\u00e9tat de la peau d\u00e8s la premi\u00e8re application Haute concentration d\u2019ingr\u00e9dients actifs Hypoallerg\u00e9nique, \u00e0 l\u2019eau thermale\" \/>\n<meta property=\"og:url\" content=\"https:\/\/pharmadreams.shop\/index.php\/product\/dermedic-hydrain-3-creme-de-nuit-50-ml\/\" \/>\n<meta property=\"og:site_name\" content=\"pharmadreams\" \/>\n<meta property=\"og:image\" content=\"https:\/\/pharmadreams.shop\/wp-content\/uploads\/2024\/04\/dermedic-hydrain-3-creme-de-nuit-hydratante-anti-rides-55g-450x450-1.webp\" \/>\n\t<meta property=\"og:image:width\" content=\"450\" \/>\n\t<meta property=\"og:image:height\" content=\"450\" \/>\n\t<meta property=\"og:image:type\" content=\"image\/webp\" \/>\n<meta name=\"twitter:card\" content=\"summary_large_image\" \/>\n<meta name=\"twitter:label1\" content=\"Dur\u00e9e de lecture estim\u00e9e\" \/>\n\t<meta name=\"twitter:data1\" content=\"1 minute\" \/>\n<script type=\"application\/ld+json\" class=\"yoast-schema-graph\">{\"@context\":\"https:\/\/schema.org\",\"@graph\":[{\"@type\":\"WebPage\",\"@id\":\"https:\/\/pharmadreams.shop\/index.php\/product\/dermedic-hydrain-3-creme-de-nuit-50-ml\/\",\"url\":\"https:\/\/pharmadreams.shop\/index.php\/product\/dermedic-hydrain-3-creme-de-nuit-50-ml\/\",\"name\":\"DERMEDIC HYDRAIN 3 Creme de Nuit 50 ml - pharmadreams\",\"isPartOf\":{\"@id\":\"https:\/\/pharmadreams.shop\/#website\"},\"primaryImageOfPage\":{\"@id\":\"https:\/\/pharmadreams.shop\/index.php\/product\/dermedic-hydrain-3-creme-de-nuit-50-ml\/#primaryimage\"},\"image\":{\"@id\":\"https:\/\/pharmadreams.shop\/index.php\/product\/dermedic-hydrain-3-creme-de-nuit-50-ml\/#primaryimage\"},\"thumbnailUrl\":\"https:\/\/pharmadreams.shop\/wp-content\/uploads\/2024\/04\/dermedic-hydrain-3-creme-de-nuit-hydratante-anti-rides-55g-450x450-1.webp\",\"datePublished\":\"2024-04-29T09:17:34+00:00\",\"dateModified\":\"2024-04-29T09:17:34+00:00\",\"breadcrumb\":{\"@id\":\"https:\/\/pharmadreams.shop\/index.php\/product\/dermedic-hydrain-3-creme-de-nuit-50-ml\/#breadcrumb\"},\"inLanguage\":\"fr-FR\",\"potentialAction\":[{\"@type\":\"ReadAction\",\"target\":[\"https:\/\/pharmadreams.shop\/index.php\/product\/dermedic-hydrain-3-creme-de-nuit-50-ml\/\"]}]},{\"@type\":\"ImageObject\",\"inLanguage\":\"fr-FR\",\"@id\":\"https:\/\/pharmadreams.shop\/index.php\/product\/dermedic-hydrain-3-creme-de-nuit-50-ml\/#primaryimage\",\"url\":\"https:\/\/pharmadreams.shop\/wp-content\/uploads\/2024\/04\/dermedic-hydrain-3-creme-de-nuit-hydratante-anti-rides-55g-450x450-1.webp\",\"contentUrl\":\"https:\/\/pharmadreams.shop\/wp-content\/uploads\/2024\/04\/dermedic-hydrain-3-creme-de-nuit-hydratante-anti-rides-55g-450x450-1.webp\",\"width\":450,\"height\":450},{\"@type\":\"BreadcrumbList\",\"@id\":\"https:\/\/pharmadreams.shop\/index.php\/product\/dermedic-hydrain-3-creme-de-nuit-50-ml\/#breadcrumb\",\"itemListElement\":[{\"@type\":\"ListItem\",\"position\":1,\"name\":\"Accueil\",\"item\":\"https:\/\/pharmadreams.shop\/\"},{\"@type\":\"ListItem\",\"position\":2,\"name\":\"Shop\",\"item\":\"https:\/\/pharmadreams.shop\/index.php\/shop\/\"},{\"@type\":\"ListItem\",\"position\":3,\"name\":\"DERMEDIC HYDRAIN 3 Creme de Nuit 50 ml\"}]},{\"@type\":\"WebSite\",\"@id\":\"https:\/\/pharmadreams.shop\/#website\",\"url\":\"https:\/\/pharmadreams.shop\/\",\"name\":\"pharmadreams\",\"description\":\"Parapharmacie en ligne\",\"potentialAction\":[{\"@type\":\"SearchAction\",\"target\":{\"@type\":\"EntryPoint\",\"urlTemplate\":\"https:\/\/pharmadreams.shop\/?s={search_term_string}\"},\"query-input\":\"required name=search_term_string\"}],\"inLanguage\":\"fr-FR\"}]}<\/script>\n<!-- \/ Yoast SEO plugin. -->","yoast_head_json":{"title":"DERMEDIC HYDRAIN 3 Creme de Nuit 50 ml - pharmadreams","robots":{"index":"index","follow":"follow","max-snippet":"max-snippet:-1","max-image-preview":"max-image-preview:large","max-video-preview":"max-video-preview:-1"},"canonical":"https:\/\/pharmadreams.shop\/index.php\/product\/dermedic-hydrain-3-creme-de-nuit-50-ml\/","og_locale":"fr_FR","og_type":"article","og_title":"DERMEDIC HYDRAIN 3 Creme de Nuit 50 ml - pharmadreams","og_description":"Actifs : Complexe Aqualare : Acides Hialuroniques (4 formes) + eau thermale + tr\u00e9halose, Huile d\u2019Avocat, Vitamine E, Huile d\u2019Olive, Phytosqualane, Glyc\u00e9rine+DubDiol  Revitalisation intense et hydratation profonde et durable R\u00e9duction de la visibilit\u00e9 des signes du vieillissement Am\u00e9lioration de la fermet\u00e9 et de la densit\u00e9 de la peau Am\u00e9lioration active de l\u2019\u00e9tat de la peau d\u00e8s la premi\u00e8re application Haute concentration d\u2019ingr\u00e9dients actifs Hypoallerg\u00e9nique, \u00e0 l\u2019eau thermale","og_url":"https:\/\/pharmadreams.shop\/index.php\/product\/dermedic-hydrain-3-creme-de-nuit-50-ml\/","og_site_name":"pharmadreams","og_image":[{"width":450,"height":450,"url":"https:\/\/pharmadreams.shop\/wp-content\/uploads\/2024\/04\/dermedic-hydrain-3-creme-de-nuit-hydratante-anti-rides-55g-450x450-1.webp","type":"image\/webp"}],"twitter_card":"summary_large_image","twitter_misc":{"Dur\u00e9e de lecture estim\u00e9e":"1 minute"},"schema":{"@context":"https:\/\/schema.org","@graph":[{"@type":"WebPage","@id":"https:\/\/pharmadreams.shop\/index.php\/product\/dermedic-hydrain-3-creme-de-nuit-50-ml\/","url":"https:\/\/pharmadreams.shop\/index.php\/product\/dermedic-hydrain-3-creme-de-nuit-50-ml\/","name":"DERMEDIC HYDRAIN 3 Creme de Nuit 50 ml - pharmadreams","isPartOf":{"@id":"https:\/\/pharmadreams.shop\/#website"},"primaryImageOfPage":{"@id":"https:\/\/pharmadreams.shop\/index.php\/product\/dermedic-hydrain-3-creme-de-nuit-50-ml\/#primaryimage"},"image":{"@id":"https:\/\/pharmadreams.shop\/index.php\/product\/dermedic-hydrain-3-creme-de-nuit-50-ml\/#primaryimage"},"thumbnailUrl":"https:\/\/pharmadreams.shop\/wp-content\/uploads\/2024\/04\/dermedic-hydrain-3-creme-de-nuit-hydratante-anti-rides-55g-450x450-1.webp","datePublished":"2024-04-29T09:17:34+00:00","dateModified":"2024-04-29T09:17:34+00:00","breadcrumb":{"@id":"https:\/\/pharmadreams.shop\/index.php\/product\/dermedic-hydrain-3-creme-de-nuit-50-ml\/#breadcrumb"},"inLanguage":"fr-FR","potentialAction":[{"@type":"ReadAction","target":["https:\/\/pharmadreams.shop\/index.php\/product\/dermedic-hydrain-3-creme-de-nuit-50-ml\/"]}]},{"@type":"ImageObject","inLanguage":"fr-FR","@id":"https:\/\/pharmadreams.shop\/index.php\/product\/dermedic-hydrain-3-creme-de-nuit-50-ml\/#primaryimage","url":"https:\/\/pharmadreams.shop\/wp-content\/uploads\/2024\/04\/dermedic-hydrain-3-creme-de-nuit-hydratante-anti-rides-55g-450x450-1.webp","contentUrl":"https:\/\/pharmadreams.shop\/wp-content\/uploads\/2024\/04\/dermedic-hydrain-3-creme-de-nuit-hydratante-anti-rides-55g-450x450-1.webp","width":450,"height":450},{"@type":"BreadcrumbList","@id":"https:\/\/pharmadreams.shop\/index.php\/product\/dermedic-hydrain-3-creme-de-nuit-50-ml\/#breadcrumb","itemListElement":[{"@type":"ListItem","position":1,"name":"Accueil","item":"https:\/\/pharmadreams.shop\/"},{"@type":"ListItem","position":2,"name":"Shop","item":"https:\/\/pharmadreams.shop\/index.php\/shop\/"},{"@type":"ListItem","position":3,"name":"DERMEDIC HYDRAIN 3 Creme de Nuit 50 ml"}]},{"@type":"WebSite","@id":"https:\/\/pharmadreams.shop\/#website","url":"https:\/\/pharmadreams.shop\/","name":"pharmadreams","description":"Parapharmacie en ligne","potentialAction":[{"@type":"SearchAction","target":{"@type":"EntryPoint","urlTemplate":"https:\/\/pharmadreams.shop\/?s={search_term_string}"},"query-input":"required name=search_term_string"}],"inLanguage":"fr-FR"}]}},"_links":{"self":[{"href":"https:\/\/pharmadreams.shop\/index.php\/wp-json\/wp\/v2\/product\/17941","targetHints":{"allow":["GET"]}}],"collection":[{"href":"https:\/\/pharmadreams.shop\/index.php\/wp-json\/wp\/v2\/product"}],"about":[{"href":"https:\/\/pharmadreams.shop\/index.php\/wp-json\/wp\/v2\/types\/product"}],"replies":[{"embeddable":true,"href":"https:\/\/pharmadreams.shop\/index.php\/wp-json\/wp\/v2\/comments?post=17941"}],"version-history":[{"count":0,"href":"https:\/\/pharmadreams.shop\/index.php\/wp-json\/wp\/v2\/product\/17941\/revisions"}],"wp:featuredmedia":[{"embeddable":true,"href":"https:\/\/pharmadreams.shop\/index.php\/wp-json\/wp\/v2\/media\/17942"}],"wp:attachment":[{"href":"https:\/\/pharmadreams.shop\/index.php\/wp-json\/wp\/v2\/media?parent=17941"}],"wp:term":[{"taxonomy":"product_brand","embeddable":true,"href":"https:\/\/pharmadreams.shop\/index.php\/wp-json\/wp\/v2\/product_brand?post=17941"},{"taxonomy":"product_cat","embeddable":true,"href":"https:\/\/pharmadreams.shop\/index.php\/wp-json\/wp\/v2\/product_cat?post=17941"},{"taxonomy":"product_tag","embeddable":true,"href":"https:\/\/pharmadreams.shop\/index.php\/wp-json\/wp\/v2\/product_tag?post=17941"}],"curies":[{"name":"wp","href":"https:\/\/api.w.org\/{rel}","templated":true}]}}