{"id":17944,"date":"2024-04-29T10:30:05","date_gmt":"2024-04-29T09:30:05","guid":{"rendered":"https:\/\/pharmadreams.shop\/?post_type=product&#038;p=17944"},"modified":"2024-04-29T11:18:33","modified_gmt":"2024-04-29T10:18:33","slug":"dermedic-hydrain-3-gel-creme-ultra-hydratante-50g","status":"publish","type":"product","link":"https:\/\/pharmadreams.shop\/index.php\/product\/dermedic-hydrain-3-gel-creme-ultra-hydratante-50g\/","title":{"rendered":"dermedic hydrain 3 gel creme ultra-hydratante 50g"},"content":{"rendered":"","protected":false},"excerpt":{"rendered":"<p>Fournit une hydratation intense, en profondeur et de longue dur\u00e9e qui peut \u00eatre ressentie 48 heures apr\u00e8s l\u2019application<\/p>\n<p>R\u00e9hydrate la peau et limite la perte d\u2019eau trans\u00e9pidermique<\/p>\n<p>Renforce et r\u00e9g\u00e9n\u00e8re la peau<\/p>\n<p>Pour tous les types de peau ayant besoin d\u2019hydratation<\/p>\n<p>Consistance l\u00e9g\u00e8re, non grasse, cr\u00e8me-gel<\/p>\n<p>Id\u00e9al comme base de maquillage<\/p>\n<p>Ne pas obstruer les pores<\/p>\n<p>Ingr\u00e9dients actifs :<\/p>\n<p>Eau thermale, acide hyaluronique, AqualareTM, ur\u00e9e-ur\u00e9e, glyc\u00e9rine, Dub Diol, b\u00e9ta\u00efne, phytosqualane-squalane, vitamine E<\/p>\n","protected":false},"featured_media":17954,"comment_status":"open","ping_status":"closed","template":"","meta":[],"product_brand":[],"product_cat":[78,114,203,98,20],"product_tag":[],"class_list":{"0":"post-17944","1":"product","2":"type-product","3":"status-publish","4":"has-post-thumbnail","6":"product_cat-cremes","7":"product_cat-gel","8":"product_cat-gel-creme","9":"product_cat-hydratation","10":"product_cat-visage","12":"first","13":"instock","14":"shipping-taxable","15":"purchasable","16":"product-type-simple"},"yoast_head":"<!-- This site is optimized with the Yoast SEO plugin v23.0 - https:\/\/yoast.com\/wordpress\/plugins\/seo\/ -->\n<title>dermedic hydrain 3 gel creme ultra-hydratante 50g - pharmadreams<\/title>\n<meta name=\"robots\" content=\"index, follow, max-snippet:-1, max-image-preview:large, max-video-preview:-1\" \/>\n<link rel=\"canonical\" href=\"https:\/\/pharmadreams.shop\/index.php\/product\/dermedic-hydrain-3-gel-creme-ultra-hydratante-50g\/\" \/>\n<meta property=\"og:locale\" content=\"fr_FR\" \/>\n<meta property=\"og:type\" content=\"article\" \/>\n<meta property=\"og:title\" content=\"dermedic hydrain 3 gel creme ultra-hydratante 50g - pharmadreams\" \/>\n<meta property=\"og:description\" content=\"Fournit une hydratation intense, en profondeur et de longue dur\u00e9e qui peut \u00eatre ressentie 48 heures apr\u00e8s l\u2019application  R\u00e9hydrate la peau et limite la perte d\u2019eau trans\u00e9pidermique  Renforce et r\u00e9g\u00e9n\u00e8re la peau  Pour tous les types de peau ayant besoin d\u2019hydratation  Consistance l\u00e9g\u00e8re, non grasse, cr\u00e8me-gel  Id\u00e9al comme base de maquillage  Ne pas obstruer les pores  Ingr\u00e9dients actifs :  Eau thermale, acide hyaluronique, AqualareTM, ur\u00e9e-ur\u00e9e, glyc\u00e9rine, Dub Diol, b\u00e9ta\u00efne, phytosqualane-squalane, vitamine E\" \/>\n<meta property=\"og:url\" content=\"https:\/\/pharmadreams.shop\/index.php\/product\/dermedic-hydrain-3-gel-creme-ultra-hydratante-50g\/\" \/>\n<meta property=\"og:site_name\" content=\"pharmadreams\" \/>\n<meta property=\"article:modified_time\" content=\"2024-04-29T10:18:33+00:00\" \/>\n<meta property=\"og:image\" content=\"https:\/\/pharmadreams.shop\/wp-content\/uploads\/2024\/04\/ddddd.jpg\" \/>\n\t<meta property=\"og:image:width\" content=\"500\" \/>\n\t<meta property=\"og:image:height\" content=\"500\" \/>\n\t<meta property=\"og:image:type\" content=\"image\/jpeg\" \/>\n<meta name=\"twitter:card\" content=\"summary_large_image\" \/>\n<meta name=\"twitter:label1\" content=\"Dur\u00e9e de lecture estim\u00e9e\" \/>\n\t<meta name=\"twitter:data1\" content=\"1 minute\" \/>\n<script type=\"application\/ld+json\" class=\"yoast-schema-graph\">{\"@context\":\"https:\/\/schema.org\",\"@graph\":[{\"@type\":\"WebPage\",\"@id\":\"https:\/\/pharmadreams.shop\/index.php\/product\/dermedic-hydrain-3-gel-creme-ultra-hydratante-50g\/\",\"url\":\"https:\/\/pharmadreams.shop\/index.php\/product\/dermedic-hydrain-3-gel-creme-ultra-hydratante-50g\/\",\"name\":\"dermedic hydrain 3 gel creme ultra-hydratante 50g - pharmadreams\",\"isPartOf\":{\"@id\":\"https:\/\/pharmadreams.shop\/#website\"},\"primaryImageOfPage\":{\"@id\":\"https:\/\/pharmadreams.shop\/index.php\/product\/dermedic-hydrain-3-gel-creme-ultra-hydratante-50g\/#primaryimage\"},\"image\":{\"@id\":\"https:\/\/pharmadreams.shop\/index.php\/product\/dermedic-hydrain-3-gel-creme-ultra-hydratante-50g\/#primaryimage\"},\"thumbnailUrl\":\"https:\/\/pharmadreams.shop\/wp-content\/uploads\/2024\/04\/ddddd.jpg\",\"datePublished\":\"2024-04-29T09:30:05+00:00\",\"dateModified\":\"2024-04-29T10:18:33+00:00\",\"breadcrumb\":{\"@id\":\"https:\/\/pharmadreams.shop\/index.php\/product\/dermedic-hydrain-3-gel-creme-ultra-hydratante-50g\/#breadcrumb\"},\"inLanguage\":\"fr-FR\",\"potentialAction\":[{\"@type\":\"ReadAction\",\"target\":[\"https:\/\/pharmadreams.shop\/index.php\/product\/dermedic-hydrain-3-gel-creme-ultra-hydratante-50g\/\"]}]},{\"@type\":\"ImageObject\",\"inLanguage\":\"fr-FR\",\"@id\":\"https:\/\/pharmadreams.shop\/index.php\/product\/dermedic-hydrain-3-gel-creme-ultra-hydratante-50g\/#primaryimage\",\"url\":\"https:\/\/pharmadreams.shop\/wp-content\/uploads\/2024\/04\/ddddd.jpg\",\"contentUrl\":\"https:\/\/pharmadreams.shop\/wp-content\/uploads\/2024\/04\/ddddd.jpg\",\"width\":500,\"height\":500},{\"@type\":\"BreadcrumbList\",\"@id\":\"https:\/\/pharmadreams.shop\/index.php\/product\/dermedic-hydrain-3-gel-creme-ultra-hydratante-50g\/#breadcrumb\",\"itemListElement\":[{\"@type\":\"ListItem\",\"position\":1,\"name\":\"Accueil\",\"item\":\"https:\/\/pharmadreams.shop\/\"},{\"@type\":\"ListItem\",\"position\":2,\"name\":\"Shop\",\"item\":\"https:\/\/pharmadreams.shop\/index.php\/shop\/\"},{\"@type\":\"ListItem\",\"position\":3,\"name\":\"dermedic hydrain 3 gel creme ultra-hydratante 50g\"}]},{\"@type\":\"WebSite\",\"@id\":\"https:\/\/pharmadreams.shop\/#website\",\"url\":\"https:\/\/pharmadreams.shop\/\",\"name\":\"pharmadreams\",\"description\":\"Parapharmacie en ligne\",\"potentialAction\":[{\"@type\":\"SearchAction\",\"target\":{\"@type\":\"EntryPoint\",\"urlTemplate\":\"https:\/\/pharmadreams.shop\/?s={search_term_string}\"},\"query-input\":\"required name=search_term_string\"}],\"inLanguage\":\"fr-FR\"}]}<\/script>\n<!-- \/ Yoast SEO plugin. -->","yoast_head_json":{"title":"dermedic hydrain 3 gel creme ultra-hydratante 50g - pharmadreams","robots":{"index":"index","follow":"follow","max-snippet":"max-snippet:-1","max-image-preview":"max-image-preview:large","max-video-preview":"max-video-preview:-1"},"canonical":"https:\/\/pharmadreams.shop\/index.php\/product\/dermedic-hydrain-3-gel-creme-ultra-hydratante-50g\/","og_locale":"fr_FR","og_type":"article","og_title":"dermedic hydrain 3 gel creme ultra-hydratante 50g - pharmadreams","og_description":"Fournit une hydratation intense, en profondeur et de longue dur\u00e9e qui peut \u00eatre ressentie 48 heures apr\u00e8s l\u2019application  R\u00e9hydrate la peau et limite la perte d\u2019eau trans\u00e9pidermique  Renforce et r\u00e9g\u00e9n\u00e8re la peau  Pour tous les types de peau ayant besoin d\u2019hydratation  Consistance l\u00e9g\u00e8re, non grasse, cr\u00e8me-gel  Id\u00e9al comme base de maquillage  Ne pas obstruer les pores  Ingr\u00e9dients actifs :  Eau thermale, acide hyaluronique, AqualareTM, ur\u00e9e-ur\u00e9e, glyc\u00e9rine, Dub Diol, b\u00e9ta\u00efne, phytosqualane-squalane, vitamine E","og_url":"https:\/\/pharmadreams.shop\/index.php\/product\/dermedic-hydrain-3-gel-creme-ultra-hydratante-50g\/","og_site_name":"pharmadreams","article_modified_time":"2024-04-29T10:18:33+00:00","og_image":[{"width":500,"height":500,"url":"https:\/\/pharmadreams.shop\/wp-content\/uploads\/2024\/04\/ddddd.jpg","type":"image\/jpeg"}],"twitter_card":"summary_large_image","twitter_misc":{"Dur\u00e9e de lecture estim\u00e9e":"1 minute"},"schema":{"@context":"https:\/\/schema.org","@graph":[{"@type":"WebPage","@id":"https:\/\/pharmadreams.shop\/index.php\/product\/dermedic-hydrain-3-gel-creme-ultra-hydratante-50g\/","url":"https:\/\/pharmadreams.shop\/index.php\/product\/dermedic-hydrain-3-gel-creme-ultra-hydratante-50g\/","name":"dermedic hydrain 3 gel creme ultra-hydratante 50g - pharmadreams","isPartOf":{"@id":"https:\/\/pharmadreams.shop\/#website"},"primaryImageOfPage":{"@id":"https:\/\/pharmadreams.shop\/index.php\/product\/dermedic-hydrain-3-gel-creme-ultra-hydratante-50g\/#primaryimage"},"image":{"@id":"https:\/\/pharmadreams.shop\/index.php\/product\/dermedic-hydrain-3-gel-creme-ultra-hydratante-50g\/#primaryimage"},"thumbnailUrl":"https:\/\/pharmadreams.shop\/wp-content\/uploads\/2024\/04\/ddddd.jpg","datePublished":"2024-04-29T09:30:05+00:00","dateModified":"2024-04-29T10:18:33+00:00","breadcrumb":{"@id":"https:\/\/pharmadreams.shop\/index.php\/product\/dermedic-hydrain-3-gel-creme-ultra-hydratante-50g\/#breadcrumb"},"inLanguage":"fr-FR","potentialAction":[{"@type":"ReadAction","target":["https:\/\/pharmadreams.shop\/index.php\/product\/dermedic-hydrain-3-gel-creme-ultra-hydratante-50g\/"]}]},{"@type":"ImageObject","inLanguage":"fr-FR","@id":"https:\/\/pharmadreams.shop\/index.php\/product\/dermedic-hydrain-3-gel-creme-ultra-hydratante-50g\/#primaryimage","url":"https:\/\/pharmadreams.shop\/wp-content\/uploads\/2024\/04\/ddddd.jpg","contentUrl":"https:\/\/pharmadreams.shop\/wp-content\/uploads\/2024\/04\/ddddd.jpg","width":500,"height":500},{"@type":"BreadcrumbList","@id":"https:\/\/pharmadreams.shop\/index.php\/product\/dermedic-hydrain-3-gel-creme-ultra-hydratante-50g\/#breadcrumb","itemListElement":[{"@type":"ListItem","position":1,"name":"Accueil","item":"https:\/\/pharmadreams.shop\/"},{"@type":"ListItem","position":2,"name":"Shop","item":"https:\/\/pharmadreams.shop\/index.php\/shop\/"},{"@type":"ListItem","position":3,"name":"dermedic hydrain 3 gel creme ultra-hydratante 50g"}]},{"@type":"WebSite","@id":"https:\/\/pharmadreams.shop\/#website","url":"https:\/\/pharmadreams.shop\/","name":"pharmadreams","description":"Parapharmacie en ligne","potentialAction":[{"@type":"SearchAction","target":{"@type":"EntryPoint","urlTemplate":"https:\/\/pharmadreams.shop\/?s={search_term_string}"},"query-input":"required name=search_term_string"}],"inLanguage":"fr-FR"}]}},"_links":{"self":[{"href":"https:\/\/pharmadreams.shop\/index.php\/wp-json\/wp\/v2\/product\/17944","targetHints":{"allow":["GET"]}}],"collection":[{"href":"https:\/\/pharmadreams.shop\/index.php\/wp-json\/wp\/v2\/product"}],"about":[{"href":"https:\/\/pharmadreams.shop\/index.php\/wp-json\/wp\/v2\/types\/product"}],"replies":[{"embeddable":true,"href":"https:\/\/pharmadreams.shop\/index.php\/wp-json\/wp\/v2\/comments?post=17944"}],"version-history":[{"count":0,"href":"https:\/\/pharmadreams.shop\/index.php\/wp-json\/wp\/v2\/product\/17944\/revisions"}],"wp:featuredmedia":[{"embeddable":true,"href":"https:\/\/pharmadreams.shop\/index.php\/wp-json\/wp\/v2\/media\/17954"}],"wp:attachment":[{"href":"https:\/\/pharmadreams.shop\/index.php\/wp-json\/wp\/v2\/media?parent=17944"}],"wp:term":[{"taxonomy":"product_brand","embeddable":true,"href":"https:\/\/pharmadreams.shop\/index.php\/wp-json\/wp\/v2\/product_brand?post=17944"},{"taxonomy":"product_cat","embeddable":true,"href":"https:\/\/pharmadreams.shop\/index.php\/wp-json\/wp\/v2\/product_cat?post=17944"},{"taxonomy":"product_tag","embeddable":true,"href":"https:\/\/pharmadreams.shop\/index.php\/wp-json\/wp\/v2\/product_tag?post=17944"}],"curies":[{"name":"wp","href":"https:\/\/api.w.org\/{rel}","templated":true}]}}