{"id":17947,"date":"2024-04-29T10:44:40","date_gmt":"2024-04-29T09:44:40","guid":{"rendered":"https:\/\/pharmadreams.shop\/?post_type=product&#038;p=17947"},"modified":"2024-04-29T11:11:54","modified_gmt":"2024-04-29T10:11:54","slug":"dermedic-hydrain-3-creme-de-jour-hydratante-anti-age-55g","status":"publish","type":"product","link":"https:\/\/pharmadreams.shop\/index.php\/product\/dermedic-hydrain-3-creme-de-jour-hydratante-anti-age-55g\/","title":{"rendered":"DERMEDIC Hydrain 3 Cr\u00e8me De Jour Hydratante anti age 55g"},"content":{"rendered":"","protected":false},"excerpt":{"rendered":"<p>R\u00e9duit le nombre et la profondeur des rides mimiques et statiques<\/p>\n<p>Prot\u00e8ge des radicaux libres et inhibe la m\u00e9lanog\u00e9n\u00e8se<\/p>\n<p>Syst\u00e8me de protection anti-\u00e2ge int\u00e9gr\u00e9 par hydratation de la peau<\/p>\n<p>Protection contre les effets du soleil \u2013 Filtre SPF 15<\/p>\n<p>Hypoallerg\u00e9nique<\/p>\n","protected":false},"featured_media":17952,"comment_status":"open","ping_status":"closed","template":"","meta":[],"product_brand":[],"product_cat":[100,78,20],"product_tag":[],"class_list":{"0":"post-17947","1":"product","2":"type-product","3":"status-publish","4":"has-post-thumbnail","6":"product_cat-anti-age","7":"product_cat-cremes","8":"product_cat-visage","10":"first","11":"instock","12":"sale","13":"shipping-taxable","14":"purchasable","15":"product-type-simple"},"yoast_head":"<!-- This site is optimized with the Yoast SEO plugin v23.0 - https:\/\/yoast.com\/wordpress\/plugins\/seo\/ -->\n<title>DERMEDIC Hydrain 3 Cr\u00e8me De Jour Hydratante anti age 55g - pharmadreams<\/title>\n<meta name=\"robots\" content=\"index, follow, max-snippet:-1, max-image-preview:large, max-video-preview:-1\" \/>\n<link rel=\"canonical\" href=\"https:\/\/pharmadreams.shop\/index.php\/product\/dermedic-hydrain-3-creme-de-jour-hydratante-anti-age-55g\/\" \/>\n<meta property=\"og:locale\" content=\"fr_FR\" \/>\n<meta property=\"og:type\" content=\"article\" \/>\n<meta property=\"og:title\" content=\"DERMEDIC Hydrain 3 Cr\u00e8me De Jour Hydratante anti age 55g - pharmadreams\" \/>\n<meta property=\"og:description\" content=\"R\u00e9duit le nombre et la profondeur des rides mimiques et statiques  Prot\u00e8ge des radicaux libres et inhibe la m\u00e9lanog\u00e9n\u00e8se  Syst\u00e8me de protection anti-\u00e2ge int\u00e9gr\u00e9 par hydratation de la peau  Protection contre les effets du soleil \u2013 Filtre SPF 15  Hypoallerg\u00e9nique\" \/>\n<meta property=\"og:url\" content=\"https:\/\/pharmadreams.shop\/index.php\/product\/dermedic-hydrain-3-creme-de-jour-hydratante-anti-age-55g\/\" \/>\n<meta property=\"og:site_name\" content=\"pharmadreams\" \/>\n<meta property=\"article:modified_time\" content=\"2024-04-29T10:11:54+00:00\" \/>\n<meta property=\"og:image\" content=\"https:\/\/pharmadreams.shop\/wp-content\/uploads\/2024\/04\/aaaaaaaaaaaaaa.webp\" \/>\n\t<meta property=\"og:image:width\" content=\"452\" \/>\n\t<meta property=\"og:image:height\" content=\"584\" \/>\n\t<meta property=\"og:image:type\" content=\"image\/webp\" \/>\n<meta name=\"twitter:card\" content=\"summary_large_image\" \/>\n<meta name=\"twitter:label1\" content=\"Dur\u00e9e de lecture estim\u00e9e\" \/>\n\t<meta name=\"twitter:data1\" content=\"1 minute\" \/>\n<script type=\"application\/ld+json\" class=\"yoast-schema-graph\">{\"@context\":\"https:\/\/schema.org\",\"@graph\":[{\"@type\":\"WebPage\",\"@id\":\"https:\/\/pharmadreams.shop\/index.php\/product\/dermedic-hydrain-3-creme-de-jour-hydratante-anti-age-55g\/\",\"url\":\"https:\/\/pharmadreams.shop\/index.php\/product\/dermedic-hydrain-3-creme-de-jour-hydratante-anti-age-55g\/\",\"name\":\"DERMEDIC Hydrain 3 Cr\u00e8me De Jour Hydratante anti age 55g - pharmadreams\",\"isPartOf\":{\"@id\":\"https:\/\/pharmadreams.shop\/#website\"},\"primaryImageOfPage\":{\"@id\":\"https:\/\/pharmadreams.shop\/index.php\/product\/dermedic-hydrain-3-creme-de-jour-hydratante-anti-age-55g\/#primaryimage\"},\"image\":{\"@id\":\"https:\/\/pharmadreams.shop\/index.php\/product\/dermedic-hydrain-3-creme-de-jour-hydratante-anti-age-55g\/#primaryimage\"},\"thumbnailUrl\":\"https:\/\/pharmadreams.shop\/wp-content\/uploads\/2024\/04\/aaaaaaaaaaaaaa.webp\",\"datePublished\":\"2024-04-29T09:44:40+00:00\",\"dateModified\":\"2024-04-29T10:11:54+00:00\",\"breadcrumb\":{\"@id\":\"https:\/\/pharmadreams.shop\/index.php\/product\/dermedic-hydrain-3-creme-de-jour-hydratante-anti-age-55g\/#breadcrumb\"},\"inLanguage\":\"fr-FR\",\"potentialAction\":[{\"@type\":\"ReadAction\",\"target\":[\"https:\/\/pharmadreams.shop\/index.php\/product\/dermedic-hydrain-3-creme-de-jour-hydratante-anti-age-55g\/\"]}]},{\"@type\":\"ImageObject\",\"inLanguage\":\"fr-FR\",\"@id\":\"https:\/\/pharmadreams.shop\/index.php\/product\/dermedic-hydrain-3-creme-de-jour-hydratante-anti-age-55g\/#primaryimage\",\"url\":\"https:\/\/pharmadreams.shop\/wp-content\/uploads\/2024\/04\/aaaaaaaaaaaaaa.webp\",\"contentUrl\":\"https:\/\/pharmadreams.shop\/wp-content\/uploads\/2024\/04\/aaaaaaaaaaaaaa.webp\",\"width\":452,\"height\":584},{\"@type\":\"BreadcrumbList\",\"@id\":\"https:\/\/pharmadreams.shop\/index.php\/product\/dermedic-hydrain-3-creme-de-jour-hydratante-anti-age-55g\/#breadcrumb\",\"itemListElement\":[{\"@type\":\"ListItem\",\"position\":1,\"name\":\"Accueil\",\"item\":\"https:\/\/pharmadreams.shop\/\"},{\"@type\":\"ListItem\",\"position\":2,\"name\":\"Shop\",\"item\":\"https:\/\/pharmadreams.shop\/index.php\/shop\/\"},{\"@type\":\"ListItem\",\"position\":3,\"name\":\"DERMEDIC Hydrain 3 Cr\u00e8me De Jour Hydratante anti age 55g\"}]},{\"@type\":\"WebSite\",\"@id\":\"https:\/\/pharmadreams.shop\/#website\",\"url\":\"https:\/\/pharmadreams.shop\/\",\"name\":\"pharmadreams\",\"description\":\"Parapharmacie en ligne\",\"potentialAction\":[{\"@type\":\"SearchAction\",\"target\":{\"@type\":\"EntryPoint\",\"urlTemplate\":\"https:\/\/pharmadreams.shop\/?s={search_term_string}\"},\"query-input\":\"required name=search_term_string\"}],\"inLanguage\":\"fr-FR\"}]}<\/script>\n<!-- \/ Yoast SEO plugin. -->","yoast_head_json":{"title":"DERMEDIC Hydrain 3 Cr\u00e8me De Jour Hydratante anti age 55g - pharmadreams","robots":{"index":"index","follow":"follow","max-snippet":"max-snippet:-1","max-image-preview":"max-image-preview:large","max-video-preview":"max-video-preview:-1"},"canonical":"https:\/\/pharmadreams.shop\/index.php\/product\/dermedic-hydrain-3-creme-de-jour-hydratante-anti-age-55g\/","og_locale":"fr_FR","og_type":"article","og_title":"DERMEDIC Hydrain 3 Cr\u00e8me De Jour Hydratante anti age 55g - pharmadreams","og_description":"R\u00e9duit le nombre et la profondeur des rides mimiques et statiques  Prot\u00e8ge des radicaux libres et inhibe la m\u00e9lanog\u00e9n\u00e8se  Syst\u00e8me de protection anti-\u00e2ge int\u00e9gr\u00e9 par hydratation de la peau  Protection contre les effets du soleil \u2013 Filtre SPF 15  Hypoallerg\u00e9nique","og_url":"https:\/\/pharmadreams.shop\/index.php\/product\/dermedic-hydrain-3-creme-de-jour-hydratante-anti-age-55g\/","og_site_name":"pharmadreams","article_modified_time":"2024-04-29T10:11:54+00:00","og_image":[{"width":452,"height":584,"url":"https:\/\/pharmadreams.shop\/wp-content\/uploads\/2024\/04\/aaaaaaaaaaaaaa.webp","type":"image\/webp"}],"twitter_card":"summary_large_image","twitter_misc":{"Dur\u00e9e de lecture estim\u00e9e":"1 minute"},"schema":{"@context":"https:\/\/schema.org","@graph":[{"@type":"WebPage","@id":"https:\/\/pharmadreams.shop\/index.php\/product\/dermedic-hydrain-3-creme-de-jour-hydratante-anti-age-55g\/","url":"https:\/\/pharmadreams.shop\/index.php\/product\/dermedic-hydrain-3-creme-de-jour-hydratante-anti-age-55g\/","name":"DERMEDIC Hydrain 3 Cr\u00e8me De Jour Hydratante anti age 55g - pharmadreams","isPartOf":{"@id":"https:\/\/pharmadreams.shop\/#website"},"primaryImageOfPage":{"@id":"https:\/\/pharmadreams.shop\/index.php\/product\/dermedic-hydrain-3-creme-de-jour-hydratante-anti-age-55g\/#primaryimage"},"image":{"@id":"https:\/\/pharmadreams.shop\/index.php\/product\/dermedic-hydrain-3-creme-de-jour-hydratante-anti-age-55g\/#primaryimage"},"thumbnailUrl":"https:\/\/pharmadreams.shop\/wp-content\/uploads\/2024\/04\/aaaaaaaaaaaaaa.webp","datePublished":"2024-04-29T09:44:40+00:00","dateModified":"2024-04-29T10:11:54+00:00","breadcrumb":{"@id":"https:\/\/pharmadreams.shop\/index.php\/product\/dermedic-hydrain-3-creme-de-jour-hydratante-anti-age-55g\/#breadcrumb"},"inLanguage":"fr-FR","potentialAction":[{"@type":"ReadAction","target":["https:\/\/pharmadreams.shop\/index.php\/product\/dermedic-hydrain-3-creme-de-jour-hydratante-anti-age-55g\/"]}]},{"@type":"ImageObject","inLanguage":"fr-FR","@id":"https:\/\/pharmadreams.shop\/index.php\/product\/dermedic-hydrain-3-creme-de-jour-hydratante-anti-age-55g\/#primaryimage","url":"https:\/\/pharmadreams.shop\/wp-content\/uploads\/2024\/04\/aaaaaaaaaaaaaa.webp","contentUrl":"https:\/\/pharmadreams.shop\/wp-content\/uploads\/2024\/04\/aaaaaaaaaaaaaa.webp","width":452,"height":584},{"@type":"BreadcrumbList","@id":"https:\/\/pharmadreams.shop\/index.php\/product\/dermedic-hydrain-3-creme-de-jour-hydratante-anti-age-55g\/#breadcrumb","itemListElement":[{"@type":"ListItem","position":1,"name":"Accueil","item":"https:\/\/pharmadreams.shop\/"},{"@type":"ListItem","position":2,"name":"Shop","item":"https:\/\/pharmadreams.shop\/index.php\/shop\/"},{"@type":"ListItem","position":3,"name":"DERMEDIC Hydrain 3 Cr\u00e8me De Jour Hydratante anti age 55g"}]},{"@type":"WebSite","@id":"https:\/\/pharmadreams.shop\/#website","url":"https:\/\/pharmadreams.shop\/","name":"pharmadreams","description":"Parapharmacie en ligne","potentialAction":[{"@type":"SearchAction","target":{"@type":"EntryPoint","urlTemplate":"https:\/\/pharmadreams.shop\/?s={search_term_string}"},"query-input":"required name=search_term_string"}],"inLanguage":"fr-FR"}]}},"_links":{"self":[{"href":"https:\/\/pharmadreams.shop\/index.php\/wp-json\/wp\/v2\/product\/17947","targetHints":{"allow":["GET"]}}],"collection":[{"href":"https:\/\/pharmadreams.shop\/index.php\/wp-json\/wp\/v2\/product"}],"about":[{"href":"https:\/\/pharmadreams.shop\/index.php\/wp-json\/wp\/v2\/types\/product"}],"replies":[{"embeddable":true,"href":"https:\/\/pharmadreams.shop\/index.php\/wp-json\/wp\/v2\/comments?post=17947"}],"version-history":[{"count":0,"href":"https:\/\/pharmadreams.shop\/index.php\/wp-json\/wp\/v2\/product\/17947\/revisions"}],"wp:featuredmedia":[{"embeddable":true,"href":"https:\/\/pharmadreams.shop\/index.php\/wp-json\/wp\/v2\/media\/17952"}],"wp:attachment":[{"href":"https:\/\/pharmadreams.shop\/index.php\/wp-json\/wp\/v2\/media?parent=17947"}],"wp:term":[{"taxonomy":"product_brand","embeddable":true,"href":"https:\/\/pharmadreams.shop\/index.php\/wp-json\/wp\/v2\/product_brand?post=17947"},{"taxonomy":"product_cat","embeddable":true,"href":"https:\/\/pharmadreams.shop\/index.php\/wp-json\/wp\/v2\/product_cat?post=17947"},{"taxonomy":"product_tag","embeddable":true,"href":"https:\/\/pharmadreams.shop\/index.php\/wp-json\/wp\/v2\/product_tag?post=17947"}],"curies":[{"name":"wp","href":"https:\/\/api.w.org\/{rel}","templated":true}]}}