{"id":17966,"date":"2024-04-29T21:45:33","date_gmt":"2024-04-29T20:45:33","guid":{"rendered":"https:\/\/pharmadreams.shop\/?post_type=product&#038;p=17966"},"modified":"2024-04-29T21:52:16","modified_gmt":"2024-04-29T20:52:16","slug":"esthelle-sun-protect-invisible-50-gr","status":"publish","type":"product","link":"https:\/\/pharmadreams.shop\/index.php\/product\/esthelle-sun-protect-invisible-50-gr\/","title":{"rendered":"ESTHELLE SUN PROTECT INVISIBLE 50 GR"},"content":{"rendered":"","protected":false},"excerpt":{"rendered":"<p>Sun protect SOLAIRE int\u00e8gre une protection solaire \u00e0 l\u2019indice SPF 50+, PA+++<\/p>\n<p>Il s\u2019agit donc d\u2019une barri\u00e8re assez \u00e9lev\u00e9e et id\u00e9ale pour pr\u00e9server le capital solaire de votre peau.<\/p>\n","protected":false},"featured_media":17967,"comment_status":"open","ping_status":"closed","template":"","meta":[],"product_brand":[],"product_cat":[231,20],"product_tag":[],"class_list":{"0":"post-17966","1":"product","2":"type-product","3":"status-publish","4":"has-post-thumbnail","6":"product_cat-ecran-solaire","7":"product_cat-visage","9":"first","10":"instock","11":"sale","12":"shipping-taxable","13":"purchasable","14":"product-type-simple"},"yoast_head":"<!-- This site is optimized with the Yoast SEO plugin v23.0 - https:\/\/yoast.com\/wordpress\/plugins\/seo\/ -->\n<title>ESTHELLE SUN PROTECT INVISIBLE 50 GR - pharmadreams<\/title>\n<meta name=\"robots\" content=\"index, follow, max-snippet:-1, max-image-preview:large, max-video-preview:-1\" \/>\n<link rel=\"canonical\" href=\"https:\/\/pharmadreams.shop\/index.php\/product\/esthelle-sun-protect-invisible-50-gr\/\" \/>\n<meta property=\"og:locale\" content=\"fr_FR\" \/>\n<meta property=\"og:type\" content=\"article\" \/>\n<meta property=\"og:title\" content=\"ESTHELLE SUN PROTECT INVISIBLE 50 GR - pharmadreams\" \/>\n<meta property=\"og:description\" content=\"Sun protect SOLAIRE int\u00e8gre une protection solaire \u00e0 l\u2019indice SPF 50+, PA+++  Il s\u2019agit donc d\u2019une barri\u00e8re assez \u00e9lev\u00e9e et id\u00e9ale pour pr\u00e9server le capital solaire de votre peau.\" \/>\n<meta property=\"og:url\" content=\"https:\/\/pharmadreams.shop\/index.php\/product\/esthelle-sun-protect-invisible-50-gr\/\" \/>\n<meta property=\"og:site_name\" content=\"pharmadreams\" \/>\n<meta property=\"article:modified_time\" content=\"2024-04-29T20:52:16+00:00\" \/>\n<meta property=\"og:image\" content=\"https:\/\/pharmadreams.shop\/wp-content\/uploads\/2024\/04\/esthelle-sun-protect-invisible-50-gr.jpg\" \/>\n\t<meta property=\"og:image:width\" content=\"250\" \/>\n\t<meta property=\"og:image:height\" content=\"250\" \/>\n\t<meta property=\"og:image:type\" content=\"image\/jpeg\" \/>\n<meta name=\"twitter:card\" content=\"summary_large_image\" \/>\n<meta name=\"twitter:label1\" content=\"Dur\u00e9e de lecture estim\u00e9e\" \/>\n\t<meta name=\"twitter:data1\" content=\"1 minute\" \/>\n<script type=\"application\/ld+json\" class=\"yoast-schema-graph\">{\"@context\":\"https:\/\/schema.org\",\"@graph\":[{\"@type\":\"WebPage\",\"@id\":\"https:\/\/pharmadreams.shop\/index.php\/product\/esthelle-sun-protect-invisible-50-gr\/\",\"url\":\"https:\/\/pharmadreams.shop\/index.php\/product\/esthelle-sun-protect-invisible-50-gr\/\",\"name\":\"ESTHELLE SUN PROTECT INVISIBLE 50 GR - pharmadreams\",\"isPartOf\":{\"@id\":\"https:\/\/pharmadreams.shop\/#website\"},\"primaryImageOfPage\":{\"@id\":\"https:\/\/pharmadreams.shop\/index.php\/product\/esthelle-sun-protect-invisible-50-gr\/#primaryimage\"},\"image\":{\"@id\":\"https:\/\/pharmadreams.shop\/index.php\/product\/esthelle-sun-protect-invisible-50-gr\/#primaryimage\"},\"thumbnailUrl\":\"https:\/\/pharmadreams.shop\/wp-content\/uploads\/2024\/04\/esthelle-sun-protect-invisible-50-gr.jpg\",\"datePublished\":\"2024-04-29T20:45:33+00:00\",\"dateModified\":\"2024-04-29T20:52:16+00:00\",\"breadcrumb\":{\"@id\":\"https:\/\/pharmadreams.shop\/index.php\/product\/esthelle-sun-protect-invisible-50-gr\/#breadcrumb\"},\"inLanguage\":\"fr-FR\",\"potentialAction\":[{\"@type\":\"ReadAction\",\"target\":[\"https:\/\/pharmadreams.shop\/index.php\/product\/esthelle-sun-protect-invisible-50-gr\/\"]}]},{\"@type\":\"ImageObject\",\"inLanguage\":\"fr-FR\",\"@id\":\"https:\/\/pharmadreams.shop\/index.php\/product\/esthelle-sun-protect-invisible-50-gr\/#primaryimage\",\"url\":\"https:\/\/pharmadreams.shop\/wp-content\/uploads\/2024\/04\/esthelle-sun-protect-invisible-50-gr.jpg\",\"contentUrl\":\"https:\/\/pharmadreams.shop\/wp-content\/uploads\/2024\/04\/esthelle-sun-protect-invisible-50-gr.jpg\",\"width\":250,\"height\":250},{\"@type\":\"BreadcrumbList\",\"@id\":\"https:\/\/pharmadreams.shop\/index.php\/product\/esthelle-sun-protect-invisible-50-gr\/#breadcrumb\",\"itemListElement\":[{\"@type\":\"ListItem\",\"position\":1,\"name\":\"Accueil\",\"item\":\"https:\/\/pharmadreams.shop\/\"},{\"@type\":\"ListItem\",\"position\":2,\"name\":\"Shop\",\"item\":\"https:\/\/pharmadreams.shop\/index.php\/shop\/\"},{\"@type\":\"ListItem\",\"position\":3,\"name\":\"ESTHELLE SUN PROTECT INVISIBLE 50 GR\"}]},{\"@type\":\"WebSite\",\"@id\":\"https:\/\/pharmadreams.shop\/#website\",\"url\":\"https:\/\/pharmadreams.shop\/\",\"name\":\"pharmadreams\",\"description\":\"Parapharmacie en ligne\",\"potentialAction\":[{\"@type\":\"SearchAction\",\"target\":{\"@type\":\"EntryPoint\",\"urlTemplate\":\"https:\/\/pharmadreams.shop\/?s={search_term_string}\"},\"query-input\":\"required name=search_term_string\"}],\"inLanguage\":\"fr-FR\"}]}<\/script>\n<!-- \/ Yoast SEO plugin. -->","yoast_head_json":{"title":"ESTHELLE SUN PROTECT INVISIBLE 50 GR - pharmadreams","robots":{"index":"index","follow":"follow","max-snippet":"max-snippet:-1","max-image-preview":"max-image-preview:large","max-video-preview":"max-video-preview:-1"},"canonical":"https:\/\/pharmadreams.shop\/index.php\/product\/esthelle-sun-protect-invisible-50-gr\/","og_locale":"fr_FR","og_type":"article","og_title":"ESTHELLE SUN PROTECT INVISIBLE 50 GR - pharmadreams","og_description":"Sun protect SOLAIRE int\u00e8gre une protection solaire \u00e0 l\u2019indice SPF 50+, PA+++  Il s\u2019agit donc d\u2019une barri\u00e8re assez \u00e9lev\u00e9e et id\u00e9ale pour pr\u00e9server le capital solaire de votre peau.","og_url":"https:\/\/pharmadreams.shop\/index.php\/product\/esthelle-sun-protect-invisible-50-gr\/","og_site_name":"pharmadreams","article_modified_time":"2024-04-29T20:52:16+00:00","og_image":[{"width":250,"height":250,"url":"https:\/\/pharmadreams.shop\/wp-content\/uploads\/2024\/04\/esthelle-sun-protect-invisible-50-gr.jpg","type":"image\/jpeg"}],"twitter_card":"summary_large_image","twitter_misc":{"Dur\u00e9e de lecture estim\u00e9e":"1 minute"},"schema":{"@context":"https:\/\/schema.org","@graph":[{"@type":"WebPage","@id":"https:\/\/pharmadreams.shop\/index.php\/product\/esthelle-sun-protect-invisible-50-gr\/","url":"https:\/\/pharmadreams.shop\/index.php\/product\/esthelle-sun-protect-invisible-50-gr\/","name":"ESTHELLE SUN PROTECT INVISIBLE 50 GR - pharmadreams","isPartOf":{"@id":"https:\/\/pharmadreams.shop\/#website"},"primaryImageOfPage":{"@id":"https:\/\/pharmadreams.shop\/index.php\/product\/esthelle-sun-protect-invisible-50-gr\/#primaryimage"},"image":{"@id":"https:\/\/pharmadreams.shop\/index.php\/product\/esthelle-sun-protect-invisible-50-gr\/#primaryimage"},"thumbnailUrl":"https:\/\/pharmadreams.shop\/wp-content\/uploads\/2024\/04\/esthelle-sun-protect-invisible-50-gr.jpg","datePublished":"2024-04-29T20:45:33+00:00","dateModified":"2024-04-29T20:52:16+00:00","breadcrumb":{"@id":"https:\/\/pharmadreams.shop\/index.php\/product\/esthelle-sun-protect-invisible-50-gr\/#breadcrumb"},"inLanguage":"fr-FR","potentialAction":[{"@type":"ReadAction","target":["https:\/\/pharmadreams.shop\/index.php\/product\/esthelle-sun-protect-invisible-50-gr\/"]}]},{"@type":"ImageObject","inLanguage":"fr-FR","@id":"https:\/\/pharmadreams.shop\/index.php\/product\/esthelle-sun-protect-invisible-50-gr\/#primaryimage","url":"https:\/\/pharmadreams.shop\/wp-content\/uploads\/2024\/04\/esthelle-sun-protect-invisible-50-gr.jpg","contentUrl":"https:\/\/pharmadreams.shop\/wp-content\/uploads\/2024\/04\/esthelle-sun-protect-invisible-50-gr.jpg","width":250,"height":250},{"@type":"BreadcrumbList","@id":"https:\/\/pharmadreams.shop\/index.php\/product\/esthelle-sun-protect-invisible-50-gr\/#breadcrumb","itemListElement":[{"@type":"ListItem","position":1,"name":"Accueil","item":"https:\/\/pharmadreams.shop\/"},{"@type":"ListItem","position":2,"name":"Shop","item":"https:\/\/pharmadreams.shop\/index.php\/shop\/"},{"@type":"ListItem","position":3,"name":"ESTHELLE SUN PROTECT INVISIBLE 50 GR"}]},{"@type":"WebSite","@id":"https:\/\/pharmadreams.shop\/#website","url":"https:\/\/pharmadreams.shop\/","name":"pharmadreams","description":"Parapharmacie en ligne","potentialAction":[{"@type":"SearchAction","target":{"@type":"EntryPoint","urlTemplate":"https:\/\/pharmadreams.shop\/?s={search_term_string}"},"query-input":"required name=search_term_string"}],"inLanguage":"fr-FR"}]}},"_links":{"self":[{"href":"https:\/\/pharmadreams.shop\/index.php\/wp-json\/wp\/v2\/product\/17966","targetHints":{"allow":["GET"]}}],"collection":[{"href":"https:\/\/pharmadreams.shop\/index.php\/wp-json\/wp\/v2\/product"}],"about":[{"href":"https:\/\/pharmadreams.shop\/index.php\/wp-json\/wp\/v2\/types\/product"}],"replies":[{"embeddable":true,"href":"https:\/\/pharmadreams.shop\/index.php\/wp-json\/wp\/v2\/comments?post=17966"}],"version-history":[{"count":0,"href":"https:\/\/pharmadreams.shop\/index.php\/wp-json\/wp\/v2\/product\/17966\/revisions"}],"wp:featuredmedia":[{"embeddable":true,"href":"https:\/\/pharmadreams.shop\/index.php\/wp-json\/wp\/v2\/media\/17967"}],"wp:attachment":[{"href":"https:\/\/pharmadreams.shop\/index.php\/wp-json\/wp\/v2\/media?parent=17966"}],"wp:term":[{"taxonomy":"product_brand","embeddable":true,"href":"https:\/\/pharmadreams.shop\/index.php\/wp-json\/wp\/v2\/product_brand?post=17966"},{"taxonomy":"product_cat","embeddable":true,"href":"https:\/\/pharmadreams.shop\/index.php\/wp-json\/wp\/v2\/product_cat?post=17966"},{"taxonomy":"product_tag","embeddable":true,"href":"https:\/\/pharmadreams.shop\/index.php\/wp-json\/wp\/v2\/product_tag?post=17966"}],"curies":[{"name":"wp","href":"https:\/\/api.w.org\/{rel}","templated":true}]}}