{"id":17972,"date":"2024-04-29T22:22:34","date_gmt":"2024-04-29T21:22:34","guid":{"rendered":"https:\/\/pharmadreams.shop\/?post_type=product&#038;p=17972"},"modified":"2024-04-29T22:22:34","modified_gmt":"2024-04-29T21:22:34","slug":"esthelle-ecran-claryteint-invisible-50gr","status":"publish","type":"product","link":"https:\/\/pharmadreams.shop\/index.php\/product\/esthelle-ecran-claryteint-invisible-50gr\/","title":{"rendered":"ESTHELLE ECRAN CLARYTEINT INVISIBLE 50GR"},"content":{"rendered":"","protected":false},"excerpt":{"rendered":"<p>Claryteint est une cr\u00e8me solaire douce et l\u00e9g\u00e8re qui vise \u00e0 unifier le teint tout en att\u00e9nuant et camouflant les taches brunes.<\/p>\n<p>Elle pr\u00e9vient l\u2019apparition de nouvelles taches tout en assurant l&rsquo;hydratation et la reg\u00e9n\u00e9ration cellulaire.<\/p>\n","protected":false},"featured_media":17973,"comment_status":"open","ping_status":"closed","template":"","meta":[],"product_brand":[],"product_cat":[90,28,231,20],"product_tag":[],"class_list":{"0":"post-17972","1":"product","2":"type-product","3":"status-publish","4":"has-post-thumbnail","6":"product_cat-anti-tache","7":"product_cat-corps","8":"product_cat-ecran-solaire","9":"product_cat-visage","11":"first","12":"instock","13":"sale","14":"shipping-taxable","15":"purchasable","16":"product-type-simple"},"yoast_head":"<!-- This site is optimized with the Yoast SEO plugin v23.0 - https:\/\/yoast.com\/wordpress\/plugins\/seo\/ -->\n<title>ESTHELLE ECRAN CLARYTEINT INVISIBLE 50GR - pharmadreams<\/title>\n<meta name=\"robots\" content=\"index, follow, max-snippet:-1, max-image-preview:large, max-video-preview:-1\" \/>\n<link rel=\"canonical\" href=\"https:\/\/pharmadreams.shop\/index.php\/product\/esthelle-ecran-claryteint-invisible-50gr\/\" \/>\n<meta property=\"og:locale\" content=\"fr_FR\" \/>\n<meta property=\"og:type\" content=\"article\" \/>\n<meta property=\"og:title\" content=\"ESTHELLE ECRAN CLARYTEINT INVISIBLE 50GR - pharmadreams\" \/>\n<meta property=\"og:description\" content=\"Claryteint est une cr\u00e8me solaire douce et l\u00e9g\u00e8re qui vise \u00e0 unifier le teint tout en att\u00e9nuant et camouflant les taches brunes.  Elle pr\u00e9vient l\u2019apparition de nouvelles taches tout en assurant l&#039;hydratation et la reg\u00e9n\u00e9ration cellulaire.\" \/>\n<meta property=\"og:url\" content=\"https:\/\/pharmadreams.shop\/index.php\/product\/esthelle-ecran-claryteint-invisible-50gr\/\" \/>\n<meta property=\"og:site_name\" content=\"pharmadreams\" \/>\n<meta property=\"og:image\" content=\"https:\/\/pharmadreams.shop\/wp-content\/uploads\/2024\/04\/esth-elle-ecran-total-claryteint.jpg\" \/>\n\t<meta property=\"og:image:width\" content=\"500\" \/>\n\t<meta property=\"og:image:height\" content=\"500\" \/>\n\t<meta property=\"og:image:type\" content=\"image\/jpeg\" \/>\n<meta name=\"twitter:card\" content=\"summary_large_image\" \/>\n<meta name=\"twitter:label1\" content=\"Dur\u00e9e de lecture estim\u00e9e\" \/>\n\t<meta name=\"twitter:data1\" content=\"1 minute\" \/>\n<script type=\"application\/ld+json\" class=\"yoast-schema-graph\">{\"@context\":\"https:\/\/schema.org\",\"@graph\":[{\"@type\":\"WebPage\",\"@id\":\"https:\/\/pharmadreams.shop\/index.php\/product\/esthelle-ecran-claryteint-invisible-50gr\/\",\"url\":\"https:\/\/pharmadreams.shop\/index.php\/product\/esthelle-ecran-claryteint-invisible-50gr\/\",\"name\":\"ESTHELLE ECRAN CLARYTEINT INVISIBLE 50GR - pharmadreams\",\"isPartOf\":{\"@id\":\"https:\/\/pharmadreams.shop\/#website\"},\"primaryImageOfPage\":{\"@id\":\"https:\/\/pharmadreams.shop\/index.php\/product\/esthelle-ecran-claryteint-invisible-50gr\/#primaryimage\"},\"image\":{\"@id\":\"https:\/\/pharmadreams.shop\/index.php\/product\/esthelle-ecran-claryteint-invisible-50gr\/#primaryimage\"},\"thumbnailUrl\":\"https:\/\/pharmadreams.shop\/wp-content\/uploads\/2024\/04\/esth-elle-ecran-total-claryteint.jpg\",\"datePublished\":\"2024-04-29T21:22:34+00:00\",\"dateModified\":\"2024-04-29T21:22:34+00:00\",\"breadcrumb\":{\"@id\":\"https:\/\/pharmadreams.shop\/index.php\/product\/esthelle-ecran-claryteint-invisible-50gr\/#breadcrumb\"},\"inLanguage\":\"fr-FR\",\"potentialAction\":[{\"@type\":\"ReadAction\",\"target\":[\"https:\/\/pharmadreams.shop\/index.php\/product\/esthelle-ecran-claryteint-invisible-50gr\/\"]}]},{\"@type\":\"ImageObject\",\"inLanguage\":\"fr-FR\",\"@id\":\"https:\/\/pharmadreams.shop\/index.php\/product\/esthelle-ecran-claryteint-invisible-50gr\/#primaryimage\",\"url\":\"https:\/\/pharmadreams.shop\/wp-content\/uploads\/2024\/04\/esth-elle-ecran-total-claryteint.jpg\",\"contentUrl\":\"https:\/\/pharmadreams.shop\/wp-content\/uploads\/2024\/04\/esth-elle-ecran-total-claryteint.jpg\",\"width\":500,\"height\":500},{\"@type\":\"BreadcrumbList\",\"@id\":\"https:\/\/pharmadreams.shop\/index.php\/product\/esthelle-ecran-claryteint-invisible-50gr\/#breadcrumb\",\"itemListElement\":[{\"@type\":\"ListItem\",\"position\":1,\"name\":\"Accueil\",\"item\":\"https:\/\/pharmadreams.shop\/\"},{\"@type\":\"ListItem\",\"position\":2,\"name\":\"Shop\",\"item\":\"https:\/\/pharmadreams.shop\/index.php\/shop\/\"},{\"@type\":\"ListItem\",\"position\":3,\"name\":\"ESTHELLE ECRAN CLARYTEINT INVISIBLE 50GR\"}]},{\"@type\":\"WebSite\",\"@id\":\"https:\/\/pharmadreams.shop\/#website\",\"url\":\"https:\/\/pharmadreams.shop\/\",\"name\":\"pharmadreams\",\"description\":\"Parapharmacie en ligne\",\"potentialAction\":[{\"@type\":\"SearchAction\",\"target\":{\"@type\":\"EntryPoint\",\"urlTemplate\":\"https:\/\/pharmadreams.shop\/?s={search_term_string}\"},\"query-input\":\"required name=search_term_string\"}],\"inLanguage\":\"fr-FR\"}]}<\/script>\n<!-- \/ Yoast SEO plugin. -->","yoast_head_json":{"title":"ESTHELLE ECRAN CLARYTEINT INVISIBLE 50GR - pharmadreams","robots":{"index":"index","follow":"follow","max-snippet":"max-snippet:-1","max-image-preview":"max-image-preview:large","max-video-preview":"max-video-preview:-1"},"canonical":"https:\/\/pharmadreams.shop\/index.php\/product\/esthelle-ecran-claryteint-invisible-50gr\/","og_locale":"fr_FR","og_type":"article","og_title":"ESTHELLE ECRAN CLARYTEINT INVISIBLE 50GR - pharmadreams","og_description":"Claryteint est une cr\u00e8me solaire douce et l\u00e9g\u00e8re qui vise \u00e0 unifier le teint tout en att\u00e9nuant et camouflant les taches brunes.  Elle pr\u00e9vient l\u2019apparition de nouvelles taches tout en assurant l'hydratation et la reg\u00e9n\u00e9ration cellulaire.","og_url":"https:\/\/pharmadreams.shop\/index.php\/product\/esthelle-ecran-claryteint-invisible-50gr\/","og_site_name":"pharmadreams","og_image":[{"width":500,"height":500,"url":"https:\/\/pharmadreams.shop\/wp-content\/uploads\/2024\/04\/esth-elle-ecran-total-claryteint.jpg","type":"image\/jpeg"}],"twitter_card":"summary_large_image","twitter_misc":{"Dur\u00e9e de lecture estim\u00e9e":"1 minute"},"schema":{"@context":"https:\/\/schema.org","@graph":[{"@type":"WebPage","@id":"https:\/\/pharmadreams.shop\/index.php\/product\/esthelle-ecran-claryteint-invisible-50gr\/","url":"https:\/\/pharmadreams.shop\/index.php\/product\/esthelle-ecran-claryteint-invisible-50gr\/","name":"ESTHELLE ECRAN CLARYTEINT INVISIBLE 50GR - pharmadreams","isPartOf":{"@id":"https:\/\/pharmadreams.shop\/#website"},"primaryImageOfPage":{"@id":"https:\/\/pharmadreams.shop\/index.php\/product\/esthelle-ecran-claryteint-invisible-50gr\/#primaryimage"},"image":{"@id":"https:\/\/pharmadreams.shop\/index.php\/product\/esthelle-ecran-claryteint-invisible-50gr\/#primaryimage"},"thumbnailUrl":"https:\/\/pharmadreams.shop\/wp-content\/uploads\/2024\/04\/esth-elle-ecran-total-claryteint.jpg","datePublished":"2024-04-29T21:22:34+00:00","dateModified":"2024-04-29T21:22:34+00:00","breadcrumb":{"@id":"https:\/\/pharmadreams.shop\/index.php\/product\/esthelle-ecran-claryteint-invisible-50gr\/#breadcrumb"},"inLanguage":"fr-FR","potentialAction":[{"@type":"ReadAction","target":["https:\/\/pharmadreams.shop\/index.php\/product\/esthelle-ecran-claryteint-invisible-50gr\/"]}]},{"@type":"ImageObject","inLanguage":"fr-FR","@id":"https:\/\/pharmadreams.shop\/index.php\/product\/esthelle-ecran-claryteint-invisible-50gr\/#primaryimage","url":"https:\/\/pharmadreams.shop\/wp-content\/uploads\/2024\/04\/esth-elle-ecran-total-claryteint.jpg","contentUrl":"https:\/\/pharmadreams.shop\/wp-content\/uploads\/2024\/04\/esth-elle-ecran-total-claryteint.jpg","width":500,"height":500},{"@type":"BreadcrumbList","@id":"https:\/\/pharmadreams.shop\/index.php\/product\/esthelle-ecran-claryteint-invisible-50gr\/#breadcrumb","itemListElement":[{"@type":"ListItem","position":1,"name":"Accueil","item":"https:\/\/pharmadreams.shop\/"},{"@type":"ListItem","position":2,"name":"Shop","item":"https:\/\/pharmadreams.shop\/index.php\/shop\/"},{"@type":"ListItem","position":3,"name":"ESTHELLE ECRAN CLARYTEINT INVISIBLE 50GR"}]},{"@type":"WebSite","@id":"https:\/\/pharmadreams.shop\/#website","url":"https:\/\/pharmadreams.shop\/","name":"pharmadreams","description":"Parapharmacie en ligne","potentialAction":[{"@type":"SearchAction","target":{"@type":"EntryPoint","urlTemplate":"https:\/\/pharmadreams.shop\/?s={search_term_string}"},"query-input":"required name=search_term_string"}],"inLanguage":"fr-FR"}]}},"_links":{"self":[{"href":"https:\/\/pharmadreams.shop\/index.php\/wp-json\/wp\/v2\/product\/17972","targetHints":{"allow":["GET"]}}],"collection":[{"href":"https:\/\/pharmadreams.shop\/index.php\/wp-json\/wp\/v2\/product"}],"about":[{"href":"https:\/\/pharmadreams.shop\/index.php\/wp-json\/wp\/v2\/types\/product"}],"replies":[{"embeddable":true,"href":"https:\/\/pharmadreams.shop\/index.php\/wp-json\/wp\/v2\/comments?post=17972"}],"version-history":[{"count":0,"href":"https:\/\/pharmadreams.shop\/index.php\/wp-json\/wp\/v2\/product\/17972\/revisions"}],"wp:featuredmedia":[{"embeddable":true,"href":"https:\/\/pharmadreams.shop\/index.php\/wp-json\/wp\/v2\/media\/17973"}],"wp:attachment":[{"href":"https:\/\/pharmadreams.shop\/index.php\/wp-json\/wp\/v2\/media?parent=17972"}],"wp:term":[{"taxonomy":"product_brand","embeddable":true,"href":"https:\/\/pharmadreams.shop\/index.php\/wp-json\/wp\/v2\/product_brand?post=17972"},{"taxonomy":"product_cat","embeddable":true,"href":"https:\/\/pharmadreams.shop\/index.php\/wp-json\/wp\/v2\/product_cat?post=17972"},{"taxonomy":"product_tag","embeddable":true,"href":"https:\/\/pharmadreams.shop\/index.php\/wp-json\/wp\/v2\/product_tag?post=17972"}],"curies":[{"name":"wp","href":"https:\/\/api.w.org\/{rel}","templated":true}]}}