{"id":18014,"date":"2024-05-06T10:49:15","date_gmt":"2024-05-06T09:49:15","guid":{"rendered":"https:\/\/pharmadreams.shop\/?post_type=product&#038;p=18014"},"modified":"2024-05-06T10:49:16","modified_gmt":"2024-05-06T09:49:16","slug":"svr-sun-secure-blur-spf-50-50ml","status":"publish","type":"product","link":"https:\/\/pharmadreams.shop\/index.php\/product\/svr-sun-secure-blur-spf-50-50ml\/","title":{"rendered":"SVR SUN SECURE BLUR SPF 50+ 50ML"},"content":{"rendered":"","protected":false},"excerpt":{"rendered":"<p>SVR Sun Secure Blur Mousse SPF50+ 50ml c\u2019est l\u2019association parfaite de 2 produits : une haute protection solaire SPF50+ et une mousse.<\/p>\n<p>Elle offre une tr\u00e8s haute protection dermatologique int\u00e9grant cette nouvelle association de filtre brevet\u00e9e respectueuse de l\u2019environnement marin.<\/p>\n<p>Elle permet de prot\u00e9ger du soleil, de flouter les imperfections, d\u2019unifier le teint et de laisser une peau lisse et velout\u00e9e.<\/p>\n<p>Sa mousse abricot\u00e9e fond instantan\u00e9ment sur la peau et devient invisible pour un effet peau nue. Les imperfections sont flout\u00e9es, le teint liss\u00e9 et unifi\u00e9, la peau incroyablement velout\u00e9e. Comme une base de maquillage, la protection en plus.<\/p>\n<p>Les imperfections du\u00a0<a href=\"https:\/\/www.maparatunisie.tn\/categorie-produit\/visages\/\">visage<\/a>\u00a0sont flout\u00e9es, le teint est liss\u00e9 et unifi\u00e9, la peau est velout\u00e9e. Son parfum estival est absolument d\u00e9licieux.<\/p>\n","protected":false},"featured_media":18015,"comment_status":"open","ping_status":"closed","template":"","meta":[],"product_brand":[],"product_cat":[231,20],"product_tag":[],"class_list":{"0":"post-18014","1":"product","2":"type-product","3":"status-publish","4":"has-post-thumbnail","6":"product_cat-ecran-solaire","7":"product_cat-visage","9":"first","10":"instock","11":"sale","12":"shipping-taxable","13":"purchasable","14":"product-type-simple"},"yoast_head":"<!-- This site is optimized with the Yoast SEO plugin v23.0 - https:\/\/yoast.com\/wordpress\/plugins\/seo\/ -->\n<title>SVR SUN SECURE BLUR SPF 50+ 50ML - pharmadreams<\/title>\n<meta name=\"robots\" content=\"index, follow, max-snippet:-1, max-image-preview:large, max-video-preview:-1\" \/>\n<link rel=\"canonical\" href=\"https:\/\/pharmadreams.shop\/index.php\/product\/svr-sun-secure-blur-spf-50-50ml\/\" \/>\n<meta property=\"og:locale\" content=\"fr_FR\" \/>\n<meta property=\"og:type\" content=\"article\" \/>\n<meta property=\"og:title\" content=\"SVR SUN SECURE BLUR SPF 50+ 50ML - pharmadreams\" \/>\n<meta property=\"og:description\" content=\"SVR Sun Secure Blur Mousse SPF50+ 50ml c\u2019est l\u2019association parfaite de 2 produits : une haute protection solaire SPF50+ et une mousse.  Elle offre une tr\u00e8s haute protection dermatologique int\u00e9grant cette nouvelle association de filtre brevet\u00e9e respectueuse de l\u2019environnement marin.  Elle permet de prot\u00e9ger du soleil, de flouter les imperfections, d\u2019unifier le teint et de laisser une peau lisse et velout\u00e9e.  Sa mousse abricot\u00e9e fond instantan\u00e9ment sur la peau et devient invisible pour un effet peau nue. Les imperfections sont flout\u00e9es, le teint liss\u00e9 et unifi\u00e9, la peau incroyablement velout\u00e9e. Comme une base de maquillage, la protection en plus.  Les imperfections du\u00a0visage\u00a0sont flout\u00e9es, le teint est liss\u00e9 et unifi\u00e9, la peau est velout\u00e9e. Son parfum estival est absolument d\u00e9licieux.\" \/>\n<meta property=\"og:url\" content=\"https:\/\/pharmadreams.shop\/index.php\/product\/svr-sun-secure-blur-spf-50-50ml\/\" \/>\n<meta property=\"og:site_name\" content=\"pharmadreams\" \/>\n<meta property=\"article:modified_time\" content=\"2024-05-06T09:49:16+00:00\" \/>\n<meta property=\"og:image\" content=\"https:\/\/pharmadreams.shop\/wp-content\/uploads\/2024\/05\/sun-secure-blur-spf50-1000x1000-1.webp\" \/>\n\t<meta property=\"og:image:width\" content=\"1000\" \/>\n\t<meta property=\"og:image:height\" content=\"1000\" \/>\n\t<meta property=\"og:image:type\" content=\"image\/webp\" \/>\n<meta name=\"twitter:card\" content=\"summary_large_image\" \/>\n<meta name=\"twitter:label1\" content=\"Dur\u00e9e de lecture estim\u00e9e\" \/>\n\t<meta name=\"twitter:data1\" content=\"1 minute\" \/>\n<script type=\"application\/ld+json\" class=\"yoast-schema-graph\">{\"@context\":\"https:\/\/schema.org\",\"@graph\":[{\"@type\":\"WebPage\",\"@id\":\"https:\/\/pharmadreams.shop\/index.php\/product\/svr-sun-secure-blur-spf-50-50ml\/\",\"url\":\"https:\/\/pharmadreams.shop\/index.php\/product\/svr-sun-secure-blur-spf-50-50ml\/\",\"name\":\"SVR SUN SECURE BLUR SPF 50+ 50ML - pharmadreams\",\"isPartOf\":{\"@id\":\"https:\/\/pharmadreams.shop\/#website\"},\"primaryImageOfPage\":{\"@id\":\"https:\/\/pharmadreams.shop\/index.php\/product\/svr-sun-secure-blur-spf-50-50ml\/#primaryimage\"},\"image\":{\"@id\":\"https:\/\/pharmadreams.shop\/index.php\/product\/svr-sun-secure-blur-spf-50-50ml\/#primaryimage\"},\"thumbnailUrl\":\"https:\/\/pharmadreams.shop\/wp-content\/uploads\/2024\/05\/sun-secure-blur-spf50-1000x1000-1.webp\",\"datePublished\":\"2024-05-06T09:49:15+00:00\",\"dateModified\":\"2024-05-06T09:49:16+00:00\",\"breadcrumb\":{\"@id\":\"https:\/\/pharmadreams.shop\/index.php\/product\/svr-sun-secure-blur-spf-50-50ml\/#breadcrumb\"},\"inLanguage\":\"fr-FR\",\"potentialAction\":[{\"@type\":\"ReadAction\",\"target\":[\"https:\/\/pharmadreams.shop\/index.php\/product\/svr-sun-secure-blur-spf-50-50ml\/\"]}]},{\"@type\":\"ImageObject\",\"inLanguage\":\"fr-FR\",\"@id\":\"https:\/\/pharmadreams.shop\/index.php\/product\/svr-sun-secure-blur-spf-50-50ml\/#primaryimage\",\"url\":\"https:\/\/pharmadreams.shop\/wp-content\/uploads\/2024\/05\/sun-secure-blur-spf50-1000x1000-1.webp\",\"contentUrl\":\"https:\/\/pharmadreams.shop\/wp-content\/uploads\/2024\/05\/sun-secure-blur-spf50-1000x1000-1.webp\",\"width\":1000,\"height\":1000},{\"@type\":\"BreadcrumbList\",\"@id\":\"https:\/\/pharmadreams.shop\/index.php\/product\/svr-sun-secure-blur-spf-50-50ml\/#breadcrumb\",\"itemListElement\":[{\"@type\":\"ListItem\",\"position\":1,\"name\":\"Accueil\",\"item\":\"https:\/\/pharmadreams.shop\/\"},{\"@type\":\"ListItem\",\"position\":2,\"name\":\"Shop\",\"item\":\"https:\/\/pharmadreams.shop\/index.php\/shop\/\"},{\"@type\":\"ListItem\",\"position\":3,\"name\":\"SVR SUN SECURE BLUR SPF 50+ 50ML\"}]},{\"@type\":\"WebSite\",\"@id\":\"https:\/\/pharmadreams.shop\/#website\",\"url\":\"https:\/\/pharmadreams.shop\/\",\"name\":\"pharmadreams\",\"description\":\"Parapharmacie en ligne\",\"potentialAction\":[{\"@type\":\"SearchAction\",\"target\":{\"@type\":\"EntryPoint\",\"urlTemplate\":\"https:\/\/pharmadreams.shop\/?s={search_term_string}\"},\"query-input\":\"required name=search_term_string\"}],\"inLanguage\":\"fr-FR\"}]}<\/script>\n<!-- \/ Yoast SEO plugin. -->","yoast_head_json":{"title":"SVR SUN SECURE BLUR SPF 50+ 50ML - pharmadreams","robots":{"index":"index","follow":"follow","max-snippet":"max-snippet:-1","max-image-preview":"max-image-preview:large","max-video-preview":"max-video-preview:-1"},"canonical":"https:\/\/pharmadreams.shop\/index.php\/product\/svr-sun-secure-blur-spf-50-50ml\/","og_locale":"fr_FR","og_type":"article","og_title":"SVR SUN SECURE BLUR SPF 50+ 50ML - pharmadreams","og_description":"SVR Sun Secure Blur Mousse SPF50+ 50ml c\u2019est l\u2019association parfaite de 2 produits : une haute protection solaire SPF50+ et une mousse.  Elle offre une tr\u00e8s haute protection dermatologique int\u00e9grant cette nouvelle association de filtre brevet\u00e9e respectueuse de l\u2019environnement marin.  Elle permet de prot\u00e9ger du soleil, de flouter les imperfections, d\u2019unifier le teint et de laisser une peau lisse et velout\u00e9e.  Sa mousse abricot\u00e9e fond instantan\u00e9ment sur la peau et devient invisible pour un effet peau nue. Les imperfections sont flout\u00e9es, le teint liss\u00e9 et unifi\u00e9, la peau incroyablement velout\u00e9e. Comme une base de maquillage, la protection en plus.  Les imperfections du\u00a0visage\u00a0sont flout\u00e9es, le teint est liss\u00e9 et unifi\u00e9, la peau est velout\u00e9e. Son parfum estival est absolument d\u00e9licieux.","og_url":"https:\/\/pharmadreams.shop\/index.php\/product\/svr-sun-secure-blur-spf-50-50ml\/","og_site_name":"pharmadreams","article_modified_time":"2024-05-06T09:49:16+00:00","og_image":[{"width":1000,"height":1000,"url":"https:\/\/pharmadreams.shop\/wp-content\/uploads\/2024\/05\/sun-secure-blur-spf50-1000x1000-1.webp","type":"image\/webp"}],"twitter_card":"summary_large_image","twitter_misc":{"Dur\u00e9e de lecture estim\u00e9e":"1 minute"},"schema":{"@context":"https:\/\/schema.org","@graph":[{"@type":"WebPage","@id":"https:\/\/pharmadreams.shop\/index.php\/product\/svr-sun-secure-blur-spf-50-50ml\/","url":"https:\/\/pharmadreams.shop\/index.php\/product\/svr-sun-secure-blur-spf-50-50ml\/","name":"SVR SUN SECURE BLUR SPF 50+ 50ML - pharmadreams","isPartOf":{"@id":"https:\/\/pharmadreams.shop\/#website"},"primaryImageOfPage":{"@id":"https:\/\/pharmadreams.shop\/index.php\/product\/svr-sun-secure-blur-spf-50-50ml\/#primaryimage"},"image":{"@id":"https:\/\/pharmadreams.shop\/index.php\/product\/svr-sun-secure-blur-spf-50-50ml\/#primaryimage"},"thumbnailUrl":"https:\/\/pharmadreams.shop\/wp-content\/uploads\/2024\/05\/sun-secure-blur-spf50-1000x1000-1.webp","datePublished":"2024-05-06T09:49:15+00:00","dateModified":"2024-05-06T09:49:16+00:00","breadcrumb":{"@id":"https:\/\/pharmadreams.shop\/index.php\/product\/svr-sun-secure-blur-spf-50-50ml\/#breadcrumb"},"inLanguage":"fr-FR","potentialAction":[{"@type":"ReadAction","target":["https:\/\/pharmadreams.shop\/index.php\/product\/svr-sun-secure-blur-spf-50-50ml\/"]}]},{"@type":"ImageObject","inLanguage":"fr-FR","@id":"https:\/\/pharmadreams.shop\/index.php\/product\/svr-sun-secure-blur-spf-50-50ml\/#primaryimage","url":"https:\/\/pharmadreams.shop\/wp-content\/uploads\/2024\/05\/sun-secure-blur-spf50-1000x1000-1.webp","contentUrl":"https:\/\/pharmadreams.shop\/wp-content\/uploads\/2024\/05\/sun-secure-blur-spf50-1000x1000-1.webp","width":1000,"height":1000},{"@type":"BreadcrumbList","@id":"https:\/\/pharmadreams.shop\/index.php\/product\/svr-sun-secure-blur-spf-50-50ml\/#breadcrumb","itemListElement":[{"@type":"ListItem","position":1,"name":"Accueil","item":"https:\/\/pharmadreams.shop\/"},{"@type":"ListItem","position":2,"name":"Shop","item":"https:\/\/pharmadreams.shop\/index.php\/shop\/"},{"@type":"ListItem","position":3,"name":"SVR SUN SECURE BLUR SPF 50+ 50ML"}]},{"@type":"WebSite","@id":"https:\/\/pharmadreams.shop\/#website","url":"https:\/\/pharmadreams.shop\/","name":"pharmadreams","description":"Parapharmacie en ligne","potentialAction":[{"@type":"SearchAction","target":{"@type":"EntryPoint","urlTemplate":"https:\/\/pharmadreams.shop\/?s={search_term_string}"},"query-input":"required name=search_term_string"}],"inLanguage":"fr-FR"}]}},"_links":{"self":[{"href":"https:\/\/pharmadreams.shop\/index.php\/wp-json\/wp\/v2\/product\/18014","targetHints":{"allow":["GET"]}}],"collection":[{"href":"https:\/\/pharmadreams.shop\/index.php\/wp-json\/wp\/v2\/product"}],"about":[{"href":"https:\/\/pharmadreams.shop\/index.php\/wp-json\/wp\/v2\/types\/product"}],"replies":[{"embeddable":true,"href":"https:\/\/pharmadreams.shop\/index.php\/wp-json\/wp\/v2\/comments?post=18014"}],"version-history":[{"count":0,"href":"https:\/\/pharmadreams.shop\/index.php\/wp-json\/wp\/v2\/product\/18014\/revisions"}],"wp:featuredmedia":[{"embeddable":true,"href":"https:\/\/pharmadreams.shop\/index.php\/wp-json\/wp\/v2\/media\/18015"}],"wp:attachment":[{"href":"https:\/\/pharmadreams.shop\/index.php\/wp-json\/wp\/v2\/media?parent=18014"}],"wp:term":[{"taxonomy":"product_brand","embeddable":true,"href":"https:\/\/pharmadreams.shop\/index.php\/wp-json\/wp\/v2\/product_brand?post=18014"},{"taxonomy":"product_cat","embeddable":true,"href":"https:\/\/pharmadreams.shop\/index.php\/wp-json\/wp\/v2\/product_cat?post=18014"},{"taxonomy":"product_tag","embeddable":true,"href":"https:\/\/pharmadreams.shop\/index.php\/wp-json\/wp\/v2\/product_tag?post=18014"}],"curies":[{"name":"wp","href":"https:\/\/api.w.org\/{rel}","templated":true}]}}