{"id":18017,"date":"2024-05-06T11:04:32","date_gmt":"2024-05-06T10:04:32","guid":{"rendered":"https:\/\/pharmadreams.shop\/?post_type=product&#038;p=18017"},"modified":"2024-05-06T11:04:32","modified_gmt":"2024-05-06T10:04:32","slug":"svr-sun-secure-ecran-mineral-teinte-peaux-normales-a-mixtes","status":"publish","type":"product","link":"https:\/\/pharmadreams.shop\/index.php\/product\/svr-sun-secure-ecran-mineral-teinte-peaux-normales-a-mixtes\/","title":{"rendered":"SVR SUN SECURE ECRAN MINERAL TEINTE PEAUX NORMALES A MIXTES"},"content":{"rendered":"","protected":false},"excerpt":{"rendered":"<p>SUN SECURE \u00c9cran Min\u00e9ral Teint\u00e9 SPF50+ est un soin tr\u00e8s haute protection 100% min\u00e9rale. Il convient aux peaux intol\u00e9rantes mais aussi aux femmes qui souhaitent se maquiller au soleil toute l\u2019ann\u00e9e. Gr\u00e2ce \u00e0 sa bonne couvrance, les imperfections sont camoufl\u00e9es, le teint unifi\u00e9 toute la journ\u00e9e. Il existe en deux versions : cr\u00e8me toucher sec peaux normales \u00e0 mixtes et cr\u00e8me confort peaux s\u00e8ches \u00e0 tr\u00e8s s\u00e8ches. Gr\u00e2ce \u00e0 sa teinte universelle, il convient \u00e0 toutes les carnations. Ce soin r\u00e9siste \u00e0 l\u2019eau, \u00e0 la transpiration et aux frottements pour une protection optimale.<\/p>\n","protected":false},"featured_media":18019,"comment_status":"open","ping_status":"closed","template":"","meta":[],"product_brand":[],"product_cat":[231,162,226,233,20],"product_tag":[],"class_list":{"0":"post-18017","1":"product","2":"type-product","3":"status-publish","4":"has-post-thumbnail","6":"product_cat-ecran-solaire","7":"product_cat-peaux-mixtes","8":"product_cat-peaux-normales","9":"product_cat-protection-solaire","10":"product_cat-visage","12":"first","13":"instock","14":"sale","15":"shipping-taxable","16":"purchasable","17":"product-type-simple"},"yoast_head":"<!-- This site is optimized with the Yoast SEO plugin v23.0 - https:\/\/yoast.com\/wordpress\/plugins\/seo\/ -->\n<title>SVR SUN SECURE ECRAN MINERAL TEINTE PEAUX NORMALES A MIXTES - pharmadreams<\/title>\n<meta name=\"robots\" content=\"index, follow, max-snippet:-1, max-image-preview:large, max-video-preview:-1\" \/>\n<link rel=\"canonical\" href=\"https:\/\/pharmadreams.shop\/index.php\/product\/svr-sun-secure-ecran-mineral-teinte-peaux-normales-a-mixtes\/\" \/>\n<meta property=\"og:locale\" content=\"fr_FR\" \/>\n<meta property=\"og:type\" content=\"article\" \/>\n<meta property=\"og:title\" content=\"SVR SUN SECURE ECRAN MINERAL TEINTE PEAUX NORMALES A MIXTES - pharmadreams\" \/>\n<meta property=\"og:description\" content=\"SUN SECURE \u00c9cran Min\u00e9ral Teint\u00e9 SPF50+ est un soin tr\u00e8s haute protection 100% min\u00e9rale. Il convient aux peaux intol\u00e9rantes mais aussi aux femmes qui souhaitent se maquiller au soleil toute l\u2019ann\u00e9e. Gr\u00e2ce \u00e0 sa bonne couvrance, les imperfections sont camoufl\u00e9es, le teint unifi\u00e9 toute la journ\u00e9e. Il existe en deux versions : cr\u00e8me toucher sec peaux normales \u00e0 mixtes et cr\u00e8me confort peaux s\u00e8ches \u00e0 tr\u00e8s s\u00e8ches. Gr\u00e2ce \u00e0 sa teinte universelle, il convient \u00e0 toutes les carnations. Ce soin r\u00e9siste \u00e0 l\u2019eau, \u00e0 la transpiration et aux frottements pour une protection optimale.\" \/>\n<meta property=\"og:url\" content=\"https:\/\/pharmadreams.shop\/index.php\/product\/svr-sun-secure-ecran-mineral-teinte-peaux-normales-a-mixtes\/\" \/>\n<meta property=\"og:site_name\" content=\"pharmadreams\" \/>\n<meta property=\"og:image\" content=\"https:\/\/pharmadreams.shop\/wp-content\/uploads\/2024\/05\/svr-sun-secure-ecran-mineral-teinte-peaux-normales-a-mixtes-spf-50-50ml.jpg\" \/>\n\t<meta property=\"og:image:width\" content=\"500\" \/>\n\t<meta property=\"og:image:height\" content=\"500\" \/>\n\t<meta property=\"og:image:type\" content=\"image\/jpeg\" \/>\n<meta name=\"twitter:card\" content=\"summary_large_image\" \/>\n<meta name=\"twitter:label1\" content=\"Dur\u00e9e de lecture estim\u00e9e\" \/>\n\t<meta name=\"twitter:data1\" content=\"1 minute\" \/>\n<script type=\"application\/ld+json\" class=\"yoast-schema-graph\">{\"@context\":\"https:\/\/schema.org\",\"@graph\":[{\"@type\":\"WebPage\",\"@id\":\"https:\/\/pharmadreams.shop\/index.php\/product\/svr-sun-secure-ecran-mineral-teinte-peaux-normales-a-mixtes\/\",\"url\":\"https:\/\/pharmadreams.shop\/index.php\/product\/svr-sun-secure-ecran-mineral-teinte-peaux-normales-a-mixtes\/\",\"name\":\"SVR SUN SECURE ECRAN MINERAL TEINTE PEAUX NORMALES A MIXTES - pharmadreams\",\"isPartOf\":{\"@id\":\"https:\/\/pharmadreams.shop\/#website\"},\"primaryImageOfPage\":{\"@id\":\"https:\/\/pharmadreams.shop\/index.php\/product\/svr-sun-secure-ecran-mineral-teinte-peaux-normales-a-mixtes\/#primaryimage\"},\"image\":{\"@id\":\"https:\/\/pharmadreams.shop\/index.php\/product\/svr-sun-secure-ecran-mineral-teinte-peaux-normales-a-mixtes\/#primaryimage\"},\"thumbnailUrl\":\"https:\/\/pharmadreams.shop\/wp-content\/uploads\/2024\/05\/svr-sun-secure-ecran-mineral-teinte-peaux-normales-a-mixtes-spf-50-50ml.jpg\",\"datePublished\":\"2024-05-06T10:04:32+00:00\",\"dateModified\":\"2024-05-06T10:04:32+00:00\",\"breadcrumb\":{\"@id\":\"https:\/\/pharmadreams.shop\/index.php\/product\/svr-sun-secure-ecran-mineral-teinte-peaux-normales-a-mixtes\/#breadcrumb\"},\"inLanguage\":\"fr-FR\",\"potentialAction\":[{\"@type\":\"ReadAction\",\"target\":[\"https:\/\/pharmadreams.shop\/index.php\/product\/svr-sun-secure-ecran-mineral-teinte-peaux-normales-a-mixtes\/\"]}]},{\"@type\":\"ImageObject\",\"inLanguage\":\"fr-FR\",\"@id\":\"https:\/\/pharmadreams.shop\/index.php\/product\/svr-sun-secure-ecran-mineral-teinte-peaux-normales-a-mixtes\/#primaryimage\",\"url\":\"https:\/\/pharmadreams.shop\/wp-content\/uploads\/2024\/05\/svr-sun-secure-ecran-mineral-teinte-peaux-normales-a-mixtes-spf-50-50ml.jpg\",\"contentUrl\":\"https:\/\/pharmadreams.shop\/wp-content\/uploads\/2024\/05\/svr-sun-secure-ecran-mineral-teinte-peaux-normales-a-mixtes-spf-50-50ml.jpg\",\"width\":500,\"height\":500},{\"@type\":\"BreadcrumbList\",\"@id\":\"https:\/\/pharmadreams.shop\/index.php\/product\/svr-sun-secure-ecran-mineral-teinte-peaux-normales-a-mixtes\/#breadcrumb\",\"itemListElement\":[{\"@type\":\"ListItem\",\"position\":1,\"name\":\"Accueil\",\"item\":\"https:\/\/pharmadreams.shop\/\"},{\"@type\":\"ListItem\",\"position\":2,\"name\":\"Shop\",\"item\":\"https:\/\/pharmadreams.shop\/index.php\/shop\/\"},{\"@type\":\"ListItem\",\"position\":3,\"name\":\"SVR SUN SECURE ECRAN MINERAL TEINTE PEAUX NORMALES A MIXTES\"}]},{\"@type\":\"WebSite\",\"@id\":\"https:\/\/pharmadreams.shop\/#website\",\"url\":\"https:\/\/pharmadreams.shop\/\",\"name\":\"pharmadreams\",\"description\":\"Parapharmacie en ligne\",\"potentialAction\":[{\"@type\":\"SearchAction\",\"target\":{\"@type\":\"EntryPoint\",\"urlTemplate\":\"https:\/\/pharmadreams.shop\/?s={search_term_string}\"},\"query-input\":\"required name=search_term_string\"}],\"inLanguage\":\"fr-FR\"}]}<\/script>\n<!-- \/ Yoast SEO plugin. -->","yoast_head_json":{"title":"SVR SUN SECURE ECRAN MINERAL TEINTE PEAUX NORMALES A MIXTES - pharmadreams","robots":{"index":"index","follow":"follow","max-snippet":"max-snippet:-1","max-image-preview":"max-image-preview:large","max-video-preview":"max-video-preview:-1"},"canonical":"https:\/\/pharmadreams.shop\/index.php\/product\/svr-sun-secure-ecran-mineral-teinte-peaux-normales-a-mixtes\/","og_locale":"fr_FR","og_type":"article","og_title":"SVR SUN SECURE ECRAN MINERAL TEINTE PEAUX NORMALES A MIXTES - pharmadreams","og_description":"SUN SECURE \u00c9cran Min\u00e9ral Teint\u00e9 SPF50+ est un soin tr\u00e8s haute protection 100% min\u00e9rale. Il convient aux peaux intol\u00e9rantes mais aussi aux femmes qui souhaitent se maquiller au soleil toute l\u2019ann\u00e9e. Gr\u00e2ce \u00e0 sa bonne couvrance, les imperfections sont camoufl\u00e9es, le teint unifi\u00e9 toute la journ\u00e9e. Il existe en deux versions : cr\u00e8me toucher sec peaux normales \u00e0 mixtes et cr\u00e8me confort peaux s\u00e8ches \u00e0 tr\u00e8s s\u00e8ches. Gr\u00e2ce \u00e0 sa teinte universelle, il convient \u00e0 toutes les carnations. Ce soin r\u00e9siste \u00e0 l\u2019eau, \u00e0 la transpiration et aux frottements pour une protection optimale.","og_url":"https:\/\/pharmadreams.shop\/index.php\/product\/svr-sun-secure-ecran-mineral-teinte-peaux-normales-a-mixtes\/","og_site_name":"pharmadreams","og_image":[{"width":500,"height":500,"url":"https:\/\/pharmadreams.shop\/wp-content\/uploads\/2024\/05\/svr-sun-secure-ecran-mineral-teinte-peaux-normales-a-mixtes-spf-50-50ml.jpg","type":"image\/jpeg"}],"twitter_card":"summary_large_image","twitter_misc":{"Dur\u00e9e de lecture estim\u00e9e":"1 minute"},"schema":{"@context":"https:\/\/schema.org","@graph":[{"@type":"WebPage","@id":"https:\/\/pharmadreams.shop\/index.php\/product\/svr-sun-secure-ecran-mineral-teinte-peaux-normales-a-mixtes\/","url":"https:\/\/pharmadreams.shop\/index.php\/product\/svr-sun-secure-ecran-mineral-teinte-peaux-normales-a-mixtes\/","name":"SVR SUN SECURE ECRAN MINERAL TEINTE PEAUX NORMALES A MIXTES - pharmadreams","isPartOf":{"@id":"https:\/\/pharmadreams.shop\/#website"},"primaryImageOfPage":{"@id":"https:\/\/pharmadreams.shop\/index.php\/product\/svr-sun-secure-ecran-mineral-teinte-peaux-normales-a-mixtes\/#primaryimage"},"image":{"@id":"https:\/\/pharmadreams.shop\/index.php\/product\/svr-sun-secure-ecran-mineral-teinte-peaux-normales-a-mixtes\/#primaryimage"},"thumbnailUrl":"https:\/\/pharmadreams.shop\/wp-content\/uploads\/2024\/05\/svr-sun-secure-ecran-mineral-teinte-peaux-normales-a-mixtes-spf-50-50ml.jpg","datePublished":"2024-05-06T10:04:32+00:00","dateModified":"2024-05-06T10:04:32+00:00","breadcrumb":{"@id":"https:\/\/pharmadreams.shop\/index.php\/product\/svr-sun-secure-ecran-mineral-teinte-peaux-normales-a-mixtes\/#breadcrumb"},"inLanguage":"fr-FR","potentialAction":[{"@type":"ReadAction","target":["https:\/\/pharmadreams.shop\/index.php\/product\/svr-sun-secure-ecran-mineral-teinte-peaux-normales-a-mixtes\/"]}]},{"@type":"ImageObject","inLanguage":"fr-FR","@id":"https:\/\/pharmadreams.shop\/index.php\/product\/svr-sun-secure-ecran-mineral-teinte-peaux-normales-a-mixtes\/#primaryimage","url":"https:\/\/pharmadreams.shop\/wp-content\/uploads\/2024\/05\/svr-sun-secure-ecran-mineral-teinte-peaux-normales-a-mixtes-spf-50-50ml.jpg","contentUrl":"https:\/\/pharmadreams.shop\/wp-content\/uploads\/2024\/05\/svr-sun-secure-ecran-mineral-teinte-peaux-normales-a-mixtes-spf-50-50ml.jpg","width":500,"height":500},{"@type":"BreadcrumbList","@id":"https:\/\/pharmadreams.shop\/index.php\/product\/svr-sun-secure-ecran-mineral-teinte-peaux-normales-a-mixtes\/#breadcrumb","itemListElement":[{"@type":"ListItem","position":1,"name":"Accueil","item":"https:\/\/pharmadreams.shop\/"},{"@type":"ListItem","position":2,"name":"Shop","item":"https:\/\/pharmadreams.shop\/index.php\/shop\/"},{"@type":"ListItem","position":3,"name":"SVR SUN SECURE ECRAN MINERAL TEINTE PEAUX NORMALES A MIXTES"}]},{"@type":"WebSite","@id":"https:\/\/pharmadreams.shop\/#website","url":"https:\/\/pharmadreams.shop\/","name":"pharmadreams","description":"Parapharmacie en ligne","potentialAction":[{"@type":"SearchAction","target":{"@type":"EntryPoint","urlTemplate":"https:\/\/pharmadreams.shop\/?s={search_term_string}"},"query-input":"required name=search_term_string"}],"inLanguage":"fr-FR"}]}},"_links":{"self":[{"href":"https:\/\/pharmadreams.shop\/index.php\/wp-json\/wp\/v2\/product\/18017","targetHints":{"allow":["GET"]}}],"collection":[{"href":"https:\/\/pharmadreams.shop\/index.php\/wp-json\/wp\/v2\/product"}],"about":[{"href":"https:\/\/pharmadreams.shop\/index.php\/wp-json\/wp\/v2\/types\/product"}],"replies":[{"embeddable":true,"href":"https:\/\/pharmadreams.shop\/index.php\/wp-json\/wp\/v2\/comments?post=18017"}],"version-history":[{"count":0,"href":"https:\/\/pharmadreams.shop\/index.php\/wp-json\/wp\/v2\/product\/18017\/revisions"}],"wp:featuredmedia":[{"embeddable":true,"href":"https:\/\/pharmadreams.shop\/index.php\/wp-json\/wp\/v2\/media\/18019"}],"wp:attachment":[{"href":"https:\/\/pharmadreams.shop\/index.php\/wp-json\/wp\/v2\/media?parent=18017"}],"wp:term":[{"taxonomy":"product_brand","embeddable":true,"href":"https:\/\/pharmadreams.shop\/index.php\/wp-json\/wp\/v2\/product_brand?post=18017"},{"taxonomy":"product_cat","embeddable":true,"href":"https:\/\/pharmadreams.shop\/index.php\/wp-json\/wp\/v2\/product_cat?post=18017"},{"taxonomy":"product_tag","embeddable":true,"href":"https:\/\/pharmadreams.shop\/index.php\/wp-json\/wp\/v2\/product_tag?post=18017"}],"curies":[{"name":"wp","href":"https:\/\/api.w.org\/{rel}","templated":true}]}}