{"id":18024,"date":"2024-05-06T11:53:24","date_gmt":"2024-05-06T10:53:24","guid":{"rendered":"https:\/\/pharmadreams.shop\/?post_type=product&#038;p=18024"},"modified":"2024-06-28T11:17:13","modified_gmt":"2024-06-28T10:17:13","slug":"svr-sun-secure-lait-hydratant-invisible-spf50-250ml","status":"publish","type":"product","link":"https:\/\/pharmadreams.shop\/index.php\/product\/svr-sun-secure-lait-hydratant-invisible-spf50-250ml\/","title":{"rendered":"SVR SUN SECURE LAIT HYDRATANT INVISIBLE SPF50+ 250ML"},"content":{"rendered":"","protected":false},"excerpt":{"rendered":"<p>Lait \u00e0 la texture velout\u00e9e et au fini invisible adapt\u00e9 \u00e0 toute la famille : b\u00e9b\u00e9, enfant, adulte.<br \/>\nSa texture fond sur la peau et\u00a0p\u00e9n\u00e8tre rapidement, la laissant parfaitement\u00a0douce et hydrat\u00e9e.<br \/>\nTr\u00e8s r\u00e9sistant \u00e0 l\u2019eau, il r\u00e9siste \u00e9galement aux frottements pour\u00a0une protection optimale.<br \/>\nAvec son d\u00e9licat parfum d\u2019\u00e9t\u00e9 et sa texture fondante, vous ne pourrez pas y r\u00e9sister, en application sur peau s\u00e8che ou mouill\u00e9e.<\/p>\n","protected":false},"featured_media":18025,"comment_status":"open","ping_status":"closed","template":"","meta":[],"product_brand":[],"product_cat":[28,160,233,20],"product_tag":[],"class_list":{"0":"post-18024","1":"product","2":"type-product","3":"status-publish","4":"has-post-thumbnail","6":"product_cat-corps","7":"product_cat-lait","8":"product_cat-protection-solaire","9":"product_cat-visage","11":"first","12":"instock","13":"shipping-taxable","14":"purchasable","15":"product-type-simple"},"yoast_head":"<!-- This site is optimized with the Yoast SEO plugin v23.0 - https:\/\/yoast.com\/wordpress\/plugins\/seo\/ -->\n<title>SVR SUN SECURE LAIT HYDRATANT INVISIBLE SPF50+ 250ML - pharmadreams<\/title>\n<meta name=\"robots\" content=\"index, follow, max-snippet:-1, max-image-preview:large, max-video-preview:-1\" \/>\n<link rel=\"canonical\" href=\"https:\/\/pharmadreams.shop\/index.php\/product\/svr-sun-secure-lait-hydratant-invisible-spf50-250ml\/\" \/>\n<meta property=\"og:locale\" content=\"fr_FR\" \/>\n<meta property=\"og:type\" content=\"article\" \/>\n<meta property=\"og:title\" content=\"SVR SUN SECURE LAIT HYDRATANT INVISIBLE SPF50+ 250ML - pharmadreams\" \/>\n<meta property=\"og:description\" content=\"Lait \u00e0 la texture velout\u00e9e et au fini invisible adapt\u00e9 \u00e0 toute la famille : b\u00e9b\u00e9, enfant, adulte. Sa texture fond sur la peau et\u00a0p\u00e9n\u00e8tre rapidement, la laissant parfaitement\u00a0douce et hydrat\u00e9e. Tr\u00e8s r\u00e9sistant \u00e0 l\u2019eau, il r\u00e9siste \u00e9galement aux frottements pour\u00a0une protection optimale. Avec son d\u00e9licat parfum d\u2019\u00e9t\u00e9 et sa texture fondante, vous ne pourrez pas y r\u00e9sister, en application sur peau s\u00e8che ou mouill\u00e9e.\" \/>\n<meta property=\"og:url\" content=\"https:\/\/pharmadreams.shop\/index.php\/product\/svr-sun-secure-lait-hydratant-invisible-spf50-250ml\/\" \/>\n<meta property=\"og:site_name\" content=\"pharmadreams\" \/>\n<meta property=\"article:modified_time\" content=\"2024-06-28T10:17:13+00:00\" \/>\n<meta property=\"og:image\" content=\"https:\/\/pharmadreams.shop\/wp-content\/uploads\/2024\/05\/Test_maquette-Solaires-lait250_600x600_crop_center.webp\" \/>\n\t<meta property=\"og:image:width\" content=\"600\" \/>\n\t<meta property=\"og:image:height\" content=\"600\" \/>\n\t<meta property=\"og:image:type\" content=\"image\/webp\" \/>\n<meta name=\"twitter:card\" content=\"summary_large_image\" \/>\n<meta name=\"twitter:label1\" content=\"Dur\u00e9e de lecture estim\u00e9e\" \/>\n\t<meta name=\"twitter:data1\" content=\"1 minute\" \/>\n<script type=\"application\/ld+json\" class=\"yoast-schema-graph\">{\"@context\":\"https:\/\/schema.org\",\"@graph\":[{\"@type\":\"WebPage\",\"@id\":\"https:\/\/pharmadreams.shop\/index.php\/product\/svr-sun-secure-lait-hydratant-invisible-spf50-250ml\/\",\"url\":\"https:\/\/pharmadreams.shop\/index.php\/product\/svr-sun-secure-lait-hydratant-invisible-spf50-250ml\/\",\"name\":\"SVR SUN SECURE LAIT HYDRATANT INVISIBLE SPF50+ 250ML - pharmadreams\",\"isPartOf\":{\"@id\":\"https:\/\/pharmadreams.shop\/#website\"},\"primaryImageOfPage\":{\"@id\":\"https:\/\/pharmadreams.shop\/index.php\/product\/svr-sun-secure-lait-hydratant-invisible-spf50-250ml\/#primaryimage\"},\"image\":{\"@id\":\"https:\/\/pharmadreams.shop\/index.php\/product\/svr-sun-secure-lait-hydratant-invisible-spf50-250ml\/#primaryimage\"},\"thumbnailUrl\":\"https:\/\/pharmadreams.shop\/wp-content\/uploads\/2024\/05\/Test_maquette-Solaires-lait250_600x600_crop_center.webp\",\"datePublished\":\"2024-05-06T10:53:24+00:00\",\"dateModified\":\"2024-06-28T10:17:13+00:00\",\"breadcrumb\":{\"@id\":\"https:\/\/pharmadreams.shop\/index.php\/product\/svr-sun-secure-lait-hydratant-invisible-spf50-250ml\/#breadcrumb\"},\"inLanguage\":\"fr-FR\",\"potentialAction\":[{\"@type\":\"ReadAction\",\"target\":[\"https:\/\/pharmadreams.shop\/index.php\/product\/svr-sun-secure-lait-hydratant-invisible-spf50-250ml\/\"]}]},{\"@type\":\"ImageObject\",\"inLanguage\":\"fr-FR\",\"@id\":\"https:\/\/pharmadreams.shop\/index.php\/product\/svr-sun-secure-lait-hydratant-invisible-spf50-250ml\/#primaryimage\",\"url\":\"https:\/\/pharmadreams.shop\/wp-content\/uploads\/2024\/05\/Test_maquette-Solaires-lait250_600x600_crop_center.webp\",\"contentUrl\":\"https:\/\/pharmadreams.shop\/wp-content\/uploads\/2024\/05\/Test_maquette-Solaires-lait250_600x600_crop_center.webp\",\"width\":600,\"height\":600},{\"@type\":\"BreadcrumbList\",\"@id\":\"https:\/\/pharmadreams.shop\/index.php\/product\/svr-sun-secure-lait-hydratant-invisible-spf50-250ml\/#breadcrumb\",\"itemListElement\":[{\"@type\":\"ListItem\",\"position\":1,\"name\":\"Accueil\",\"item\":\"https:\/\/pharmadreams.shop\/\"},{\"@type\":\"ListItem\",\"position\":2,\"name\":\"Shop\",\"item\":\"https:\/\/pharmadreams.shop\/index.php\/shop\/\"},{\"@type\":\"ListItem\",\"position\":3,\"name\":\"SVR SUN SECURE LAIT HYDRATANT INVISIBLE SPF50+ 250ML\"}]},{\"@type\":\"WebSite\",\"@id\":\"https:\/\/pharmadreams.shop\/#website\",\"url\":\"https:\/\/pharmadreams.shop\/\",\"name\":\"pharmadreams\",\"description\":\"Parapharmacie en ligne\",\"potentialAction\":[{\"@type\":\"SearchAction\",\"target\":{\"@type\":\"EntryPoint\",\"urlTemplate\":\"https:\/\/pharmadreams.shop\/?s={search_term_string}\"},\"query-input\":\"required name=search_term_string\"}],\"inLanguage\":\"fr-FR\"}]}<\/script>\n<!-- \/ Yoast SEO plugin. -->","yoast_head_json":{"title":"SVR SUN SECURE LAIT HYDRATANT INVISIBLE SPF50+ 250ML - pharmadreams","robots":{"index":"index","follow":"follow","max-snippet":"max-snippet:-1","max-image-preview":"max-image-preview:large","max-video-preview":"max-video-preview:-1"},"canonical":"https:\/\/pharmadreams.shop\/index.php\/product\/svr-sun-secure-lait-hydratant-invisible-spf50-250ml\/","og_locale":"fr_FR","og_type":"article","og_title":"SVR SUN SECURE LAIT HYDRATANT INVISIBLE SPF50+ 250ML - pharmadreams","og_description":"Lait \u00e0 la texture velout\u00e9e et au fini invisible adapt\u00e9 \u00e0 toute la famille : b\u00e9b\u00e9, enfant, adulte. Sa texture fond sur la peau et\u00a0p\u00e9n\u00e8tre rapidement, la laissant parfaitement\u00a0douce et hydrat\u00e9e. Tr\u00e8s r\u00e9sistant \u00e0 l\u2019eau, il r\u00e9siste \u00e9galement aux frottements pour\u00a0une protection optimale. Avec son d\u00e9licat parfum d\u2019\u00e9t\u00e9 et sa texture fondante, vous ne pourrez pas y r\u00e9sister, en application sur peau s\u00e8che ou mouill\u00e9e.","og_url":"https:\/\/pharmadreams.shop\/index.php\/product\/svr-sun-secure-lait-hydratant-invisible-spf50-250ml\/","og_site_name":"pharmadreams","article_modified_time":"2024-06-28T10:17:13+00:00","og_image":[{"width":600,"height":600,"url":"https:\/\/pharmadreams.shop\/wp-content\/uploads\/2024\/05\/Test_maquette-Solaires-lait250_600x600_crop_center.webp","type":"image\/webp"}],"twitter_card":"summary_large_image","twitter_misc":{"Dur\u00e9e de lecture estim\u00e9e":"1 minute"},"schema":{"@context":"https:\/\/schema.org","@graph":[{"@type":"WebPage","@id":"https:\/\/pharmadreams.shop\/index.php\/product\/svr-sun-secure-lait-hydratant-invisible-spf50-250ml\/","url":"https:\/\/pharmadreams.shop\/index.php\/product\/svr-sun-secure-lait-hydratant-invisible-spf50-250ml\/","name":"SVR SUN SECURE LAIT HYDRATANT INVISIBLE SPF50+ 250ML - pharmadreams","isPartOf":{"@id":"https:\/\/pharmadreams.shop\/#website"},"primaryImageOfPage":{"@id":"https:\/\/pharmadreams.shop\/index.php\/product\/svr-sun-secure-lait-hydratant-invisible-spf50-250ml\/#primaryimage"},"image":{"@id":"https:\/\/pharmadreams.shop\/index.php\/product\/svr-sun-secure-lait-hydratant-invisible-spf50-250ml\/#primaryimage"},"thumbnailUrl":"https:\/\/pharmadreams.shop\/wp-content\/uploads\/2024\/05\/Test_maquette-Solaires-lait250_600x600_crop_center.webp","datePublished":"2024-05-06T10:53:24+00:00","dateModified":"2024-06-28T10:17:13+00:00","breadcrumb":{"@id":"https:\/\/pharmadreams.shop\/index.php\/product\/svr-sun-secure-lait-hydratant-invisible-spf50-250ml\/#breadcrumb"},"inLanguage":"fr-FR","potentialAction":[{"@type":"ReadAction","target":["https:\/\/pharmadreams.shop\/index.php\/product\/svr-sun-secure-lait-hydratant-invisible-spf50-250ml\/"]}]},{"@type":"ImageObject","inLanguage":"fr-FR","@id":"https:\/\/pharmadreams.shop\/index.php\/product\/svr-sun-secure-lait-hydratant-invisible-spf50-250ml\/#primaryimage","url":"https:\/\/pharmadreams.shop\/wp-content\/uploads\/2024\/05\/Test_maquette-Solaires-lait250_600x600_crop_center.webp","contentUrl":"https:\/\/pharmadreams.shop\/wp-content\/uploads\/2024\/05\/Test_maquette-Solaires-lait250_600x600_crop_center.webp","width":600,"height":600},{"@type":"BreadcrumbList","@id":"https:\/\/pharmadreams.shop\/index.php\/product\/svr-sun-secure-lait-hydratant-invisible-spf50-250ml\/#breadcrumb","itemListElement":[{"@type":"ListItem","position":1,"name":"Accueil","item":"https:\/\/pharmadreams.shop\/"},{"@type":"ListItem","position":2,"name":"Shop","item":"https:\/\/pharmadreams.shop\/index.php\/shop\/"},{"@type":"ListItem","position":3,"name":"SVR SUN SECURE LAIT HYDRATANT INVISIBLE SPF50+ 250ML"}]},{"@type":"WebSite","@id":"https:\/\/pharmadreams.shop\/#website","url":"https:\/\/pharmadreams.shop\/","name":"pharmadreams","description":"Parapharmacie en ligne","potentialAction":[{"@type":"SearchAction","target":{"@type":"EntryPoint","urlTemplate":"https:\/\/pharmadreams.shop\/?s={search_term_string}"},"query-input":"required name=search_term_string"}],"inLanguage":"fr-FR"}]}},"_links":{"self":[{"href":"https:\/\/pharmadreams.shop\/index.php\/wp-json\/wp\/v2\/product\/18024","targetHints":{"allow":["GET"]}}],"collection":[{"href":"https:\/\/pharmadreams.shop\/index.php\/wp-json\/wp\/v2\/product"}],"about":[{"href":"https:\/\/pharmadreams.shop\/index.php\/wp-json\/wp\/v2\/types\/product"}],"replies":[{"embeddable":true,"href":"https:\/\/pharmadreams.shop\/index.php\/wp-json\/wp\/v2\/comments?post=18024"}],"version-history":[{"count":0,"href":"https:\/\/pharmadreams.shop\/index.php\/wp-json\/wp\/v2\/product\/18024\/revisions"}],"wp:featuredmedia":[{"embeddable":true,"href":"https:\/\/pharmadreams.shop\/index.php\/wp-json\/wp\/v2\/media\/18025"}],"wp:attachment":[{"href":"https:\/\/pharmadreams.shop\/index.php\/wp-json\/wp\/v2\/media?parent=18024"}],"wp:term":[{"taxonomy":"product_brand","embeddable":true,"href":"https:\/\/pharmadreams.shop\/index.php\/wp-json\/wp\/v2\/product_brand?post=18024"},{"taxonomy":"product_cat","embeddable":true,"href":"https:\/\/pharmadreams.shop\/index.php\/wp-json\/wp\/v2\/product_cat?post=18024"},{"taxonomy":"product_tag","embeddable":true,"href":"https:\/\/pharmadreams.shop\/index.php\/wp-json\/wp\/v2\/product_tag?post=18024"}],"curies":[{"name":"wp","href":"https:\/\/api.w.org\/{rel}","templated":true}]}}