{"id":18027,"date":"2024-05-06T12:03:26","date_gmt":"2024-05-06T11:03:26","guid":{"rendered":"https:\/\/pharmadreams.shop\/?post_type=product&#038;p=18027"},"modified":"2024-05-06T12:03:27","modified_gmt":"2024-05-06T11:03:27","slug":"svr-sun-secure-spray-hydratant-spf50-200ml","status":"publish","type":"product","link":"https:\/\/pharmadreams.shop\/index.php\/product\/svr-sun-secure-spray-hydratant-spf50-200ml\/","title":{"rendered":"SVR SUN SECURE SPRAY HYDRATANT SPF50+ 200ML"},"content":{"rendered":"","protected":false},"excerpt":{"rendered":"<p style=\"font-weight: 400;\">ait-en-brume au toucher sec fini invisible tr\u00e8s haute protection. Il permet, tout en prot\u00e9geant, d\u2019obtenir une peau toute douce.<\/p>\n<p style=\"font-weight: 400;\">Sa texture lact\u00e9e fine, hydrate et prot\u00e8ge toutes les peaux de la famille.<\/p>\n<p style=\"font-weight: 400;\">SUN SECURE Spray SPF50+ s\u2019\u00e9tale et p\u00e9n\u00e8tre rapidement, m\u00eame sur peau mouill\u00e9e.<\/p>\n<p style=\"font-weight: 400;\">Tr\u00e8s r\u00e9sistant \u00e0 l\u2019eau, il r\u00e9siste \u00e9galement \u00e0 la transpiration et aux frottements, pour une protection optimale.<\/p>\n<p style=\"font-weight: 400;\">Avec son d\u00e9licat parfum d\u2019\u00e9t\u00e9 et sa fine brume, vous ne pourrez pas y r\u00e9sister.<\/p>\n","protected":false},"featured_media":18028,"comment_status":"open","ping_status":"closed","template":"","meta":[],"product_brand":[],"product_cat":[28,233,263,234,20],"product_tag":[],"class_list":{"0":"post-18027","1":"product","2":"type-product","3":"status-publish","4":"has-post-thumbnail","6":"product_cat-corps","7":"product_cat-protection-solaire","8":"product_cat-spray","9":"product_cat-tous-types-de-peaux","10":"product_cat-visage","12":"first","13":"instock","14":"shipping-taxable","15":"purchasable","16":"product-type-simple"},"yoast_head":"<!-- This site is optimized with the Yoast SEO plugin v23.0 - https:\/\/yoast.com\/wordpress\/plugins\/seo\/ -->\n<title>SVR SUN SECURE SPRAY HYDRATANT SPF50+ 200ML - pharmadreams<\/title>\n<meta name=\"robots\" content=\"index, follow, max-snippet:-1, max-image-preview:large, max-video-preview:-1\" \/>\n<link rel=\"canonical\" href=\"https:\/\/pharmadreams.shop\/index.php\/product\/svr-sun-secure-spray-hydratant-spf50-200ml\/\" \/>\n<meta property=\"og:locale\" content=\"fr_FR\" \/>\n<meta property=\"og:type\" content=\"article\" \/>\n<meta property=\"og:title\" content=\"SVR SUN SECURE SPRAY HYDRATANT SPF50+ 200ML - pharmadreams\" \/>\n<meta property=\"og:description\" content=\"ait-en-brume au toucher sec fini invisible tr\u00e8s haute protection. Il permet, tout en prot\u00e9geant, d\u2019obtenir une peau toute douce. Sa texture lact\u00e9e fine, hydrate et prot\u00e8ge toutes les peaux de la famille. SUN SECURE Spray SPF50+ s\u2019\u00e9tale et p\u00e9n\u00e8tre rapidement, m\u00eame sur peau mouill\u00e9e. Tr\u00e8s r\u00e9sistant \u00e0 l\u2019eau, il r\u00e9siste \u00e9galement \u00e0 la transpiration et aux frottements, pour une protection optimale. Avec son d\u00e9licat parfum d\u2019\u00e9t\u00e9 et sa fine brume, vous ne pourrez pas y r\u00e9sister.\" \/>\n<meta property=\"og:url\" content=\"https:\/\/pharmadreams.shop\/index.php\/product\/svr-sun-secure-spray-hydratant-spf50-200ml\/\" \/>\n<meta property=\"og:site_name\" content=\"pharmadreams\" \/>\n<meta property=\"article:modified_time\" content=\"2024-05-06T11:03:27+00:00\" \/>\n<meta property=\"og:image\" content=\"https:\/\/pharmadreams.shop\/wp-content\/uploads\/2024\/05\/svr-sun-secure-spray-hydratant-spf50-200ml.jpg\" \/>\n\t<meta property=\"og:image:width\" content=\"500\" \/>\n\t<meta property=\"og:image:height\" content=\"500\" \/>\n\t<meta property=\"og:image:type\" content=\"image\/jpeg\" \/>\n<meta name=\"twitter:card\" content=\"summary_large_image\" \/>\n<meta name=\"twitter:label1\" content=\"Dur\u00e9e de lecture estim\u00e9e\" \/>\n\t<meta name=\"twitter:data1\" content=\"1 minute\" \/>\n<script type=\"application\/ld+json\" class=\"yoast-schema-graph\">{\"@context\":\"https:\/\/schema.org\",\"@graph\":[{\"@type\":\"WebPage\",\"@id\":\"https:\/\/pharmadreams.shop\/index.php\/product\/svr-sun-secure-spray-hydratant-spf50-200ml\/\",\"url\":\"https:\/\/pharmadreams.shop\/index.php\/product\/svr-sun-secure-spray-hydratant-spf50-200ml\/\",\"name\":\"SVR SUN SECURE SPRAY HYDRATANT SPF50+ 200ML - pharmadreams\",\"isPartOf\":{\"@id\":\"https:\/\/pharmadreams.shop\/#website\"},\"primaryImageOfPage\":{\"@id\":\"https:\/\/pharmadreams.shop\/index.php\/product\/svr-sun-secure-spray-hydratant-spf50-200ml\/#primaryimage\"},\"image\":{\"@id\":\"https:\/\/pharmadreams.shop\/index.php\/product\/svr-sun-secure-spray-hydratant-spf50-200ml\/#primaryimage\"},\"thumbnailUrl\":\"https:\/\/pharmadreams.shop\/wp-content\/uploads\/2024\/05\/svr-sun-secure-spray-hydratant-spf50-200ml.jpg\",\"datePublished\":\"2024-05-06T11:03:26+00:00\",\"dateModified\":\"2024-05-06T11:03:27+00:00\",\"breadcrumb\":{\"@id\":\"https:\/\/pharmadreams.shop\/index.php\/product\/svr-sun-secure-spray-hydratant-spf50-200ml\/#breadcrumb\"},\"inLanguage\":\"fr-FR\",\"potentialAction\":[{\"@type\":\"ReadAction\",\"target\":[\"https:\/\/pharmadreams.shop\/index.php\/product\/svr-sun-secure-spray-hydratant-spf50-200ml\/\"]}]},{\"@type\":\"ImageObject\",\"inLanguage\":\"fr-FR\",\"@id\":\"https:\/\/pharmadreams.shop\/index.php\/product\/svr-sun-secure-spray-hydratant-spf50-200ml\/#primaryimage\",\"url\":\"https:\/\/pharmadreams.shop\/wp-content\/uploads\/2024\/05\/svr-sun-secure-spray-hydratant-spf50-200ml.jpg\",\"contentUrl\":\"https:\/\/pharmadreams.shop\/wp-content\/uploads\/2024\/05\/svr-sun-secure-spray-hydratant-spf50-200ml.jpg\",\"width\":500,\"height\":500},{\"@type\":\"BreadcrumbList\",\"@id\":\"https:\/\/pharmadreams.shop\/index.php\/product\/svr-sun-secure-spray-hydratant-spf50-200ml\/#breadcrumb\",\"itemListElement\":[{\"@type\":\"ListItem\",\"position\":1,\"name\":\"Accueil\",\"item\":\"https:\/\/pharmadreams.shop\/\"},{\"@type\":\"ListItem\",\"position\":2,\"name\":\"Shop\",\"item\":\"https:\/\/pharmadreams.shop\/index.php\/shop\/\"},{\"@type\":\"ListItem\",\"position\":3,\"name\":\"SVR SUN SECURE SPRAY HYDRATANT SPF50+ 200ML\"}]},{\"@type\":\"WebSite\",\"@id\":\"https:\/\/pharmadreams.shop\/#website\",\"url\":\"https:\/\/pharmadreams.shop\/\",\"name\":\"pharmadreams\",\"description\":\"Parapharmacie en ligne\",\"potentialAction\":[{\"@type\":\"SearchAction\",\"target\":{\"@type\":\"EntryPoint\",\"urlTemplate\":\"https:\/\/pharmadreams.shop\/?s={search_term_string}\"},\"query-input\":\"required name=search_term_string\"}],\"inLanguage\":\"fr-FR\"}]}<\/script>\n<!-- \/ Yoast SEO plugin. -->","yoast_head_json":{"title":"SVR SUN SECURE SPRAY HYDRATANT SPF50+ 200ML - pharmadreams","robots":{"index":"index","follow":"follow","max-snippet":"max-snippet:-1","max-image-preview":"max-image-preview:large","max-video-preview":"max-video-preview:-1"},"canonical":"https:\/\/pharmadreams.shop\/index.php\/product\/svr-sun-secure-spray-hydratant-spf50-200ml\/","og_locale":"fr_FR","og_type":"article","og_title":"SVR SUN SECURE SPRAY HYDRATANT SPF50+ 200ML - pharmadreams","og_description":"ait-en-brume au toucher sec fini invisible tr\u00e8s haute protection. Il permet, tout en prot\u00e9geant, d\u2019obtenir une peau toute douce. Sa texture lact\u00e9e fine, hydrate et prot\u00e8ge toutes les peaux de la famille. SUN SECURE Spray SPF50+ s\u2019\u00e9tale et p\u00e9n\u00e8tre rapidement, m\u00eame sur peau mouill\u00e9e. Tr\u00e8s r\u00e9sistant \u00e0 l\u2019eau, il r\u00e9siste \u00e9galement \u00e0 la transpiration et aux frottements, pour une protection optimale. Avec son d\u00e9licat parfum d\u2019\u00e9t\u00e9 et sa fine brume, vous ne pourrez pas y r\u00e9sister.","og_url":"https:\/\/pharmadreams.shop\/index.php\/product\/svr-sun-secure-spray-hydratant-spf50-200ml\/","og_site_name":"pharmadreams","article_modified_time":"2024-05-06T11:03:27+00:00","og_image":[{"width":500,"height":500,"url":"https:\/\/pharmadreams.shop\/wp-content\/uploads\/2024\/05\/svr-sun-secure-spray-hydratant-spf50-200ml.jpg","type":"image\/jpeg"}],"twitter_card":"summary_large_image","twitter_misc":{"Dur\u00e9e de lecture estim\u00e9e":"1 minute"},"schema":{"@context":"https:\/\/schema.org","@graph":[{"@type":"WebPage","@id":"https:\/\/pharmadreams.shop\/index.php\/product\/svr-sun-secure-spray-hydratant-spf50-200ml\/","url":"https:\/\/pharmadreams.shop\/index.php\/product\/svr-sun-secure-spray-hydratant-spf50-200ml\/","name":"SVR SUN SECURE SPRAY HYDRATANT SPF50+ 200ML - pharmadreams","isPartOf":{"@id":"https:\/\/pharmadreams.shop\/#website"},"primaryImageOfPage":{"@id":"https:\/\/pharmadreams.shop\/index.php\/product\/svr-sun-secure-spray-hydratant-spf50-200ml\/#primaryimage"},"image":{"@id":"https:\/\/pharmadreams.shop\/index.php\/product\/svr-sun-secure-spray-hydratant-spf50-200ml\/#primaryimage"},"thumbnailUrl":"https:\/\/pharmadreams.shop\/wp-content\/uploads\/2024\/05\/svr-sun-secure-spray-hydratant-spf50-200ml.jpg","datePublished":"2024-05-06T11:03:26+00:00","dateModified":"2024-05-06T11:03:27+00:00","breadcrumb":{"@id":"https:\/\/pharmadreams.shop\/index.php\/product\/svr-sun-secure-spray-hydratant-spf50-200ml\/#breadcrumb"},"inLanguage":"fr-FR","potentialAction":[{"@type":"ReadAction","target":["https:\/\/pharmadreams.shop\/index.php\/product\/svr-sun-secure-spray-hydratant-spf50-200ml\/"]}]},{"@type":"ImageObject","inLanguage":"fr-FR","@id":"https:\/\/pharmadreams.shop\/index.php\/product\/svr-sun-secure-spray-hydratant-spf50-200ml\/#primaryimage","url":"https:\/\/pharmadreams.shop\/wp-content\/uploads\/2024\/05\/svr-sun-secure-spray-hydratant-spf50-200ml.jpg","contentUrl":"https:\/\/pharmadreams.shop\/wp-content\/uploads\/2024\/05\/svr-sun-secure-spray-hydratant-spf50-200ml.jpg","width":500,"height":500},{"@type":"BreadcrumbList","@id":"https:\/\/pharmadreams.shop\/index.php\/product\/svr-sun-secure-spray-hydratant-spf50-200ml\/#breadcrumb","itemListElement":[{"@type":"ListItem","position":1,"name":"Accueil","item":"https:\/\/pharmadreams.shop\/"},{"@type":"ListItem","position":2,"name":"Shop","item":"https:\/\/pharmadreams.shop\/index.php\/shop\/"},{"@type":"ListItem","position":3,"name":"SVR SUN SECURE SPRAY HYDRATANT SPF50+ 200ML"}]},{"@type":"WebSite","@id":"https:\/\/pharmadreams.shop\/#website","url":"https:\/\/pharmadreams.shop\/","name":"pharmadreams","description":"Parapharmacie en ligne","potentialAction":[{"@type":"SearchAction","target":{"@type":"EntryPoint","urlTemplate":"https:\/\/pharmadreams.shop\/?s={search_term_string}"},"query-input":"required name=search_term_string"}],"inLanguage":"fr-FR"}]}},"_links":{"self":[{"href":"https:\/\/pharmadreams.shop\/index.php\/wp-json\/wp\/v2\/product\/18027","targetHints":{"allow":["GET"]}}],"collection":[{"href":"https:\/\/pharmadreams.shop\/index.php\/wp-json\/wp\/v2\/product"}],"about":[{"href":"https:\/\/pharmadreams.shop\/index.php\/wp-json\/wp\/v2\/types\/product"}],"replies":[{"embeddable":true,"href":"https:\/\/pharmadreams.shop\/index.php\/wp-json\/wp\/v2\/comments?post=18027"}],"version-history":[{"count":0,"href":"https:\/\/pharmadreams.shop\/index.php\/wp-json\/wp\/v2\/product\/18027\/revisions"}],"wp:featuredmedia":[{"embeddable":true,"href":"https:\/\/pharmadreams.shop\/index.php\/wp-json\/wp\/v2\/media\/18028"}],"wp:attachment":[{"href":"https:\/\/pharmadreams.shop\/index.php\/wp-json\/wp\/v2\/media?parent=18027"}],"wp:term":[{"taxonomy":"product_brand","embeddable":true,"href":"https:\/\/pharmadreams.shop\/index.php\/wp-json\/wp\/v2\/product_brand?post=18027"},{"taxonomy":"product_cat","embeddable":true,"href":"https:\/\/pharmadreams.shop\/index.php\/wp-json\/wp\/v2\/product_cat?post=18027"},{"taxonomy":"product_tag","embeddable":true,"href":"https:\/\/pharmadreams.shop\/index.php\/wp-json\/wp\/v2\/product_tag?post=18027"}],"curies":[{"name":"wp","href":"https:\/\/api.w.org\/{rel}","templated":true}]}}