{"id":18030,"date":"2024-05-06T12:12:36","date_gmt":"2024-05-06T11:12:36","guid":{"rendered":"https:\/\/pharmadreams.shop\/?post_type=product&#038;p=18030"},"modified":"2024-05-06T12:12:37","modified_gmt":"2024-05-06T11:12:37","slug":"svr-sun-secure-lait-crepitant-spf50-200ml","status":"publish","type":"product","link":"https:\/\/pharmadreams.shop\/index.php\/product\/svr-sun-secure-lait-crepitant-spf50-200ml\/","title":{"rendered":"SVR SUN SECURE LAIT CREPITANT SPF50+ 200ML"},"content":{"rendered":"","protected":false},"excerpt":{"rendered":"<p><strong>SVR Sun Secure Lait Cr\u00e9pitant Spray SPF50+ 200ml<\/strong>\u00a0offre une tr\u00e8s haute protection dermatologique int\u00e9grant cette nouvelle association de filtre brevet\u00e9e respectueuse de l\u2019environnement marin.<br \/>\nUne texture in\u00e9dite pens\u00e9e pour les petits. Pour que se prot\u00e9ger du soleil devienne un vrai jeu d\u2019enfant !<br \/>\nUn lait en brume frais, l\u00e9ger et ultra-fun qui cr\u00e9pite sur la peau. Une texture fine pour une application facile et rapide. Elle laisse un fini totalement invisible, non gras et non collant. Sa fraicheur et son d\u00e9licat parfum d\u2019\u00e9t\u00e9 donnent envie d\u2019en r\u00e9appliquer encore et encore.<br \/>\nR\u00e9siste \u00e0 l\u2019eau, \u00e0 la transpiration et aux frottements.<\/p>\n","protected":false},"featured_media":18032,"comment_status":"open","ping_status":"closed","template":"","meta":[],"product_brand":[],"product_cat":[28,160,233,20],"product_tag":[],"class_list":{"0":"post-18030","1":"product","2":"type-product","3":"status-publish","4":"has-post-thumbnail","6":"product_cat-corps","7":"product_cat-lait","8":"product_cat-protection-solaire","9":"product_cat-visage","11":"first","12":"instock","13":"sale","14":"shipping-taxable","15":"purchasable","16":"product-type-simple"},"yoast_head":"<!-- This site is optimized with the Yoast SEO plugin v23.0 - https:\/\/yoast.com\/wordpress\/plugins\/seo\/ -->\n<title>SVR SUN SECURE LAIT CREPITANT SPF50+ 200ML - pharmadreams<\/title>\n<meta name=\"robots\" content=\"index, follow, max-snippet:-1, max-image-preview:large, max-video-preview:-1\" \/>\n<link rel=\"canonical\" href=\"https:\/\/pharmadreams.shop\/index.php\/product\/svr-sun-secure-lait-crepitant-spf50-200ml\/\" \/>\n<meta property=\"og:locale\" content=\"fr_FR\" \/>\n<meta property=\"og:type\" content=\"article\" \/>\n<meta property=\"og:title\" content=\"SVR SUN SECURE LAIT CREPITANT SPF50+ 200ML - pharmadreams\" \/>\n<meta property=\"og:description\" content=\"SVR Sun Secure Lait Cr\u00e9pitant Spray SPF50+ 200ml\u00a0offre une tr\u00e8s haute protection dermatologique int\u00e9grant cette nouvelle association de filtre brevet\u00e9e respectueuse de l\u2019environnement marin. Une texture in\u00e9dite pens\u00e9e pour les petits. Pour que se prot\u00e9ger du soleil devienne un vrai jeu d\u2019enfant ! Un lait en brume frais, l\u00e9ger et ultra-fun qui cr\u00e9pite sur la peau. Une texture fine pour une application facile et rapide. Elle laisse un fini totalement invisible, non gras et non collant. Sa fraicheur et son d\u00e9licat parfum d\u2019\u00e9t\u00e9 donnent envie d\u2019en r\u00e9appliquer encore et encore. R\u00e9siste \u00e0 l\u2019eau, \u00e0 la transpiration et aux frottements.\" \/>\n<meta property=\"og:url\" content=\"https:\/\/pharmadreams.shop\/index.php\/product\/svr-sun-secure-lait-crepitant-spf50-200ml\/\" \/>\n<meta property=\"og:site_name\" content=\"pharmadreams\" \/>\n<meta property=\"article:modified_time\" content=\"2024-05-06T11:12:37+00:00\" \/>\n<meta property=\"og:image\" content=\"https:\/\/pharmadreams.shop\/wp-content\/uploads\/2024\/05\/svr-sun-secure-lait-crepitant-spf50-200ml.jpg\" \/>\n\t<meta property=\"og:image:width\" content=\"500\" \/>\n\t<meta property=\"og:image:height\" content=\"500\" \/>\n\t<meta property=\"og:image:type\" content=\"image\/jpeg\" \/>\n<meta name=\"twitter:card\" content=\"summary_large_image\" \/>\n<meta name=\"twitter:label1\" content=\"Dur\u00e9e de lecture estim\u00e9e\" \/>\n\t<meta name=\"twitter:data1\" content=\"1 minute\" \/>\n<script type=\"application\/ld+json\" class=\"yoast-schema-graph\">{\"@context\":\"https:\/\/schema.org\",\"@graph\":[{\"@type\":\"WebPage\",\"@id\":\"https:\/\/pharmadreams.shop\/index.php\/product\/svr-sun-secure-lait-crepitant-spf50-200ml\/\",\"url\":\"https:\/\/pharmadreams.shop\/index.php\/product\/svr-sun-secure-lait-crepitant-spf50-200ml\/\",\"name\":\"SVR SUN SECURE LAIT CREPITANT SPF50+ 200ML - pharmadreams\",\"isPartOf\":{\"@id\":\"https:\/\/pharmadreams.shop\/#website\"},\"primaryImageOfPage\":{\"@id\":\"https:\/\/pharmadreams.shop\/index.php\/product\/svr-sun-secure-lait-crepitant-spf50-200ml\/#primaryimage\"},\"image\":{\"@id\":\"https:\/\/pharmadreams.shop\/index.php\/product\/svr-sun-secure-lait-crepitant-spf50-200ml\/#primaryimage\"},\"thumbnailUrl\":\"https:\/\/pharmadreams.shop\/wp-content\/uploads\/2024\/05\/svr-sun-secure-lait-crepitant-spf50-200ml.jpg\",\"datePublished\":\"2024-05-06T11:12:36+00:00\",\"dateModified\":\"2024-05-06T11:12:37+00:00\",\"breadcrumb\":{\"@id\":\"https:\/\/pharmadreams.shop\/index.php\/product\/svr-sun-secure-lait-crepitant-spf50-200ml\/#breadcrumb\"},\"inLanguage\":\"fr-FR\",\"potentialAction\":[{\"@type\":\"ReadAction\",\"target\":[\"https:\/\/pharmadreams.shop\/index.php\/product\/svr-sun-secure-lait-crepitant-spf50-200ml\/\"]}]},{\"@type\":\"ImageObject\",\"inLanguage\":\"fr-FR\",\"@id\":\"https:\/\/pharmadreams.shop\/index.php\/product\/svr-sun-secure-lait-crepitant-spf50-200ml\/#primaryimage\",\"url\":\"https:\/\/pharmadreams.shop\/wp-content\/uploads\/2024\/05\/svr-sun-secure-lait-crepitant-spf50-200ml.jpg\",\"contentUrl\":\"https:\/\/pharmadreams.shop\/wp-content\/uploads\/2024\/05\/svr-sun-secure-lait-crepitant-spf50-200ml.jpg\",\"width\":500,\"height\":500},{\"@type\":\"BreadcrumbList\",\"@id\":\"https:\/\/pharmadreams.shop\/index.php\/product\/svr-sun-secure-lait-crepitant-spf50-200ml\/#breadcrumb\",\"itemListElement\":[{\"@type\":\"ListItem\",\"position\":1,\"name\":\"Accueil\",\"item\":\"https:\/\/pharmadreams.shop\/\"},{\"@type\":\"ListItem\",\"position\":2,\"name\":\"Shop\",\"item\":\"https:\/\/pharmadreams.shop\/index.php\/shop\/\"},{\"@type\":\"ListItem\",\"position\":3,\"name\":\"SVR SUN SECURE LAIT CREPITANT SPF50+ 200ML\"}]},{\"@type\":\"WebSite\",\"@id\":\"https:\/\/pharmadreams.shop\/#website\",\"url\":\"https:\/\/pharmadreams.shop\/\",\"name\":\"pharmadreams\",\"description\":\"Parapharmacie en ligne\",\"potentialAction\":[{\"@type\":\"SearchAction\",\"target\":{\"@type\":\"EntryPoint\",\"urlTemplate\":\"https:\/\/pharmadreams.shop\/?s={search_term_string}\"},\"query-input\":\"required name=search_term_string\"}],\"inLanguage\":\"fr-FR\"}]}<\/script>\n<!-- \/ Yoast SEO plugin. -->","yoast_head_json":{"title":"SVR SUN SECURE LAIT CREPITANT SPF50+ 200ML - pharmadreams","robots":{"index":"index","follow":"follow","max-snippet":"max-snippet:-1","max-image-preview":"max-image-preview:large","max-video-preview":"max-video-preview:-1"},"canonical":"https:\/\/pharmadreams.shop\/index.php\/product\/svr-sun-secure-lait-crepitant-spf50-200ml\/","og_locale":"fr_FR","og_type":"article","og_title":"SVR SUN SECURE LAIT CREPITANT SPF50+ 200ML - pharmadreams","og_description":"SVR Sun Secure Lait Cr\u00e9pitant Spray SPF50+ 200ml\u00a0offre une tr\u00e8s haute protection dermatologique int\u00e9grant cette nouvelle association de filtre brevet\u00e9e respectueuse de l\u2019environnement marin. Une texture in\u00e9dite pens\u00e9e pour les petits. Pour que se prot\u00e9ger du soleil devienne un vrai jeu d\u2019enfant ! Un lait en brume frais, l\u00e9ger et ultra-fun qui cr\u00e9pite sur la peau. Une texture fine pour une application facile et rapide. Elle laisse un fini totalement invisible, non gras et non collant. Sa fraicheur et son d\u00e9licat parfum d\u2019\u00e9t\u00e9 donnent envie d\u2019en r\u00e9appliquer encore et encore. R\u00e9siste \u00e0 l\u2019eau, \u00e0 la transpiration et aux frottements.","og_url":"https:\/\/pharmadreams.shop\/index.php\/product\/svr-sun-secure-lait-crepitant-spf50-200ml\/","og_site_name":"pharmadreams","article_modified_time":"2024-05-06T11:12:37+00:00","og_image":[{"width":500,"height":500,"url":"https:\/\/pharmadreams.shop\/wp-content\/uploads\/2024\/05\/svr-sun-secure-lait-crepitant-spf50-200ml.jpg","type":"image\/jpeg"}],"twitter_card":"summary_large_image","twitter_misc":{"Dur\u00e9e de lecture estim\u00e9e":"1 minute"},"schema":{"@context":"https:\/\/schema.org","@graph":[{"@type":"WebPage","@id":"https:\/\/pharmadreams.shop\/index.php\/product\/svr-sun-secure-lait-crepitant-spf50-200ml\/","url":"https:\/\/pharmadreams.shop\/index.php\/product\/svr-sun-secure-lait-crepitant-spf50-200ml\/","name":"SVR SUN SECURE LAIT CREPITANT SPF50+ 200ML - pharmadreams","isPartOf":{"@id":"https:\/\/pharmadreams.shop\/#website"},"primaryImageOfPage":{"@id":"https:\/\/pharmadreams.shop\/index.php\/product\/svr-sun-secure-lait-crepitant-spf50-200ml\/#primaryimage"},"image":{"@id":"https:\/\/pharmadreams.shop\/index.php\/product\/svr-sun-secure-lait-crepitant-spf50-200ml\/#primaryimage"},"thumbnailUrl":"https:\/\/pharmadreams.shop\/wp-content\/uploads\/2024\/05\/svr-sun-secure-lait-crepitant-spf50-200ml.jpg","datePublished":"2024-05-06T11:12:36+00:00","dateModified":"2024-05-06T11:12:37+00:00","breadcrumb":{"@id":"https:\/\/pharmadreams.shop\/index.php\/product\/svr-sun-secure-lait-crepitant-spf50-200ml\/#breadcrumb"},"inLanguage":"fr-FR","potentialAction":[{"@type":"ReadAction","target":["https:\/\/pharmadreams.shop\/index.php\/product\/svr-sun-secure-lait-crepitant-spf50-200ml\/"]}]},{"@type":"ImageObject","inLanguage":"fr-FR","@id":"https:\/\/pharmadreams.shop\/index.php\/product\/svr-sun-secure-lait-crepitant-spf50-200ml\/#primaryimage","url":"https:\/\/pharmadreams.shop\/wp-content\/uploads\/2024\/05\/svr-sun-secure-lait-crepitant-spf50-200ml.jpg","contentUrl":"https:\/\/pharmadreams.shop\/wp-content\/uploads\/2024\/05\/svr-sun-secure-lait-crepitant-spf50-200ml.jpg","width":500,"height":500},{"@type":"BreadcrumbList","@id":"https:\/\/pharmadreams.shop\/index.php\/product\/svr-sun-secure-lait-crepitant-spf50-200ml\/#breadcrumb","itemListElement":[{"@type":"ListItem","position":1,"name":"Accueil","item":"https:\/\/pharmadreams.shop\/"},{"@type":"ListItem","position":2,"name":"Shop","item":"https:\/\/pharmadreams.shop\/index.php\/shop\/"},{"@type":"ListItem","position":3,"name":"SVR SUN SECURE LAIT CREPITANT SPF50+ 200ML"}]},{"@type":"WebSite","@id":"https:\/\/pharmadreams.shop\/#website","url":"https:\/\/pharmadreams.shop\/","name":"pharmadreams","description":"Parapharmacie en ligne","potentialAction":[{"@type":"SearchAction","target":{"@type":"EntryPoint","urlTemplate":"https:\/\/pharmadreams.shop\/?s={search_term_string}"},"query-input":"required name=search_term_string"}],"inLanguage":"fr-FR"}]}},"_links":{"self":[{"href":"https:\/\/pharmadreams.shop\/index.php\/wp-json\/wp\/v2\/product\/18030","targetHints":{"allow":["GET"]}}],"collection":[{"href":"https:\/\/pharmadreams.shop\/index.php\/wp-json\/wp\/v2\/product"}],"about":[{"href":"https:\/\/pharmadreams.shop\/index.php\/wp-json\/wp\/v2\/types\/product"}],"replies":[{"embeddable":true,"href":"https:\/\/pharmadreams.shop\/index.php\/wp-json\/wp\/v2\/comments?post=18030"}],"version-history":[{"count":0,"href":"https:\/\/pharmadreams.shop\/index.php\/wp-json\/wp\/v2\/product\/18030\/revisions"}],"wp:featuredmedia":[{"embeddable":true,"href":"https:\/\/pharmadreams.shop\/index.php\/wp-json\/wp\/v2\/media\/18032"}],"wp:attachment":[{"href":"https:\/\/pharmadreams.shop\/index.php\/wp-json\/wp\/v2\/media?parent=18030"}],"wp:term":[{"taxonomy":"product_brand","embeddable":true,"href":"https:\/\/pharmadreams.shop\/index.php\/wp-json\/wp\/v2\/product_brand?post=18030"},{"taxonomy":"product_cat","embeddable":true,"href":"https:\/\/pharmadreams.shop\/index.php\/wp-json\/wp\/v2\/product_cat?post=18030"},{"taxonomy":"product_tag","embeddable":true,"href":"https:\/\/pharmadreams.shop\/index.php\/wp-json\/wp\/v2\/product_tag?post=18030"}],"curies":[{"name":"wp","href":"https:\/\/api.w.org\/{rel}","templated":true}]}}