{"id":18046,"date":"2024-05-06T18:04:18","date_gmt":"2024-05-06T17:04:18","guid":{"rendered":"https:\/\/pharmadreams.shop\/?post_type=product&#038;p=18046"},"modified":"2024-05-06T18:04:19","modified_gmt":"2024-05-06T17:04:19","slug":"svr-biotic-cera-baume-regenerant-comblant-50ml","status":"publish","type":"product","link":"https:\/\/pharmadreams.shop\/index.php\/product\/svr-biotic-cera-baume-regenerant-comblant-50ml\/","title":{"rendered":"SVR BIOTIC [CERA] BAUME REGENERANT COMBLANT 50ML"},"content":{"rendered":"","protected":false},"excerpt":{"rendered":"<p>Les c\u00e9ramides constituent 50% de la barri\u00e8re protectrice de la peau. La peau s\u00e8che a un d\u00e9ficit de c\u00e9ramides, la barri\u00e8re s\u2019alt\u00e8re, l\u2019eau s\u2019\u00e9vapore vite. Vieillissement biologique, stress, pollution et UV accentuent ce ph\u00e9nom\u00e8ne et fragilisent la peau \u00e0 3 niveaux : microbiote, \u00e9piderme, derme.<\/p>\n<p>R\u00e9sultats : la peau s&rsquo;affine, perd sa fermet\u00e9 et les rides se creusent.<\/p>\n<p>[CERA] BIOTIC cible s\u00e9cheresse, perte de fermet\u00e9, rides<\/p>\n<p>La cr\u00e8me [CERA] BIOTIC est enrichie en 4 actifs pour r\u00e9g\u00e9n\u00e9rer la peau:<br \/>\n&#8211; des probiotiques pasteuris\u00e9s pour prot\u00e9ger et renforcer la barri\u00e8re cutan\u00e9e<br \/>\n&#8211; de l&rsquo;acide hyaluronique pour lisser les rides, ridules et hydrater<br \/>\n&#8211; de la vitamine c stabilis\u00e9e pour prot\u00e9ger des radicaux libres, uniformiser, raffermir, d\u00e9fatiguer et illuminer le teint<br \/>\n&#8211; des c\u00e9ramides pour restaurer la barri\u00e8re cutan\u00e9e et corriger les rides<\/p>\n<p>Sa texture baume enveloppante offre un shot nutritif pour combler les rides et renforcer l&rsquo;hydratation de la peau. Elle est plus lisse, ferme et confortable.<\/p>\n<p>Efficacit\u00e9 prouv\u00e9e cliniquement sur peaux sensibles.<\/p>\n","protected":false},"featured_media":18047,"comment_status":"open","ping_status":"closed","template":"","meta":[],"product_brand":[],"product_cat":[100,120,149,134,98,79,20],"product_tag":[],"class_list":{"0":"post-18046","1":"product","2":"type-product","3":"status-publish","4":"has-post-thumbnail","6":"product_cat-anti-age","7":"product_cat-anti-rides","8":"product_cat-baume","9":"product_cat-eclat","10":"product_cat-hydratation","11":"product_cat-peaux-seches","12":"product_cat-visage","14":"first","15":"instock","16":"sale","17":"shipping-taxable","18":"purchasable","19":"product-type-simple"},"yoast_head":"<!-- This site is optimized with the Yoast SEO plugin v23.0 - https:\/\/yoast.com\/wordpress\/plugins\/seo\/ -->\n<title>SVR BIOTIC [CERA] BAUME REGENERANT COMBLANT 50ML - pharmadreams<\/title>\n<meta name=\"robots\" content=\"index, follow, max-snippet:-1, max-image-preview:large, max-video-preview:-1\" \/>\n<link rel=\"canonical\" href=\"https:\/\/pharmadreams.shop\/index.php\/product\/svr-biotic-cera-baume-regenerant-comblant-50ml\/\" \/>\n<meta property=\"og:locale\" content=\"fr_FR\" \/>\n<meta property=\"og:type\" content=\"article\" \/>\n<meta property=\"og:title\" content=\"SVR BIOTIC [CERA] BAUME REGENERANT COMBLANT 50ML - pharmadreams\" \/>\n<meta property=\"og:description\" content=\"Les c\u00e9ramides constituent 50% de la barri\u00e8re protectrice de la peau. La peau s\u00e8che a un d\u00e9ficit de c\u00e9ramides, la barri\u00e8re s\u2019alt\u00e8re, l\u2019eau s\u2019\u00e9vapore vite. Vieillissement biologique, stress, pollution et UV accentuent ce ph\u00e9nom\u00e8ne et fragilisent la peau \u00e0 3 niveaux : microbiote, \u00e9piderme, derme.  R\u00e9sultats : la peau s&#039;affine, perd sa fermet\u00e9 et les rides se creusent.  [CERA] BIOTIC cible s\u00e9cheresse, perte de fermet\u00e9, rides  La cr\u00e8me [CERA] BIOTIC est enrichie en 4 actifs pour r\u00e9g\u00e9n\u00e9rer la peau: - des probiotiques pasteuris\u00e9s pour prot\u00e9ger et renforcer la barri\u00e8re cutan\u00e9e - de l&#039;acide hyaluronique pour lisser les rides, ridules et hydrater - de la vitamine c stabilis\u00e9e pour prot\u00e9ger des radicaux libres, uniformiser, raffermir, d\u00e9fatiguer et illuminer le teint - des c\u00e9ramides pour restaurer la barri\u00e8re cutan\u00e9e et corriger les rides  Sa texture baume enveloppante offre un shot nutritif pour combler les rides et renforcer l&#039;hydratation de la peau. Elle est plus lisse, ferme et confortable.  Efficacit\u00e9 prouv\u00e9e cliniquement sur peaux sensibles.\" \/>\n<meta property=\"og:url\" content=\"https:\/\/pharmadreams.shop\/index.php\/product\/svr-biotic-cera-baume-regenerant-comblant-50ml\/\" \/>\n<meta property=\"og:site_name\" content=\"pharmadreams\" \/>\n<meta property=\"article:modified_time\" content=\"2024-05-06T17:04:19+00:00\" \/>\n<meta property=\"og:image\" content=\"https:\/\/pharmadreams.shop\/wp-content\/uploads\/2024\/05\/svr-biotic-cera-baume-regenerant-comblant-50ml.jpg\" \/>\n\t<meta property=\"og:image:width\" content=\"500\" \/>\n\t<meta property=\"og:image:height\" content=\"500\" \/>\n\t<meta property=\"og:image:type\" content=\"image\/jpeg\" \/>\n<meta name=\"twitter:card\" content=\"summary_large_image\" \/>\n<meta name=\"twitter:label1\" content=\"Dur\u00e9e de lecture estim\u00e9e\" \/>\n\t<meta name=\"twitter:data1\" content=\"1 minute\" \/>\n<script type=\"application\/ld+json\" class=\"yoast-schema-graph\">{\"@context\":\"https:\/\/schema.org\",\"@graph\":[{\"@type\":\"WebPage\",\"@id\":\"https:\/\/pharmadreams.shop\/index.php\/product\/svr-biotic-cera-baume-regenerant-comblant-50ml\/\",\"url\":\"https:\/\/pharmadreams.shop\/index.php\/product\/svr-biotic-cera-baume-regenerant-comblant-50ml\/\",\"name\":\"SVR BIOTIC [CERA] BAUME REGENERANT COMBLANT 50ML - pharmadreams\",\"isPartOf\":{\"@id\":\"https:\/\/pharmadreams.shop\/#website\"},\"primaryImageOfPage\":{\"@id\":\"https:\/\/pharmadreams.shop\/index.php\/product\/svr-biotic-cera-baume-regenerant-comblant-50ml\/#primaryimage\"},\"image\":{\"@id\":\"https:\/\/pharmadreams.shop\/index.php\/product\/svr-biotic-cera-baume-regenerant-comblant-50ml\/#primaryimage\"},\"thumbnailUrl\":\"https:\/\/pharmadreams.shop\/wp-content\/uploads\/2024\/05\/svr-biotic-cera-baume-regenerant-comblant-50ml.jpg\",\"datePublished\":\"2024-05-06T17:04:18+00:00\",\"dateModified\":\"2024-05-06T17:04:19+00:00\",\"breadcrumb\":{\"@id\":\"https:\/\/pharmadreams.shop\/index.php\/product\/svr-biotic-cera-baume-regenerant-comblant-50ml\/#breadcrumb\"},\"inLanguage\":\"fr-FR\",\"potentialAction\":[{\"@type\":\"ReadAction\",\"target\":[\"https:\/\/pharmadreams.shop\/index.php\/product\/svr-biotic-cera-baume-regenerant-comblant-50ml\/\"]}]},{\"@type\":\"ImageObject\",\"inLanguage\":\"fr-FR\",\"@id\":\"https:\/\/pharmadreams.shop\/index.php\/product\/svr-biotic-cera-baume-regenerant-comblant-50ml\/#primaryimage\",\"url\":\"https:\/\/pharmadreams.shop\/wp-content\/uploads\/2024\/05\/svr-biotic-cera-baume-regenerant-comblant-50ml.jpg\",\"contentUrl\":\"https:\/\/pharmadreams.shop\/wp-content\/uploads\/2024\/05\/svr-biotic-cera-baume-regenerant-comblant-50ml.jpg\",\"width\":500,\"height\":500},{\"@type\":\"BreadcrumbList\",\"@id\":\"https:\/\/pharmadreams.shop\/index.php\/product\/svr-biotic-cera-baume-regenerant-comblant-50ml\/#breadcrumb\",\"itemListElement\":[{\"@type\":\"ListItem\",\"position\":1,\"name\":\"Accueil\",\"item\":\"https:\/\/pharmadreams.shop\/\"},{\"@type\":\"ListItem\",\"position\":2,\"name\":\"Shop\",\"item\":\"https:\/\/pharmadreams.shop\/index.php\/shop\/\"},{\"@type\":\"ListItem\",\"position\":3,\"name\":\"SVR BIOTIC [CERA] BAUME REGENERANT COMBLANT 50ML\"}]},{\"@type\":\"WebSite\",\"@id\":\"https:\/\/pharmadreams.shop\/#website\",\"url\":\"https:\/\/pharmadreams.shop\/\",\"name\":\"pharmadreams\",\"description\":\"Parapharmacie en ligne\",\"potentialAction\":[{\"@type\":\"SearchAction\",\"target\":{\"@type\":\"EntryPoint\",\"urlTemplate\":\"https:\/\/pharmadreams.shop\/?s={search_term_string}\"},\"query-input\":\"required name=search_term_string\"}],\"inLanguage\":\"fr-FR\"}]}<\/script>\n<!-- \/ Yoast SEO plugin. -->","yoast_head_json":{"title":"SVR BIOTIC [CERA] BAUME REGENERANT COMBLANT 50ML - pharmadreams","robots":{"index":"index","follow":"follow","max-snippet":"max-snippet:-1","max-image-preview":"max-image-preview:large","max-video-preview":"max-video-preview:-1"},"canonical":"https:\/\/pharmadreams.shop\/index.php\/product\/svr-biotic-cera-baume-regenerant-comblant-50ml\/","og_locale":"fr_FR","og_type":"article","og_title":"SVR BIOTIC [CERA] BAUME REGENERANT COMBLANT 50ML - pharmadreams","og_description":"Les c\u00e9ramides constituent 50% de la barri\u00e8re protectrice de la peau. La peau s\u00e8che a un d\u00e9ficit de c\u00e9ramides, la barri\u00e8re s\u2019alt\u00e8re, l\u2019eau s\u2019\u00e9vapore vite. Vieillissement biologique, stress, pollution et UV accentuent ce ph\u00e9nom\u00e8ne et fragilisent la peau \u00e0 3 niveaux : microbiote, \u00e9piderme, derme.  R\u00e9sultats : la peau s'affine, perd sa fermet\u00e9 et les rides se creusent.  [CERA] BIOTIC cible s\u00e9cheresse, perte de fermet\u00e9, rides  La cr\u00e8me [CERA] BIOTIC est enrichie en 4 actifs pour r\u00e9g\u00e9n\u00e9rer la peau: - des probiotiques pasteuris\u00e9s pour prot\u00e9ger et renforcer la barri\u00e8re cutan\u00e9e - de l'acide hyaluronique pour lisser les rides, ridules et hydrater - de la vitamine c stabilis\u00e9e pour prot\u00e9ger des radicaux libres, uniformiser, raffermir, d\u00e9fatiguer et illuminer le teint - des c\u00e9ramides pour restaurer la barri\u00e8re cutan\u00e9e et corriger les rides  Sa texture baume enveloppante offre un shot nutritif pour combler les rides et renforcer l'hydratation de la peau. Elle est plus lisse, ferme et confortable.  Efficacit\u00e9 prouv\u00e9e cliniquement sur peaux sensibles.","og_url":"https:\/\/pharmadreams.shop\/index.php\/product\/svr-biotic-cera-baume-regenerant-comblant-50ml\/","og_site_name":"pharmadreams","article_modified_time":"2024-05-06T17:04:19+00:00","og_image":[{"width":500,"height":500,"url":"https:\/\/pharmadreams.shop\/wp-content\/uploads\/2024\/05\/svr-biotic-cera-baume-regenerant-comblant-50ml.jpg","type":"image\/jpeg"}],"twitter_card":"summary_large_image","twitter_misc":{"Dur\u00e9e de lecture estim\u00e9e":"1 minute"},"schema":{"@context":"https:\/\/schema.org","@graph":[{"@type":"WebPage","@id":"https:\/\/pharmadreams.shop\/index.php\/product\/svr-biotic-cera-baume-regenerant-comblant-50ml\/","url":"https:\/\/pharmadreams.shop\/index.php\/product\/svr-biotic-cera-baume-regenerant-comblant-50ml\/","name":"SVR BIOTIC [CERA] BAUME REGENERANT COMBLANT 50ML - pharmadreams","isPartOf":{"@id":"https:\/\/pharmadreams.shop\/#website"},"primaryImageOfPage":{"@id":"https:\/\/pharmadreams.shop\/index.php\/product\/svr-biotic-cera-baume-regenerant-comblant-50ml\/#primaryimage"},"image":{"@id":"https:\/\/pharmadreams.shop\/index.php\/product\/svr-biotic-cera-baume-regenerant-comblant-50ml\/#primaryimage"},"thumbnailUrl":"https:\/\/pharmadreams.shop\/wp-content\/uploads\/2024\/05\/svr-biotic-cera-baume-regenerant-comblant-50ml.jpg","datePublished":"2024-05-06T17:04:18+00:00","dateModified":"2024-05-06T17:04:19+00:00","breadcrumb":{"@id":"https:\/\/pharmadreams.shop\/index.php\/product\/svr-biotic-cera-baume-regenerant-comblant-50ml\/#breadcrumb"},"inLanguage":"fr-FR","potentialAction":[{"@type":"ReadAction","target":["https:\/\/pharmadreams.shop\/index.php\/product\/svr-biotic-cera-baume-regenerant-comblant-50ml\/"]}]},{"@type":"ImageObject","inLanguage":"fr-FR","@id":"https:\/\/pharmadreams.shop\/index.php\/product\/svr-biotic-cera-baume-regenerant-comblant-50ml\/#primaryimage","url":"https:\/\/pharmadreams.shop\/wp-content\/uploads\/2024\/05\/svr-biotic-cera-baume-regenerant-comblant-50ml.jpg","contentUrl":"https:\/\/pharmadreams.shop\/wp-content\/uploads\/2024\/05\/svr-biotic-cera-baume-regenerant-comblant-50ml.jpg","width":500,"height":500},{"@type":"BreadcrumbList","@id":"https:\/\/pharmadreams.shop\/index.php\/product\/svr-biotic-cera-baume-regenerant-comblant-50ml\/#breadcrumb","itemListElement":[{"@type":"ListItem","position":1,"name":"Accueil","item":"https:\/\/pharmadreams.shop\/"},{"@type":"ListItem","position":2,"name":"Shop","item":"https:\/\/pharmadreams.shop\/index.php\/shop\/"},{"@type":"ListItem","position":3,"name":"SVR BIOTIC [CERA] BAUME REGENERANT COMBLANT 50ML"}]},{"@type":"WebSite","@id":"https:\/\/pharmadreams.shop\/#website","url":"https:\/\/pharmadreams.shop\/","name":"pharmadreams","description":"Parapharmacie en ligne","potentialAction":[{"@type":"SearchAction","target":{"@type":"EntryPoint","urlTemplate":"https:\/\/pharmadreams.shop\/?s={search_term_string}"},"query-input":"required name=search_term_string"}],"inLanguage":"fr-FR"}]}},"_links":{"self":[{"href":"https:\/\/pharmadreams.shop\/index.php\/wp-json\/wp\/v2\/product\/18046","targetHints":{"allow":["GET"]}}],"collection":[{"href":"https:\/\/pharmadreams.shop\/index.php\/wp-json\/wp\/v2\/product"}],"about":[{"href":"https:\/\/pharmadreams.shop\/index.php\/wp-json\/wp\/v2\/types\/product"}],"replies":[{"embeddable":true,"href":"https:\/\/pharmadreams.shop\/index.php\/wp-json\/wp\/v2\/comments?post=18046"}],"version-history":[{"count":0,"href":"https:\/\/pharmadreams.shop\/index.php\/wp-json\/wp\/v2\/product\/18046\/revisions"}],"wp:featuredmedia":[{"embeddable":true,"href":"https:\/\/pharmadreams.shop\/index.php\/wp-json\/wp\/v2\/media\/18047"}],"wp:attachment":[{"href":"https:\/\/pharmadreams.shop\/index.php\/wp-json\/wp\/v2\/media?parent=18046"}],"wp:term":[{"taxonomy":"product_brand","embeddable":true,"href":"https:\/\/pharmadreams.shop\/index.php\/wp-json\/wp\/v2\/product_brand?post=18046"},{"taxonomy":"product_cat","embeddable":true,"href":"https:\/\/pharmadreams.shop\/index.php\/wp-json\/wp\/v2\/product_cat?post=18046"},{"taxonomy":"product_tag","embeddable":true,"href":"https:\/\/pharmadreams.shop\/index.php\/wp-json\/wp\/v2\/product_tag?post=18046"}],"curies":[{"name":"wp","href":"https:\/\/api.w.org\/{rel}","templated":true}]}}