{"id":18049,"date":"2024-05-06T18:19:18","date_gmt":"2024-05-06T17:19:18","guid":{"rendered":"https:\/\/pharmadreams.shop\/?post_type=product&#038;p=18049"},"modified":"2024-05-06T18:19:18","modified_gmt":"2024-05-06T17:19:18","slug":"svr-biotic-pepti-gel-mat-regenerant-lissant-50-ml","status":"publish","type":"product","link":"https:\/\/pharmadreams.shop\/index.php\/product\/svr-biotic-pepti-gel-mat-regenerant-lissant-50-ml\/","title":{"rendered":"SVR BIOTIC PEPTI GEL MAT REGENERANT LISSANT 50 ML"},"content":{"rendered":"","protected":false},"excerpt":{"rendered":"<p>SVR Biotic Pepti Gel-Mat R\u00e9g\u00e9n\u00e9rant Lissant 50 ml est une cr\u00e8me qui est faite pour r\u00e9g\u00e9n\u00e9rer votre peau gr\u00e2ce \u00e0 une combinaison de 4 actifs essentiels \u00e0 la fonction de la peau\u00a0:<\/p>\n<ul>\n<li>les probiotiques pasteuris\u00e9s : ils prot\u00e8gent et renforcent la barri\u00e8re cutan\u00e9e.<\/li>\n<li>l&rsquo;acide hyaluronique : il lisse les rides, les ridules et hydrate.<\/li>\n<li>la vitamine C stabilis\u00e9e : elle prot\u00e8ge des radicaux libres, raffermie et d\u00e9fatigue la peau.<\/li>\n<li>les peptides : ils lissent les irr\u00e9gularit\u00e9s, contr\u00f4lent la brillance.<\/li>\n<\/ul>\n<p>Jour apr\u00e8s jour, la peau est plus ferme, matifi\u00e9e et liss\u00e9e.<\/p>\n<p>Compos\u00e9 de lipides, le s\u00e9bum est l&rsquo;un des constituant du film hydrolipidique qui prot\u00e8ge la peau des agressions ext\u00e9rieures et de la d\u00e9shydratation. N\u00e9anmoins, certaines situations telles que la pollution, le stress ou encore les changements hormonaux peuvent conduire \u00e0 une surproduction de s\u00e9bum qui, lorsqu&rsquo;il est pr\u00e9sent en trop grande quantit\u00e9, va obstruer les pores et en s&rsquo;oxydant provoquer des imperfections.<\/p>\n<p>R\u00e9sultats : teint terne, point noirs, pores dilat\u00e9s et grain de peu irr\u00e9gulier&#8230;<\/p>\n<p>Sa texture gel-mat floute les irr\u00e9gularit\u00e9s et offre un shot de peptides pour lisser rides et grain de peau.<br \/>\nLes brillances sont imm\u00e9diatement estomp\u00e9es et jour apr\u00e8s jour la peau est plus nette.<\/p>\n","protected":false},"featured_media":18050,"comment_status":"open","ping_status":"closed","template":"","meta":[],"product_brand":[],"product_cat":[120,134,114,203,20],"product_tag":[],"class_list":{"0":"post-18049","1":"product","2":"type-product","3":"status-publish","4":"has-post-thumbnail","6":"product_cat-anti-rides","7":"product_cat-eclat","8":"product_cat-gel","9":"product_cat-gel-creme","10":"product_cat-visage","12":"first","13":"instock","14":"sale","15":"shipping-taxable","16":"purchasable","17":"product-type-simple"},"yoast_head":"<!-- This site is optimized with the Yoast SEO plugin v23.0 - https:\/\/yoast.com\/wordpress\/plugins\/seo\/ -->\n<title>SVR BIOTIC PEPTI GEL MAT REGENERANT LISSANT 50 ML - pharmadreams<\/title>\n<meta name=\"robots\" content=\"index, follow, max-snippet:-1, max-image-preview:large, max-video-preview:-1\" \/>\n<link rel=\"canonical\" href=\"https:\/\/pharmadreams.shop\/index.php\/product\/svr-biotic-pepti-gel-mat-regenerant-lissant-50-ml\/\" \/>\n<meta property=\"og:locale\" content=\"fr_FR\" \/>\n<meta property=\"og:type\" content=\"article\" \/>\n<meta property=\"og:title\" content=\"SVR BIOTIC PEPTI GEL MAT REGENERANT LISSANT 50 ML - pharmadreams\" \/>\n<meta property=\"og:description\" content=\"SVR Biotic Pepti Gel-Mat R\u00e9g\u00e9n\u00e9rant Lissant 50 ml est une cr\u00e8me qui est faite pour r\u00e9g\u00e9n\u00e9rer votre peau gr\u00e2ce \u00e0 une combinaison de 4 actifs essentiels \u00e0 la fonction de la peau\u00a0:   les probiotiques pasteuris\u00e9s : ils prot\u00e8gent et renforcent la barri\u00e8re cutan\u00e9e.  l&#039;acide hyaluronique : il lisse les rides, les ridules et hydrate.  la vitamine C stabilis\u00e9e : elle prot\u00e8ge des radicaux libres, raffermie et d\u00e9fatigue la peau.  les peptides : ils lissent les irr\u00e9gularit\u00e9s, contr\u00f4lent la brillance.  Jour apr\u00e8s jour, la peau est plus ferme, matifi\u00e9e et liss\u00e9e.  Compos\u00e9 de lipides, le s\u00e9bum est l&#039;un des constituant du film hydrolipidique qui prot\u00e8ge la peau des agressions ext\u00e9rieures et de la d\u00e9shydratation. N\u00e9anmoins, certaines situations telles que la pollution, le stress ou encore les changements hormonaux peuvent conduire \u00e0 une surproduction de s\u00e9bum qui, lorsqu&#039;il est pr\u00e9sent en trop grande quantit\u00e9, va obstruer les pores et en s&#039;oxydant provoquer des imperfections.  R\u00e9sultats : teint terne, point noirs, pores dilat\u00e9s et grain de peu irr\u00e9gulier...  Sa texture gel-mat floute les irr\u00e9gularit\u00e9s et offre un shot de peptides pour lisser rides et grain de peau. Les brillances sont imm\u00e9diatement estomp\u00e9es et jour apr\u00e8s jour la peau est plus nette.\" \/>\n<meta property=\"og:url\" content=\"https:\/\/pharmadreams.shop\/index.php\/product\/svr-biotic-pepti-gel-mat-regenerant-lissant-50-ml\/\" \/>\n<meta property=\"og:site_name\" content=\"pharmadreams\" \/>\n<meta property=\"og:image\" content=\"https:\/\/pharmadreams.shop\/wp-content\/uploads\/2024\/05\/svr-biotic-pepti-gel-mat-regenerant-lissant-50-ml.jpg\" \/>\n\t<meta property=\"og:image:width\" content=\"500\" \/>\n\t<meta property=\"og:image:height\" content=\"500\" \/>\n\t<meta property=\"og:image:type\" content=\"image\/jpeg\" \/>\n<meta name=\"twitter:card\" content=\"summary_large_image\" \/>\n<meta name=\"twitter:label1\" content=\"Dur\u00e9e de lecture estim\u00e9e\" \/>\n\t<meta name=\"twitter:data1\" content=\"1 minute\" \/>\n<script type=\"application\/ld+json\" class=\"yoast-schema-graph\">{\"@context\":\"https:\/\/schema.org\",\"@graph\":[{\"@type\":\"WebPage\",\"@id\":\"https:\/\/pharmadreams.shop\/index.php\/product\/svr-biotic-pepti-gel-mat-regenerant-lissant-50-ml\/\",\"url\":\"https:\/\/pharmadreams.shop\/index.php\/product\/svr-biotic-pepti-gel-mat-regenerant-lissant-50-ml\/\",\"name\":\"SVR BIOTIC PEPTI GEL MAT REGENERANT LISSANT 50 ML - pharmadreams\",\"isPartOf\":{\"@id\":\"https:\/\/pharmadreams.shop\/#website\"},\"primaryImageOfPage\":{\"@id\":\"https:\/\/pharmadreams.shop\/index.php\/product\/svr-biotic-pepti-gel-mat-regenerant-lissant-50-ml\/#primaryimage\"},\"image\":{\"@id\":\"https:\/\/pharmadreams.shop\/index.php\/product\/svr-biotic-pepti-gel-mat-regenerant-lissant-50-ml\/#primaryimage\"},\"thumbnailUrl\":\"https:\/\/pharmadreams.shop\/wp-content\/uploads\/2024\/05\/svr-biotic-pepti-gel-mat-regenerant-lissant-50-ml.jpg\",\"datePublished\":\"2024-05-06T17:19:18+00:00\",\"dateModified\":\"2024-05-06T17:19:18+00:00\",\"breadcrumb\":{\"@id\":\"https:\/\/pharmadreams.shop\/index.php\/product\/svr-biotic-pepti-gel-mat-regenerant-lissant-50-ml\/#breadcrumb\"},\"inLanguage\":\"fr-FR\",\"potentialAction\":[{\"@type\":\"ReadAction\",\"target\":[\"https:\/\/pharmadreams.shop\/index.php\/product\/svr-biotic-pepti-gel-mat-regenerant-lissant-50-ml\/\"]}]},{\"@type\":\"ImageObject\",\"inLanguage\":\"fr-FR\",\"@id\":\"https:\/\/pharmadreams.shop\/index.php\/product\/svr-biotic-pepti-gel-mat-regenerant-lissant-50-ml\/#primaryimage\",\"url\":\"https:\/\/pharmadreams.shop\/wp-content\/uploads\/2024\/05\/svr-biotic-pepti-gel-mat-regenerant-lissant-50-ml.jpg\",\"contentUrl\":\"https:\/\/pharmadreams.shop\/wp-content\/uploads\/2024\/05\/svr-biotic-pepti-gel-mat-regenerant-lissant-50-ml.jpg\",\"width\":500,\"height\":500},{\"@type\":\"BreadcrumbList\",\"@id\":\"https:\/\/pharmadreams.shop\/index.php\/product\/svr-biotic-pepti-gel-mat-regenerant-lissant-50-ml\/#breadcrumb\",\"itemListElement\":[{\"@type\":\"ListItem\",\"position\":1,\"name\":\"Accueil\",\"item\":\"https:\/\/pharmadreams.shop\/\"},{\"@type\":\"ListItem\",\"position\":2,\"name\":\"Shop\",\"item\":\"https:\/\/pharmadreams.shop\/index.php\/shop\/\"},{\"@type\":\"ListItem\",\"position\":3,\"name\":\"SVR BIOTIC PEPTI GEL MAT REGENERANT LISSANT 50 ML\"}]},{\"@type\":\"WebSite\",\"@id\":\"https:\/\/pharmadreams.shop\/#website\",\"url\":\"https:\/\/pharmadreams.shop\/\",\"name\":\"pharmadreams\",\"description\":\"Parapharmacie en ligne\",\"potentialAction\":[{\"@type\":\"SearchAction\",\"target\":{\"@type\":\"EntryPoint\",\"urlTemplate\":\"https:\/\/pharmadreams.shop\/?s={search_term_string}\"},\"query-input\":\"required name=search_term_string\"}],\"inLanguage\":\"fr-FR\"}]}<\/script>\n<!-- \/ Yoast SEO plugin. -->","yoast_head_json":{"title":"SVR BIOTIC PEPTI GEL MAT REGENERANT LISSANT 50 ML - pharmadreams","robots":{"index":"index","follow":"follow","max-snippet":"max-snippet:-1","max-image-preview":"max-image-preview:large","max-video-preview":"max-video-preview:-1"},"canonical":"https:\/\/pharmadreams.shop\/index.php\/product\/svr-biotic-pepti-gel-mat-regenerant-lissant-50-ml\/","og_locale":"fr_FR","og_type":"article","og_title":"SVR BIOTIC PEPTI GEL MAT REGENERANT LISSANT 50 ML - pharmadreams","og_description":"SVR Biotic Pepti Gel-Mat R\u00e9g\u00e9n\u00e9rant Lissant 50 ml est une cr\u00e8me qui est faite pour r\u00e9g\u00e9n\u00e9rer votre peau gr\u00e2ce \u00e0 une combinaison de 4 actifs essentiels \u00e0 la fonction de la peau\u00a0:   les probiotiques pasteuris\u00e9s : ils prot\u00e8gent et renforcent la barri\u00e8re cutan\u00e9e.  l'acide hyaluronique : il lisse les rides, les ridules et hydrate.  la vitamine C stabilis\u00e9e : elle prot\u00e8ge des radicaux libres, raffermie et d\u00e9fatigue la peau.  les peptides : ils lissent les irr\u00e9gularit\u00e9s, contr\u00f4lent la brillance.  Jour apr\u00e8s jour, la peau est plus ferme, matifi\u00e9e et liss\u00e9e.  Compos\u00e9 de lipides, le s\u00e9bum est l'un des constituant du film hydrolipidique qui prot\u00e8ge la peau des agressions ext\u00e9rieures et de la d\u00e9shydratation. N\u00e9anmoins, certaines situations telles que la pollution, le stress ou encore les changements hormonaux peuvent conduire \u00e0 une surproduction de s\u00e9bum qui, lorsqu'il est pr\u00e9sent en trop grande quantit\u00e9, va obstruer les pores et en s'oxydant provoquer des imperfections.  R\u00e9sultats : teint terne, point noirs, pores dilat\u00e9s et grain de peu irr\u00e9gulier...  Sa texture gel-mat floute les irr\u00e9gularit\u00e9s et offre un shot de peptides pour lisser rides et grain de peau. Les brillances sont imm\u00e9diatement estomp\u00e9es et jour apr\u00e8s jour la peau est plus nette.","og_url":"https:\/\/pharmadreams.shop\/index.php\/product\/svr-biotic-pepti-gel-mat-regenerant-lissant-50-ml\/","og_site_name":"pharmadreams","og_image":[{"width":500,"height":500,"url":"https:\/\/pharmadreams.shop\/wp-content\/uploads\/2024\/05\/svr-biotic-pepti-gel-mat-regenerant-lissant-50-ml.jpg","type":"image\/jpeg"}],"twitter_card":"summary_large_image","twitter_misc":{"Dur\u00e9e de lecture estim\u00e9e":"1 minute"},"schema":{"@context":"https:\/\/schema.org","@graph":[{"@type":"WebPage","@id":"https:\/\/pharmadreams.shop\/index.php\/product\/svr-biotic-pepti-gel-mat-regenerant-lissant-50-ml\/","url":"https:\/\/pharmadreams.shop\/index.php\/product\/svr-biotic-pepti-gel-mat-regenerant-lissant-50-ml\/","name":"SVR BIOTIC PEPTI GEL MAT REGENERANT LISSANT 50 ML - pharmadreams","isPartOf":{"@id":"https:\/\/pharmadreams.shop\/#website"},"primaryImageOfPage":{"@id":"https:\/\/pharmadreams.shop\/index.php\/product\/svr-biotic-pepti-gel-mat-regenerant-lissant-50-ml\/#primaryimage"},"image":{"@id":"https:\/\/pharmadreams.shop\/index.php\/product\/svr-biotic-pepti-gel-mat-regenerant-lissant-50-ml\/#primaryimage"},"thumbnailUrl":"https:\/\/pharmadreams.shop\/wp-content\/uploads\/2024\/05\/svr-biotic-pepti-gel-mat-regenerant-lissant-50-ml.jpg","datePublished":"2024-05-06T17:19:18+00:00","dateModified":"2024-05-06T17:19:18+00:00","breadcrumb":{"@id":"https:\/\/pharmadreams.shop\/index.php\/product\/svr-biotic-pepti-gel-mat-regenerant-lissant-50-ml\/#breadcrumb"},"inLanguage":"fr-FR","potentialAction":[{"@type":"ReadAction","target":["https:\/\/pharmadreams.shop\/index.php\/product\/svr-biotic-pepti-gel-mat-regenerant-lissant-50-ml\/"]}]},{"@type":"ImageObject","inLanguage":"fr-FR","@id":"https:\/\/pharmadreams.shop\/index.php\/product\/svr-biotic-pepti-gel-mat-regenerant-lissant-50-ml\/#primaryimage","url":"https:\/\/pharmadreams.shop\/wp-content\/uploads\/2024\/05\/svr-biotic-pepti-gel-mat-regenerant-lissant-50-ml.jpg","contentUrl":"https:\/\/pharmadreams.shop\/wp-content\/uploads\/2024\/05\/svr-biotic-pepti-gel-mat-regenerant-lissant-50-ml.jpg","width":500,"height":500},{"@type":"BreadcrumbList","@id":"https:\/\/pharmadreams.shop\/index.php\/product\/svr-biotic-pepti-gel-mat-regenerant-lissant-50-ml\/#breadcrumb","itemListElement":[{"@type":"ListItem","position":1,"name":"Accueil","item":"https:\/\/pharmadreams.shop\/"},{"@type":"ListItem","position":2,"name":"Shop","item":"https:\/\/pharmadreams.shop\/index.php\/shop\/"},{"@type":"ListItem","position":3,"name":"SVR BIOTIC PEPTI GEL MAT REGENERANT LISSANT 50 ML"}]},{"@type":"WebSite","@id":"https:\/\/pharmadreams.shop\/#website","url":"https:\/\/pharmadreams.shop\/","name":"pharmadreams","description":"Parapharmacie en ligne","potentialAction":[{"@type":"SearchAction","target":{"@type":"EntryPoint","urlTemplate":"https:\/\/pharmadreams.shop\/?s={search_term_string}"},"query-input":"required name=search_term_string"}],"inLanguage":"fr-FR"}]}},"_links":{"self":[{"href":"https:\/\/pharmadreams.shop\/index.php\/wp-json\/wp\/v2\/product\/18049","targetHints":{"allow":["GET"]}}],"collection":[{"href":"https:\/\/pharmadreams.shop\/index.php\/wp-json\/wp\/v2\/product"}],"about":[{"href":"https:\/\/pharmadreams.shop\/index.php\/wp-json\/wp\/v2\/types\/product"}],"replies":[{"embeddable":true,"href":"https:\/\/pharmadreams.shop\/index.php\/wp-json\/wp\/v2\/comments?post=18049"}],"version-history":[{"count":0,"href":"https:\/\/pharmadreams.shop\/index.php\/wp-json\/wp\/v2\/product\/18049\/revisions"}],"wp:featuredmedia":[{"embeddable":true,"href":"https:\/\/pharmadreams.shop\/index.php\/wp-json\/wp\/v2\/media\/18050"}],"wp:attachment":[{"href":"https:\/\/pharmadreams.shop\/index.php\/wp-json\/wp\/v2\/media?parent=18049"}],"wp:term":[{"taxonomy":"product_brand","embeddable":true,"href":"https:\/\/pharmadreams.shop\/index.php\/wp-json\/wp\/v2\/product_brand?post=18049"},{"taxonomy":"product_cat","embeddable":true,"href":"https:\/\/pharmadreams.shop\/index.php\/wp-json\/wp\/v2\/product_cat?post=18049"},{"taxonomy":"product_tag","embeddable":true,"href":"https:\/\/pharmadreams.shop\/index.php\/wp-json\/wp\/v2\/product_tag?post=18049"}],"curies":[{"name":"wp","href":"https:\/\/api.w.org\/{rel}","templated":true}]}}