{"id":18052,"date":"2024-05-06T18:40:56","date_gmt":"2024-05-06T17:40:56","guid":{"rendered":"https:\/\/pharmadreams.shop\/?post_type=product&#038;p=18052"},"modified":"2024-05-06T18:40:57","modified_gmt":"2024-05-06T17:40:57","slug":"svr-biotic-hyalu-gelee-regererante-repulpante-50ml","status":"publish","type":"product","link":"https:\/\/pharmadreams.shop\/index.php\/product\/svr-biotic-hyalu-gelee-regererante-repulpante-50ml\/","title":{"rendered":"SVR BIOTIC HYALU GELEE REGERERANTE REPULPANTE 50ML"},"content":{"rendered":"","protected":false},"excerpt":{"rendered":"<p>SVR Biotic Hyalu Gel\u00e9e R\u00e9g\u00e9n\u00e9rante Repulpante 50 ml est une gel\u00e9e qui est faite pour r\u00e9g\u00e9n\u00e9rer votre peau gr\u00e2ce \u00e0 une combinaison de 3 actifs essentiels \u00e0 la fonction de la peau\u00a0:<\/p>\n<ul>\n<li>les probiotiques pasteuris\u00e9s : ils prot\u00e8gent et renforcent la barri\u00e8re cutan\u00e9e.<\/li>\n<li>duo d&rsquo;acides hyaluroniques : favorise le processus d&rsquo;hydratation, repulpe et lisse les rides.<\/li>\n<li>vitamine C stabilis\u00e9e : elle prot\u00e8ge des radicaux libres, raffermie et d\u00e9fatigue la peau.<\/li>\n<\/ul>\n<p>Jour apr\u00e8s jour, la peau est confortable, apais\u00e9e et liss\u00e9e.<\/p>\n<p>La d\u00e9shydratation est un \u00e9tat cutan\u00e9 et toutes les peaux, qu&rsquo;elles soient grasses, s\u00e8ches ou mixtes, peuvent y \u00eatre confront\u00e9es. Une peau d\u00e9shydrat\u00e9e est une peau qui manque d&rsquo;eau. Cette d\u00e9shydratation peut survenir en raison de divers facteurs : des facteurs environnementaux (froid, pollution, UV&#8230;), des facteurs externes (tabac, alcool), des facteurs \u00e9motionnels (stress, fatigue), des produits cosm\u00e9tiques mal adapt\u00e9s ou encore des traitements m\u00e9dicamenteux (anti-acn\u00e9iques par exemple). Le film hydrolipidique situ\u00e9 \u00e0 la surface de la peau est un bouclier naturel qui freine l&rsquo;\u00e9vaporation de l&rsquo;eau cutan\u00e9e. L&rsquo;hydratation est essentielle pour conserver ce r\u00f4le de barri\u00e8re. Si la peau manque d&rsquo;eau, sa fonction barri\u00e8re s&rsquo;alt\u00e8re et l&rsquo;eau s&rsquo;\u00e9chappe plus vite.<\/p>\n<p>R\u00e9sultats : La peau manque de souplesse, tiraille et manque d&rsquo;\u00e9clat, en fait, elle est tr\u00e8s inconfortable. Des ridules de d\u00e9shydratation peuvent aussi appara\u00eetre.<\/p>\n<p>Sa texture gel aqueuse offre un shot d&rsquo;hydratation pendant 48h pour une peau visiblement liss\u00e9e et repulp\u00e9e.<\/p>\n<p>Efficacit\u00e9 prouv\u00e9e cliniquement sur peaux sensibles.<\/p>\n","protected":false},"featured_media":18053,"comment_status":"open","ping_status":"closed","template":"","meta":[],"product_brand":[],"product_cat":[120,203,98,194,79,95,20],"product_tag":[],"class_list":{"0":"post-18052","1":"product","2":"type-product","3":"status-publish","4":"has-post-thumbnail","6":"product_cat-anti-rides","7":"product_cat-gel-creme","8":"product_cat-hydratation","9":"product_cat-peaux-sensibles","10":"product_cat-peaux-seches","11":"product_cat-skin-care","12":"product_cat-visage","14":"first","15":"instock","16":"sale","17":"shipping-taxable","18":"purchasable","19":"product-type-simple"},"yoast_head":"<!-- This site is optimized with the Yoast SEO plugin v23.0 - https:\/\/yoast.com\/wordpress\/plugins\/seo\/ -->\n<title>SVR BIOTIC HYALU GELEE REGERERANTE REPULPANTE 50ML - pharmadreams<\/title>\n<meta name=\"robots\" content=\"index, follow, max-snippet:-1, max-image-preview:large, max-video-preview:-1\" \/>\n<link rel=\"canonical\" href=\"https:\/\/pharmadreams.shop\/index.php\/product\/svr-biotic-hyalu-gelee-regererante-repulpante-50ml\/\" \/>\n<meta property=\"og:locale\" content=\"fr_FR\" \/>\n<meta property=\"og:type\" content=\"article\" \/>\n<meta property=\"og:title\" content=\"SVR BIOTIC HYALU GELEE REGERERANTE REPULPANTE 50ML - pharmadreams\" \/>\n<meta property=\"og:description\" content=\"SVR Biotic Hyalu Gel\u00e9e R\u00e9g\u00e9n\u00e9rante Repulpante 50 ml est une gel\u00e9e qui est faite pour r\u00e9g\u00e9n\u00e9rer votre peau gr\u00e2ce \u00e0 une combinaison de 3 actifs essentiels \u00e0 la fonction de la peau\u00a0:   les probiotiques pasteuris\u00e9s : ils prot\u00e8gent et renforcent la barri\u00e8re cutan\u00e9e.  duo d&#039;acides hyaluroniques : favorise le processus d&#039;hydratation, repulpe et lisse les rides.  vitamine C stabilis\u00e9e : elle prot\u00e8ge des radicaux libres, raffermie et d\u00e9fatigue la peau.  Jour apr\u00e8s jour, la peau est confortable, apais\u00e9e et liss\u00e9e.  La d\u00e9shydratation est un \u00e9tat cutan\u00e9 et toutes les peaux, qu&#039;elles soient grasses, s\u00e8ches ou mixtes, peuvent y \u00eatre confront\u00e9es. Une peau d\u00e9shydrat\u00e9e est une peau qui manque d&#039;eau. Cette d\u00e9shydratation peut survenir en raison de divers facteurs : des facteurs environnementaux (froid, pollution, UV...), des facteurs externes (tabac, alcool), des facteurs \u00e9motionnels (stress, fatigue), des produits cosm\u00e9tiques mal adapt\u00e9s ou encore des traitements m\u00e9dicamenteux (anti-acn\u00e9iques par exemple). Le film hydrolipidique situ\u00e9 \u00e0 la surface de la peau est un bouclier naturel qui freine l&#039;\u00e9vaporation de l&#039;eau cutan\u00e9e. L&#039;hydratation est essentielle pour conserver ce r\u00f4le de barri\u00e8re. Si la peau manque d&#039;eau, sa fonction barri\u00e8re s&#039;alt\u00e8re et l&#039;eau s&#039;\u00e9chappe plus vite.  R\u00e9sultats : La peau manque de souplesse, tiraille et manque d&#039;\u00e9clat, en fait, elle est tr\u00e8s inconfortable. Des ridules de d\u00e9shydratation peuvent aussi appara\u00eetre.  Sa texture gel aqueuse offre un shot d&#039;hydratation pendant 48h pour une peau visiblement liss\u00e9e et repulp\u00e9e.  Efficacit\u00e9 prouv\u00e9e cliniquement sur peaux sensibles.\" \/>\n<meta property=\"og:url\" content=\"https:\/\/pharmadreams.shop\/index.php\/product\/svr-biotic-hyalu-gelee-regererante-repulpante-50ml\/\" \/>\n<meta property=\"og:site_name\" content=\"pharmadreams\" \/>\n<meta property=\"article:modified_time\" content=\"2024-05-06T17:40:57+00:00\" \/>\n<meta property=\"og:image\" content=\"https:\/\/pharmadreams.shop\/wp-content\/uploads\/2024\/05\/svr-biotic-hyalu-gelee-regererante-repulpante-50-ml.jpg\" \/>\n\t<meta property=\"og:image:width\" content=\"500\" \/>\n\t<meta property=\"og:image:height\" content=\"500\" \/>\n\t<meta property=\"og:image:type\" content=\"image\/jpeg\" \/>\n<meta name=\"twitter:card\" content=\"summary_large_image\" \/>\n<meta name=\"twitter:label1\" content=\"Dur\u00e9e de lecture estim\u00e9e\" \/>\n\t<meta name=\"twitter:data1\" content=\"1 minute\" \/>\n<script type=\"application\/ld+json\" class=\"yoast-schema-graph\">{\"@context\":\"https:\/\/schema.org\",\"@graph\":[{\"@type\":\"WebPage\",\"@id\":\"https:\/\/pharmadreams.shop\/index.php\/product\/svr-biotic-hyalu-gelee-regererante-repulpante-50ml\/\",\"url\":\"https:\/\/pharmadreams.shop\/index.php\/product\/svr-biotic-hyalu-gelee-regererante-repulpante-50ml\/\",\"name\":\"SVR BIOTIC HYALU GELEE REGERERANTE REPULPANTE 50ML - pharmadreams\",\"isPartOf\":{\"@id\":\"https:\/\/pharmadreams.shop\/#website\"},\"primaryImageOfPage\":{\"@id\":\"https:\/\/pharmadreams.shop\/index.php\/product\/svr-biotic-hyalu-gelee-regererante-repulpante-50ml\/#primaryimage\"},\"image\":{\"@id\":\"https:\/\/pharmadreams.shop\/index.php\/product\/svr-biotic-hyalu-gelee-regererante-repulpante-50ml\/#primaryimage\"},\"thumbnailUrl\":\"https:\/\/pharmadreams.shop\/wp-content\/uploads\/2024\/05\/svr-biotic-hyalu-gelee-regererante-repulpante-50-ml.jpg\",\"datePublished\":\"2024-05-06T17:40:56+00:00\",\"dateModified\":\"2024-05-06T17:40:57+00:00\",\"breadcrumb\":{\"@id\":\"https:\/\/pharmadreams.shop\/index.php\/product\/svr-biotic-hyalu-gelee-regererante-repulpante-50ml\/#breadcrumb\"},\"inLanguage\":\"fr-FR\",\"potentialAction\":[{\"@type\":\"ReadAction\",\"target\":[\"https:\/\/pharmadreams.shop\/index.php\/product\/svr-biotic-hyalu-gelee-regererante-repulpante-50ml\/\"]}]},{\"@type\":\"ImageObject\",\"inLanguage\":\"fr-FR\",\"@id\":\"https:\/\/pharmadreams.shop\/index.php\/product\/svr-biotic-hyalu-gelee-regererante-repulpante-50ml\/#primaryimage\",\"url\":\"https:\/\/pharmadreams.shop\/wp-content\/uploads\/2024\/05\/svr-biotic-hyalu-gelee-regererante-repulpante-50-ml.jpg\",\"contentUrl\":\"https:\/\/pharmadreams.shop\/wp-content\/uploads\/2024\/05\/svr-biotic-hyalu-gelee-regererante-repulpante-50-ml.jpg\",\"width\":500,\"height\":500},{\"@type\":\"BreadcrumbList\",\"@id\":\"https:\/\/pharmadreams.shop\/index.php\/product\/svr-biotic-hyalu-gelee-regererante-repulpante-50ml\/#breadcrumb\",\"itemListElement\":[{\"@type\":\"ListItem\",\"position\":1,\"name\":\"Accueil\",\"item\":\"https:\/\/pharmadreams.shop\/\"},{\"@type\":\"ListItem\",\"position\":2,\"name\":\"Shop\",\"item\":\"https:\/\/pharmadreams.shop\/index.php\/shop\/\"},{\"@type\":\"ListItem\",\"position\":3,\"name\":\"SVR BIOTIC HYALU GELEE REGERERANTE REPULPANTE 50ML\"}]},{\"@type\":\"WebSite\",\"@id\":\"https:\/\/pharmadreams.shop\/#website\",\"url\":\"https:\/\/pharmadreams.shop\/\",\"name\":\"pharmadreams\",\"description\":\"Parapharmacie en ligne\",\"potentialAction\":[{\"@type\":\"SearchAction\",\"target\":{\"@type\":\"EntryPoint\",\"urlTemplate\":\"https:\/\/pharmadreams.shop\/?s={search_term_string}\"},\"query-input\":\"required name=search_term_string\"}],\"inLanguage\":\"fr-FR\"}]}<\/script>\n<!-- \/ Yoast SEO plugin. -->","yoast_head_json":{"title":"SVR BIOTIC HYALU GELEE REGERERANTE REPULPANTE 50ML - pharmadreams","robots":{"index":"index","follow":"follow","max-snippet":"max-snippet:-1","max-image-preview":"max-image-preview:large","max-video-preview":"max-video-preview:-1"},"canonical":"https:\/\/pharmadreams.shop\/index.php\/product\/svr-biotic-hyalu-gelee-regererante-repulpante-50ml\/","og_locale":"fr_FR","og_type":"article","og_title":"SVR BIOTIC HYALU GELEE REGERERANTE REPULPANTE 50ML - pharmadreams","og_description":"SVR Biotic Hyalu Gel\u00e9e R\u00e9g\u00e9n\u00e9rante Repulpante 50 ml est une gel\u00e9e qui est faite pour r\u00e9g\u00e9n\u00e9rer votre peau gr\u00e2ce \u00e0 une combinaison de 3 actifs essentiels \u00e0 la fonction de la peau\u00a0:   les probiotiques pasteuris\u00e9s : ils prot\u00e8gent et renforcent la barri\u00e8re cutan\u00e9e.  duo d'acides hyaluroniques : favorise le processus d'hydratation, repulpe et lisse les rides.  vitamine C stabilis\u00e9e : elle prot\u00e8ge des radicaux libres, raffermie et d\u00e9fatigue la peau.  Jour apr\u00e8s jour, la peau est confortable, apais\u00e9e et liss\u00e9e.  La d\u00e9shydratation est un \u00e9tat cutan\u00e9 et toutes les peaux, qu'elles soient grasses, s\u00e8ches ou mixtes, peuvent y \u00eatre confront\u00e9es. Une peau d\u00e9shydrat\u00e9e est une peau qui manque d'eau. Cette d\u00e9shydratation peut survenir en raison de divers facteurs : des facteurs environnementaux (froid, pollution, UV...), des facteurs externes (tabac, alcool), des facteurs \u00e9motionnels (stress, fatigue), des produits cosm\u00e9tiques mal adapt\u00e9s ou encore des traitements m\u00e9dicamenteux (anti-acn\u00e9iques par exemple). Le film hydrolipidique situ\u00e9 \u00e0 la surface de la peau est un bouclier naturel qui freine l'\u00e9vaporation de l'eau cutan\u00e9e. L'hydratation est essentielle pour conserver ce r\u00f4le de barri\u00e8re. Si la peau manque d'eau, sa fonction barri\u00e8re s'alt\u00e8re et l'eau s'\u00e9chappe plus vite.  R\u00e9sultats : La peau manque de souplesse, tiraille et manque d'\u00e9clat, en fait, elle est tr\u00e8s inconfortable. Des ridules de d\u00e9shydratation peuvent aussi appara\u00eetre.  Sa texture gel aqueuse offre un shot d'hydratation pendant 48h pour une peau visiblement liss\u00e9e et repulp\u00e9e.  Efficacit\u00e9 prouv\u00e9e cliniquement sur peaux sensibles.","og_url":"https:\/\/pharmadreams.shop\/index.php\/product\/svr-biotic-hyalu-gelee-regererante-repulpante-50ml\/","og_site_name":"pharmadreams","article_modified_time":"2024-05-06T17:40:57+00:00","og_image":[{"width":500,"height":500,"url":"https:\/\/pharmadreams.shop\/wp-content\/uploads\/2024\/05\/svr-biotic-hyalu-gelee-regererante-repulpante-50-ml.jpg","type":"image\/jpeg"}],"twitter_card":"summary_large_image","twitter_misc":{"Dur\u00e9e de lecture estim\u00e9e":"1 minute"},"schema":{"@context":"https:\/\/schema.org","@graph":[{"@type":"WebPage","@id":"https:\/\/pharmadreams.shop\/index.php\/product\/svr-biotic-hyalu-gelee-regererante-repulpante-50ml\/","url":"https:\/\/pharmadreams.shop\/index.php\/product\/svr-biotic-hyalu-gelee-regererante-repulpante-50ml\/","name":"SVR BIOTIC HYALU GELEE REGERERANTE REPULPANTE 50ML - pharmadreams","isPartOf":{"@id":"https:\/\/pharmadreams.shop\/#website"},"primaryImageOfPage":{"@id":"https:\/\/pharmadreams.shop\/index.php\/product\/svr-biotic-hyalu-gelee-regererante-repulpante-50ml\/#primaryimage"},"image":{"@id":"https:\/\/pharmadreams.shop\/index.php\/product\/svr-biotic-hyalu-gelee-regererante-repulpante-50ml\/#primaryimage"},"thumbnailUrl":"https:\/\/pharmadreams.shop\/wp-content\/uploads\/2024\/05\/svr-biotic-hyalu-gelee-regererante-repulpante-50-ml.jpg","datePublished":"2024-05-06T17:40:56+00:00","dateModified":"2024-05-06T17:40:57+00:00","breadcrumb":{"@id":"https:\/\/pharmadreams.shop\/index.php\/product\/svr-biotic-hyalu-gelee-regererante-repulpante-50ml\/#breadcrumb"},"inLanguage":"fr-FR","potentialAction":[{"@type":"ReadAction","target":["https:\/\/pharmadreams.shop\/index.php\/product\/svr-biotic-hyalu-gelee-regererante-repulpante-50ml\/"]}]},{"@type":"ImageObject","inLanguage":"fr-FR","@id":"https:\/\/pharmadreams.shop\/index.php\/product\/svr-biotic-hyalu-gelee-regererante-repulpante-50ml\/#primaryimage","url":"https:\/\/pharmadreams.shop\/wp-content\/uploads\/2024\/05\/svr-biotic-hyalu-gelee-regererante-repulpante-50-ml.jpg","contentUrl":"https:\/\/pharmadreams.shop\/wp-content\/uploads\/2024\/05\/svr-biotic-hyalu-gelee-regererante-repulpante-50-ml.jpg","width":500,"height":500},{"@type":"BreadcrumbList","@id":"https:\/\/pharmadreams.shop\/index.php\/product\/svr-biotic-hyalu-gelee-regererante-repulpante-50ml\/#breadcrumb","itemListElement":[{"@type":"ListItem","position":1,"name":"Accueil","item":"https:\/\/pharmadreams.shop\/"},{"@type":"ListItem","position":2,"name":"Shop","item":"https:\/\/pharmadreams.shop\/index.php\/shop\/"},{"@type":"ListItem","position":3,"name":"SVR BIOTIC HYALU GELEE REGERERANTE REPULPANTE 50ML"}]},{"@type":"WebSite","@id":"https:\/\/pharmadreams.shop\/#website","url":"https:\/\/pharmadreams.shop\/","name":"pharmadreams","description":"Parapharmacie en ligne","potentialAction":[{"@type":"SearchAction","target":{"@type":"EntryPoint","urlTemplate":"https:\/\/pharmadreams.shop\/?s={search_term_string}"},"query-input":"required name=search_term_string"}],"inLanguage":"fr-FR"}]}},"_links":{"self":[{"href":"https:\/\/pharmadreams.shop\/index.php\/wp-json\/wp\/v2\/product\/18052","targetHints":{"allow":["GET"]}}],"collection":[{"href":"https:\/\/pharmadreams.shop\/index.php\/wp-json\/wp\/v2\/product"}],"about":[{"href":"https:\/\/pharmadreams.shop\/index.php\/wp-json\/wp\/v2\/types\/product"}],"replies":[{"embeddable":true,"href":"https:\/\/pharmadreams.shop\/index.php\/wp-json\/wp\/v2\/comments?post=18052"}],"version-history":[{"count":0,"href":"https:\/\/pharmadreams.shop\/index.php\/wp-json\/wp\/v2\/product\/18052\/revisions"}],"wp:featuredmedia":[{"embeddable":true,"href":"https:\/\/pharmadreams.shop\/index.php\/wp-json\/wp\/v2\/media\/18053"}],"wp:attachment":[{"href":"https:\/\/pharmadreams.shop\/index.php\/wp-json\/wp\/v2\/media?parent=18052"}],"wp:term":[{"taxonomy":"product_brand","embeddable":true,"href":"https:\/\/pharmadreams.shop\/index.php\/wp-json\/wp\/v2\/product_brand?post=18052"},{"taxonomy":"product_cat","embeddable":true,"href":"https:\/\/pharmadreams.shop\/index.php\/wp-json\/wp\/v2\/product_cat?post=18052"},{"taxonomy":"product_tag","embeddable":true,"href":"https:\/\/pharmadreams.shop\/index.php\/wp-json\/wp\/v2\/product_tag?post=18052"}],"curies":[{"name":"wp","href":"https:\/\/api.w.org\/{rel}","templated":true}]}}