{"id":18055,"date":"2024-05-06T18:51:43","date_gmt":"2024-05-06T17:51:43","guid":{"rendered":"https:\/\/pharmadreams.shop\/?post_type=product&#038;p=18055"},"modified":"2024-05-06T18:51:44","modified_gmt":"2024-05-06T17:51:44","slug":"svr-biotic-collagen-creme-rebondissante-regenerante-50ml","status":"publish","type":"product","link":"https:\/\/pharmadreams.shop\/index.php\/product\/svr-biotic-collagen-creme-rebondissante-regenerante-50ml\/","title":{"rendered":"SVR BIOTIC COLLAGEN CREME REBONDISSANTE REGENERANTE 50ML"},"content":{"rendered":"","protected":false},"excerpt":{"rendered":"<p style=\"font-weight: 400;\">Ce soin r\u00e9g\u00e9n\u00e8re la peau gr\u00e2ce \u00e0 une combinaison de 3 actifs essentiels \u00e0 la fonction de la peau : des probiotiques pasteuris\u00e9s, de la vitamine C stabilis\u00e9e et de l\u2019Acide Hyaluronique. Et pour une peau rebondie, ferme, pulpeuse, cette cr\u00e8me \u00e0 la texture m\u00e9moire de forme est enrichie d\u2019un collag\u00e8ne d\u2019origine v\u00e9g\u00e9tale. Jour apr\u00e8s jour, la peau est renforc\u00e9e, plus \u00e9lastique, plus lisse.<\/p>\n<p style=\"font-weight: 400;\">Sa formule associe 4 actifs pour r\u00e9g\u00e9n\u00e9rer la peau :<\/p>\n<ul>\n<li>Les Probiotiques pasteuris\u00e9s qui prot\u00e8gent et renforcent la barri\u00e8re cutan\u00e9e.<\/li>\n<li>L&rsquo;Acide hyaluronique qui lisse les rides et ridules, hydrate.<\/li>\n<li>La Vitamine C stabilis\u00e9e qui prot\u00e8ge des radicaux libres, raffermit et d\u00e9fatigue la peau.<\/li>\n<li>Le Collag\u00e8ne V\u00e9g\u00e9tal qui booste la production de collag\u00e8ne, restructure et renforce les tissus cutan\u00e9s.<\/li>\n<\/ul>\n","protected":false},"featured_media":18056,"comment_status":"open","ping_status":"closed","template":"","meta":[],"product_brand":[],"product_cat":[100,120,78,98,20],"product_tag":[],"class_list":{"0":"post-18055","1":"product","2":"type-product","3":"status-publish","4":"has-post-thumbnail","6":"product_cat-anti-age","7":"product_cat-anti-rides","8":"product_cat-cremes","9":"product_cat-hydratation","10":"product_cat-visage","12":"first","13":"instock","14":"sale","15":"shipping-taxable","16":"purchasable","17":"product-type-simple"},"yoast_head":"<!-- This site is optimized with the Yoast SEO plugin v23.0 - https:\/\/yoast.com\/wordpress\/plugins\/seo\/ -->\n<title>SVR BIOTIC COLLAGEN CREME REBONDISSANTE REGENERANTE 50ML - pharmadreams<\/title>\n<meta name=\"robots\" content=\"index, follow, max-snippet:-1, max-image-preview:large, max-video-preview:-1\" \/>\n<link rel=\"canonical\" href=\"https:\/\/pharmadreams.shop\/index.php\/product\/svr-biotic-collagen-creme-rebondissante-regenerante-50ml\/\" \/>\n<meta property=\"og:locale\" content=\"fr_FR\" \/>\n<meta property=\"og:type\" content=\"article\" \/>\n<meta property=\"og:title\" content=\"SVR BIOTIC COLLAGEN CREME REBONDISSANTE REGENERANTE 50ML - pharmadreams\" \/>\n<meta property=\"og:description\" content=\"Ce soin r\u00e9g\u00e9n\u00e8re la peau gr\u00e2ce \u00e0 une combinaison de 3 actifs essentiels \u00e0 la fonction de la peau : des probiotiques pasteuris\u00e9s, de la vitamine C stabilis\u00e9e et de l\u2019Acide Hyaluronique. Et pour une peau rebondie, ferme, pulpeuse, cette cr\u00e8me \u00e0 la texture m\u00e9moire de forme est enrichie d\u2019un collag\u00e8ne d\u2019origine v\u00e9g\u00e9tale. Jour apr\u00e8s jour, la peau est renforc\u00e9e, plus \u00e9lastique, plus lisse. Sa formule associe 4 actifs pour r\u00e9g\u00e9n\u00e9rer la peau :    Les Probiotiques pasteuris\u00e9s qui prot\u00e8gent et renforcent la barri\u00e8re cutan\u00e9e.  L&#039;Acide hyaluronique qui lisse les rides et ridules, hydrate.  La Vitamine C stabilis\u00e9e qui prot\u00e8ge des radicaux libres, raffermit et d\u00e9fatigue la peau.  Le Collag\u00e8ne V\u00e9g\u00e9tal qui booste la production de collag\u00e8ne, restructure et renforce les tissus cutan\u00e9s.\" \/>\n<meta property=\"og:url\" content=\"https:\/\/pharmadreams.shop\/index.php\/product\/svr-biotic-collagen-creme-rebondissante-regenerante-50ml\/\" \/>\n<meta property=\"og:site_name\" content=\"pharmadreams\" \/>\n<meta property=\"article:modified_time\" content=\"2024-05-06T17:51:44+00:00\" \/>\n<meta property=\"og:image\" content=\"https:\/\/pharmadreams.shop\/wp-content\/uploads\/2024\/05\/svr-biotici-collagen-creme-rebondissante-regenerante-50ml.jpg\" \/>\n\t<meta property=\"og:image:width\" content=\"500\" \/>\n\t<meta property=\"og:image:height\" content=\"500\" \/>\n\t<meta property=\"og:image:type\" content=\"image\/jpeg\" \/>\n<meta name=\"twitter:card\" content=\"summary_large_image\" \/>\n<meta name=\"twitter:label1\" content=\"Dur\u00e9e de lecture estim\u00e9e\" \/>\n\t<meta name=\"twitter:data1\" content=\"1 minute\" \/>\n<script type=\"application\/ld+json\" class=\"yoast-schema-graph\">{\"@context\":\"https:\/\/schema.org\",\"@graph\":[{\"@type\":\"WebPage\",\"@id\":\"https:\/\/pharmadreams.shop\/index.php\/product\/svr-biotic-collagen-creme-rebondissante-regenerante-50ml\/\",\"url\":\"https:\/\/pharmadreams.shop\/index.php\/product\/svr-biotic-collagen-creme-rebondissante-regenerante-50ml\/\",\"name\":\"SVR BIOTIC COLLAGEN CREME REBONDISSANTE REGENERANTE 50ML - pharmadreams\",\"isPartOf\":{\"@id\":\"https:\/\/pharmadreams.shop\/#website\"},\"primaryImageOfPage\":{\"@id\":\"https:\/\/pharmadreams.shop\/index.php\/product\/svr-biotic-collagen-creme-rebondissante-regenerante-50ml\/#primaryimage\"},\"image\":{\"@id\":\"https:\/\/pharmadreams.shop\/index.php\/product\/svr-biotic-collagen-creme-rebondissante-regenerante-50ml\/#primaryimage\"},\"thumbnailUrl\":\"https:\/\/pharmadreams.shop\/wp-content\/uploads\/2024\/05\/svr-biotici-collagen-creme-rebondissante-regenerante-50ml.jpg\",\"datePublished\":\"2024-05-06T17:51:43+00:00\",\"dateModified\":\"2024-05-06T17:51:44+00:00\",\"breadcrumb\":{\"@id\":\"https:\/\/pharmadreams.shop\/index.php\/product\/svr-biotic-collagen-creme-rebondissante-regenerante-50ml\/#breadcrumb\"},\"inLanguage\":\"fr-FR\",\"potentialAction\":[{\"@type\":\"ReadAction\",\"target\":[\"https:\/\/pharmadreams.shop\/index.php\/product\/svr-biotic-collagen-creme-rebondissante-regenerante-50ml\/\"]}]},{\"@type\":\"ImageObject\",\"inLanguage\":\"fr-FR\",\"@id\":\"https:\/\/pharmadreams.shop\/index.php\/product\/svr-biotic-collagen-creme-rebondissante-regenerante-50ml\/#primaryimage\",\"url\":\"https:\/\/pharmadreams.shop\/wp-content\/uploads\/2024\/05\/svr-biotici-collagen-creme-rebondissante-regenerante-50ml.jpg\",\"contentUrl\":\"https:\/\/pharmadreams.shop\/wp-content\/uploads\/2024\/05\/svr-biotici-collagen-creme-rebondissante-regenerante-50ml.jpg\",\"width\":500,\"height\":500},{\"@type\":\"BreadcrumbList\",\"@id\":\"https:\/\/pharmadreams.shop\/index.php\/product\/svr-biotic-collagen-creme-rebondissante-regenerante-50ml\/#breadcrumb\",\"itemListElement\":[{\"@type\":\"ListItem\",\"position\":1,\"name\":\"Accueil\",\"item\":\"https:\/\/pharmadreams.shop\/\"},{\"@type\":\"ListItem\",\"position\":2,\"name\":\"Shop\",\"item\":\"https:\/\/pharmadreams.shop\/index.php\/shop\/\"},{\"@type\":\"ListItem\",\"position\":3,\"name\":\"SVR BIOTIC COLLAGEN CREME REBONDISSANTE REGENERANTE 50ML\"}]},{\"@type\":\"WebSite\",\"@id\":\"https:\/\/pharmadreams.shop\/#website\",\"url\":\"https:\/\/pharmadreams.shop\/\",\"name\":\"pharmadreams\",\"description\":\"Parapharmacie en ligne\",\"potentialAction\":[{\"@type\":\"SearchAction\",\"target\":{\"@type\":\"EntryPoint\",\"urlTemplate\":\"https:\/\/pharmadreams.shop\/?s={search_term_string}\"},\"query-input\":\"required name=search_term_string\"}],\"inLanguage\":\"fr-FR\"}]}<\/script>\n<!-- \/ Yoast SEO plugin. -->","yoast_head_json":{"title":"SVR BIOTIC COLLAGEN CREME REBONDISSANTE REGENERANTE 50ML - pharmadreams","robots":{"index":"index","follow":"follow","max-snippet":"max-snippet:-1","max-image-preview":"max-image-preview:large","max-video-preview":"max-video-preview:-1"},"canonical":"https:\/\/pharmadreams.shop\/index.php\/product\/svr-biotic-collagen-creme-rebondissante-regenerante-50ml\/","og_locale":"fr_FR","og_type":"article","og_title":"SVR BIOTIC COLLAGEN CREME REBONDISSANTE REGENERANTE 50ML - pharmadreams","og_description":"Ce soin r\u00e9g\u00e9n\u00e8re la peau gr\u00e2ce \u00e0 une combinaison de 3 actifs essentiels \u00e0 la fonction de la peau : des probiotiques pasteuris\u00e9s, de la vitamine C stabilis\u00e9e et de l\u2019Acide Hyaluronique. Et pour une peau rebondie, ferme, pulpeuse, cette cr\u00e8me \u00e0 la texture m\u00e9moire de forme est enrichie d\u2019un collag\u00e8ne d\u2019origine v\u00e9g\u00e9tale. Jour apr\u00e8s jour, la peau est renforc\u00e9e, plus \u00e9lastique, plus lisse. Sa formule associe 4 actifs pour r\u00e9g\u00e9n\u00e9rer la peau :    Les Probiotiques pasteuris\u00e9s qui prot\u00e8gent et renforcent la barri\u00e8re cutan\u00e9e.  L'Acide hyaluronique qui lisse les rides et ridules, hydrate.  La Vitamine C stabilis\u00e9e qui prot\u00e8ge des radicaux libres, raffermit et d\u00e9fatigue la peau.  Le Collag\u00e8ne V\u00e9g\u00e9tal qui booste la production de collag\u00e8ne, restructure et renforce les tissus cutan\u00e9s.","og_url":"https:\/\/pharmadreams.shop\/index.php\/product\/svr-biotic-collagen-creme-rebondissante-regenerante-50ml\/","og_site_name":"pharmadreams","article_modified_time":"2024-05-06T17:51:44+00:00","og_image":[{"width":500,"height":500,"url":"https:\/\/pharmadreams.shop\/wp-content\/uploads\/2024\/05\/svr-biotici-collagen-creme-rebondissante-regenerante-50ml.jpg","type":"image\/jpeg"}],"twitter_card":"summary_large_image","twitter_misc":{"Dur\u00e9e de lecture estim\u00e9e":"1 minute"},"schema":{"@context":"https:\/\/schema.org","@graph":[{"@type":"WebPage","@id":"https:\/\/pharmadreams.shop\/index.php\/product\/svr-biotic-collagen-creme-rebondissante-regenerante-50ml\/","url":"https:\/\/pharmadreams.shop\/index.php\/product\/svr-biotic-collagen-creme-rebondissante-regenerante-50ml\/","name":"SVR BIOTIC COLLAGEN CREME REBONDISSANTE REGENERANTE 50ML - pharmadreams","isPartOf":{"@id":"https:\/\/pharmadreams.shop\/#website"},"primaryImageOfPage":{"@id":"https:\/\/pharmadreams.shop\/index.php\/product\/svr-biotic-collagen-creme-rebondissante-regenerante-50ml\/#primaryimage"},"image":{"@id":"https:\/\/pharmadreams.shop\/index.php\/product\/svr-biotic-collagen-creme-rebondissante-regenerante-50ml\/#primaryimage"},"thumbnailUrl":"https:\/\/pharmadreams.shop\/wp-content\/uploads\/2024\/05\/svr-biotici-collagen-creme-rebondissante-regenerante-50ml.jpg","datePublished":"2024-05-06T17:51:43+00:00","dateModified":"2024-05-06T17:51:44+00:00","breadcrumb":{"@id":"https:\/\/pharmadreams.shop\/index.php\/product\/svr-biotic-collagen-creme-rebondissante-regenerante-50ml\/#breadcrumb"},"inLanguage":"fr-FR","potentialAction":[{"@type":"ReadAction","target":["https:\/\/pharmadreams.shop\/index.php\/product\/svr-biotic-collagen-creme-rebondissante-regenerante-50ml\/"]}]},{"@type":"ImageObject","inLanguage":"fr-FR","@id":"https:\/\/pharmadreams.shop\/index.php\/product\/svr-biotic-collagen-creme-rebondissante-regenerante-50ml\/#primaryimage","url":"https:\/\/pharmadreams.shop\/wp-content\/uploads\/2024\/05\/svr-biotici-collagen-creme-rebondissante-regenerante-50ml.jpg","contentUrl":"https:\/\/pharmadreams.shop\/wp-content\/uploads\/2024\/05\/svr-biotici-collagen-creme-rebondissante-regenerante-50ml.jpg","width":500,"height":500},{"@type":"BreadcrumbList","@id":"https:\/\/pharmadreams.shop\/index.php\/product\/svr-biotic-collagen-creme-rebondissante-regenerante-50ml\/#breadcrumb","itemListElement":[{"@type":"ListItem","position":1,"name":"Accueil","item":"https:\/\/pharmadreams.shop\/"},{"@type":"ListItem","position":2,"name":"Shop","item":"https:\/\/pharmadreams.shop\/index.php\/shop\/"},{"@type":"ListItem","position":3,"name":"SVR BIOTIC COLLAGEN CREME REBONDISSANTE REGENERANTE 50ML"}]},{"@type":"WebSite","@id":"https:\/\/pharmadreams.shop\/#website","url":"https:\/\/pharmadreams.shop\/","name":"pharmadreams","description":"Parapharmacie en ligne","potentialAction":[{"@type":"SearchAction","target":{"@type":"EntryPoint","urlTemplate":"https:\/\/pharmadreams.shop\/?s={search_term_string}"},"query-input":"required name=search_term_string"}],"inLanguage":"fr-FR"}]}},"_links":{"self":[{"href":"https:\/\/pharmadreams.shop\/index.php\/wp-json\/wp\/v2\/product\/18055","targetHints":{"allow":["GET"]}}],"collection":[{"href":"https:\/\/pharmadreams.shop\/index.php\/wp-json\/wp\/v2\/product"}],"about":[{"href":"https:\/\/pharmadreams.shop\/index.php\/wp-json\/wp\/v2\/types\/product"}],"replies":[{"embeddable":true,"href":"https:\/\/pharmadreams.shop\/index.php\/wp-json\/wp\/v2\/comments?post=18055"}],"version-history":[{"count":0,"href":"https:\/\/pharmadreams.shop\/index.php\/wp-json\/wp\/v2\/product\/18055\/revisions"}],"wp:featuredmedia":[{"embeddable":true,"href":"https:\/\/pharmadreams.shop\/index.php\/wp-json\/wp\/v2\/media\/18056"}],"wp:attachment":[{"href":"https:\/\/pharmadreams.shop\/index.php\/wp-json\/wp\/v2\/media?parent=18055"}],"wp:term":[{"taxonomy":"product_brand","embeddable":true,"href":"https:\/\/pharmadreams.shop\/index.php\/wp-json\/wp\/v2\/product_brand?post=18055"},{"taxonomy":"product_cat","embeddable":true,"href":"https:\/\/pharmadreams.shop\/index.php\/wp-json\/wp\/v2\/product_cat?post=18055"},{"taxonomy":"product_tag","embeddable":true,"href":"https:\/\/pharmadreams.shop\/index.php\/wp-json\/wp\/v2\/product_tag?post=18055"}],"curies":[{"name":"wp","href":"https:\/\/api.w.org\/{rel}","templated":true}]}}