{"id":18065,"date":"2024-05-07T12:55:15","date_gmt":"2024-05-07T11:55:15","guid":{"rendered":"https:\/\/pharmadreams.shop\/?post_type=product&#038;p=18065"},"modified":"2024-05-07T12:55:16","modified_gmt":"2024-05-07T11:55:16","slug":"phyteal-phytovera-gel-apaisant-50ml","status":"publish","type":"product","link":"https:\/\/pharmadreams.shop\/index.php\/product\/phyteal-phytovera-gel-apaisant-50ml\/","title":{"rendered":"PHYTEAL PHYTOVERA GEL APAISANT 50ML"},"content":{"rendered":"","protected":false},"excerpt":{"rendered":"<p>PHYTOVERA adoucit, soulage, nourrit et r\u00e9hydrate l&rsquo;\u00e9piderme.<\/p>\n<p>L&rsquo;ALO\u00c9 VERA : Plante originaire d&rsquo;Afrique, L&rsquo;alo\u00e9 vera contient naturellement des vitamines, des min\u00e9raux, des acides amin\u00e9s, des mono et polysaccharides, des enzymes et beaucoup d&rsquo;autres constituants naturels b\u00e9n\u00e9fiques pour la peau. Ses composants lui conf\u00e8rent des vertus nutritives, r\u00e9g\u00e9n\u00e9ratrices, revitalisantes, hydratantes et lissantes.<\/p>\n<p>Ils stimulent la r\u00e9g\u00e9n\u00e9ration cellulaire, la synth\u00e8se du collag\u00e8ne et de l&rsquo;\u00e9lastine et acc\u00e9l\u00e8re la cicatrisation. Son fort pouvoir hydratant et nourrissant contribue au retour de l&rsquo;\u00e9quilibre cellulaire. PHYTOVERA calme et soulage en cas de piq\u00fbres d&rsquo;insectes et de m\u00e9duses, de coups de soleil, d&rsquo;irritations cutan\u00e9es du b\u00e9b\u00e9, de post traitement laser, de post \u00e9pilation et pour toute autre agression cutan\u00e9e provoquant des manifestations de type rougeur, tiraillement de la peau avec envie de se gratter.<\/p>\n<p>PHYTOVERA ne pr\u00e9sente aucune contre-indication ni limitation d&#8217;emploi. Convient au b\u00e9b\u00e9, \u00e0 l&rsquo;enfant, \u00e0 l&rsquo;adulte et \u00e0 la femme enceinte. Formule hypoallerg\u00e9nique, non com\u00e9dog\u00e8ne, non test\u00e9e sur les animaux.<\/p>\n","protected":false},"featured_media":18063,"comment_status":"open","ping_status":"closed","template":"","meta":[],"product_brand":[],"product_cat":[142,28,114,86,20],"product_tag":[],"class_list":{"0":"post-18065","1":"product","2":"type-product","3":"status-publish","4":"has-post-thumbnail","6":"product_cat-calmant","7":"product_cat-corps","8":"product_cat-gel","9":"product_cat-peaux-sensibles-et-rougeurs","10":"product_cat-visage","12":"first","13":"instock","14":"shipping-taxable","15":"purchasable","16":"product-type-simple"},"yoast_head":"<!-- This site is optimized with the Yoast SEO plugin v23.0 - https:\/\/yoast.com\/wordpress\/plugins\/seo\/ -->\n<title>PHYTEAL PHYTOVERA GEL APAISANT 50ML - pharmadreams<\/title>\n<meta name=\"robots\" content=\"index, follow, max-snippet:-1, max-image-preview:large, max-video-preview:-1\" \/>\n<link rel=\"canonical\" href=\"https:\/\/pharmadreams.shop\/index.php\/product\/phyteal-phytovera-gel-apaisant-50ml\/\" \/>\n<meta property=\"og:locale\" content=\"fr_FR\" \/>\n<meta property=\"og:type\" content=\"article\" \/>\n<meta property=\"og:title\" content=\"PHYTEAL PHYTOVERA GEL APAISANT 50ML - pharmadreams\" \/>\n<meta property=\"og:description\" content=\"PHYTOVERA adoucit, soulage, nourrit et r\u00e9hydrate l&#039;\u00e9piderme.  L&#039;ALO\u00c9 VERA : Plante originaire d&#039;Afrique, L&#039;alo\u00e9 vera contient naturellement des vitamines, des min\u00e9raux, des acides amin\u00e9s, des mono et polysaccharides, des enzymes et beaucoup d&#039;autres constituants naturels b\u00e9n\u00e9fiques pour la peau. Ses composants lui conf\u00e8rent des vertus nutritives, r\u00e9g\u00e9n\u00e9ratrices, revitalisantes, hydratantes et lissantes.  Ils stimulent la r\u00e9g\u00e9n\u00e9ration cellulaire, la synth\u00e8se du collag\u00e8ne et de l&#039;\u00e9lastine et acc\u00e9l\u00e8re la cicatrisation. Son fort pouvoir hydratant et nourrissant contribue au retour de l&#039;\u00e9quilibre cellulaire. PHYTOVERA calme et soulage en cas de piq\u00fbres d&#039;insectes et de m\u00e9duses, de coups de soleil, d&#039;irritations cutan\u00e9es du b\u00e9b\u00e9, de post traitement laser, de post \u00e9pilation et pour toute autre agression cutan\u00e9e provoquant des manifestations de type rougeur, tiraillement de la peau avec envie de se gratter.  PHYTOVERA ne pr\u00e9sente aucune contre-indication ni limitation d&#039;emploi. Convient au b\u00e9b\u00e9, \u00e0 l&#039;enfant, \u00e0 l&#039;adulte et \u00e0 la femme enceinte. Formule hypoallerg\u00e9nique, non com\u00e9dog\u00e8ne, non test\u00e9e sur les animaux.\" \/>\n<meta property=\"og:url\" content=\"https:\/\/pharmadreams.shop\/index.php\/product\/phyteal-phytovera-gel-apaisant-50ml\/\" \/>\n<meta property=\"og:site_name\" content=\"pharmadreams\" \/>\n<meta property=\"article:modified_time\" content=\"2024-05-07T11:55:16+00:00\" \/>\n<meta property=\"og:image\" content=\"https:\/\/pharmadreams.shop\/wp-content\/uploads\/2024\/05\/phytovera-gel-apaisant-100ml.jpg\" \/>\n\t<meta property=\"og:image:width\" content=\"500\" \/>\n\t<meta property=\"og:image:height\" content=\"500\" \/>\n\t<meta property=\"og:image:type\" content=\"image\/jpeg\" \/>\n<meta name=\"twitter:card\" content=\"summary_large_image\" \/>\n<meta name=\"twitter:label1\" content=\"Dur\u00e9e de lecture estim\u00e9e\" \/>\n\t<meta name=\"twitter:data1\" content=\"1 minute\" \/>\n<script type=\"application\/ld+json\" class=\"yoast-schema-graph\">{\"@context\":\"https:\/\/schema.org\",\"@graph\":[{\"@type\":\"WebPage\",\"@id\":\"https:\/\/pharmadreams.shop\/index.php\/product\/phyteal-phytovera-gel-apaisant-50ml\/\",\"url\":\"https:\/\/pharmadreams.shop\/index.php\/product\/phyteal-phytovera-gel-apaisant-50ml\/\",\"name\":\"PHYTEAL PHYTOVERA GEL APAISANT 50ML - pharmadreams\",\"isPartOf\":{\"@id\":\"https:\/\/pharmadreams.shop\/#website\"},\"primaryImageOfPage\":{\"@id\":\"https:\/\/pharmadreams.shop\/index.php\/product\/phyteal-phytovera-gel-apaisant-50ml\/#primaryimage\"},\"image\":{\"@id\":\"https:\/\/pharmadreams.shop\/index.php\/product\/phyteal-phytovera-gel-apaisant-50ml\/#primaryimage\"},\"thumbnailUrl\":\"https:\/\/pharmadreams.shop\/wp-content\/uploads\/2024\/05\/phytovera-gel-apaisant-100ml.jpg\",\"datePublished\":\"2024-05-07T11:55:15+00:00\",\"dateModified\":\"2024-05-07T11:55:16+00:00\",\"breadcrumb\":{\"@id\":\"https:\/\/pharmadreams.shop\/index.php\/product\/phyteal-phytovera-gel-apaisant-50ml\/#breadcrumb\"},\"inLanguage\":\"fr-FR\",\"potentialAction\":[{\"@type\":\"ReadAction\",\"target\":[\"https:\/\/pharmadreams.shop\/index.php\/product\/phyteal-phytovera-gel-apaisant-50ml\/\"]}]},{\"@type\":\"ImageObject\",\"inLanguage\":\"fr-FR\",\"@id\":\"https:\/\/pharmadreams.shop\/index.php\/product\/phyteal-phytovera-gel-apaisant-50ml\/#primaryimage\",\"url\":\"https:\/\/pharmadreams.shop\/wp-content\/uploads\/2024\/05\/phytovera-gel-apaisant-100ml.jpg\",\"contentUrl\":\"https:\/\/pharmadreams.shop\/wp-content\/uploads\/2024\/05\/phytovera-gel-apaisant-100ml.jpg\",\"width\":500,\"height\":500},{\"@type\":\"BreadcrumbList\",\"@id\":\"https:\/\/pharmadreams.shop\/index.php\/product\/phyteal-phytovera-gel-apaisant-50ml\/#breadcrumb\",\"itemListElement\":[{\"@type\":\"ListItem\",\"position\":1,\"name\":\"Accueil\",\"item\":\"https:\/\/pharmadreams.shop\/\"},{\"@type\":\"ListItem\",\"position\":2,\"name\":\"Shop\",\"item\":\"https:\/\/pharmadreams.shop\/index.php\/shop\/\"},{\"@type\":\"ListItem\",\"position\":3,\"name\":\"PHYTEAL PHYTOVERA GEL APAISANT 50ML\"}]},{\"@type\":\"WebSite\",\"@id\":\"https:\/\/pharmadreams.shop\/#website\",\"url\":\"https:\/\/pharmadreams.shop\/\",\"name\":\"pharmadreams\",\"description\":\"Parapharmacie en ligne\",\"potentialAction\":[{\"@type\":\"SearchAction\",\"target\":{\"@type\":\"EntryPoint\",\"urlTemplate\":\"https:\/\/pharmadreams.shop\/?s={search_term_string}\"},\"query-input\":\"required name=search_term_string\"}],\"inLanguage\":\"fr-FR\"}]}<\/script>\n<!-- \/ Yoast SEO plugin. -->","yoast_head_json":{"title":"PHYTEAL PHYTOVERA GEL APAISANT 50ML - pharmadreams","robots":{"index":"index","follow":"follow","max-snippet":"max-snippet:-1","max-image-preview":"max-image-preview:large","max-video-preview":"max-video-preview:-1"},"canonical":"https:\/\/pharmadreams.shop\/index.php\/product\/phyteal-phytovera-gel-apaisant-50ml\/","og_locale":"fr_FR","og_type":"article","og_title":"PHYTEAL PHYTOVERA GEL APAISANT 50ML - pharmadreams","og_description":"PHYTOVERA adoucit, soulage, nourrit et r\u00e9hydrate l'\u00e9piderme.  L'ALO\u00c9 VERA : Plante originaire d'Afrique, L'alo\u00e9 vera contient naturellement des vitamines, des min\u00e9raux, des acides amin\u00e9s, des mono et polysaccharides, des enzymes et beaucoup d'autres constituants naturels b\u00e9n\u00e9fiques pour la peau. Ses composants lui conf\u00e8rent des vertus nutritives, r\u00e9g\u00e9n\u00e9ratrices, revitalisantes, hydratantes et lissantes.  Ils stimulent la r\u00e9g\u00e9n\u00e9ration cellulaire, la synth\u00e8se du collag\u00e8ne et de l'\u00e9lastine et acc\u00e9l\u00e8re la cicatrisation. Son fort pouvoir hydratant et nourrissant contribue au retour de l'\u00e9quilibre cellulaire. PHYTOVERA calme et soulage en cas de piq\u00fbres d'insectes et de m\u00e9duses, de coups de soleil, d'irritations cutan\u00e9es du b\u00e9b\u00e9, de post traitement laser, de post \u00e9pilation et pour toute autre agression cutan\u00e9e provoquant des manifestations de type rougeur, tiraillement de la peau avec envie de se gratter.  PHYTOVERA ne pr\u00e9sente aucune contre-indication ni limitation d'emploi. Convient au b\u00e9b\u00e9, \u00e0 l'enfant, \u00e0 l'adulte et \u00e0 la femme enceinte. Formule hypoallerg\u00e9nique, non com\u00e9dog\u00e8ne, non test\u00e9e sur les animaux.","og_url":"https:\/\/pharmadreams.shop\/index.php\/product\/phyteal-phytovera-gel-apaisant-50ml\/","og_site_name":"pharmadreams","article_modified_time":"2024-05-07T11:55:16+00:00","og_image":[{"width":500,"height":500,"url":"https:\/\/pharmadreams.shop\/wp-content\/uploads\/2024\/05\/phytovera-gel-apaisant-100ml.jpg","type":"image\/jpeg"}],"twitter_card":"summary_large_image","twitter_misc":{"Dur\u00e9e de lecture estim\u00e9e":"1 minute"},"schema":{"@context":"https:\/\/schema.org","@graph":[{"@type":"WebPage","@id":"https:\/\/pharmadreams.shop\/index.php\/product\/phyteal-phytovera-gel-apaisant-50ml\/","url":"https:\/\/pharmadreams.shop\/index.php\/product\/phyteal-phytovera-gel-apaisant-50ml\/","name":"PHYTEAL PHYTOVERA GEL APAISANT 50ML - pharmadreams","isPartOf":{"@id":"https:\/\/pharmadreams.shop\/#website"},"primaryImageOfPage":{"@id":"https:\/\/pharmadreams.shop\/index.php\/product\/phyteal-phytovera-gel-apaisant-50ml\/#primaryimage"},"image":{"@id":"https:\/\/pharmadreams.shop\/index.php\/product\/phyteal-phytovera-gel-apaisant-50ml\/#primaryimage"},"thumbnailUrl":"https:\/\/pharmadreams.shop\/wp-content\/uploads\/2024\/05\/phytovera-gel-apaisant-100ml.jpg","datePublished":"2024-05-07T11:55:15+00:00","dateModified":"2024-05-07T11:55:16+00:00","breadcrumb":{"@id":"https:\/\/pharmadreams.shop\/index.php\/product\/phyteal-phytovera-gel-apaisant-50ml\/#breadcrumb"},"inLanguage":"fr-FR","potentialAction":[{"@type":"ReadAction","target":["https:\/\/pharmadreams.shop\/index.php\/product\/phyteal-phytovera-gel-apaisant-50ml\/"]}]},{"@type":"ImageObject","inLanguage":"fr-FR","@id":"https:\/\/pharmadreams.shop\/index.php\/product\/phyteal-phytovera-gel-apaisant-50ml\/#primaryimage","url":"https:\/\/pharmadreams.shop\/wp-content\/uploads\/2024\/05\/phytovera-gel-apaisant-100ml.jpg","contentUrl":"https:\/\/pharmadreams.shop\/wp-content\/uploads\/2024\/05\/phytovera-gel-apaisant-100ml.jpg","width":500,"height":500},{"@type":"BreadcrumbList","@id":"https:\/\/pharmadreams.shop\/index.php\/product\/phyteal-phytovera-gel-apaisant-50ml\/#breadcrumb","itemListElement":[{"@type":"ListItem","position":1,"name":"Accueil","item":"https:\/\/pharmadreams.shop\/"},{"@type":"ListItem","position":2,"name":"Shop","item":"https:\/\/pharmadreams.shop\/index.php\/shop\/"},{"@type":"ListItem","position":3,"name":"PHYTEAL PHYTOVERA GEL APAISANT 50ML"}]},{"@type":"WebSite","@id":"https:\/\/pharmadreams.shop\/#website","url":"https:\/\/pharmadreams.shop\/","name":"pharmadreams","description":"Parapharmacie en ligne","potentialAction":[{"@type":"SearchAction","target":{"@type":"EntryPoint","urlTemplate":"https:\/\/pharmadreams.shop\/?s={search_term_string}"},"query-input":"required name=search_term_string"}],"inLanguage":"fr-FR"}]}},"_links":{"self":[{"href":"https:\/\/pharmadreams.shop\/index.php\/wp-json\/wp\/v2\/product\/18065","targetHints":{"allow":["GET"]}}],"collection":[{"href":"https:\/\/pharmadreams.shop\/index.php\/wp-json\/wp\/v2\/product"}],"about":[{"href":"https:\/\/pharmadreams.shop\/index.php\/wp-json\/wp\/v2\/types\/product"}],"replies":[{"embeddable":true,"href":"https:\/\/pharmadreams.shop\/index.php\/wp-json\/wp\/v2\/comments?post=18065"}],"version-history":[{"count":0,"href":"https:\/\/pharmadreams.shop\/index.php\/wp-json\/wp\/v2\/product\/18065\/revisions"}],"wp:featuredmedia":[{"embeddable":true,"href":"https:\/\/pharmadreams.shop\/index.php\/wp-json\/wp\/v2\/media\/18063"}],"wp:attachment":[{"href":"https:\/\/pharmadreams.shop\/index.php\/wp-json\/wp\/v2\/media?parent=18065"}],"wp:term":[{"taxonomy":"product_brand","embeddable":true,"href":"https:\/\/pharmadreams.shop\/index.php\/wp-json\/wp\/v2\/product_brand?post=18065"},{"taxonomy":"product_cat","embeddable":true,"href":"https:\/\/pharmadreams.shop\/index.php\/wp-json\/wp\/v2\/product_cat?post=18065"},{"taxonomy":"product_tag","embeddable":true,"href":"https:\/\/pharmadreams.shop\/index.php\/wp-json\/wp\/v2\/product_tag?post=18065"}],"curies":[{"name":"wp","href":"https:\/\/api.w.org\/{rel}","templated":true}]}}