{"id":18069,"date":"2024-05-07T13:21:46","date_gmt":"2024-05-07T12:21:46","guid":{"rendered":"https:\/\/pharmadreams.shop\/?post_type=product&#038;p=18069"},"modified":"2024-05-07T13:21:47","modified_gmt":"2024-05-07T12:21:47","slug":"cytolnat-coffret-de-soin-capillaire","status":"publish","type":"product","link":"https:\/\/pharmadreams.shop\/index.php\/product\/cytolnat-coffret-de-soin-capillaire\/","title":{"rendered":"CYTOLNAT Coffret De Soin Capillaire"},"content":{"rendered":"","protected":false},"excerpt":{"rendered":"<p><strong>CYTOLNAT coffret gamme de soin capillaire est compos\u00e9 de:<\/strong><\/p>\n<p><a href=\"https:\/\/www.maparatunisie.tn\/produit\/cytolcap-shampooing-fortifiant-revitalisant-200ml\/\">CYTOLNAT Cytolcap shampoing fortifiant Revitalisant<\/a><\/p>\n<p><a href=\"https:\/\/www.maparatunisie.tn\/produit\/cytolnat-cytolcap-serum-capillaire-reparateur-50ml\/\">CYTOLNAT Cytolcap S\u00e9rum capillaire r\u00e9parateur<\/a><\/p>\n<p>CYTOLKARITE masque de soin capillaire protecteur<\/p>\n<p><a href=\"https:\/\/www.maparatunisie.tn\/produit\/cytolnat-cytolcap-huile-revitalisante-50ml\/\">CYTOLCAP huile Revitalisante r\u00e9g\u00e9n\u00e9ratrice<\/a><\/p>\n","protected":false},"featured_media":18070,"comment_status":"open","ping_status":"closed","template":"","meta":[],"product_brand":[],"product_cat":[115,53,111,166,219,82,112],"product_tag":[],"class_list":{"0":"post-18069","1":"product","2":"type-product","3":"status-publish","4":"has-post-thumbnail","6":"product_cat-anti-chute","7":"product_cat-cheveux","8":"product_cat-huil-shampooing","9":"product_cat-huile-bain-douche","10":"product_cat-huiles-et-serums","11":"product_cat-shampooing","12":"product_cat-traitement-cheveux","14":"first","15":"instock","16":"shipping-taxable","17":"purchasable","18":"product-type-simple"},"yoast_head":"<!-- This site is optimized with the Yoast SEO plugin v23.0 - https:\/\/yoast.com\/wordpress\/plugins\/seo\/ -->\n<title>CYTOLNAT Coffret De Soin Capillaire - pharmadreams<\/title>\n<meta name=\"robots\" content=\"index, follow, max-snippet:-1, max-image-preview:large, max-video-preview:-1\" \/>\n<link rel=\"canonical\" href=\"https:\/\/pharmadreams.shop\/index.php\/product\/cytolnat-coffret-de-soin-capillaire\/\" \/>\n<meta property=\"og:locale\" content=\"fr_FR\" \/>\n<meta property=\"og:type\" content=\"article\" \/>\n<meta property=\"og:title\" content=\"CYTOLNAT Coffret De Soin Capillaire - pharmadreams\" \/>\n<meta property=\"og:description\" content=\"CYTOLNAT coffret gamme de soin capillaire est compos\u00e9 de:  CYTOLNAT Cytolcap shampoing fortifiant Revitalisant  CYTOLNAT Cytolcap S\u00e9rum capillaire r\u00e9parateur  CYTOLKARITE masque de soin capillaire protecteur  CYTOLCAP huile Revitalisante r\u00e9g\u00e9n\u00e9ratrice\" \/>\n<meta property=\"og:url\" content=\"https:\/\/pharmadreams.shop\/index.php\/product\/cytolnat-coffret-de-soin-capillaire\/\" \/>\n<meta property=\"og:site_name\" content=\"pharmadreams\" \/>\n<meta property=\"article:modified_time\" content=\"2024-05-07T12:21:47+00:00\" \/>\n<meta property=\"og:image\" content=\"https:\/\/pharmadreams.shop\/wp-content\/uploads\/2024\/05\/CYTOL-NAT-COFFRET-CAPILLAIRE-mapara.webp\" \/>\n\t<meta property=\"og:image:width\" content=\"540\" \/>\n\t<meta property=\"og:image:height\" content=\"720\" \/>\n\t<meta property=\"og:image:type\" content=\"image\/webp\" \/>\n<meta name=\"twitter:card\" content=\"summary_large_image\" \/>\n<meta name=\"twitter:label1\" content=\"Dur\u00e9e de lecture estim\u00e9e\" \/>\n\t<meta name=\"twitter:data1\" content=\"1 minute\" \/>\n<script type=\"application\/ld+json\" class=\"yoast-schema-graph\">{\"@context\":\"https:\/\/schema.org\",\"@graph\":[{\"@type\":\"WebPage\",\"@id\":\"https:\/\/pharmadreams.shop\/index.php\/product\/cytolnat-coffret-de-soin-capillaire\/\",\"url\":\"https:\/\/pharmadreams.shop\/index.php\/product\/cytolnat-coffret-de-soin-capillaire\/\",\"name\":\"CYTOLNAT Coffret De Soin Capillaire - pharmadreams\",\"isPartOf\":{\"@id\":\"https:\/\/pharmadreams.shop\/#website\"},\"primaryImageOfPage\":{\"@id\":\"https:\/\/pharmadreams.shop\/index.php\/product\/cytolnat-coffret-de-soin-capillaire\/#primaryimage\"},\"image\":{\"@id\":\"https:\/\/pharmadreams.shop\/index.php\/product\/cytolnat-coffret-de-soin-capillaire\/#primaryimage\"},\"thumbnailUrl\":\"https:\/\/pharmadreams.shop\/wp-content\/uploads\/2024\/05\/CYTOL-NAT-COFFRET-CAPILLAIRE-mapara.webp\",\"datePublished\":\"2024-05-07T12:21:46+00:00\",\"dateModified\":\"2024-05-07T12:21:47+00:00\",\"breadcrumb\":{\"@id\":\"https:\/\/pharmadreams.shop\/index.php\/product\/cytolnat-coffret-de-soin-capillaire\/#breadcrumb\"},\"inLanguage\":\"fr-FR\",\"potentialAction\":[{\"@type\":\"ReadAction\",\"target\":[\"https:\/\/pharmadreams.shop\/index.php\/product\/cytolnat-coffret-de-soin-capillaire\/\"]}]},{\"@type\":\"ImageObject\",\"inLanguage\":\"fr-FR\",\"@id\":\"https:\/\/pharmadreams.shop\/index.php\/product\/cytolnat-coffret-de-soin-capillaire\/#primaryimage\",\"url\":\"https:\/\/pharmadreams.shop\/wp-content\/uploads\/2024\/05\/CYTOL-NAT-COFFRET-CAPILLAIRE-mapara.webp\",\"contentUrl\":\"https:\/\/pharmadreams.shop\/wp-content\/uploads\/2024\/05\/CYTOL-NAT-COFFRET-CAPILLAIRE-mapara.webp\",\"width\":540,\"height\":720},{\"@type\":\"BreadcrumbList\",\"@id\":\"https:\/\/pharmadreams.shop\/index.php\/product\/cytolnat-coffret-de-soin-capillaire\/#breadcrumb\",\"itemListElement\":[{\"@type\":\"ListItem\",\"position\":1,\"name\":\"Accueil\",\"item\":\"https:\/\/pharmadreams.shop\/\"},{\"@type\":\"ListItem\",\"position\":2,\"name\":\"Shop\",\"item\":\"https:\/\/pharmadreams.shop\/index.php\/shop\/\"},{\"@type\":\"ListItem\",\"position\":3,\"name\":\"CYTOLNAT Coffret De Soin Capillaire\"}]},{\"@type\":\"WebSite\",\"@id\":\"https:\/\/pharmadreams.shop\/#website\",\"url\":\"https:\/\/pharmadreams.shop\/\",\"name\":\"pharmadreams\",\"description\":\"Parapharmacie en ligne\",\"potentialAction\":[{\"@type\":\"SearchAction\",\"target\":{\"@type\":\"EntryPoint\",\"urlTemplate\":\"https:\/\/pharmadreams.shop\/?s={search_term_string}\"},\"query-input\":\"required name=search_term_string\"}],\"inLanguage\":\"fr-FR\"}]}<\/script>\n<!-- \/ Yoast SEO plugin. -->","yoast_head_json":{"title":"CYTOLNAT Coffret De Soin Capillaire - pharmadreams","robots":{"index":"index","follow":"follow","max-snippet":"max-snippet:-1","max-image-preview":"max-image-preview:large","max-video-preview":"max-video-preview:-1"},"canonical":"https:\/\/pharmadreams.shop\/index.php\/product\/cytolnat-coffret-de-soin-capillaire\/","og_locale":"fr_FR","og_type":"article","og_title":"CYTOLNAT Coffret De Soin Capillaire - pharmadreams","og_description":"CYTOLNAT coffret gamme de soin capillaire est compos\u00e9 de:  CYTOLNAT Cytolcap shampoing fortifiant Revitalisant  CYTOLNAT Cytolcap S\u00e9rum capillaire r\u00e9parateur  CYTOLKARITE masque de soin capillaire protecteur  CYTOLCAP huile Revitalisante r\u00e9g\u00e9n\u00e9ratrice","og_url":"https:\/\/pharmadreams.shop\/index.php\/product\/cytolnat-coffret-de-soin-capillaire\/","og_site_name":"pharmadreams","article_modified_time":"2024-05-07T12:21:47+00:00","og_image":[{"width":540,"height":720,"url":"https:\/\/pharmadreams.shop\/wp-content\/uploads\/2024\/05\/CYTOL-NAT-COFFRET-CAPILLAIRE-mapara.webp","type":"image\/webp"}],"twitter_card":"summary_large_image","twitter_misc":{"Dur\u00e9e de lecture estim\u00e9e":"1 minute"},"schema":{"@context":"https:\/\/schema.org","@graph":[{"@type":"WebPage","@id":"https:\/\/pharmadreams.shop\/index.php\/product\/cytolnat-coffret-de-soin-capillaire\/","url":"https:\/\/pharmadreams.shop\/index.php\/product\/cytolnat-coffret-de-soin-capillaire\/","name":"CYTOLNAT Coffret De Soin Capillaire - pharmadreams","isPartOf":{"@id":"https:\/\/pharmadreams.shop\/#website"},"primaryImageOfPage":{"@id":"https:\/\/pharmadreams.shop\/index.php\/product\/cytolnat-coffret-de-soin-capillaire\/#primaryimage"},"image":{"@id":"https:\/\/pharmadreams.shop\/index.php\/product\/cytolnat-coffret-de-soin-capillaire\/#primaryimage"},"thumbnailUrl":"https:\/\/pharmadreams.shop\/wp-content\/uploads\/2024\/05\/CYTOL-NAT-COFFRET-CAPILLAIRE-mapara.webp","datePublished":"2024-05-07T12:21:46+00:00","dateModified":"2024-05-07T12:21:47+00:00","breadcrumb":{"@id":"https:\/\/pharmadreams.shop\/index.php\/product\/cytolnat-coffret-de-soin-capillaire\/#breadcrumb"},"inLanguage":"fr-FR","potentialAction":[{"@type":"ReadAction","target":["https:\/\/pharmadreams.shop\/index.php\/product\/cytolnat-coffret-de-soin-capillaire\/"]}]},{"@type":"ImageObject","inLanguage":"fr-FR","@id":"https:\/\/pharmadreams.shop\/index.php\/product\/cytolnat-coffret-de-soin-capillaire\/#primaryimage","url":"https:\/\/pharmadreams.shop\/wp-content\/uploads\/2024\/05\/CYTOL-NAT-COFFRET-CAPILLAIRE-mapara.webp","contentUrl":"https:\/\/pharmadreams.shop\/wp-content\/uploads\/2024\/05\/CYTOL-NAT-COFFRET-CAPILLAIRE-mapara.webp","width":540,"height":720},{"@type":"BreadcrumbList","@id":"https:\/\/pharmadreams.shop\/index.php\/product\/cytolnat-coffret-de-soin-capillaire\/#breadcrumb","itemListElement":[{"@type":"ListItem","position":1,"name":"Accueil","item":"https:\/\/pharmadreams.shop\/"},{"@type":"ListItem","position":2,"name":"Shop","item":"https:\/\/pharmadreams.shop\/index.php\/shop\/"},{"@type":"ListItem","position":3,"name":"CYTOLNAT Coffret De Soin Capillaire"}]},{"@type":"WebSite","@id":"https:\/\/pharmadreams.shop\/#website","url":"https:\/\/pharmadreams.shop\/","name":"pharmadreams","description":"Parapharmacie en ligne","potentialAction":[{"@type":"SearchAction","target":{"@type":"EntryPoint","urlTemplate":"https:\/\/pharmadreams.shop\/?s={search_term_string}"},"query-input":"required name=search_term_string"}],"inLanguage":"fr-FR"}]}},"_links":{"self":[{"href":"https:\/\/pharmadreams.shop\/index.php\/wp-json\/wp\/v2\/product\/18069","targetHints":{"allow":["GET"]}}],"collection":[{"href":"https:\/\/pharmadreams.shop\/index.php\/wp-json\/wp\/v2\/product"}],"about":[{"href":"https:\/\/pharmadreams.shop\/index.php\/wp-json\/wp\/v2\/types\/product"}],"replies":[{"embeddable":true,"href":"https:\/\/pharmadreams.shop\/index.php\/wp-json\/wp\/v2\/comments?post=18069"}],"version-history":[{"count":0,"href":"https:\/\/pharmadreams.shop\/index.php\/wp-json\/wp\/v2\/product\/18069\/revisions"}],"wp:featuredmedia":[{"embeddable":true,"href":"https:\/\/pharmadreams.shop\/index.php\/wp-json\/wp\/v2\/media\/18070"}],"wp:attachment":[{"href":"https:\/\/pharmadreams.shop\/index.php\/wp-json\/wp\/v2\/media?parent=18069"}],"wp:term":[{"taxonomy":"product_brand","embeddable":true,"href":"https:\/\/pharmadreams.shop\/index.php\/wp-json\/wp\/v2\/product_brand?post=18069"},{"taxonomy":"product_cat","embeddable":true,"href":"https:\/\/pharmadreams.shop\/index.php\/wp-json\/wp\/v2\/product_cat?post=18069"},{"taxonomy":"product_tag","embeddable":true,"href":"https:\/\/pharmadreams.shop\/index.php\/wp-json\/wp\/v2\/product_tag?post=18069"}],"curies":[{"name":"wp","href":"https:\/\/api.w.org\/{rel}","templated":true}]}}