{"id":18077,"date":"2024-05-07T15:59:31","date_gmt":"2024-05-07T14:59:31","guid":{"rendered":"https:\/\/pharmadreams.shop\/?post_type=product&#038;p=18077"},"modified":"2024-05-07T15:59:32","modified_gmt":"2024-05-07T14:59:32","slug":"placentor-vegetal-creme-solaire-invisible-au-panthenol-spf50-40ml","status":"publish","type":"product","link":"https:\/\/pharmadreams.shop\/index.php\/product\/placentor-vegetal-creme-solaire-invisible-au-panthenol-spf50-40ml\/","title":{"rendered":"PLACENTOR VEGETAL CREME SOLAIRE INVISIBLE AU PANTHENOL SPF50 40ML"},"content":{"rendered":"","protected":false},"excerpt":{"rendered":"<p style=\"font-weight: 400;\">Placentor V\u00e9g\u00e9tal Cr\u00e8me Solaire Visage et Zones Sensibles SPF50 40 ml est une cr\u00e8me qui prot\u00e8ge efficacement des effets n\u00e9fastes du soleil : coups de soleil, apparition de taches brunes, vieillissement pr\u00e9matur\u00e9 de la peau. Enrichie en cire essentielle de roses, elle nourrit et hydrate la peau pour une meilleure protection face au froid et au vent.<\/p>\n<p style=\"font-weight: 400;\">La Vitamine E freine l&rsquo;action des radicaux libres sur la peau tandis que la provitamine B5 (panth\u00e9nol) apaise et favorise la r\u00e9paration de la peau. Sa texture fluide extra-l\u00e9g\u00e8re offre un fini invisible (non gras sans traces blanches). Elle donne \u00e0 la peau un effet matifi\u00e9.<\/p>\n","protected":false},"featured_media":18078,"comment_status":"open","ping_status":"closed","template":"","meta":[],"product_brand":[],"product_cat":[90,231,194,86,233,20],"product_tag":[],"class_list":{"0":"post-18077","1":"product","2":"type-product","3":"status-publish","4":"has-post-thumbnail","6":"product_cat-anti-tache","7":"product_cat-ecran-solaire","8":"product_cat-peaux-sensibles","9":"product_cat-peaux-sensibles-et-rougeurs","10":"product_cat-protection-solaire","11":"product_cat-visage","13":"first","14":"instock","15":"shipping-taxable","16":"purchasable","17":"product-type-simple"},"yoast_head":"<!-- This site is optimized with the Yoast SEO plugin v23.0 - https:\/\/yoast.com\/wordpress\/plugins\/seo\/ -->\n<title>PLACENTOR VEGETAL CREME SOLAIRE INVISIBLE AU PANTHENOL SPF50 40ML - pharmadreams<\/title>\n<meta name=\"robots\" content=\"index, follow, max-snippet:-1, max-image-preview:large, max-video-preview:-1\" \/>\n<link rel=\"canonical\" href=\"https:\/\/pharmadreams.shop\/index.php\/product\/placentor-vegetal-creme-solaire-invisible-au-panthenol-spf50-40ml\/\" \/>\n<meta property=\"og:locale\" content=\"fr_FR\" \/>\n<meta property=\"og:type\" content=\"article\" \/>\n<meta property=\"og:title\" content=\"PLACENTOR VEGETAL CREME SOLAIRE INVISIBLE AU PANTHENOL SPF50 40ML - pharmadreams\" \/>\n<meta property=\"og:description\" content=\"Placentor V\u00e9g\u00e9tal Cr\u00e8me Solaire Visage et Zones Sensibles SPF50 40 ml est une cr\u00e8me qui prot\u00e8ge efficacement des effets n\u00e9fastes du soleil : coups de soleil, apparition de taches brunes, vieillissement pr\u00e9matur\u00e9 de la peau. Enrichie en cire essentielle de roses, elle nourrit et hydrate la peau pour une meilleure protection face au froid et au vent. La Vitamine E freine l&#039;action des radicaux libres sur la peau tandis que la provitamine B5 (panth\u00e9nol) apaise et favorise la r\u00e9paration de la peau. Sa texture fluide extra-l\u00e9g\u00e8re offre un fini invisible (non gras sans traces blanches). Elle donne \u00e0 la peau un effet matifi\u00e9.\" \/>\n<meta property=\"og:url\" content=\"https:\/\/pharmadreams.shop\/index.php\/product\/placentor-vegetal-creme-solaire-invisible-au-panthenol-spf50-40ml\/\" \/>\n<meta property=\"og:site_name\" content=\"pharmadreams\" \/>\n<meta property=\"article:modified_time\" content=\"2024-05-07T14:59:32+00:00\" \/>\n<meta property=\"og:image\" content=\"https:\/\/pharmadreams.shop\/wp-content\/uploads\/2024\/05\/placentor-vegetal-creme-solaire-invisible-au-panthenol-spf50-40ml.jpg\" \/>\n\t<meta property=\"og:image:width\" content=\"500\" \/>\n\t<meta property=\"og:image:height\" content=\"500\" \/>\n\t<meta property=\"og:image:type\" content=\"image\/jpeg\" \/>\n<meta name=\"twitter:card\" content=\"summary_large_image\" \/>\n<meta name=\"twitter:label1\" content=\"Dur\u00e9e de lecture estim\u00e9e\" \/>\n\t<meta name=\"twitter:data1\" content=\"1 minute\" \/>\n<script type=\"application\/ld+json\" class=\"yoast-schema-graph\">{\"@context\":\"https:\/\/schema.org\",\"@graph\":[{\"@type\":\"WebPage\",\"@id\":\"https:\/\/pharmadreams.shop\/index.php\/product\/placentor-vegetal-creme-solaire-invisible-au-panthenol-spf50-40ml\/\",\"url\":\"https:\/\/pharmadreams.shop\/index.php\/product\/placentor-vegetal-creme-solaire-invisible-au-panthenol-spf50-40ml\/\",\"name\":\"PLACENTOR VEGETAL CREME SOLAIRE INVISIBLE AU PANTHENOL SPF50 40ML - pharmadreams\",\"isPartOf\":{\"@id\":\"https:\/\/pharmadreams.shop\/#website\"},\"primaryImageOfPage\":{\"@id\":\"https:\/\/pharmadreams.shop\/index.php\/product\/placentor-vegetal-creme-solaire-invisible-au-panthenol-spf50-40ml\/#primaryimage\"},\"image\":{\"@id\":\"https:\/\/pharmadreams.shop\/index.php\/product\/placentor-vegetal-creme-solaire-invisible-au-panthenol-spf50-40ml\/#primaryimage\"},\"thumbnailUrl\":\"https:\/\/pharmadreams.shop\/wp-content\/uploads\/2024\/05\/placentor-vegetal-creme-solaire-invisible-au-panthenol-spf50-40ml.jpg\",\"datePublished\":\"2024-05-07T14:59:31+00:00\",\"dateModified\":\"2024-05-07T14:59:32+00:00\",\"breadcrumb\":{\"@id\":\"https:\/\/pharmadreams.shop\/index.php\/product\/placentor-vegetal-creme-solaire-invisible-au-panthenol-spf50-40ml\/#breadcrumb\"},\"inLanguage\":\"fr-FR\",\"potentialAction\":[{\"@type\":\"ReadAction\",\"target\":[\"https:\/\/pharmadreams.shop\/index.php\/product\/placentor-vegetal-creme-solaire-invisible-au-panthenol-spf50-40ml\/\"]}]},{\"@type\":\"ImageObject\",\"inLanguage\":\"fr-FR\",\"@id\":\"https:\/\/pharmadreams.shop\/index.php\/product\/placentor-vegetal-creme-solaire-invisible-au-panthenol-spf50-40ml\/#primaryimage\",\"url\":\"https:\/\/pharmadreams.shop\/wp-content\/uploads\/2024\/05\/placentor-vegetal-creme-solaire-invisible-au-panthenol-spf50-40ml.jpg\",\"contentUrl\":\"https:\/\/pharmadreams.shop\/wp-content\/uploads\/2024\/05\/placentor-vegetal-creme-solaire-invisible-au-panthenol-spf50-40ml.jpg\",\"width\":500,\"height\":500},{\"@type\":\"BreadcrumbList\",\"@id\":\"https:\/\/pharmadreams.shop\/index.php\/product\/placentor-vegetal-creme-solaire-invisible-au-panthenol-spf50-40ml\/#breadcrumb\",\"itemListElement\":[{\"@type\":\"ListItem\",\"position\":1,\"name\":\"Accueil\",\"item\":\"https:\/\/pharmadreams.shop\/\"},{\"@type\":\"ListItem\",\"position\":2,\"name\":\"Shop\",\"item\":\"https:\/\/pharmadreams.shop\/index.php\/shop\/\"},{\"@type\":\"ListItem\",\"position\":3,\"name\":\"PLACENTOR VEGETAL CREME SOLAIRE INVISIBLE AU PANTHENOL SPF50 40ML\"}]},{\"@type\":\"WebSite\",\"@id\":\"https:\/\/pharmadreams.shop\/#website\",\"url\":\"https:\/\/pharmadreams.shop\/\",\"name\":\"pharmadreams\",\"description\":\"Parapharmacie en ligne\",\"potentialAction\":[{\"@type\":\"SearchAction\",\"target\":{\"@type\":\"EntryPoint\",\"urlTemplate\":\"https:\/\/pharmadreams.shop\/?s={search_term_string}\"},\"query-input\":\"required name=search_term_string\"}],\"inLanguage\":\"fr-FR\"}]}<\/script>\n<!-- \/ Yoast SEO plugin. -->","yoast_head_json":{"title":"PLACENTOR VEGETAL CREME SOLAIRE INVISIBLE AU PANTHENOL SPF50 40ML - pharmadreams","robots":{"index":"index","follow":"follow","max-snippet":"max-snippet:-1","max-image-preview":"max-image-preview:large","max-video-preview":"max-video-preview:-1"},"canonical":"https:\/\/pharmadreams.shop\/index.php\/product\/placentor-vegetal-creme-solaire-invisible-au-panthenol-spf50-40ml\/","og_locale":"fr_FR","og_type":"article","og_title":"PLACENTOR VEGETAL CREME SOLAIRE INVISIBLE AU PANTHENOL SPF50 40ML - pharmadreams","og_description":"Placentor V\u00e9g\u00e9tal Cr\u00e8me Solaire Visage et Zones Sensibles SPF50 40 ml est une cr\u00e8me qui prot\u00e8ge efficacement des effets n\u00e9fastes du soleil : coups de soleil, apparition de taches brunes, vieillissement pr\u00e9matur\u00e9 de la peau. Enrichie en cire essentielle de roses, elle nourrit et hydrate la peau pour une meilleure protection face au froid et au vent. La Vitamine E freine l'action des radicaux libres sur la peau tandis que la provitamine B5 (panth\u00e9nol) apaise et favorise la r\u00e9paration de la peau. Sa texture fluide extra-l\u00e9g\u00e8re offre un fini invisible (non gras sans traces blanches). Elle donne \u00e0 la peau un effet matifi\u00e9.","og_url":"https:\/\/pharmadreams.shop\/index.php\/product\/placentor-vegetal-creme-solaire-invisible-au-panthenol-spf50-40ml\/","og_site_name":"pharmadreams","article_modified_time":"2024-05-07T14:59:32+00:00","og_image":[{"width":500,"height":500,"url":"https:\/\/pharmadreams.shop\/wp-content\/uploads\/2024\/05\/placentor-vegetal-creme-solaire-invisible-au-panthenol-spf50-40ml.jpg","type":"image\/jpeg"}],"twitter_card":"summary_large_image","twitter_misc":{"Dur\u00e9e de lecture estim\u00e9e":"1 minute"},"schema":{"@context":"https:\/\/schema.org","@graph":[{"@type":"WebPage","@id":"https:\/\/pharmadreams.shop\/index.php\/product\/placentor-vegetal-creme-solaire-invisible-au-panthenol-spf50-40ml\/","url":"https:\/\/pharmadreams.shop\/index.php\/product\/placentor-vegetal-creme-solaire-invisible-au-panthenol-spf50-40ml\/","name":"PLACENTOR VEGETAL CREME SOLAIRE INVISIBLE AU PANTHENOL SPF50 40ML - pharmadreams","isPartOf":{"@id":"https:\/\/pharmadreams.shop\/#website"},"primaryImageOfPage":{"@id":"https:\/\/pharmadreams.shop\/index.php\/product\/placentor-vegetal-creme-solaire-invisible-au-panthenol-spf50-40ml\/#primaryimage"},"image":{"@id":"https:\/\/pharmadreams.shop\/index.php\/product\/placentor-vegetal-creme-solaire-invisible-au-panthenol-spf50-40ml\/#primaryimage"},"thumbnailUrl":"https:\/\/pharmadreams.shop\/wp-content\/uploads\/2024\/05\/placentor-vegetal-creme-solaire-invisible-au-panthenol-spf50-40ml.jpg","datePublished":"2024-05-07T14:59:31+00:00","dateModified":"2024-05-07T14:59:32+00:00","breadcrumb":{"@id":"https:\/\/pharmadreams.shop\/index.php\/product\/placentor-vegetal-creme-solaire-invisible-au-panthenol-spf50-40ml\/#breadcrumb"},"inLanguage":"fr-FR","potentialAction":[{"@type":"ReadAction","target":["https:\/\/pharmadreams.shop\/index.php\/product\/placentor-vegetal-creme-solaire-invisible-au-panthenol-spf50-40ml\/"]}]},{"@type":"ImageObject","inLanguage":"fr-FR","@id":"https:\/\/pharmadreams.shop\/index.php\/product\/placentor-vegetal-creme-solaire-invisible-au-panthenol-spf50-40ml\/#primaryimage","url":"https:\/\/pharmadreams.shop\/wp-content\/uploads\/2024\/05\/placentor-vegetal-creme-solaire-invisible-au-panthenol-spf50-40ml.jpg","contentUrl":"https:\/\/pharmadreams.shop\/wp-content\/uploads\/2024\/05\/placentor-vegetal-creme-solaire-invisible-au-panthenol-spf50-40ml.jpg","width":500,"height":500},{"@type":"BreadcrumbList","@id":"https:\/\/pharmadreams.shop\/index.php\/product\/placentor-vegetal-creme-solaire-invisible-au-panthenol-spf50-40ml\/#breadcrumb","itemListElement":[{"@type":"ListItem","position":1,"name":"Accueil","item":"https:\/\/pharmadreams.shop\/"},{"@type":"ListItem","position":2,"name":"Shop","item":"https:\/\/pharmadreams.shop\/index.php\/shop\/"},{"@type":"ListItem","position":3,"name":"PLACENTOR VEGETAL CREME SOLAIRE INVISIBLE AU PANTHENOL SPF50 40ML"}]},{"@type":"WebSite","@id":"https:\/\/pharmadreams.shop\/#website","url":"https:\/\/pharmadreams.shop\/","name":"pharmadreams","description":"Parapharmacie en ligne","potentialAction":[{"@type":"SearchAction","target":{"@type":"EntryPoint","urlTemplate":"https:\/\/pharmadreams.shop\/?s={search_term_string}"},"query-input":"required name=search_term_string"}],"inLanguage":"fr-FR"}]}},"_links":{"self":[{"href":"https:\/\/pharmadreams.shop\/index.php\/wp-json\/wp\/v2\/product\/18077","targetHints":{"allow":["GET"]}}],"collection":[{"href":"https:\/\/pharmadreams.shop\/index.php\/wp-json\/wp\/v2\/product"}],"about":[{"href":"https:\/\/pharmadreams.shop\/index.php\/wp-json\/wp\/v2\/types\/product"}],"replies":[{"embeddable":true,"href":"https:\/\/pharmadreams.shop\/index.php\/wp-json\/wp\/v2\/comments?post=18077"}],"version-history":[{"count":0,"href":"https:\/\/pharmadreams.shop\/index.php\/wp-json\/wp\/v2\/product\/18077\/revisions"}],"wp:featuredmedia":[{"embeddable":true,"href":"https:\/\/pharmadreams.shop\/index.php\/wp-json\/wp\/v2\/media\/18078"}],"wp:attachment":[{"href":"https:\/\/pharmadreams.shop\/index.php\/wp-json\/wp\/v2\/media?parent=18077"}],"wp:term":[{"taxonomy":"product_brand","embeddable":true,"href":"https:\/\/pharmadreams.shop\/index.php\/wp-json\/wp\/v2\/product_brand?post=18077"},{"taxonomy":"product_cat","embeddable":true,"href":"https:\/\/pharmadreams.shop\/index.php\/wp-json\/wp\/v2\/product_cat?post=18077"},{"taxonomy":"product_tag","embeddable":true,"href":"https:\/\/pharmadreams.shop\/index.php\/wp-json\/wp\/v2\/product_tag?post=18077"}],"curies":[{"name":"wp","href":"https:\/\/api.w.org\/{rel}","templated":true}]}}