{"id":18080,"date":"2024-05-07T16:13:36","date_gmt":"2024-05-07T15:13:36","guid":{"rendered":"https:\/\/pharmadreams.shop\/?post_type=product&#038;p=18080"},"modified":"2024-05-07T16:13:36","modified_gmt":"2024-05-07T15:13:36","slug":"esthelle-sensy-glow-gel-nettoyant-visage-et-cou-250ml","status":"publish","type":"product","link":"https:\/\/pharmadreams.shop\/index.php\/product\/esthelle-sensy-glow-gel-nettoyant-visage-et-cou-250ml\/","title":{"rendered":"ESTHELLE SENSY GLOW GEL NETTOYANT VISAGE ET COU 250ML"},"content":{"rendered":"","protected":false},"excerpt":{"rendered":"<p>Le GEL NETTOYANT SENSY GLOW nettoie en douceur et en profondeur le visage et le d\u00e9collet\u00e9.il d\u00e9barrasse les pores des impuret\u00e9s et des cellules mortes en retirant l&rsquo;exc\u00e8s et en r\u00e9duisant la prolif\u00e9ration bact\u00e9rienne, sans agresser ni dess\u00e9cher .<\/p>\n","protected":false},"featured_media":18081,"comment_status":"open","ping_status":"closed","template":"","meta":[],"product_brand":[],"product_cat":[114,163,191,304,225,20],"product_tag":[],"class_list":{"0":"post-18080","1":"product","2":"type-product","3":"status-publish","4":"has-post-thumbnail","6":"product_cat-gel","7":"product_cat-gel-lavant","8":"product_cat-nettoyant-et-demaquillant","9":"product_cat-nettoyant-visage","10":"product_cat-peaux-grasses","11":"product_cat-visage","13":"first","14":"instock","15":"sale","16":"shipping-taxable","17":"purchasable","18":"product-type-simple"},"yoast_head":"<!-- This site is optimized with the Yoast SEO plugin v23.0 - https:\/\/yoast.com\/wordpress\/plugins\/seo\/ -->\n<title>ESTHELLE SENSY GLOW GEL NETTOYANT VISAGE ET COU 250ML - pharmadreams<\/title>\n<meta name=\"robots\" content=\"index, follow, max-snippet:-1, max-image-preview:large, max-video-preview:-1\" \/>\n<link rel=\"canonical\" href=\"https:\/\/pharmadreams.shop\/index.php\/product\/esthelle-sensy-glow-gel-nettoyant-visage-et-cou-250ml\/\" \/>\n<meta property=\"og:locale\" content=\"fr_FR\" \/>\n<meta property=\"og:type\" content=\"article\" \/>\n<meta property=\"og:title\" content=\"ESTHELLE SENSY GLOW GEL NETTOYANT VISAGE ET COU 250ML - pharmadreams\" \/>\n<meta property=\"og:description\" content=\"Le GEL NETTOYANT SENSY GLOW nettoie en douceur et en profondeur le visage et le d\u00e9collet\u00e9.il d\u00e9barrasse les pores des impuret\u00e9s et des cellules mortes en retirant l&#039;exc\u00e8s et en r\u00e9duisant la prolif\u00e9ration bact\u00e9rienne, sans agresser ni dess\u00e9cher .\" \/>\n<meta property=\"og:url\" content=\"https:\/\/pharmadreams.shop\/index.php\/product\/esthelle-sensy-glow-gel-nettoyant-visage-et-cou-250ml\/\" \/>\n<meta property=\"og:site_name\" content=\"pharmadreams\" \/>\n<meta property=\"og:image\" content=\"https:\/\/pharmadreams.shop\/wp-content\/uploads\/2024\/05\/esth-elle-sensy-glow-gel-nettoyant-visage-et-cou-250ml.jpg\" \/>\n\t<meta property=\"og:image:width\" content=\"500\" \/>\n\t<meta property=\"og:image:height\" content=\"500\" \/>\n\t<meta property=\"og:image:type\" content=\"image\/jpeg\" \/>\n<meta name=\"twitter:card\" content=\"summary_large_image\" \/>\n<meta name=\"twitter:label1\" content=\"Dur\u00e9e de lecture estim\u00e9e\" \/>\n\t<meta name=\"twitter:data1\" content=\"1 minute\" \/>\n<script type=\"application\/ld+json\" class=\"yoast-schema-graph\">{\"@context\":\"https:\/\/schema.org\",\"@graph\":[{\"@type\":\"WebPage\",\"@id\":\"https:\/\/pharmadreams.shop\/index.php\/product\/esthelle-sensy-glow-gel-nettoyant-visage-et-cou-250ml\/\",\"url\":\"https:\/\/pharmadreams.shop\/index.php\/product\/esthelle-sensy-glow-gel-nettoyant-visage-et-cou-250ml\/\",\"name\":\"ESTHELLE SENSY GLOW GEL NETTOYANT VISAGE ET COU 250ML - pharmadreams\",\"isPartOf\":{\"@id\":\"https:\/\/pharmadreams.shop\/#website\"},\"primaryImageOfPage\":{\"@id\":\"https:\/\/pharmadreams.shop\/index.php\/product\/esthelle-sensy-glow-gel-nettoyant-visage-et-cou-250ml\/#primaryimage\"},\"image\":{\"@id\":\"https:\/\/pharmadreams.shop\/index.php\/product\/esthelle-sensy-glow-gel-nettoyant-visage-et-cou-250ml\/#primaryimage\"},\"thumbnailUrl\":\"https:\/\/pharmadreams.shop\/wp-content\/uploads\/2024\/05\/esth-elle-sensy-glow-gel-nettoyant-visage-et-cou-250ml.jpg\",\"datePublished\":\"2024-05-07T15:13:36+00:00\",\"dateModified\":\"2024-05-07T15:13:36+00:00\",\"breadcrumb\":{\"@id\":\"https:\/\/pharmadreams.shop\/index.php\/product\/esthelle-sensy-glow-gel-nettoyant-visage-et-cou-250ml\/#breadcrumb\"},\"inLanguage\":\"fr-FR\",\"potentialAction\":[{\"@type\":\"ReadAction\",\"target\":[\"https:\/\/pharmadreams.shop\/index.php\/product\/esthelle-sensy-glow-gel-nettoyant-visage-et-cou-250ml\/\"]}]},{\"@type\":\"ImageObject\",\"inLanguage\":\"fr-FR\",\"@id\":\"https:\/\/pharmadreams.shop\/index.php\/product\/esthelle-sensy-glow-gel-nettoyant-visage-et-cou-250ml\/#primaryimage\",\"url\":\"https:\/\/pharmadreams.shop\/wp-content\/uploads\/2024\/05\/esth-elle-sensy-glow-gel-nettoyant-visage-et-cou-250ml.jpg\",\"contentUrl\":\"https:\/\/pharmadreams.shop\/wp-content\/uploads\/2024\/05\/esth-elle-sensy-glow-gel-nettoyant-visage-et-cou-250ml.jpg\",\"width\":500,\"height\":500},{\"@type\":\"BreadcrumbList\",\"@id\":\"https:\/\/pharmadreams.shop\/index.php\/product\/esthelle-sensy-glow-gel-nettoyant-visage-et-cou-250ml\/#breadcrumb\",\"itemListElement\":[{\"@type\":\"ListItem\",\"position\":1,\"name\":\"Accueil\",\"item\":\"https:\/\/pharmadreams.shop\/\"},{\"@type\":\"ListItem\",\"position\":2,\"name\":\"Shop\",\"item\":\"https:\/\/pharmadreams.shop\/index.php\/shop\/\"},{\"@type\":\"ListItem\",\"position\":3,\"name\":\"ESTHELLE SENSY GLOW GEL NETTOYANT VISAGE ET COU 250ML\"}]},{\"@type\":\"WebSite\",\"@id\":\"https:\/\/pharmadreams.shop\/#website\",\"url\":\"https:\/\/pharmadreams.shop\/\",\"name\":\"pharmadreams\",\"description\":\"Parapharmacie en ligne\",\"potentialAction\":[{\"@type\":\"SearchAction\",\"target\":{\"@type\":\"EntryPoint\",\"urlTemplate\":\"https:\/\/pharmadreams.shop\/?s={search_term_string}\"},\"query-input\":\"required name=search_term_string\"}],\"inLanguage\":\"fr-FR\"}]}<\/script>\n<!-- \/ Yoast SEO plugin. -->","yoast_head_json":{"title":"ESTHELLE SENSY GLOW GEL NETTOYANT VISAGE ET COU 250ML - pharmadreams","robots":{"index":"index","follow":"follow","max-snippet":"max-snippet:-1","max-image-preview":"max-image-preview:large","max-video-preview":"max-video-preview:-1"},"canonical":"https:\/\/pharmadreams.shop\/index.php\/product\/esthelle-sensy-glow-gel-nettoyant-visage-et-cou-250ml\/","og_locale":"fr_FR","og_type":"article","og_title":"ESTHELLE SENSY GLOW GEL NETTOYANT VISAGE ET COU 250ML - pharmadreams","og_description":"Le GEL NETTOYANT SENSY GLOW nettoie en douceur et en profondeur le visage et le d\u00e9collet\u00e9.il d\u00e9barrasse les pores des impuret\u00e9s et des cellules mortes en retirant l'exc\u00e8s et en r\u00e9duisant la prolif\u00e9ration bact\u00e9rienne, sans agresser ni dess\u00e9cher .","og_url":"https:\/\/pharmadreams.shop\/index.php\/product\/esthelle-sensy-glow-gel-nettoyant-visage-et-cou-250ml\/","og_site_name":"pharmadreams","og_image":[{"width":500,"height":500,"url":"https:\/\/pharmadreams.shop\/wp-content\/uploads\/2024\/05\/esth-elle-sensy-glow-gel-nettoyant-visage-et-cou-250ml.jpg","type":"image\/jpeg"}],"twitter_card":"summary_large_image","twitter_misc":{"Dur\u00e9e de lecture estim\u00e9e":"1 minute"},"schema":{"@context":"https:\/\/schema.org","@graph":[{"@type":"WebPage","@id":"https:\/\/pharmadreams.shop\/index.php\/product\/esthelle-sensy-glow-gel-nettoyant-visage-et-cou-250ml\/","url":"https:\/\/pharmadreams.shop\/index.php\/product\/esthelle-sensy-glow-gel-nettoyant-visage-et-cou-250ml\/","name":"ESTHELLE SENSY GLOW GEL NETTOYANT VISAGE ET COU 250ML - pharmadreams","isPartOf":{"@id":"https:\/\/pharmadreams.shop\/#website"},"primaryImageOfPage":{"@id":"https:\/\/pharmadreams.shop\/index.php\/product\/esthelle-sensy-glow-gel-nettoyant-visage-et-cou-250ml\/#primaryimage"},"image":{"@id":"https:\/\/pharmadreams.shop\/index.php\/product\/esthelle-sensy-glow-gel-nettoyant-visage-et-cou-250ml\/#primaryimage"},"thumbnailUrl":"https:\/\/pharmadreams.shop\/wp-content\/uploads\/2024\/05\/esth-elle-sensy-glow-gel-nettoyant-visage-et-cou-250ml.jpg","datePublished":"2024-05-07T15:13:36+00:00","dateModified":"2024-05-07T15:13:36+00:00","breadcrumb":{"@id":"https:\/\/pharmadreams.shop\/index.php\/product\/esthelle-sensy-glow-gel-nettoyant-visage-et-cou-250ml\/#breadcrumb"},"inLanguage":"fr-FR","potentialAction":[{"@type":"ReadAction","target":["https:\/\/pharmadreams.shop\/index.php\/product\/esthelle-sensy-glow-gel-nettoyant-visage-et-cou-250ml\/"]}]},{"@type":"ImageObject","inLanguage":"fr-FR","@id":"https:\/\/pharmadreams.shop\/index.php\/product\/esthelle-sensy-glow-gel-nettoyant-visage-et-cou-250ml\/#primaryimage","url":"https:\/\/pharmadreams.shop\/wp-content\/uploads\/2024\/05\/esth-elle-sensy-glow-gel-nettoyant-visage-et-cou-250ml.jpg","contentUrl":"https:\/\/pharmadreams.shop\/wp-content\/uploads\/2024\/05\/esth-elle-sensy-glow-gel-nettoyant-visage-et-cou-250ml.jpg","width":500,"height":500},{"@type":"BreadcrumbList","@id":"https:\/\/pharmadreams.shop\/index.php\/product\/esthelle-sensy-glow-gel-nettoyant-visage-et-cou-250ml\/#breadcrumb","itemListElement":[{"@type":"ListItem","position":1,"name":"Accueil","item":"https:\/\/pharmadreams.shop\/"},{"@type":"ListItem","position":2,"name":"Shop","item":"https:\/\/pharmadreams.shop\/index.php\/shop\/"},{"@type":"ListItem","position":3,"name":"ESTHELLE SENSY GLOW GEL NETTOYANT VISAGE ET COU 250ML"}]},{"@type":"WebSite","@id":"https:\/\/pharmadreams.shop\/#website","url":"https:\/\/pharmadreams.shop\/","name":"pharmadreams","description":"Parapharmacie en ligne","potentialAction":[{"@type":"SearchAction","target":{"@type":"EntryPoint","urlTemplate":"https:\/\/pharmadreams.shop\/?s={search_term_string}"},"query-input":"required name=search_term_string"}],"inLanguage":"fr-FR"}]}},"_links":{"self":[{"href":"https:\/\/pharmadreams.shop\/index.php\/wp-json\/wp\/v2\/product\/18080","targetHints":{"allow":["GET"]}}],"collection":[{"href":"https:\/\/pharmadreams.shop\/index.php\/wp-json\/wp\/v2\/product"}],"about":[{"href":"https:\/\/pharmadreams.shop\/index.php\/wp-json\/wp\/v2\/types\/product"}],"replies":[{"embeddable":true,"href":"https:\/\/pharmadreams.shop\/index.php\/wp-json\/wp\/v2\/comments?post=18080"}],"version-history":[{"count":0,"href":"https:\/\/pharmadreams.shop\/index.php\/wp-json\/wp\/v2\/product\/18080\/revisions"}],"wp:featuredmedia":[{"embeddable":true,"href":"https:\/\/pharmadreams.shop\/index.php\/wp-json\/wp\/v2\/media\/18081"}],"wp:attachment":[{"href":"https:\/\/pharmadreams.shop\/index.php\/wp-json\/wp\/v2\/media?parent=18080"}],"wp:term":[{"taxonomy":"product_brand","embeddable":true,"href":"https:\/\/pharmadreams.shop\/index.php\/wp-json\/wp\/v2\/product_brand?post=18080"},{"taxonomy":"product_cat","embeddable":true,"href":"https:\/\/pharmadreams.shop\/index.php\/wp-json\/wp\/v2\/product_cat?post=18080"},{"taxonomy":"product_tag","embeddable":true,"href":"https:\/\/pharmadreams.shop\/index.php\/wp-json\/wp\/v2\/product_tag?post=18080"}],"curies":[{"name":"wp","href":"https:\/\/api.w.org\/{rel}","templated":true}]}}