{"id":18104,"date":"2024-05-08T09:40:00","date_gmt":"2024-05-08T08:40:00","guid":{"rendered":"https:\/\/pharmadreams.shop\/?post_type=product&#038;p=18104"},"modified":"2024-05-08T09:40:01","modified_gmt":"2024-05-08T08:40:01","slug":"clarenia-ecran-invisible-protect-plus-spf50","status":"publish","type":"product","link":"https:\/\/pharmadreams.shop\/index.php\/product\/clarenia-ecran-invisible-protect-plus-spf50\/","title":{"rendered":"Clarenia Ecran Invisible Protect Plus SPF50+"},"content":{"rendered":"","protected":false},"excerpt":{"rendered":"<p>Le Protect Plus \u00c9cran Invisible SPF50+ de Clarenia Claresun est un soin solaire 100% min\u00e9ral, adapt\u00e9 \u00e0 tous types de peau. Enrichi en niacinamide, il restaure la fonction barri\u00e8re de la peau et apaise, tout en offrant une protection solaire optimale. Sa formule hydratante et nourrissante assure un confort in\u00e9gal\u00e9 tout au long de la journ\u00e9e.<\/p>\n","protected":false},"featured_media":18105,"comment_status":"open","ping_status":"closed","template":"","meta":[],"product_brand":[],"product_cat":[231,98,233,20],"product_tag":[],"class_list":{"0":"post-18104","1":"product","2":"type-product","3":"status-publish","4":"has-post-thumbnail","6":"product_cat-ecran-solaire","7":"product_cat-hydratation","8":"product_cat-protection-solaire","9":"product_cat-visage","11":"first","12":"instock","13":"shipping-taxable","14":"purchasable","15":"product-type-simple"},"yoast_head":"<!-- This site is optimized with the Yoast SEO plugin v23.0 - https:\/\/yoast.com\/wordpress\/plugins\/seo\/ -->\n<title>Clarenia Ecran Invisible Protect Plus SPF50+ - pharmadreams<\/title>\n<meta name=\"robots\" content=\"index, follow, max-snippet:-1, max-image-preview:large, max-video-preview:-1\" \/>\n<link rel=\"canonical\" href=\"https:\/\/pharmadreams.shop\/index.php\/product\/clarenia-ecran-invisible-protect-plus-spf50\/\" \/>\n<meta property=\"og:locale\" content=\"fr_FR\" \/>\n<meta property=\"og:type\" content=\"article\" \/>\n<meta property=\"og:title\" content=\"Clarenia Ecran Invisible Protect Plus SPF50+ - pharmadreams\" \/>\n<meta property=\"og:description\" content=\"Le Protect Plus \u00c9cran Invisible SPF50+ de Clarenia Claresun est un soin solaire 100% min\u00e9ral, adapt\u00e9 \u00e0 tous types de peau. Enrichi en niacinamide, il restaure la fonction barri\u00e8re de la peau et apaise, tout en offrant une protection solaire optimale. Sa formule hydratante et nourrissante assure un confort in\u00e9gal\u00e9 tout au long de la journ\u00e9e.\" \/>\n<meta property=\"og:url\" content=\"https:\/\/pharmadreams.shop\/index.php\/product\/clarenia-ecran-invisible-protect-plus-spf50\/\" \/>\n<meta property=\"og:site_name\" content=\"pharmadreams\" \/>\n<meta property=\"article:modified_time\" content=\"2024-05-08T08:40:01+00:00\" \/>\n<meta property=\"og:image\" content=\"https:\/\/pharmadreams.shop\/wp-content\/uploads\/2024\/05\/clarenia-claresun-ecran-hydratant-invisible-spf50-50ml.jpg\" \/>\n\t<meta property=\"og:image:width\" content=\"500\" \/>\n\t<meta property=\"og:image:height\" content=\"500\" \/>\n\t<meta property=\"og:image:type\" content=\"image\/jpeg\" \/>\n<meta name=\"twitter:card\" content=\"summary_large_image\" \/>\n<meta name=\"twitter:label1\" content=\"Dur\u00e9e de lecture estim\u00e9e\" \/>\n\t<meta name=\"twitter:data1\" content=\"1 minute\" \/>\n<script type=\"application\/ld+json\" class=\"yoast-schema-graph\">{\"@context\":\"https:\/\/schema.org\",\"@graph\":[{\"@type\":\"WebPage\",\"@id\":\"https:\/\/pharmadreams.shop\/index.php\/product\/clarenia-ecran-invisible-protect-plus-spf50\/\",\"url\":\"https:\/\/pharmadreams.shop\/index.php\/product\/clarenia-ecran-invisible-protect-plus-spf50\/\",\"name\":\"Clarenia Ecran Invisible Protect Plus SPF50+ - pharmadreams\",\"isPartOf\":{\"@id\":\"https:\/\/pharmadreams.shop\/#website\"},\"primaryImageOfPage\":{\"@id\":\"https:\/\/pharmadreams.shop\/index.php\/product\/clarenia-ecran-invisible-protect-plus-spf50\/#primaryimage\"},\"image\":{\"@id\":\"https:\/\/pharmadreams.shop\/index.php\/product\/clarenia-ecran-invisible-protect-plus-spf50\/#primaryimage\"},\"thumbnailUrl\":\"https:\/\/pharmadreams.shop\/wp-content\/uploads\/2024\/05\/clarenia-claresun-ecran-hydratant-invisible-spf50-50ml.jpg\",\"datePublished\":\"2024-05-08T08:40:00+00:00\",\"dateModified\":\"2024-05-08T08:40:01+00:00\",\"breadcrumb\":{\"@id\":\"https:\/\/pharmadreams.shop\/index.php\/product\/clarenia-ecran-invisible-protect-plus-spf50\/#breadcrumb\"},\"inLanguage\":\"fr-FR\",\"potentialAction\":[{\"@type\":\"ReadAction\",\"target\":[\"https:\/\/pharmadreams.shop\/index.php\/product\/clarenia-ecran-invisible-protect-plus-spf50\/\"]}]},{\"@type\":\"ImageObject\",\"inLanguage\":\"fr-FR\",\"@id\":\"https:\/\/pharmadreams.shop\/index.php\/product\/clarenia-ecran-invisible-protect-plus-spf50\/#primaryimage\",\"url\":\"https:\/\/pharmadreams.shop\/wp-content\/uploads\/2024\/05\/clarenia-claresun-ecran-hydratant-invisible-spf50-50ml.jpg\",\"contentUrl\":\"https:\/\/pharmadreams.shop\/wp-content\/uploads\/2024\/05\/clarenia-claresun-ecran-hydratant-invisible-spf50-50ml.jpg\",\"width\":500,\"height\":500},{\"@type\":\"BreadcrumbList\",\"@id\":\"https:\/\/pharmadreams.shop\/index.php\/product\/clarenia-ecran-invisible-protect-plus-spf50\/#breadcrumb\",\"itemListElement\":[{\"@type\":\"ListItem\",\"position\":1,\"name\":\"Accueil\",\"item\":\"https:\/\/pharmadreams.shop\/\"},{\"@type\":\"ListItem\",\"position\":2,\"name\":\"Shop\",\"item\":\"https:\/\/pharmadreams.shop\/index.php\/shop\/\"},{\"@type\":\"ListItem\",\"position\":3,\"name\":\"Clarenia Ecran Invisible Protect Plus SPF50+\"}]},{\"@type\":\"WebSite\",\"@id\":\"https:\/\/pharmadreams.shop\/#website\",\"url\":\"https:\/\/pharmadreams.shop\/\",\"name\":\"pharmadreams\",\"description\":\"Parapharmacie en ligne\",\"potentialAction\":[{\"@type\":\"SearchAction\",\"target\":{\"@type\":\"EntryPoint\",\"urlTemplate\":\"https:\/\/pharmadreams.shop\/?s={search_term_string}\"},\"query-input\":\"required name=search_term_string\"}],\"inLanguage\":\"fr-FR\"}]}<\/script>\n<!-- \/ Yoast SEO plugin. -->","yoast_head_json":{"title":"Clarenia Ecran Invisible Protect Plus SPF50+ - pharmadreams","robots":{"index":"index","follow":"follow","max-snippet":"max-snippet:-1","max-image-preview":"max-image-preview:large","max-video-preview":"max-video-preview:-1"},"canonical":"https:\/\/pharmadreams.shop\/index.php\/product\/clarenia-ecran-invisible-protect-plus-spf50\/","og_locale":"fr_FR","og_type":"article","og_title":"Clarenia Ecran Invisible Protect Plus SPF50+ - pharmadreams","og_description":"Le Protect Plus \u00c9cran Invisible SPF50+ de Clarenia Claresun est un soin solaire 100% min\u00e9ral, adapt\u00e9 \u00e0 tous types de peau. Enrichi en niacinamide, il restaure la fonction barri\u00e8re de la peau et apaise, tout en offrant une protection solaire optimale. Sa formule hydratante et nourrissante assure un confort in\u00e9gal\u00e9 tout au long de la journ\u00e9e.","og_url":"https:\/\/pharmadreams.shop\/index.php\/product\/clarenia-ecran-invisible-protect-plus-spf50\/","og_site_name":"pharmadreams","article_modified_time":"2024-05-08T08:40:01+00:00","og_image":[{"width":500,"height":500,"url":"https:\/\/pharmadreams.shop\/wp-content\/uploads\/2024\/05\/clarenia-claresun-ecran-hydratant-invisible-spf50-50ml.jpg","type":"image\/jpeg"}],"twitter_card":"summary_large_image","twitter_misc":{"Dur\u00e9e de lecture estim\u00e9e":"1 minute"},"schema":{"@context":"https:\/\/schema.org","@graph":[{"@type":"WebPage","@id":"https:\/\/pharmadreams.shop\/index.php\/product\/clarenia-ecran-invisible-protect-plus-spf50\/","url":"https:\/\/pharmadreams.shop\/index.php\/product\/clarenia-ecran-invisible-protect-plus-spf50\/","name":"Clarenia Ecran Invisible Protect Plus SPF50+ - pharmadreams","isPartOf":{"@id":"https:\/\/pharmadreams.shop\/#website"},"primaryImageOfPage":{"@id":"https:\/\/pharmadreams.shop\/index.php\/product\/clarenia-ecran-invisible-protect-plus-spf50\/#primaryimage"},"image":{"@id":"https:\/\/pharmadreams.shop\/index.php\/product\/clarenia-ecran-invisible-protect-plus-spf50\/#primaryimage"},"thumbnailUrl":"https:\/\/pharmadreams.shop\/wp-content\/uploads\/2024\/05\/clarenia-claresun-ecran-hydratant-invisible-spf50-50ml.jpg","datePublished":"2024-05-08T08:40:00+00:00","dateModified":"2024-05-08T08:40:01+00:00","breadcrumb":{"@id":"https:\/\/pharmadreams.shop\/index.php\/product\/clarenia-ecran-invisible-protect-plus-spf50\/#breadcrumb"},"inLanguage":"fr-FR","potentialAction":[{"@type":"ReadAction","target":["https:\/\/pharmadreams.shop\/index.php\/product\/clarenia-ecran-invisible-protect-plus-spf50\/"]}]},{"@type":"ImageObject","inLanguage":"fr-FR","@id":"https:\/\/pharmadreams.shop\/index.php\/product\/clarenia-ecran-invisible-protect-plus-spf50\/#primaryimage","url":"https:\/\/pharmadreams.shop\/wp-content\/uploads\/2024\/05\/clarenia-claresun-ecran-hydratant-invisible-spf50-50ml.jpg","contentUrl":"https:\/\/pharmadreams.shop\/wp-content\/uploads\/2024\/05\/clarenia-claresun-ecran-hydratant-invisible-spf50-50ml.jpg","width":500,"height":500},{"@type":"BreadcrumbList","@id":"https:\/\/pharmadreams.shop\/index.php\/product\/clarenia-ecran-invisible-protect-plus-spf50\/#breadcrumb","itemListElement":[{"@type":"ListItem","position":1,"name":"Accueil","item":"https:\/\/pharmadreams.shop\/"},{"@type":"ListItem","position":2,"name":"Shop","item":"https:\/\/pharmadreams.shop\/index.php\/shop\/"},{"@type":"ListItem","position":3,"name":"Clarenia Ecran Invisible Protect Plus SPF50+"}]},{"@type":"WebSite","@id":"https:\/\/pharmadreams.shop\/#website","url":"https:\/\/pharmadreams.shop\/","name":"pharmadreams","description":"Parapharmacie en ligne","potentialAction":[{"@type":"SearchAction","target":{"@type":"EntryPoint","urlTemplate":"https:\/\/pharmadreams.shop\/?s={search_term_string}"},"query-input":"required name=search_term_string"}],"inLanguage":"fr-FR"}]}},"_links":{"self":[{"href":"https:\/\/pharmadreams.shop\/index.php\/wp-json\/wp\/v2\/product\/18104","targetHints":{"allow":["GET"]}}],"collection":[{"href":"https:\/\/pharmadreams.shop\/index.php\/wp-json\/wp\/v2\/product"}],"about":[{"href":"https:\/\/pharmadreams.shop\/index.php\/wp-json\/wp\/v2\/types\/product"}],"replies":[{"embeddable":true,"href":"https:\/\/pharmadreams.shop\/index.php\/wp-json\/wp\/v2\/comments?post=18104"}],"version-history":[{"count":0,"href":"https:\/\/pharmadreams.shop\/index.php\/wp-json\/wp\/v2\/product\/18104\/revisions"}],"wp:featuredmedia":[{"embeddable":true,"href":"https:\/\/pharmadreams.shop\/index.php\/wp-json\/wp\/v2\/media\/18105"}],"wp:attachment":[{"href":"https:\/\/pharmadreams.shop\/index.php\/wp-json\/wp\/v2\/media?parent=18104"}],"wp:term":[{"taxonomy":"product_brand","embeddable":true,"href":"https:\/\/pharmadreams.shop\/index.php\/wp-json\/wp\/v2\/product_brand?post=18104"},{"taxonomy":"product_cat","embeddable":true,"href":"https:\/\/pharmadreams.shop\/index.php\/wp-json\/wp\/v2\/product_cat?post=18104"},{"taxonomy":"product_tag","embeddable":true,"href":"https:\/\/pharmadreams.shop\/index.php\/wp-json\/wp\/v2\/product_tag?post=18104"}],"curies":[{"name":"wp","href":"https:\/\/api.w.org\/{rel}","templated":true}]}}