{"id":18111,"date":"2024-05-08T10:15:09","date_gmt":"2024-05-08T09:15:09","guid":{"rendered":"https:\/\/pharmadreams.shop\/?post_type=product&#038;p=18111"},"modified":"2024-05-08T10:15:09","modified_gmt":"2024-05-08T09:15:09","slug":"angicalm-propolis-16-comprimes-a-sucer","status":"publish","type":"product","link":"https:\/\/pharmadreams.shop\/index.php\/product\/angicalm-propolis-16-comprimes-a-sucer\/","title":{"rendered":"ANGICALM Propolis 16 Comprim\u00e9s \u00e0 Sucer"},"content":{"rendered":"","protected":false},"excerpt":{"rendered":"<p><strong>Angicalm<\/strong>\u00a0Comprim\u00e9 \u00e0 sucer est un\u00a0<a href=\"https:\/\/www.maparatunisie.tn\/categorie-produit\/complements-alimentaires\/\">compl\u00e9ment alimentaire<\/a>\u00a0formul\u00e9 \u00e0 partir d\u2019ingr\u00e9dients 100 % d\u2019origine naturelle, sans conservateur et sans colorant de synth\u00e8se pour aider \u00e0 soulager les sympt\u00f4mes li\u00e9s aux maux de gorge associ\u00e9s \u00e0 une pharyngite.<\/p>\n<p>D\u00e8s le 1er jour,\u00a0<strong>Angicalm<\/strong>\u00a0Comprim\u00e9 \u00e0 sucer diminue les g\u00eanes pour d\u00e9glutir, manger ou parler.<\/p>\n<p>Gr\u00e2ce \u00e0 sa technologie innovante, le d\u00e9litement rapide de la 1\u00e8re couche permet un soulagement rapide de la douleur et la dissolution lente de la 2\u00e8me couche prot\u00e8ge la gorge de mani\u00e8re prolong\u00e9e.<\/p>\n","protected":false},"featured_media":18112,"comment_status":"open","ping_status":"closed","template":"","meta":[],"product_brand":[],"product_cat":[32],"product_tag":[],"class_list":{"0":"post-18111","1":"product","2":"type-product","3":"status-publish","4":"has-post-thumbnail","6":"product_cat-complements-alimentaires","8":"first","9":"instock","10":"shipping-taxable","11":"purchasable","12":"product-type-simple"},"yoast_head":"<!-- This site is optimized with the Yoast SEO plugin v23.0 - https:\/\/yoast.com\/wordpress\/plugins\/seo\/ -->\n<title>ANGICALM Propolis 16 Comprim\u00e9s \u00e0 Sucer - pharmadreams<\/title>\n<meta name=\"robots\" content=\"index, follow, max-snippet:-1, max-image-preview:large, max-video-preview:-1\" \/>\n<link rel=\"canonical\" href=\"https:\/\/pharmadreams.shop\/index.php\/product\/angicalm-propolis-16-comprimes-a-sucer\/\" \/>\n<meta property=\"og:locale\" content=\"fr_FR\" \/>\n<meta property=\"og:type\" content=\"article\" \/>\n<meta property=\"og:title\" content=\"ANGICALM Propolis 16 Comprim\u00e9s \u00e0 Sucer - pharmadreams\" \/>\n<meta property=\"og:description\" content=\"Angicalm\u00a0Comprim\u00e9 \u00e0 sucer est un\u00a0compl\u00e9ment alimentaire\u00a0formul\u00e9 \u00e0 partir d\u2019ingr\u00e9dients 100 % d\u2019origine naturelle, sans conservateur et sans colorant de synth\u00e8se pour aider \u00e0 soulager les sympt\u00f4mes li\u00e9s aux maux de gorge associ\u00e9s \u00e0 une pharyngite.  D\u00e8s le 1er jour,\u00a0Angicalm\u00a0Comprim\u00e9 \u00e0 sucer diminue les g\u00eanes pour d\u00e9glutir, manger ou parler.  Gr\u00e2ce \u00e0 sa technologie innovante, le d\u00e9litement rapide de la 1\u00e8re couche permet un soulagement rapide de la douleur et la dissolution lente de la 2\u00e8me couche prot\u00e8ge la gorge de mani\u00e8re prolong\u00e9e.\" \/>\n<meta property=\"og:url\" content=\"https:\/\/pharmadreams.shop\/index.php\/product\/angicalm-propolis-16-comprimes-a-sucer\/\" \/>\n<meta property=\"og:site_name\" content=\"pharmadreams\" \/>\n<meta property=\"og:image\" content=\"https:\/\/pharmadreams.shop\/wp-content\/uploads\/2024\/05\/angicalm-propolis-tablette-a-sucer.png\" \/>\n\t<meta property=\"og:image:width\" content=\"800\" \/>\n\t<meta property=\"og:image:height\" content=\"800\" \/>\n\t<meta property=\"og:image:type\" content=\"image\/png\" \/>\n<meta name=\"twitter:card\" content=\"summary_large_image\" \/>\n<meta name=\"twitter:label1\" content=\"Dur\u00e9e de lecture estim\u00e9e\" \/>\n\t<meta name=\"twitter:data1\" content=\"1 minute\" \/>\n<script type=\"application\/ld+json\" class=\"yoast-schema-graph\">{\"@context\":\"https:\/\/schema.org\",\"@graph\":[{\"@type\":\"WebPage\",\"@id\":\"https:\/\/pharmadreams.shop\/index.php\/product\/angicalm-propolis-16-comprimes-a-sucer\/\",\"url\":\"https:\/\/pharmadreams.shop\/index.php\/product\/angicalm-propolis-16-comprimes-a-sucer\/\",\"name\":\"ANGICALM Propolis 16 Comprim\u00e9s \u00e0 Sucer - pharmadreams\",\"isPartOf\":{\"@id\":\"https:\/\/pharmadreams.shop\/#website\"},\"primaryImageOfPage\":{\"@id\":\"https:\/\/pharmadreams.shop\/index.php\/product\/angicalm-propolis-16-comprimes-a-sucer\/#primaryimage\"},\"image\":{\"@id\":\"https:\/\/pharmadreams.shop\/index.php\/product\/angicalm-propolis-16-comprimes-a-sucer\/#primaryimage\"},\"thumbnailUrl\":\"https:\/\/pharmadreams.shop\/wp-content\/uploads\/2024\/05\/angicalm-propolis-tablette-a-sucer.png\",\"datePublished\":\"2024-05-08T09:15:09+00:00\",\"dateModified\":\"2024-05-08T09:15:09+00:00\",\"breadcrumb\":{\"@id\":\"https:\/\/pharmadreams.shop\/index.php\/product\/angicalm-propolis-16-comprimes-a-sucer\/#breadcrumb\"},\"inLanguage\":\"fr-FR\",\"potentialAction\":[{\"@type\":\"ReadAction\",\"target\":[\"https:\/\/pharmadreams.shop\/index.php\/product\/angicalm-propolis-16-comprimes-a-sucer\/\"]}]},{\"@type\":\"ImageObject\",\"inLanguage\":\"fr-FR\",\"@id\":\"https:\/\/pharmadreams.shop\/index.php\/product\/angicalm-propolis-16-comprimes-a-sucer\/#primaryimage\",\"url\":\"https:\/\/pharmadreams.shop\/wp-content\/uploads\/2024\/05\/angicalm-propolis-tablette-a-sucer.png\",\"contentUrl\":\"https:\/\/pharmadreams.shop\/wp-content\/uploads\/2024\/05\/angicalm-propolis-tablette-a-sucer.png\",\"width\":800,\"height\":800},{\"@type\":\"BreadcrumbList\",\"@id\":\"https:\/\/pharmadreams.shop\/index.php\/product\/angicalm-propolis-16-comprimes-a-sucer\/#breadcrumb\",\"itemListElement\":[{\"@type\":\"ListItem\",\"position\":1,\"name\":\"Accueil\",\"item\":\"https:\/\/pharmadreams.shop\/\"},{\"@type\":\"ListItem\",\"position\":2,\"name\":\"Shop\",\"item\":\"https:\/\/pharmadreams.shop\/index.php\/shop\/\"},{\"@type\":\"ListItem\",\"position\":3,\"name\":\"ANGICALM Propolis 16 Comprim\u00e9s \u00e0 Sucer\"}]},{\"@type\":\"WebSite\",\"@id\":\"https:\/\/pharmadreams.shop\/#website\",\"url\":\"https:\/\/pharmadreams.shop\/\",\"name\":\"pharmadreams\",\"description\":\"Parapharmacie en ligne\",\"potentialAction\":[{\"@type\":\"SearchAction\",\"target\":{\"@type\":\"EntryPoint\",\"urlTemplate\":\"https:\/\/pharmadreams.shop\/?s={search_term_string}\"},\"query-input\":\"required name=search_term_string\"}],\"inLanguage\":\"fr-FR\"}]}<\/script>\n<!-- \/ Yoast SEO plugin. -->","yoast_head_json":{"title":"ANGICALM Propolis 16 Comprim\u00e9s \u00e0 Sucer - pharmadreams","robots":{"index":"index","follow":"follow","max-snippet":"max-snippet:-1","max-image-preview":"max-image-preview:large","max-video-preview":"max-video-preview:-1"},"canonical":"https:\/\/pharmadreams.shop\/index.php\/product\/angicalm-propolis-16-comprimes-a-sucer\/","og_locale":"fr_FR","og_type":"article","og_title":"ANGICALM Propolis 16 Comprim\u00e9s \u00e0 Sucer - pharmadreams","og_description":"Angicalm\u00a0Comprim\u00e9 \u00e0 sucer est un\u00a0compl\u00e9ment alimentaire\u00a0formul\u00e9 \u00e0 partir d\u2019ingr\u00e9dients 100 % d\u2019origine naturelle, sans conservateur et sans colorant de synth\u00e8se pour aider \u00e0 soulager les sympt\u00f4mes li\u00e9s aux maux de gorge associ\u00e9s \u00e0 une pharyngite.  D\u00e8s le 1er jour,\u00a0Angicalm\u00a0Comprim\u00e9 \u00e0 sucer diminue les g\u00eanes pour d\u00e9glutir, manger ou parler.  Gr\u00e2ce \u00e0 sa technologie innovante, le d\u00e9litement rapide de la 1\u00e8re couche permet un soulagement rapide de la douleur et la dissolution lente de la 2\u00e8me couche prot\u00e8ge la gorge de mani\u00e8re prolong\u00e9e.","og_url":"https:\/\/pharmadreams.shop\/index.php\/product\/angicalm-propolis-16-comprimes-a-sucer\/","og_site_name":"pharmadreams","og_image":[{"width":800,"height":800,"url":"https:\/\/pharmadreams.shop\/wp-content\/uploads\/2024\/05\/angicalm-propolis-tablette-a-sucer.png","type":"image\/png"}],"twitter_card":"summary_large_image","twitter_misc":{"Dur\u00e9e de lecture estim\u00e9e":"1 minute"},"schema":{"@context":"https:\/\/schema.org","@graph":[{"@type":"WebPage","@id":"https:\/\/pharmadreams.shop\/index.php\/product\/angicalm-propolis-16-comprimes-a-sucer\/","url":"https:\/\/pharmadreams.shop\/index.php\/product\/angicalm-propolis-16-comprimes-a-sucer\/","name":"ANGICALM Propolis 16 Comprim\u00e9s \u00e0 Sucer - pharmadreams","isPartOf":{"@id":"https:\/\/pharmadreams.shop\/#website"},"primaryImageOfPage":{"@id":"https:\/\/pharmadreams.shop\/index.php\/product\/angicalm-propolis-16-comprimes-a-sucer\/#primaryimage"},"image":{"@id":"https:\/\/pharmadreams.shop\/index.php\/product\/angicalm-propolis-16-comprimes-a-sucer\/#primaryimage"},"thumbnailUrl":"https:\/\/pharmadreams.shop\/wp-content\/uploads\/2024\/05\/angicalm-propolis-tablette-a-sucer.png","datePublished":"2024-05-08T09:15:09+00:00","dateModified":"2024-05-08T09:15:09+00:00","breadcrumb":{"@id":"https:\/\/pharmadreams.shop\/index.php\/product\/angicalm-propolis-16-comprimes-a-sucer\/#breadcrumb"},"inLanguage":"fr-FR","potentialAction":[{"@type":"ReadAction","target":["https:\/\/pharmadreams.shop\/index.php\/product\/angicalm-propolis-16-comprimes-a-sucer\/"]}]},{"@type":"ImageObject","inLanguage":"fr-FR","@id":"https:\/\/pharmadreams.shop\/index.php\/product\/angicalm-propolis-16-comprimes-a-sucer\/#primaryimage","url":"https:\/\/pharmadreams.shop\/wp-content\/uploads\/2024\/05\/angicalm-propolis-tablette-a-sucer.png","contentUrl":"https:\/\/pharmadreams.shop\/wp-content\/uploads\/2024\/05\/angicalm-propolis-tablette-a-sucer.png","width":800,"height":800},{"@type":"BreadcrumbList","@id":"https:\/\/pharmadreams.shop\/index.php\/product\/angicalm-propolis-16-comprimes-a-sucer\/#breadcrumb","itemListElement":[{"@type":"ListItem","position":1,"name":"Accueil","item":"https:\/\/pharmadreams.shop\/"},{"@type":"ListItem","position":2,"name":"Shop","item":"https:\/\/pharmadreams.shop\/index.php\/shop\/"},{"@type":"ListItem","position":3,"name":"ANGICALM Propolis 16 Comprim\u00e9s \u00e0 Sucer"}]},{"@type":"WebSite","@id":"https:\/\/pharmadreams.shop\/#website","url":"https:\/\/pharmadreams.shop\/","name":"pharmadreams","description":"Parapharmacie en ligne","potentialAction":[{"@type":"SearchAction","target":{"@type":"EntryPoint","urlTemplate":"https:\/\/pharmadreams.shop\/?s={search_term_string}"},"query-input":"required name=search_term_string"}],"inLanguage":"fr-FR"}]}},"_links":{"self":[{"href":"https:\/\/pharmadreams.shop\/index.php\/wp-json\/wp\/v2\/product\/18111","targetHints":{"allow":["GET"]}}],"collection":[{"href":"https:\/\/pharmadreams.shop\/index.php\/wp-json\/wp\/v2\/product"}],"about":[{"href":"https:\/\/pharmadreams.shop\/index.php\/wp-json\/wp\/v2\/types\/product"}],"replies":[{"embeddable":true,"href":"https:\/\/pharmadreams.shop\/index.php\/wp-json\/wp\/v2\/comments?post=18111"}],"version-history":[{"count":0,"href":"https:\/\/pharmadreams.shop\/index.php\/wp-json\/wp\/v2\/product\/18111\/revisions"}],"wp:featuredmedia":[{"embeddable":true,"href":"https:\/\/pharmadreams.shop\/index.php\/wp-json\/wp\/v2\/media\/18112"}],"wp:attachment":[{"href":"https:\/\/pharmadreams.shop\/index.php\/wp-json\/wp\/v2\/media?parent=18111"}],"wp:term":[{"taxonomy":"product_brand","embeddable":true,"href":"https:\/\/pharmadreams.shop\/index.php\/wp-json\/wp\/v2\/product_brand?post=18111"},{"taxonomy":"product_cat","embeddable":true,"href":"https:\/\/pharmadreams.shop\/index.php\/wp-json\/wp\/v2\/product_cat?post=18111"},{"taxonomy":"product_tag","embeddable":true,"href":"https:\/\/pharmadreams.shop\/index.php\/wp-json\/wp\/v2\/product_tag?post=18111"}],"curies":[{"name":"wp","href":"https:\/\/api.w.org\/{rel}","templated":true}]}}