{"id":18127,"date":"2024-05-08T10:41:01","date_gmt":"2024-05-08T09:41:01","guid":{"rendered":"https:\/\/pharmadreams.shop\/?post_type=product&#038;p=18127"},"modified":"2024-05-08T10:41:02","modified_gmt":"2024-05-08T09:41:02","slug":"bigmag-30-gelules","status":"publish","type":"product","link":"https:\/\/pharmadreams.shop\/index.php\/product\/bigmag-30-gelules\/","title":{"rendered":"BigMag 30 G\u00e9lules"},"content":{"rendered":"","protected":false},"excerpt":{"rendered":"<p><strong>BigMag<\/strong>, il s\u2019agit de compl\u00e9ment alimentaire \u00e0 base de magn\u00e9sium dos\u00e9 \u00e0 415 mg qui correspond \u00e0 75 mg de magn\u00e9sium. Et comme vous le savez les manifestations neuromusculaires de la carence en magn\u00e9sium sont multiples et vari\u00e9es :<br \/>\nToutes formes de fatigue (y compris fatigue oculaire, fatigue chronique, fibromyalgie)<\/p>\n<p>Toutes formes de tensions et spasmes musculaires : fibrillations, crampes, c\u00e9phal\u00e9es, dystonie vocale, cervicalgies, torticolis, lombalgies, crise de T\u00e9tanie\u2026<br \/>\nChez le sportif (tendinite, claquage, d\u00e9chirure)<\/p>\n<p>Hoquet, bruxisme, tics, trismus<br \/>\nFourmillements, paresth\u00e9sies, tremblements<br \/>\nDouleurs<br \/>\n\u00c9pilepsies<\/p>\n","protected":false},"featured_media":18131,"comment_status":"open","ping_status":"closed","template":"","meta":[],"product_brand":[],"product_cat":[32],"product_tag":[],"class_list":{"0":"post-18127","1":"product","2":"type-product","3":"status-publish","4":"has-post-thumbnail","6":"product_cat-complements-alimentaires","8":"first","9":"instock","10":"shipping-taxable","11":"purchasable","12":"product-type-simple"},"yoast_head":"<!-- This site is optimized with the Yoast SEO plugin v23.0 - https:\/\/yoast.com\/wordpress\/plugins\/seo\/ -->\n<title>BigMag 30 G\u00e9lules - pharmadreams<\/title>\n<meta name=\"robots\" content=\"index, follow, max-snippet:-1, max-image-preview:large, max-video-preview:-1\" \/>\n<link rel=\"canonical\" href=\"https:\/\/pharmadreams.shop\/index.php\/product\/bigmag-30-gelules\/\" \/>\n<meta property=\"og:locale\" content=\"fr_FR\" \/>\n<meta property=\"og:type\" content=\"article\" \/>\n<meta property=\"og:title\" content=\"BigMag 30 G\u00e9lules - pharmadreams\" \/>\n<meta property=\"og:description\" content=\"BigMag, il s\u2019agit de compl\u00e9ment alimentaire \u00e0 base de magn\u00e9sium dos\u00e9 \u00e0 415 mg qui correspond \u00e0 75 mg de magn\u00e9sium. Et comme vous le savez les manifestations neuromusculaires de la carence en magn\u00e9sium sont multiples et vari\u00e9es : Toutes formes de fatigue (y compris fatigue oculaire, fatigue chronique, fibromyalgie)  Toutes formes de tensions et spasmes musculaires : fibrillations, crampes, c\u00e9phal\u00e9es, dystonie vocale, cervicalgies, torticolis, lombalgies, crise de T\u00e9tanie\u2026 Chez le sportif (tendinite, claquage, d\u00e9chirure)  Hoquet, bruxisme, tics, trismus Fourmillements, paresth\u00e9sies, tremblements Douleurs \u00c9pilepsies\" \/>\n<meta property=\"og:url\" content=\"https:\/\/pharmadreams.shop\/index.php\/product\/bigmag-30-gelules\/\" \/>\n<meta property=\"og:site_name\" content=\"pharmadreams\" \/>\n<meta property=\"article:modified_time\" content=\"2024-05-08T09:41:02+00:00\" \/>\n<meta property=\"og:image\" content=\"https:\/\/pharmadreams.shop\/wp-content\/uploads\/2024\/05\/big-mag-30-gelules.webp\" \/>\n\t<meta property=\"og:image:width\" content=\"800\" \/>\n\t<meta property=\"og:image:height\" content=\"800\" \/>\n\t<meta property=\"og:image:type\" content=\"image\/webp\" \/>\n<meta name=\"twitter:card\" content=\"summary_large_image\" \/>\n<meta name=\"twitter:label1\" content=\"Dur\u00e9e de lecture estim\u00e9e\" \/>\n\t<meta name=\"twitter:data1\" content=\"1 minute\" \/>\n<script type=\"application\/ld+json\" class=\"yoast-schema-graph\">{\"@context\":\"https:\/\/schema.org\",\"@graph\":[{\"@type\":\"WebPage\",\"@id\":\"https:\/\/pharmadreams.shop\/index.php\/product\/bigmag-30-gelules\/\",\"url\":\"https:\/\/pharmadreams.shop\/index.php\/product\/bigmag-30-gelules\/\",\"name\":\"BigMag 30 G\u00e9lules - pharmadreams\",\"isPartOf\":{\"@id\":\"https:\/\/pharmadreams.shop\/#website\"},\"primaryImageOfPage\":{\"@id\":\"https:\/\/pharmadreams.shop\/index.php\/product\/bigmag-30-gelules\/#primaryimage\"},\"image\":{\"@id\":\"https:\/\/pharmadreams.shop\/index.php\/product\/bigmag-30-gelules\/#primaryimage\"},\"thumbnailUrl\":\"https:\/\/pharmadreams.shop\/wp-content\/uploads\/2024\/05\/big-mag-30-gelules.webp\",\"datePublished\":\"2024-05-08T09:41:01+00:00\",\"dateModified\":\"2024-05-08T09:41:02+00:00\",\"breadcrumb\":{\"@id\":\"https:\/\/pharmadreams.shop\/index.php\/product\/bigmag-30-gelules\/#breadcrumb\"},\"inLanguage\":\"fr-FR\",\"potentialAction\":[{\"@type\":\"ReadAction\",\"target\":[\"https:\/\/pharmadreams.shop\/index.php\/product\/bigmag-30-gelules\/\"]}]},{\"@type\":\"ImageObject\",\"inLanguage\":\"fr-FR\",\"@id\":\"https:\/\/pharmadreams.shop\/index.php\/product\/bigmag-30-gelules\/#primaryimage\",\"url\":\"https:\/\/pharmadreams.shop\/wp-content\/uploads\/2024\/05\/big-mag-30-gelules.webp\",\"contentUrl\":\"https:\/\/pharmadreams.shop\/wp-content\/uploads\/2024\/05\/big-mag-30-gelules.webp\",\"width\":800,\"height\":800},{\"@type\":\"BreadcrumbList\",\"@id\":\"https:\/\/pharmadreams.shop\/index.php\/product\/bigmag-30-gelules\/#breadcrumb\",\"itemListElement\":[{\"@type\":\"ListItem\",\"position\":1,\"name\":\"Accueil\",\"item\":\"https:\/\/pharmadreams.shop\/\"},{\"@type\":\"ListItem\",\"position\":2,\"name\":\"Shop\",\"item\":\"https:\/\/pharmadreams.shop\/index.php\/shop\/\"},{\"@type\":\"ListItem\",\"position\":3,\"name\":\"BigMag 30 G\u00e9lules\"}]},{\"@type\":\"WebSite\",\"@id\":\"https:\/\/pharmadreams.shop\/#website\",\"url\":\"https:\/\/pharmadreams.shop\/\",\"name\":\"pharmadreams\",\"description\":\"Parapharmacie en ligne\",\"potentialAction\":[{\"@type\":\"SearchAction\",\"target\":{\"@type\":\"EntryPoint\",\"urlTemplate\":\"https:\/\/pharmadreams.shop\/?s={search_term_string}\"},\"query-input\":\"required name=search_term_string\"}],\"inLanguage\":\"fr-FR\"}]}<\/script>\n<!-- \/ Yoast SEO plugin. -->","yoast_head_json":{"title":"BigMag 30 G\u00e9lules - pharmadreams","robots":{"index":"index","follow":"follow","max-snippet":"max-snippet:-1","max-image-preview":"max-image-preview:large","max-video-preview":"max-video-preview:-1"},"canonical":"https:\/\/pharmadreams.shop\/index.php\/product\/bigmag-30-gelules\/","og_locale":"fr_FR","og_type":"article","og_title":"BigMag 30 G\u00e9lules - pharmadreams","og_description":"BigMag, il s\u2019agit de compl\u00e9ment alimentaire \u00e0 base de magn\u00e9sium dos\u00e9 \u00e0 415 mg qui correspond \u00e0 75 mg de magn\u00e9sium. Et comme vous le savez les manifestations neuromusculaires de la carence en magn\u00e9sium sont multiples et vari\u00e9es : Toutes formes de fatigue (y compris fatigue oculaire, fatigue chronique, fibromyalgie)  Toutes formes de tensions et spasmes musculaires : fibrillations, crampes, c\u00e9phal\u00e9es, dystonie vocale, cervicalgies, torticolis, lombalgies, crise de T\u00e9tanie\u2026 Chez le sportif (tendinite, claquage, d\u00e9chirure)  Hoquet, bruxisme, tics, trismus Fourmillements, paresth\u00e9sies, tremblements Douleurs \u00c9pilepsies","og_url":"https:\/\/pharmadreams.shop\/index.php\/product\/bigmag-30-gelules\/","og_site_name":"pharmadreams","article_modified_time":"2024-05-08T09:41:02+00:00","og_image":[{"width":800,"height":800,"url":"https:\/\/pharmadreams.shop\/wp-content\/uploads\/2024\/05\/big-mag-30-gelules.webp","type":"image\/webp"}],"twitter_card":"summary_large_image","twitter_misc":{"Dur\u00e9e de lecture estim\u00e9e":"1 minute"},"schema":{"@context":"https:\/\/schema.org","@graph":[{"@type":"WebPage","@id":"https:\/\/pharmadreams.shop\/index.php\/product\/bigmag-30-gelules\/","url":"https:\/\/pharmadreams.shop\/index.php\/product\/bigmag-30-gelules\/","name":"BigMag 30 G\u00e9lules - pharmadreams","isPartOf":{"@id":"https:\/\/pharmadreams.shop\/#website"},"primaryImageOfPage":{"@id":"https:\/\/pharmadreams.shop\/index.php\/product\/bigmag-30-gelules\/#primaryimage"},"image":{"@id":"https:\/\/pharmadreams.shop\/index.php\/product\/bigmag-30-gelules\/#primaryimage"},"thumbnailUrl":"https:\/\/pharmadreams.shop\/wp-content\/uploads\/2024\/05\/big-mag-30-gelules.webp","datePublished":"2024-05-08T09:41:01+00:00","dateModified":"2024-05-08T09:41:02+00:00","breadcrumb":{"@id":"https:\/\/pharmadreams.shop\/index.php\/product\/bigmag-30-gelules\/#breadcrumb"},"inLanguage":"fr-FR","potentialAction":[{"@type":"ReadAction","target":["https:\/\/pharmadreams.shop\/index.php\/product\/bigmag-30-gelules\/"]}]},{"@type":"ImageObject","inLanguage":"fr-FR","@id":"https:\/\/pharmadreams.shop\/index.php\/product\/bigmag-30-gelules\/#primaryimage","url":"https:\/\/pharmadreams.shop\/wp-content\/uploads\/2024\/05\/big-mag-30-gelules.webp","contentUrl":"https:\/\/pharmadreams.shop\/wp-content\/uploads\/2024\/05\/big-mag-30-gelules.webp","width":800,"height":800},{"@type":"BreadcrumbList","@id":"https:\/\/pharmadreams.shop\/index.php\/product\/bigmag-30-gelules\/#breadcrumb","itemListElement":[{"@type":"ListItem","position":1,"name":"Accueil","item":"https:\/\/pharmadreams.shop\/"},{"@type":"ListItem","position":2,"name":"Shop","item":"https:\/\/pharmadreams.shop\/index.php\/shop\/"},{"@type":"ListItem","position":3,"name":"BigMag 30 G\u00e9lules"}]},{"@type":"WebSite","@id":"https:\/\/pharmadreams.shop\/#website","url":"https:\/\/pharmadreams.shop\/","name":"pharmadreams","description":"Parapharmacie en ligne","potentialAction":[{"@type":"SearchAction","target":{"@type":"EntryPoint","urlTemplate":"https:\/\/pharmadreams.shop\/?s={search_term_string}"},"query-input":"required name=search_term_string"}],"inLanguage":"fr-FR"}]}},"_links":{"self":[{"href":"https:\/\/pharmadreams.shop\/index.php\/wp-json\/wp\/v2\/product\/18127","targetHints":{"allow":["GET"]}}],"collection":[{"href":"https:\/\/pharmadreams.shop\/index.php\/wp-json\/wp\/v2\/product"}],"about":[{"href":"https:\/\/pharmadreams.shop\/index.php\/wp-json\/wp\/v2\/types\/product"}],"replies":[{"embeddable":true,"href":"https:\/\/pharmadreams.shop\/index.php\/wp-json\/wp\/v2\/comments?post=18127"}],"version-history":[{"count":0,"href":"https:\/\/pharmadreams.shop\/index.php\/wp-json\/wp\/v2\/product\/18127\/revisions"}],"wp:featuredmedia":[{"embeddable":true,"href":"https:\/\/pharmadreams.shop\/index.php\/wp-json\/wp\/v2\/media\/18131"}],"wp:attachment":[{"href":"https:\/\/pharmadreams.shop\/index.php\/wp-json\/wp\/v2\/media?parent=18127"}],"wp:term":[{"taxonomy":"product_brand","embeddable":true,"href":"https:\/\/pharmadreams.shop\/index.php\/wp-json\/wp\/v2\/product_brand?post=18127"},{"taxonomy":"product_cat","embeddable":true,"href":"https:\/\/pharmadreams.shop\/index.php\/wp-json\/wp\/v2\/product_cat?post=18127"},{"taxonomy":"product_tag","embeddable":true,"href":"https:\/\/pharmadreams.shop\/index.php\/wp-json\/wp\/v2\/product_tag?post=18127"}],"curies":[{"name":"wp","href":"https:\/\/api.w.org\/{rel}","templated":true}]}}