{"id":18144,"date":"2024-05-08T18:30:07","date_gmt":"2024-05-08T17:30:07","guid":{"rendered":"https:\/\/pharmadreams.shop\/?post_type=product&#038;p=18144"},"modified":"2024-05-08T18:30:07","modified_gmt":"2024-05-08T17:30:07","slug":"innovaderm-spf50-fond-de-teint-02-sand-30ml","status":"publish","type":"product","link":"https:\/\/pharmadreams.shop\/index.php\/product\/innovaderm-spf50-fond-de-teint-02-sand-30ml\/","title":{"rendered":"INNOVADERM SPF50+ FOND DE TEINT (02) SAND 30ML"},"content":{"rendered":"","protected":false},"excerpt":{"rendered":"<p style=\"font-weight: 400;\"><b><strong>Description :<\/strong><\/b><\/p>\n<p style=\"font-weight: 400;\">Fond de teint spf50+ min\u00e9ral Pour tous types de peaux Hydratant<\/p>\n<p style=\"font-weight: 400;\"><b><strong>Composition :<\/strong><\/b><\/p>\n<p style=\"font-weight: 400;\">Ingr\u00e9dients : Acide hyaluronique, vitamine A, vitamine E,methicone, filtre min\u00e9ral UVA,UVB<\/p>\n","protected":false},"featured_media":18145,"comment_status":"open","ping_status":"closed","template":"","meta":[],"product_brand":[],"product_cat":[231,20],"product_tag":[],"class_list":{"0":"post-18144","1":"product","2":"type-product","3":"status-publish","4":"has-post-thumbnail","6":"product_cat-ecran-solaire","7":"product_cat-visage","9":"first","10":"instock","11":"sale","12":"shipping-taxable","13":"purchasable","14":"product-type-simple"},"yoast_head":"<!-- This site is optimized with the Yoast SEO plugin v23.0 - https:\/\/yoast.com\/wordpress\/plugins\/seo\/ -->\n<title>INNOVADERM SPF50+ FOND DE TEINT (02) SAND 30ML - pharmadreams<\/title>\n<meta name=\"robots\" content=\"index, follow, max-snippet:-1, max-image-preview:large, max-video-preview:-1\" \/>\n<link rel=\"canonical\" href=\"https:\/\/pharmadreams.shop\/index.php\/product\/innovaderm-spf50-fond-de-teint-02-sand-30ml\/\" \/>\n<meta property=\"og:locale\" content=\"fr_FR\" \/>\n<meta property=\"og:type\" content=\"article\" \/>\n<meta property=\"og:title\" content=\"INNOVADERM SPF50+ FOND DE TEINT (02) SAND 30ML - pharmadreams\" \/>\n<meta property=\"og:description\" content=\"Description : Fond de teint spf50+ min\u00e9ral Pour tous types de peaux Hydratant Composition : Ingr\u00e9dients : Acide hyaluronique, vitamine A, vitamine E,methicone, filtre min\u00e9ral UVA,UVB\" \/>\n<meta property=\"og:url\" content=\"https:\/\/pharmadreams.shop\/index.php\/product\/innovaderm-spf50-fond-de-teint-02-sand-30ml\/\" \/>\n<meta property=\"og:site_name\" content=\"pharmadreams\" \/>\n<meta property=\"og:image\" content=\"https:\/\/pharmadreams.shop\/wp-content\/uploads\/2024\/05\/innovaderm-fond-de-teint-fluid-02-30ml-50spf.webp\" \/>\n\t<meta property=\"og:image:width\" content=\"700\" \/>\n\t<meta property=\"og:image:height\" content=\"832\" \/>\n\t<meta property=\"og:image:type\" content=\"image\/webp\" \/>\n<meta name=\"twitter:card\" content=\"summary_large_image\" \/>\n<meta name=\"twitter:label1\" content=\"Dur\u00e9e de lecture estim\u00e9e\" \/>\n\t<meta name=\"twitter:data1\" content=\"1 minute\" \/>\n<script type=\"application\/ld+json\" class=\"yoast-schema-graph\">{\"@context\":\"https:\/\/schema.org\",\"@graph\":[{\"@type\":\"WebPage\",\"@id\":\"https:\/\/pharmadreams.shop\/index.php\/product\/innovaderm-spf50-fond-de-teint-02-sand-30ml\/\",\"url\":\"https:\/\/pharmadreams.shop\/index.php\/product\/innovaderm-spf50-fond-de-teint-02-sand-30ml\/\",\"name\":\"INNOVADERM SPF50+ FOND DE TEINT (02) SAND 30ML - pharmadreams\",\"isPartOf\":{\"@id\":\"https:\/\/pharmadreams.shop\/#website\"},\"primaryImageOfPage\":{\"@id\":\"https:\/\/pharmadreams.shop\/index.php\/product\/innovaderm-spf50-fond-de-teint-02-sand-30ml\/#primaryimage\"},\"image\":{\"@id\":\"https:\/\/pharmadreams.shop\/index.php\/product\/innovaderm-spf50-fond-de-teint-02-sand-30ml\/#primaryimage\"},\"thumbnailUrl\":\"https:\/\/pharmadreams.shop\/wp-content\/uploads\/2024\/05\/innovaderm-fond-de-teint-fluid-02-30ml-50spf.webp\",\"datePublished\":\"2024-05-08T17:30:07+00:00\",\"dateModified\":\"2024-05-08T17:30:07+00:00\",\"breadcrumb\":{\"@id\":\"https:\/\/pharmadreams.shop\/index.php\/product\/innovaderm-spf50-fond-de-teint-02-sand-30ml\/#breadcrumb\"},\"inLanguage\":\"fr-FR\",\"potentialAction\":[{\"@type\":\"ReadAction\",\"target\":[\"https:\/\/pharmadreams.shop\/index.php\/product\/innovaderm-spf50-fond-de-teint-02-sand-30ml\/\"]}]},{\"@type\":\"ImageObject\",\"inLanguage\":\"fr-FR\",\"@id\":\"https:\/\/pharmadreams.shop\/index.php\/product\/innovaderm-spf50-fond-de-teint-02-sand-30ml\/#primaryimage\",\"url\":\"https:\/\/pharmadreams.shop\/wp-content\/uploads\/2024\/05\/innovaderm-fond-de-teint-fluid-02-30ml-50spf.webp\",\"contentUrl\":\"https:\/\/pharmadreams.shop\/wp-content\/uploads\/2024\/05\/innovaderm-fond-de-teint-fluid-02-30ml-50spf.webp\",\"width\":700,\"height\":832},{\"@type\":\"BreadcrumbList\",\"@id\":\"https:\/\/pharmadreams.shop\/index.php\/product\/innovaderm-spf50-fond-de-teint-02-sand-30ml\/#breadcrumb\",\"itemListElement\":[{\"@type\":\"ListItem\",\"position\":1,\"name\":\"Accueil\",\"item\":\"https:\/\/pharmadreams.shop\/\"},{\"@type\":\"ListItem\",\"position\":2,\"name\":\"Shop\",\"item\":\"https:\/\/pharmadreams.shop\/index.php\/shop\/\"},{\"@type\":\"ListItem\",\"position\":3,\"name\":\"INNOVADERM SPF50+ FOND DE TEINT (02) SAND 30ML\"}]},{\"@type\":\"WebSite\",\"@id\":\"https:\/\/pharmadreams.shop\/#website\",\"url\":\"https:\/\/pharmadreams.shop\/\",\"name\":\"pharmadreams\",\"description\":\"Parapharmacie en ligne\",\"potentialAction\":[{\"@type\":\"SearchAction\",\"target\":{\"@type\":\"EntryPoint\",\"urlTemplate\":\"https:\/\/pharmadreams.shop\/?s={search_term_string}\"},\"query-input\":\"required name=search_term_string\"}],\"inLanguage\":\"fr-FR\"}]}<\/script>\n<!-- \/ Yoast SEO plugin. -->","yoast_head_json":{"title":"INNOVADERM SPF50+ FOND DE TEINT (02) SAND 30ML - pharmadreams","robots":{"index":"index","follow":"follow","max-snippet":"max-snippet:-1","max-image-preview":"max-image-preview:large","max-video-preview":"max-video-preview:-1"},"canonical":"https:\/\/pharmadreams.shop\/index.php\/product\/innovaderm-spf50-fond-de-teint-02-sand-30ml\/","og_locale":"fr_FR","og_type":"article","og_title":"INNOVADERM SPF50+ FOND DE TEINT (02) SAND 30ML - pharmadreams","og_description":"Description : Fond de teint spf50+ min\u00e9ral Pour tous types de peaux Hydratant Composition : Ingr\u00e9dients : Acide hyaluronique, vitamine A, vitamine E,methicone, filtre min\u00e9ral UVA,UVB","og_url":"https:\/\/pharmadreams.shop\/index.php\/product\/innovaderm-spf50-fond-de-teint-02-sand-30ml\/","og_site_name":"pharmadreams","og_image":[{"width":700,"height":832,"url":"https:\/\/pharmadreams.shop\/wp-content\/uploads\/2024\/05\/innovaderm-fond-de-teint-fluid-02-30ml-50spf.webp","type":"image\/webp"}],"twitter_card":"summary_large_image","twitter_misc":{"Dur\u00e9e de lecture estim\u00e9e":"1 minute"},"schema":{"@context":"https:\/\/schema.org","@graph":[{"@type":"WebPage","@id":"https:\/\/pharmadreams.shop\/index.php\/product\/innovaderm-spf50-fond-de-teint-02-sand-30ml\/","url":"https:\/\/pharmadreams.shop\/index.php\/product\/innovaderm-spf50-fond-de-teint-02-sand-30ml\/","name":"INNOVADERM SPF50+ FOND DE TEINT (02) SAND 30ML - pharmadreams","isPartOf":{"@id":"https:\/\/pharmadreams.shop\/#website"},"primaryImageOfPage":{"@id":"https:\/\/pharmadreams.shop\/index.php\/product\/innovaderm-spf50-fond-de-teint-02-sand-30ml\/#primaryimage"},"image":{"@id":"https:\/\/pharmadreams.shop\/index.php\/product\/innovaderm-spf50-fond-de-teint-02-sand-30ml\/#primaryimage"},"thumbnailUrl":"https:\/\/pharmadreams.shop\/wp-content\/uploads\/2024\/05\/innovaderm-fond-de-teint-fluid-02-30ml-50spf.webp","datePublished":"2024-05-08T17:30:07+00:00","dateModified":"2024-05-08T17:30:07+00:00","breadcrumb":{"@id":"https:\/\/pharmadreams.shop\/index.php\/product\/innovaderm-spf50-fond-de-teint-02-sand-30ml\/#breadcrumb"},"inLanguage":"fr-FR","potentialAction":[{"@type":"ReadAction","target":["https:\/\/pharmadreams.shop\/index.php\/product\/innovaderm-spf50-fond-de-teint-02-sand-30ml\/"]}]},{"@type":"ImageObject","inLanguage":"fr-FR","@id":"https:\/\/pharmadreams.shop\/index.php\/product\/innovaderm-spf50-fond-de-teint-02-sand-30ml\/#primaryimage","url":"https:\/\/pharmadreams.shop\/wp-content\/uploads\/2024\/05\/innovaderm-fond-de-teint-fluid-02-30ml-50spf.webp","contentUrl":"https:\/\/pharmadreams.shop\/wp-content\/uploads\/2024\/05\/innovaderm-fond-de-teint-fluid-02-30ml-50spf.webp","width":700,"height":832},{"@type":"BreadcrumbList","@id":"https:\/\/pharmadreams.shop\/index.php\/product\/innovaderm-spf50-fond-de-teint-02-sand-30ml\/#breadcrumb","itemListElement":[{"@type":"ListItem","position":1,"name":"Accueil","item":"https:\/\/pharmadreams.shop\/"},{"@type":"ListItem","position":2,"name":"Shop","item":"https:\/\/pharmadreams.shop\/index.php\/shop\/"},{"@type":"ListItem","position":3,"name":"INNOVADERM SPF50+ FOND DE TEINT (02) SAND 30ML"}]},{"@type":"WebSite","@id":"https:\/\/pharmadreams.shop\/#website","url":"https:\/\/pharmadreams.shop\/","name":"pharmadreams","description":"Parapharmacie en ligne","potentialAction":[{"@type":"SearchAction","target":{"@type":"EntryPoint","urlTemplate":"https:\/\/pharmadreams.shop\/?s={search_term_string}"},"query-input":"required name=search_term_string"}],"inLanguage":"fr-FR"}]}},"_links":{"self":[{"href":"https:\/\/pharmadreams.shop\/index.php\/wp-json\/wp\/v2\/product\/18144","targetHints":{"allow":["GET"]}}],"collection":[{"href":"https:\/\/pharmadreams.shop\/index.php\/wp-json\/wp\/v2\/product"}],"about":[{"href":"https:\/\/pharmadreams.shop\/index.php\/wp-json\/wp\/v2\/types\/product"}],"replies":[{"embeddable":true,"href":"https:\/\/pharmadreams.shop\/index.php\/wp-json\/wp\/v2\/comments?post=18144"}],"version-history":[{"count":0,"href":"https:\/\/pharmadreams.shop\/index.php\/wp-json\/wp\/v2\/product\/18144\/revisions"}],"wp:featuredmedia":[{"embeddable":true,"href":"https:\/\/pharmadreams.shop\/index.php\/wp-json\/wp\/v2\/media\/18145"}],"wp:attachment":[{"href":"https:\/\/pharmadreams.shop\/index.php\/wp-json\/wp\/v2\/media?parent=18144"}],"wp:term":[{"taxonomy":"product_brand","embeddable":true,"href":"https:\/\/pharmadreams.shop\/index.php\/wp-json\/wp\/v2\/product_brand?post=18144"},{"taxonomy":"product_cat","embeddable":true,"href":"https:\/\/pharmadreams.shop\/index.php\/wp-json\/wp\/v2\/product_cat?post=18144"},{"taxonomy":"product_tag","embeddable":true,"href":"https:\/\/pharmadreams.shop\/index.php\/wp-json\/wp\/v2\/product_tag?post=18144"}],"curies":[{"name":"wp","href":"https:\/\/api.w.org\/{rel}","templated":true}]}}