{"id":18147,"date":"2024-05-08T18:43:02","date_gmt":"2024-05-08T17:43:02","guid":{"rendered":"https:\/\/pharmadreams.shop\/?post_type=product&#038;p=18147"},"modified":"2024-05-08T18:43:03","modified_gmt":"2024-05-08T17:43:03","slug":"innovaderm-eau-micellaire-400ml","status":"publish","type":"product","link":"https:\/\/pharmadreams.shop\/index.php\/product\/innovaderm-eau-micellaire-400ml\/","title":{"rendered":"INNOVADERM Eau Micellaire 400ML"},"content":{"rendered":"","protected":false},"excerpt":{"rendered":"<p>INNOVADERM Eau Micellaire est un nettoyant doux, non irritant et hypoallerg\u00e9nique qui nettoie et d\u00e9maquille la peau la laissant fra\u00eeche et propre. L&rsquo;eau micellaire de INNOVADERM convient aux peaux sensibles normales \u00e0 s\u00e8ches et convient \u00e9galement aux yeux.<\/p>\n","protected":false},"featured_media":18148,"comment_status":"open","ping_status":"closed","template":"","meta":[],"product_brand":[],"product_cat":[108,304,234,20],"product_tag":[],"class_list":{"0":"post-18147","1":"product","2":"type-product","3":"status-publish","4":"has-post-thumbnail","6":"product_cat-eau-micellaire","7":"product_cat-nettoyant-visage","8":"product_cat-tous-types-de-peaux","9":"product_cat-visage","11":"first","12":"instock","13":"sale","14":"shipping-taxable","15":"purchasable","16":"product-type-simple"},"yoast_head":"<!-- This site is optimized with the Yoast SEO plugin v23.0 - https:\/\/yoast.com\/wordpress\/plugins\/seo\/ -->\n<title>INNOVADERM Eau Micellaire 400ML - pharmadreams<\/title>\n<meta name=\"robots\" content=\"index, follow, max-snippet:-1, max-image-preview:large, max-video-preview:-1\" \/>\n<link rel=\"canonical\" href=\"https:\/\/pharmadreams.shop\/index.php\/product\/innovaderm-eau-micellaire-400ml\/\" \/>\n<meta property=\"og:locale\" content=\"fr_FR\" \/>\n<meta property=\"og:type\" content=\"article\" \/>\n<meta property=\"og:title\" content=\"INNOVADERM Eau Micellaire 400ML - pharmadreams\" \/>\n<meta property=\"og:description\" content=\"INNOVADERM Eau Micellaire est un nettoyant doux, non irritant et hypoallerg\u00e9nique qui nettoie et d\u00e9maquille la peau la laissant fra\u00eeche et propre. L&#039;eau micellaire de INNOVADERM convient aux peaux sensibles normales \u00e0 s\u00e8ches et convient \u00e9galement aux yeux.\" \/>\n<meta property=\"og:url\" content=\"https:\/\/pharmadreams.shop\/index.php\/product\/innovaderm-eau-micellaire-400ml\/\" \/>\n<meta property=\"og:site_name\" content=\"pharmadreams\" \/>\n<meta property=\"article:modified_time\" content=\"2024-05-08T17:43:03+00:00\" \/>\n<meta property=\"og:image\" content=\"https:\/\/pharmadreams.shop\/wp-content\/uploads\/2024\/05\/innovaderm-eau-micellaire-500ml-.jpg\" \/>\n\t<meta property=\"og:image:width\" content=\"500\" \/>\n\t<meta property=\"og:image:height\" content=\"500\" \/>\n\t<meta property=\"og:image:type\" content=\"image\/jpeg\" \/>\n<meta name=\"twitter:card\" content=\"summary_large_image\" \/>\n<meta name=\"twitter:label1\" content=\"Dur\u00e9e de lecture estim\u00e9e\" \/>\n\t<meta name=\"twitter:data1\" content=\"1 minute\" \/>\n<script type=\"application\/ld+json\" class=\"yoast-schema-graph\">{\"@context\":\"https:\/\/schema.org\",\"@graph\":[{\"@type\":\"WebPage\",\"@id\":\"https:\/\/pharmadreams.shop\/index.php\/product\/innovaderm-eau-micellaire-400ml\/\",\"url\":\"https:\/\/pharmadreams.shop\/index.php\/product\/innovaderm-eau-micellaire-400ml\/\",\"name\":\"INNOVADERM Eau Micellaire 400ML - pharmadreams\",\"isPartOf\":{\"@id\":\"https:\/\/pharmadreams.shop\/#website\"},\"primaryImageOfPage\":{\"@id\":\"https:\/\/pharmadreams.shop\/index.php\/product\/innovaderm-eau-micellaire-400ml\/#primaryimage\"},\"image\":{\"@id\":\"https:\/\/pharmadreams.shop\/index.php\/product\/innovaderm-eau-micellaire-400ml\/#primaryimage\"},\"thumbnailUrl\":\"https:\/\/pharmadreams.shop\/wp-content\/uploads\/2024\/05\/innovaderm-eau-micellaire-500ml-.jpg\",\"datePublished\":\"2024-05-08T17:43:02+00:00\",\"dateModified\":\"2024-05-08T17:43:03+00:00\",\"breadcrumb\":{\"@id\":\"https:\/\/pharmadreams.shop\/index.php\/product\/innovaderm-eau-micellaire-400ml\/#breadcrumb\"},\"inLanguage\":\"fr-FR\",\"potentialAction\":[{\"@type\":\"ReadAction\",\"target\":[\"https:\/\/pharmadreams.shop\/index.php\/product\/innovaderm-eau-micellaire-400ml\/\"]}]},{\"@type\":\"ImageObject\",\"inLanguage\":\"fr-FR\",\"@id\":\"https:\/\/pharmadreams.shop\/index.php\/product\/innovaderm-eau-micellaire-400ml\/#primaryimage\",\"url\":\"https:\/\/pharmadreams.shop\/wp-content\/uploads\/2024\/05\/innovaderm-eau-micellaire-500ml-.jpg\",\"contentUrl\":\"https:\/\/pharmadreams.shop\/wp-content\/uploads\/2024\/05\/innovaderm-eau-micellaire-500ml-.jpg\",\"width\":500,\"height\":500},{\"@type\":\"BreadcrumbList\",\"@id\":\"https:\/\/pharmadreams.shop\/index.php\/product\/innovaderm-eau-micellaire-400ml\/#breadcrumb\",\"itemListElement\":[{\"@type\":\"ListItem\",\"position\":1,\"name\":\"Accueil\",\"item\":\"https:\/\/pharmadreams.shop\/\"},{\"@type\":\"ListItem\",\"position\":2,\"name\":\"Shop\",\"item\":\"https:\/\/pharmadreams.shop\/index.php\/shop\/\"},{\"@type\":\"ListItem\",\"position\":3,\"name\":\"INNOVADERM Eau Micellaire 400ML\"}]},{\"@type\":\"WebSite\",\"@id\":\"https:\/\/pharmadreams.shop\/#website\",\"url\":\"https:\/\/pharmadreams.shop\/\",\"name\":\"pharmadreams\",\"description\":\"Parapharmacie en ligne\",\"potentialAction\":[{\"@type\":\"SearchAction\",\"target\":{\"@type\":\"EntryPoint\",\"urlTemplate\":\"https:\/\/pharmadreams.shop\/?s={search_term_string}\"},\"query-input\":\"required name=search_term_string\"}],\"inLanguage\":\"fr-FR\"}]}<\/script>\n<!-- \/ Yoast SEO plugin. -->","yoast_head_json":{"title":"INNOVADERM Eau Micellaire 400ML - pharmadreams","robots":{"index":"index","follow":"follow","max-snippet":"max-snippet:-1","max-image-preview":"max-image-preview:large","max-video-preview":"max-video-preview:-1"},"canonical":"https:\/\/pharmadreams.shop\/index.php\/product\/innovaderm-eau-micellaire-400ml\/","og_locale":"fr_FR","og_type":"article","og_title":"INNOVADERM Eau Micellaire 400ML - pharmadreams","og_description":"INNOVADERM Eau Micellaire est un nettoyant doux, non irritant et hypoallerg\u00e9nique qui nettoie et d\u00e9maquille la peau la laissant fra\u00eeche et propre. L'eau micellaire de INNOVADERM convient aux peaux sensibles normales \u00e0 s\u00e8ches et convient \u00e9galement aux yeux.","og_url":"https:\/\/pharmadreams.shop\/index.php\/product\/innovaderm-eau-micellaire-400ml\/","og_site_name":"pharmadreams","article_modified_time":"2024-05-08T17:43:03+00:00","og_image":[{"width":500,"height":500,"url":"https:\/\/pharmadreams.shop\/wp-content\/uploads\/2024\/05\/innovaderm-eau-micellaire-500ml-.jpg","type":"image\/jpeg"}],"twitter_card":"summary_large_image","twitter_misc":{"Dur\u00e9e de lecture estim\u00e9e":"1 minute"},"schema":{"@context":"https:\/\/schema.org","@graph":[{"@type":"WebPage","@id":"https:\/\/pharmadreams.shop\/index.php\/product\/innovaderm-eau-micellaire-400ml\/","url":"https:\/\/pharmadreams.shop\/index.php\/product\/innovaderm-eau-micellaire-400ml\/","name":"INNOVADERM Eau Micellaire 400ML - pharmadreams","isPartOf":{"@id":"https:\/\/pharmadreams.shop\/#website"},"primaryImageOfPage":{"@id":"https:\/\/pharmadreams.shop\/index.php\/product\/innovaderm-eau-micellaire-400ml\/#primaryimage"},"image":{"@id":"https:\/\/pharmadreams.shop\/index.php\/product\/innovaderm-eau-micellaire-400ml\/#primaryimage"},"thumbnailUrl":"https:\/\/pharmadreams.shop\/wp-content\/uploads\/2024\/05\/innovaderm-eau-micellaire-500ml-.jpg","datePublished":"2024-05-08T17:43:02+00:00","dateModified":"2024-05-08T17:43:03+00:00","breadcrumb":{"@id":"https:\/\/pharmadreams.shop\/index.php\/product\/innovaderm-eau-micellaire-400ml\/#breadcrumb"},"inLanguage":"fr-FR","potentialAction":[{"@type":"ReadAction","target":["https:\/\/pharmadreams.shop\/index.php\/product\/innovaderm-eau-micellaire-400ml\/"]}]},{"@type":"ImageObject","inLanguage":"fr-FR","@id":"https:\/\/pharmadreams.shop\/index.php\/product\/innovaderm-eau-micellaire-400ml\/#primaryimage","url":"https:\/\/pharmadreams.shop\/wp-content\/uploads\/2024\/05\/innovaderm-eau-micellaire-500ml-.jpg","contentUrl":"https:\/\/pharmadreams.shop\/wp-content\/uploads\/2024\/05\/innovaderm-eau-micellaire-500ml-.jpg","width":500,"height":500},{"@type":"BreadcrumbList","@id":"https:\/\/pharmadreams.shop\/index.php\/product\/innovaderm-eau-micellaire-400ml\/#breadcrumb","itemListElement":[{"@type":"ListItem","position":1,"name":"Accueil","item":"https:\/\/pharmadreams.shop\/"},{"@type":"ListItem","position":2,"name":"Shop","item":"https:\/\/pharmadreams.shop\/index.php\/shop\/"},{"@type":"ListItem","position":3,"name":"INNOVADERM Eau Micellaire 400ML"}]},{"@type":"WebSite","@id":"https:\/\/pharmadreams.shop\/#website","url":"https:\/\/pharmadreams.shop\/","name":"pharmadreams","description":"Parapharmacie en ligne","potentialAction":[{"@type":"SearchAction","target":{"@type":"EntryPoint","urlTemplate":"https:\/\/pharmadreams.shop\/?s={search_term_string}"},"query-input":"required name=search_term_string"}],"inLanguage":"fr-FR"}]}},"_links":{"self":[{"href":"https:\/\/pharmadreams.shop\/index.php\/wp-json\/wp\/v2\/product\/18147","targetHints":{"allow":["GET"]}}],"collection":[{"href":"https:\/\/pharmadreams.shop\/index.php\/wp-json\/wp\/v2\/product"}],"about":[{"href":"https:\/\/pharmadreams.shop\/index.php\/wp-json\/wp\/v2\/types\/product"}],"replies":[{"embeddable":true,"href":"https:\/\/pharmadreams.shop\/index.php\/wp-json\/wp\/v2\/comments?post=18147"}],"version-history":[{"count":0,"href":"https:\/\/pharmadreams.shop\/index.php\/wp-json\/wp\/v2\/product\/18147\/revisions"}],"wp:featuredmedia":[{"embeddable":true,"href":"https:\/\/pharmadreams.shop\/index.php\/wp-json\/wp\/v2\/media\/18148"}],"wp:attachment":[{"href":"https:\/\/pharmadreams.shop\/index.php\/wp-json\/wp\/v2\/media?parent=18147"}],"wp:term":[{"taxonomy":"product_brand","embeddable":true,"href":"https:\/\/pharmadreams.shop\/index.php\/wp-json\/wp\/v2\/product_brand?post=18147"},{"taxonomy":"product_cat","embeddable":true,"href":"https:\/\/pharmadreams.shop\/index.php\/wp-json\/wp\/v2\/product_cat?post=18147"},{"taxonomy":"product_tag","embeddable":true,"href":"https:\/\/pharmadreams.shop\/index.php\/wp-json\/wp\/v2\/product_tag?post=18147"}],"curies":[{"name":"wp","href":"https:\/\/api.w.org\/{rel}","templated":true}]}}