{"id":18150,"date":"2024-05-08T18:47:20","date_gmt":"2024-05-08T17:47:20","guid":{"rendered":"https:\/\/pharmadreams.shop\/?post_type=product&#038;p=18150"},"modified":"2024-05-08T18:47:21","modified_gmt":"2024-05-08T17:47:21","slug":"innovaderm-mousse-nettoyante-peau-seche-150-ml","status":"publish","type":"product","link":"https:\/\/pharmadreams.shop\/index.php\/product\/innovaderm-mousse-nettoyante-peau-seche-150-ml\/","title":{"rendered":"INNOVADERM Mousse Nettoyante Peau S\u00e8che 150 ml"},"content":{"rendered":"","protected":false},"excerpt":{"rendered":"<p>INNOVADERM Mousse Nettoyante Peau S\u00e8che nettoie en profondeur la peau afin d\u2019\u00e9liminer les impuret\u00e9s et de le stimuler pour une parfaite tonicit\u00e9.<\/p>\n<p>INNOVADERM Mousse Nettoyante ne dess\u00e8che pas la peau et poss\u00e8d un formule exceptionnelle douce.<\/p>\n","protected":false},"featured_media":18151,"comment_status":"open","ping_status":"closed","template":"","meta":[],"product_brand":[],"product_cat":[214,304,226,79,20],"product_tag":[],"class_list":{"0":"post-18150","1":"product","2":"type-product","3":"status-publish","4":"has-post-thumbnail","6":"product_cat-mousse-nettoyante","7":"product_cat-nettoyant-visage","8":"product_cat-peaux-normales","9":"product_cat-peaux-seches","10":"product_cat-visage","12":"first","13":"instock","14":"shipping-taxable","15":"purchasable","16":"product-type-simple"},"yoast_head":"<!-- This site is optimized with the Yoast SEO plugin v23.0 - https:\/\/yoast.com\/wordpress\/plugins\/seo\/ -->\n<title>INNOVADERM Mousse Nettoyante Peau S\u00e8che 150 ml - pharmadreams<\/title>\n<meta name=\"robots\" content=\"index, follow, max-snippet:-1, max-image-preview:large, max-video-preview:-1\" \/>\n<link rel=\"canonical\" href=\"https:\/\/pharmadreams.shop\/index.php\/product\/innovaderm-mousse-nettoyante-peau-seche-150-ml\/\" \/>\n<meta property=\"og:locale\" content=\"fr_FR\" \/>\n<meta property=\"og:type\" content=\"article\" \/>\n<meta property=\"og:title\" content=\"INNOVADERM Mousse Nettoyante Peau S\u00e8che 150 ml - pharmadreams\" \/>\n<meta property=\"og:description\" content=\"INNOVADERM Mousse Nettoyante Peau S\u00e8che nettoie en profondeur la peau afin d\u2019\u00e9liminer les impuret\u00e9s et de le stimuler pour une parfaite tonicit\u00e9.  INNOVADERM Mousse Nettoyante ne dess\u00e8che pas la peau et poss\u00e8d un formule exceptionnelle douce.\" \/>\n<meta property=\"og:url\" content=\"https:\/\/pharmadreams.shop\/index.php\/product\/innovaderm-mousse-nettoyante-peau-seche-150-ml\/\" \/>\n<meta property=\"og:site_name\" content=\"pharmadreams\" \/>\n<meta property=\"article:modified_time\" content=\"2024-05-08T17:47:21+00:00\" \/>\n<meta property=\"og:image\" content=\"https:\/\/pharmadreams.shop\/wp-content\/uploads\/2024\/05\/innovaderm-nousse-nettoyante-p-normseches-150ml-.webp\" \/>\n\t<meta property=\"og:image:width\" content=\"700\" \/>\n\t<meta property=\"og:image:height\" content=\"832\" \/>\n\t<meta property=\"og:image:type\" content=\"image\/webp\" \/>\n<meta name=\"twitter:card\" content=\"summary_large_image\" \/>\n<meta name=\"twitter:label1\" content=\"Dur\u00e9e de lecture estim\u00e9e\" \/>\n\t<meta name=\"twitter:data1\" content=\"1 minute\" \/>\n<script type=\"application\/ld+json\" class=\"yoast-schema-graph\">{\"@context\":\"https:\/\/schema.org\",\"@graph\":[{\"@type\":\"WebPage\",\"@id\":\"https:\/\/pharmadreams.shop\/index.php\/product\/innovaderm-mousse-nettoyante-peau-seche-150-ml\/\",\"url\":\"https:\/\/pharmadreams.shop\/index.php\/product\/innovaderm-mousse-nettoyante-peau-seche-150-ml\/\",\"name\":\"INNOVADERM Mousse Nettoyante Peau S\u00e8che 150 ml - pharmadreams\",\"isPartOf\":{\"@id\":\"https:\/\/pharmadreams.shop\/#website\"},\"primaryImageOfPage\":{\"@id\":\"https:\/\/pharmadreams.shop\/index.php\/product\/innovaderm-mousse-nettoyante-peau-seche-150-ml\/#primaryimage\"},\"image\":{\"@id\":\"https:\/\/pharmadreams.shop\/index.php\/product\/innovaderm-mousse-nettoyante-peau-seche-150-ml\/#primaryimage\"},\"thumbnailUrl\":\"https:\/\/pharmadreams.shop\/wp-content\/uploads\/2024\/05\/innovaderm-nousse-nettoyante-p-normseches-150ml-.webp\",\"datePublished\":\"2024-05-08T17:47:20+00:00\",\"dateModified\":\"2024-05-08T17:47:21+00:00\",\"breadcrumb\":{\"@id\":\"https:\/\/pharmadreams.shop\/index.php\/product\/innovaderm-mousse-nettoyante-peau-seche-150-ml\/#breadcrumb\"},\"inLanguage\":\"fr-FR\",\"potentialAction\":[{\"@type\":\"ReadAction\",\"target\":[\"https:\/\/pharmadreams.shop\/index.php\/product\/innovaderm-mousse-nettoyante-peau-seche-150-ml\/\"]}]},{\"@type\":\"ImageObject\",\"inLanguage\":\"fr-FR\",\"@id\":\"https:\/\/pharmadreams.shop\/index.php\/product\/innovaderm-mousse-nettoyante-peau-seche-150-ml\/#primaryimage\",\"url\":\"https:\/\/pharmadreams.shop\/wp-content\/uploads\/2024\/05\/innovaderm-nousse-nettoyante-p-normseches-150ml-.webp\",\"contentUrl\":\"https:\/\/pharmadreams.shop\/wp-content\/uploads\/2024\/05\/innovaderm-nousse-nettoyante-p-normseches-150ml-.webp\",\"width\":700,\"height\":832},{\"@type\":\"BreadcrumbList\",\"@id\":\"https:\/\/pharmadreams.shop\/index.php\/product\/innovaderm-mousse-nettoyante-peau-seche-150-ml\/#breadcrumb\",\"itemListElement\":[{\"@type\":\"ListItem\",\"position\":1,\"name\":\"Accueil\",\"item\":\"https:\/\/pharmadreams.shop\/\"},{\"@type\":\"ListItem\",\"position\":2,\"name\":\"Shop\",\"item\":\"https:\/\/pharmadreams.shop\/index.php\/shop\/\"},{\"@type\":\"ListItem\",\"position\":3,\"name\":\"INNOVADERM Mousse Nettoyante Peau S\u00e8che 150 ml\"}]},{\"@type\":\"WebSite\",\"@id\":\"https:\/\/pharmadreams.shop\/#website\",\"url\":\"https:\/\/pharmadreams.shop\/\",\"name\":\"pharmadreams\",\"description\":\"Parapharmacie en ligne\",\"potentialAction\":[{\"@type\":\"SearchAction\",\"target\":{\"@type\":\"EntryPoint\",\"urlTemplate\":\"https:\/\/pharmadreams.shop\/?s={search_term_string}\"},\"query-input\":\"required name=search_term_string\"}],\"inLanguage\":\"fr-FR\"}]}<\/script>\n<!-- \/ Yoast SEO plugin. -->","yoast_head_json":{"title":"INNOVADERM Mousse Nettoyante Peau S\u00e8che 150 ml - pharmadreams","robots":{"index":"index","follow":"follow","max-snippet":"max-snippet:-1","max-image-preview":"max-image-preview:large","max-video-preview":"max-video-preview:-1"},"canonical":"https:\/\/pharmadreams.shop\/index.php\/product\/innovaderm-mousse-nettoyante-peau-seche-150-ml\/","og_locale":"fr_FR","og_type":"article","og_title":"INNOVADERM Mousse Nettoyante Peau S\u00e8che 150 ml - pharmadreams","og_description":"INNOVADERM Mousse Nettoyante Peau S\u00e8che nettoie en profondeur la peau afin d\u2019\u00e9liminer les impuret\u00e9s et de le stimuler pour une parfaite tonicit\u00e9.  INNOVADERM Mousse Nettoyante ne dess\u00e8che pas la peau et poss\u00e8d un formule exceptionnelle douce.","og_url":"https:\/\/pharmadreams.shop\/index.php\/product\/innovaderm-mousse-nettoyante-peau-seche-150-ml\/","og_site_name":"pharmadreams","article_modified_time":"2024-05-08T17:47:21+00:00","og_image":[{"width":700,"height":832,"url":"https:\/\/pharmadreams.shop\/wp-content\/uploads\/2024\/05\/innovaderm-nousse-nettoyante-p-normseches-150ml-.webp","type":"image\/webp"}],"twitter_card":"summary_large_image","twitter_misc":{"Dur\u00e9e de lecture estim\u00e9e":"1 minute"},"schema":{"@context":"https:\/\/schema.org","@graph":[{"@type":"WebPage","@id":"https:\/\/pharmadreams.shop\/index.php\/product\/innovaderm-mousse-nettoyante-peau-seche-150-ml\/","url":"https:\/\/pharmadreams.shop\/index.php\/product\/innovaderm-mousse-nettoyante-peau-seche-150-ml\/","name":"INNOVADERM Mousse Nettoyante Peau S\u00e8che 150 ml - pharmadreams","isPartOf":{"@id":"https:\/\/pharmadreams.shop\/#website"},"primaryImageOfPage":{"@id":"https:\/\/pharmadreams.shop\/index.php\/product\/innovaderm-mousse-nettoyante-peau-seche-150-ml\/#primaryimage"},"image":{"@id":"https:\/\/pharmadreams.shop\/index.php\/product\/innovaderm-mousse-nettoyante-peau-seche-150-ml\/#primaryimage"},"thumbnailUrl":"https:\/\/pharmadreams.shop\/wp-content\/uploads\/2024\/05\/innovaderm-nousse-nettoyante-p-normseches-150ml-.webp","datePublished":"2024-05-08T17:47:20+00:00","dateModified":"2024-05-08T17:47:21+00:00","breadcrumb":{"@id":"https:\/\/pharmadreams.shop\/index.php\/product\/innovaderm-mousse-nettoyante-peau-seche-150-ml\/#breadcrumb"},"inLanguage":"fr-FR","potentialAction":[{"@type":"ReadAction","target":["https:\/\/pharmadreams.shop\/index.php\/product\/innovaderm-mousse-nettoyante-peau-seche-150-ml\/"]}]},{"@type":"ImageObject","inLanguage":"fr-FR","@id":"https:\/\/pharmadreams.shop\/index.php\/product\/innovaderm-mousse-nettoyante-peau-seche-150-ml\/#primaryimage","url":"https:\/\/pharmadreams.shop\/wp-content\/uploads\/2024\/05\/innovaderm-nousse-nettoyante-p-normseches-150ml-.webp","contentUrl":"https:\/\/pharmadreams.shop\/wp-content\/uploads\/2024\/05\/innovaderm-nousse-nettoyante-p-normseches-150ml-.webp","width":700,"height":832},{"@type":"BreadcrumbList","@id":"https:\/\/pharmadreams.shop\/index.php\/product\/innovaderm-mousse-nettoyante-peau-seche-150-ml\/#breadcrumb","itemListElement":[{"@type":"ListItem","position":1,"name":"Accueil","item":"https:\/\/pharmadreams.shop\/"},{"@type":"ListItem","position":2,"name":"Shop","item":"https:\/\/pharmadreams.shop\/index.php\/shop\/"},{"@type":"ListItem","position":3,"name":"INNOVADERM Mousse Nettoyante Peau S\u00e8che 150 ml"}]},{"@type":"WebSite","@id":"https:\/\/pharmadreams.shop\/#website","url":"https:\/\/pharmadreams.shop\/","name":"pharmadreams","description":"Parapharmacie en ligne","potentialAction":[{"@type":"SearchAction","target":{"@type":"EntryPoint","urlTemplate":"https:\/\/pharmadreams.shop\/?s={search_term_string}"},"query-input":"required name=search_term_string"}],"inLanguage":"fr-FR"}]}},"_links":{"self":[{"href":"https:\/\/pharmadreams.shop\/index.php\/wp-json\/wp\/v2\/product\/18150","targetHints":{"allow":["GET"]}}],"collection":[{"href":"https:\/\/pharmadreams.shop\/index.php\/wp-json\/wp\/v2\/product"}],"about":[{"href":"https:\/\/pharmadreams.shop\/index.php\/wp-json\/wp\/v2\/types\/product"}],"replies":[{"embeddable":true,"href":"https:\/\/pharmadreams.shop\/index.php\/wp-json\/wp\/v2\/comments?post=18150"}],"version-history":[{"count":0,"href":"https:\/\/pharmadreams.shop\/index.php\/wp-json\/wp\/v2\/product\/18150\/revisions"}],"wp:featuredmedia":[{"embeddable":true,"href":"https:\/\/pharmadreams.shop\/index.php\/wp-json\/wp\/v2\/media\/18151"}],"wp:attachment":[{"href":"https:\/\/pharmadreams.shop\/index.php\/wp-json\/wp\/v2\/media?parent=18150"}],"wp:term":[{"taxonomy":"product_brand","embeddable":true,"href":"https:\/\/pharmadreams.shop\/index.php\/wp-json\/wp\/v2\/product_brand?post=18150"},{"taxonomy":"product_cat","embeddable":true,"href":"https:\/\/pharmadreams.shop\/index.php\/wp-json\/wp\/v2\/product_cat?post=18150"},{"taxonomy":"product_tag","embeddable":true,"href":"https:\/\/pharmadreams.shop\/index.php\/wp-json\/wp\/v2\/product_tag?post=18150"}],"curies":[{"name":"wp","href":"https:\/\/api.w.org\/{rel}","templated":true}]}}