{"id":18153,"date":"2024-05-08T18:52:45","date_gmt":"2024-05-08T17:52:45","guid":{"rendered":"https:\/\/pharmadreams.shop\/?post_type=product&#038;p=18153"},"modified":"2024-05-08T18:52:46","modified_gmt":"2024-05-08T17:52:46","slug":"innovaderm-stop-pigment-creme-de-nuit-50ml","status":"publish","type":"product","link":"https:\/\/pharmadreams.shop\/index.php\/product\/innovaderm-stop-pigment-creme-de-nuit-50ml\/","title":{"rendered":"Innovaderm Stop Pigment Cr\u00e8me de Nuit 50ml"},"content":{"rendered":"","protected":false},"excerpt":{"rendered":"<p>INNOVADERM STOP PIGMENT CREME DE NUIT ; votre secret pour une peau r\u00e9g\u00e9n\u00e9r\u00e9e, un teint unifi\u00e9 et \u00e9clatant. Notre cr\u00e8me de nuit de qualit\u00e9 sup\u00e9rieure est formul\u00e9e pour travailler en harmonie avec votre peau pendant que vous dormez, pour des r\u00e9sultats visibles au r\u00e9veil.<\/p>\n<p>Le Complexe Asyntra 25% Synovea HR-B3 est au c\u0153ur de cette formule exceptionnelle. Il agit en profondeur pour att\u00e9nuer les t\u00e2ches pigment\u00e9es existantes, r\u00e9v\u00e9lant une peau plus lumineuse et uniforme. De plus, il joue un r\u00f4le pr\u00e9ventif essentiel en emp\u00eachant l\u2019apparition de nouvelles t\u00e2ches pigment\u00e9es, pour une peau \u00e9clatante et sans imperfections.<\/p>\n<p>INNOVADERM STOP PIGMENT CREME DE NUIT ne se contente pas de traiter les probl\u00e8mes pigmentaires. Elle est \u00e9galement enrichie en acide hyaluronique, un ingr\u00e9dient miracle qui raffermit et lisse la peau. L\u2019acide hyaluronique maintient l\u2019hydratation de la peau, limitant ainsi la perte d\u2019eau, ce qui vous laisse avec une peau d\u2019apparence plus jeune et plus souple.<\/p>\n<p>L\u2019INNOVADERM STOP PIGMENT CR\u00c8ME DE NUIT 50ML est la r\u00e9ponse \u00e0 vos besoins de soins de la peau nocturnes. Elle travaille en harmonie avec votre peau tout au long de la nuit, vous offrant des r\u00e9sultats visibles et durables. R\u00e9veillez-vous avec un teint radieux et une peau plus lisse, gr\u00e2ce \u00e0 cette cr\u00e8me r\u00e9paratrice.<\/p>\n","protected":false},"featured_media":18154,"comment_status":"open","ping_status":"closed","template":"","meta":[],"product_brand":[],"product_cat":[90,330,78,134,242,20],"product_tag":[],"class_list":{"0":"post-18153","1":"product","2":"type-product","3":"status-publish","4":"has-post-thumbnail","6":"product_cat-anti-tache","7":"product_cat-correction-de-teint","8":"product_cat-cremes","9":"product_cat-eclat","10":"product_cat-peaux-acneiques","11":"product_cat-visage","13":"first","14":"instock","15":"sale","16":"shipping-taxable","17":"purchasable","18":"product-type-simple"},"yoast_head":"<!-- This site is optimized with the Yoast SEO plugin v23.0 - https:\/\/yoast.com\/wordpress\/plugins\/seo\/ -->\n<title>Innovaderm Stop Pigment Cr\u00e8me de Nuit 50ml - pharmadreams<\/title>\n<meta name=\"robots\" content=\"index, follow, max-snippet:-1, max-image-preview:large, max-video-preview:-1\" \/>\n<link rel=\"canonical\" href=\"https:\/\/pharmadreams.shop\/index.php\/product\/innovaderm-stop-pigment-creme-de-nuit-50ml\/\" \/>\n<meta property=\"og:locale\" content=\"fr_FR\" \/>\n<meta property=\"og:type\" content=\"article\" \/>\n<meta property=\"og:title\" content=\"Innovaderm Stop Pigment Cr\u00e8me de Nuit 50ml - pharmadreams\" \/>\n<meta property=\"og:description\" content=\"INNOVADERM STOP PIGMENT CREME DE NUIT ; votre secret pour une peau r\u00e9g\u00e9n\u00e9r\u00e9e, un teint unifi\u00e9 et \u00e9clatant. Notre cr\u00e8me de nuit de qualit\u00e9 sup\u00e9rieure est formul\u00e9e pour travailler en harmonie avec votre peau pendant que vous dormez, pour des r\u00e9sultats visibles au r\u00e9veil.  Le Complexe Asyntra 25% Synovea HR-B3 est au c\u0153ur de cette formule exceptionnelle. Il agit en profondeur pour att\u00e9nuer les t\u00e2ches pigment\u00e9es existantes, r\u00e9v\u00e9lant une peau plus lumineuse et uniforme. De plus, il joue un r\u00f4le pr\u00e9ventif essentiel en emp\u00eachant l\u2019apparition de nouvelles t\u00e2ches pigment\u00e9es, pour une peau \u00e9clatante et sans imperfections.  INNOVADERM STOP PIGMENT CREME DE NUIT ne se contente pas de traiter les probl\u00e8mes pigmentaires. Elle est \u00e9galement enrichie en acide hyaluronique, un ingr\u00e9dient miracle qui raffermit et lisse la peau. L\u2019acide hyaluronique maintient l\u2019hydratation de la peau, limitant ainsi la perte d\u2019eau, ce qui vous laisse avec une peau d\u2019apparence plus jeune et plus souple.  L\u2019INNOVADERM STOP PIGMENT CR\u00c8ME DE NUIT 50ML est la r\u00e9ponse \u00e0 vos besoins de soins de la peau nocturnes. Elle travaille en harmonie avec votre peau tout au long de la nuit, vous offrant des r\u00e9sultats visibles et durables. R\u00e9veillez-vous avec un teint radieux et une peau plus lisse, gr\u00e2ce \u00e0 cette cr\u00e8me r\u00e9paratrice.\" \/>\n<meta property=\"og:url\" content=\"https:\/\/pharmadreams.shop\/index.php\/product\/innovaderm-stop-pigment-creme-de-nuit-50ml\/\" \/>\n<meta property=\"og:site_name\" content=\"pharmadreams\" \/>\n<meta property=\"article:modified_time\" content=\"2024-05-08T17:52:46+00:00\" \/>\n<meta property=\"og:image\" content=\"https:\/\/pharmadreams.shop\/wp-content\/uploads\/2024\/05\/innovaderm-stop-pigment-creme-de-nuit.webp\" \/>\n\t<meta property=\"og:image:width\" content=\"800\" \/>\n\t<meta property=\"og:image:height\" content=\"800\" \/>\n\t<meta property=\"og:image:type\" content=\"image\/webp\" \/>\n<meta name=\"twitter:card\" content=\"summary_large_image\" \/>\n<meta name=\"twitter:label1\" content=\"Dur\u00e9e de lecture estim\u00e9e\" \/>\n\t<meta name=\"twitter:data1\" content=\"1 minute\" \/>\n<script type=\"application\/ld+json\" class=\"yoast-schema-graph\">{\"@context\":\"https:\/\/schema.org\",\"@graph\":[{\"@type\":\"WebPage\",\"@id\":\"https:\/\/pharmadreams.shop\/index.php\/product\/innovaderm-stop-pigment-creme-de-nuit-50ml\/\",\"url\":\"https:\/\/pharmadreams.shop\/index.php\/product\/innovaderm-stop-pigment-creme-de-nuit-50ml\/\",\"name\":\"Innovaderm Stop Pigment Cr\u00e8me de Nuit 50ml - pharmadreams\",\"isPartOf\":{\"@id\":\"https:\/\/pharmadreams.shop\/#website\"},\"primaryImageOfPage\":{\"@id\":\"https:\/\/pharmadreams.shop\/index.php\/product\/innovaderm-stop-pigment-creme-de-nuit-50ml\/#primaryimage\"},\"image\":{\"@id\":\"https:\/\/pharmadreams.shop\/index.php\/product\/innovaderm-stop-pigment-creme-de-nuit-50ml\/#primaryimage\"},\"thumbnailUrl\":\"https:\/\/pharmadreams.shop\/wp-content\/uploads\/2024\/05\/innovaderm-stop-pigment-creme-de-nuit.webp\",\"datePublished\":\"2024-05-08T17:52:45+00:00\",\"dateModified\":\"2024-05-08T17:52:46+00:00\",\"breadcrumb\":{\"@id\":\"https:\/\/pharmadreams.shop\/index.php\/product\/innovaderm-stop-pigment-creme-de-nuit-50ml\/#breadcrumb\"},\"inLanguage\":\"fr-FR\",\"potentialAction\":[{\"@type\":\"ReadAction\",\"target\":[\"https:\/\/pharmadreams.shop\/index.php\/product\/innovaderm-stop-pigment-creme-de-nuit-50ml\/\"]}]},{\"@type\":\"ImageObject\",\"inLanguage\":\"fr-FR\",\"@id\":\"https:\/\/pharmadreams.shop\/index.php\/product\/innovaderm-stop-pigment-creme-de-nuit-50ml\/#primaryimage\",\"url\":\"https:\/\/pharmadreams.shop\/wp-content\/uploads\/2024\/05\/innovaderm-stop-pigment-creme-de-nuit.webp\",\"contentUrl\":\"https:\/\/pharmadreams.shop\/wp-content\/uploads\/2024\/05\/innovaderm-stop-pigment-creme-de-nuit.webp\",\"width\":800,\"height\":800},{\"@type\":\"BreadcrumbList\",\"@id\":\"https:\/\/pharmadreams.shop\/index.php\/product\/innovaderm-stop-pigment-creme-de-nuit-50ml\/#breadcrumb\",\"itemListElement\":[{\"@type\":\"ListItem\",\"position\":1,\"name\":\"Accueil\",\"item\":\"https:\/\/pharmadreams.shop\/\"},{\"@type\":\"ListItem\",\"position\":2,\"name\":\"Shop\",\"item\":\"https:\/\/pharmadreams.shop\/index.php\/shop\/\"},{\"@type\":\"ListItem\",\"position\":3,\"name\":\"Innovaderm Stop Pigment Cr\u00e8me de Nuit 50ml\"}]},{\"@type\":\"WebSite\",\"@id\":\"https:\/\/pharmadreams.shop\/#website\",\"url\":\"https:\/\/pharmadreams.shop\/\",\"name\":\"pharmadreams\",\"description\":\"Parapharmacie en ligne\",\"potentialAction\":[{\"@type\":\"SearchAction\",\"target\":{\"@type\":\"EntryPoint\",\"urlTemplate\":\"https:\/\/pharmadreams.shop\/?s={search_term_string}\"},\"query-input\":\"required name=search_term_string\"}],\"inLanguage\":\"fr-FR\"}]}<\/script>\n<!-- \/ Yoast SEO plugin. -->","yoast_head_json":{"title":"Innovaderm Stop Pigment Cr\u00e8me de Nuit 50ml - pharmadreams","robots":{"index":"index","follow":"follow","max-snippet":"max-snippet:-1","max-image-preview":"max-image-preview:large","max-video-preview":"max-video-preview:-1"},"canonical":"https:\/\/pharmadreams.shop\/index.php\/product\/innovaderm-stop-pigment-creme-de-nuit-50ml\/","og_locale":"fr_FR","og_type":"article","og_title":"Innovaderm Stop Pigment Cr\u00e8me de Nuit 50ml - pharmadreams","og_description":"INNOVADERM STOP PIGMENT CREME DE NUIT ; votre secret pour une peau r\u00e9g\u00e9n\u00e9r\u00e9e, un teint unifi\u00e9 et \u00e9clatant. Notre cr\u00e8me de nuit de qualit\u00e9 sup\u00e9rieure est formul\u00e9e pour travailler en harmonie avec votre peau pendant que vous dormez, pour des r\u00e9sultats visibles au r\u00e9veil.  Le Complexe Asyntra 25% Synovea HR-B3 est au c\u0153ur de cette formule exceptionnelle. Il agit en profondeur pour att\u00e9nuer les t\u00e2ches pigment\u00e9es existantes, r\u00e9v\u00e9lant une peau plus lumineuse et uniforme. De plus, il joue un r\u00f4le pr\u00e9ventif essentiel en emp\u00eachant l\u2019apparition de nouvelles t\u00e2ches pigment\u00e9es, pour une peau \u00e9clatante et sans imperfections.  INNOVADERM STOP PIGMENT CREME DE NUIT ne se contente pas de traiter les probl\u00e8mes pigmentaires. Elle est \u00e9galement enrichie en acide hyaluronique, un ingr\u00e9dient miracle qui raffermit et lisse la peau. L\u2019acide hyaluronique maintient l\u2019hydratation de la peau, limitant ainsi la perte d\u2019eau, ce qui vous laisse avec une peau d\u2019apparence plus jeune et plus souple.  L\u2019INNOVADERM STOP PIGMENT CR\u00c8ME DE NUIT 50ML est la r\u00e9ponse \u00e0 vos besoins de soins de la peau nocturnes. Elle travaille en harmonie avec votre peau tout au long de la nuit, vous offrant des r\u00e9sultats visibles et durables. R\u00e9veillez-vous avec un teint radieux et une peau plus lisse, gr\u00e2ce \u00e0 cette cr\u00e8me r\u00e9paratrice.","og_url":"https:\/\/pharmadreams.shop\/index.php\/product\/innovaderm-stop-pigment-creme-de-nuit-50ml\/","og_site_name":"pharmadreams","article_modified_time":"2024-05-08T17:52:46+00:00","og_image":[{"width":800,"height":800,"url":"https:\/\/pharmadreams.shop\/wp-content\/uploads\/2024\/05\/innovaderm-stop-pigment-creme-de-nuit.webp","type":"image\/webp"}],"twitter_card":"summary_large_image","twitter_misc":{"Dur\u00e9e de lecture estim\u00e9e":"1 minute"},"schema":{"@context":"https:\/\/schema.org","@graph":[{"@type":"WebPage","@id":"https:\/\/pharmadreams.shop\/index.php\/product\/innovaderm-stop-pigment-creme-de-nuit-50ml\/","url":"https:\/\/pharmadreams.shop\/index.php\/product\/innovaderm-stop-pigment-creme-de-nuit-50ml\/","name":"Innovaderm Stop Pigment Cr\u00e8me de Nuit 50ml - pharmadreams","isPartOf":{"@id":"https:\/\/pharmadreams.shop\/#website"},"primaryImageOfPage":{"@id":"https:\/\/pharmadreams.shop\/index.php\/product\/innovaderm-stop-pigment-creme-de-nuit-50ml\/#primaryimage"},"image":{"@id":"https:\/\/pharmadreams.shop\/index.php\/product\/innovaderm-stop-pigment-creme-de-nuit-50ml\/#primaryimage"},"thumbnailUrl":"https:\/\/pharmadreams.shop\/wp-content\/uploads\/2024\/05\/innovaderm-stop-pigment-creme-de-nuit.webp","datePublished":"2024-05-08T17:52:45+00:00","dateModified":"2024-05-08T17:52:46+00:00","breadcrumb":{"@id":"https:\/\/pharmadreams.shop\/index.php\/product\/innovaderm-stop-pigment-creme-de-nuit-50ml\/#breadcrumb"},"inLanguage":"fr-FR","potentialAction":[{"@type":"ReadAction","target":["https:\/\/pharmadreams.shop\/index.php\/product\/innovaderm-stop-pigment-creme-de-nuit-50ml\/"]}]},{"@type":"ImageObject","inLanguage":"fr-FR","@id":"https:\/\/pharmadreams.shop\/index.php\/product\/innovaderm-stop-pigment-creme-de-nuit-50ml\/#primaryimage","url":"https:\/\/pharmadreams.shop\/wp-content\/uploads\/2024\/05\/innovaderm-stop-pigment-creme-de-nuit.webp","contentUrl":"https:\/\/pharmadreams.shop\/wp-content\/uploads\/2024\/05\/innovaderm-stop-pigment-creme-de-nuit.webp","width":800,"height":800},{"@type":"BreadcrumbList","@id":"https:\/\/pharmadreams.shop\/index.php\/product\/innovaderm-stop-pigment-creme-de-nuit-50ml\/#breadcrumb","itemListElement":[{"@type":"ListItem","position":1,"name":"Accueil","item":"https:\/\/pharmadreams.shop\/"},{"@type":"ListItem","position":2,"name":"Shop","item":"https:\/\/pharmadreams.shop\/index.php\/shop\/"},{"@type":"ListItem","position":3,"name":"Innovaderm Stop Pigment Cr\u00e8me de Nuit 50ml"}]},{"@type":"WebSite","@id":"https:\/\/pharmadreams.shop\/#website","url":"https:\/\/pharmadreams.shop\/","name":"pharmadreams","description":"Parapharmacie en ligne","potentialAction":[{"@type":"SearchAction","target":{"@type":"EntryPoint","urlTemplate":"https:\/\/pharmadreams.shop\/?s={search_term_string}"},"query-input":"required name=search_term_string"}],"inLanguage":"fr-FR"}]}},"_links":{"self":[{"href":"https:\/\/pharmadreams.shop\/index.php\/wp-json\/wp\/v2\/product\/18153","targetHints":{"allow":["GET"]}}],"collection":[{"href":"https:\/\/pharmadreams.shop\/index.php\/wp-json\/wp\/v2\/product"}],"about":[{"href":"https:\/\/pharmadreams.shop\/index.php\/wp-json\/wp\/v2\/types\/product"}],"replies":[{"embeddable":true,"href":"https:\/\/pharmadreams.shop\/index.php\/wp-json\/wp\/v2\/comments?post=18153"}],"version-history":[{"count":0,"href":"https:\/\/pharmadreams.shop\/index.php\/wp-json\/wp\/v2\/product\/18153\/revisions"}],"wp:featuredmedia":[{"embeddable":true,"href":"https:\/\/pharmadreams.shop\/index.php\/wp-json\/wp\/v2\/media\/18154"}],"wp:attachment":[{"href":"https:\/\/pharmadreams.shop\/index.php\/wp-json\/wp\/v2\/media?parent=18153"}],"wp:term":[{"taxonomy":"product_brand","embeddable":true,"href":"https:\/\/pharmadreams.shop\/index.php\/wp-json\/wp\/v2\/product_brand?post=18153"},{"taxonomy":"product_cat","embeddable":true,"href":"https:\/\/pharmadreams.shop\/index.php\/wp-json\/wp\/v2\/product_cat?post=18153"},{"taxonomy":"product_tag","embeddable":true,"href":"https:\/\/pharmadreams.shop\/index.php\/wp-json\/wp\/v2\/product_tag?post=18153"}],"curies":[{"name":"wp","href":"https:\/\/api.w.org\/{rel}","templated":true}]}}