{"id":18156,"date":"2024-05-08T18:57:12","date_gmt":"2024-05-08T17:57:12","guid":{"rendered":"https:\/\/pharmadreams.shop\/?post_type=product&#038;p=18156"},"modified":"2024-05-08T18:57:13","modified_gmt":"2024-05-08T17:57:13","slug":"innovaderm-stop-pigment-creme-jour-spf50-50ml","status":"publish","type":"product","link":"https:\/\/pharmadreams.shop\/index.php\/product\/innovaderm-stop-pigment-creme-jour-spf50-50ml\/","title":{"rendered":"Innovaderm Stop Pigment Cr\u00e8me Jour SPF50+ 50ml"},"content":{"rendered":"","protected":false},"excerpt":{"rendered":"<p>INNOVADERM STOP PIGMENT SPF50 r\u00e9duit et pr\u00e9vient l\u00b4intensit\u00e9 et la taille de nouvelles t\u00e2ches pigmentaires gr\u00e2ce \u00e0 son complexe Asyntra 25%synovea HR-B3 qui agit efficacement et durablement sur les t\u00e2ches pigment\u00e9es<\/p>\n<p>L\u2019INNOVADERM STOP PIGMENT SPF50 est \u00e9galement dot\u00e9 d\u2019une protection solaire SPF50, vous offrant une double action : elle pr\u00e9vient non seulement l\u2019apparition de nouvelles t\u00e2ches pigmentaires, mais elle prot\u00e8ge \u00e9galement votre peau des rayons UV nocifs. C\u2019est une formule compl\u00e8te qui prend soin de votre peau tout au long de la journ\u00e9e.<\/p>\n<p>la licorice \u00e9xtrait de reglise va reguler le processus de pigmentation (soulage les irritations les rougeurs et anti inflammatoire) Inhibiteur de la tyrosine intervient dans la synth\u00e8se de la m\u00e9lanine<br \/>\nLe tocopherol (vitamine E)protection contre les l\u00b4oxydation<br \/>\nLe panthenol (vitamine B5)connue pour ses propri\u00e9t\u00e9s hydratantes et appaisantes<br \/>\nL\u2019acide hyaluronique qui va maintenir le niveau d\u00b4hydratation et limite la perte d\u00b4eau.<\/p>\n","protected":false},"featured_media":18157,"comment_status":"open","ping_status":"closed","template":"","meta":[],"product_brand":[],"product_cat":[90,330,78,134,233,20],"product_tag":[],"class_list":{"0":"post-18156","1":"product","2":"type-product","3":"status-publish","4":"has-post-thumbnail","6":"product_cat-anti-tache","7":"product_cat-correction-de-teint","8":"product_cat-cremes","9":"product_cat-eclat","10":"product_cat-protection-solaire","11":"product_cat-visage","13":"first","14":"instock","15":"sale","16":"shipping-taxable","17":"purchasable","18":"product-type-simple"},"yoast_head":"<!-- This site is optimized with the Yoast SEO plugin v23.0 - https:\/\/yoast.com\/wordpress\/plugins\/seo\/ -->\n<title>Innovaderm Stop Pigment Cr\u00e8me Jour SPF50+ 50ml - pharmadreams<\/title>\n<meta name=\"robots\" content=\"index, follow, max-snippet:-1, max-image-preview:large, max-video-preview:-1\" \/>\n<link rel=\"canonical\" href=\"https:\/\/pharmadreams.shop\/index.php\/product\/innovaderm-stop-pigment-creme-jour-spf50-50ml\/\" \/>\n<meta property=\"og:locale\" content=\"fr_FR\" \/>\n<meta property=\"og:type\" content=\"article\" \/>\n<meta property=\"og:title\" content=\"Innovaderm Stop Pigment Cr\u00e8me Jour SPF50+ 50ml - pharmadreams\" \/>\n<meta property=\"og:description\" content=\"INNOVADERM STOP PIGMENT SPF50 r\u00e9duit et pr\u00e9vient l\u00b4intensit\u00e9 et la taille de nouvelles t\u00e2ches pigmentaires gr\u00e2ce \u00e0 son complexe Asyntra 25%synovea HR-B3 qui agit efficacement et durablement sur les t\u00e2ches pigment\u00e9es  L\u2019INNOVADERM STOP PIGMENT SPF50 est \u00e9galement dot\u00e9 d\u2019une protection solaire SPF50, vous offrant une double action : elle pr\u00e9vient non seulement l\u2019apparition de nouvelles t\u00e2ches pigmentaires, mais elle prot\u00e8ge \u00e9galement votre peau des rayons UV nocifs. C\u2019est une formule compl\u00e8te qui prend soin de votre peau tout au long de la journ\u00e9e.  la licorice \u00e9xtrait de reglise va reguler le processus de pigmentation (soulage les irritations les rougeurs et anti inflammatoire) Inhibiteur de la tyrosine intervient dans la synth\u00e8se de la m\u00e9lanine Le tocopherol (vitamine E)protection contre les l\u00b4oxydation Le panthenol (vitamine B5)connue pour ses propri\u00e9t\u00e9s hydratantes et appaisantes L\u2019acide hyaluronique qui va maintenir le niveau d\u00b4hydratation et limite la perte d\u00b4eau.\" \/>\n<meta property=\"og:url\" content=\"https:\/\/pharmadreams.shop\/index.php\/product\/innovaderm-stop-pigment-creme-jour-spf50-50ml\/\" \/>\n<meta property=\"og:site_name\" content=\"pharmadreams\" \/>\n<meta property=\"article:modified_time\" content=\"2024-05-08T17:57:13+00:00\" \/>\n<meta property=\"og:image\" content=\"https:\/\/pharmadreams.shop\/wp-content\/uploads\/2024\/05\/innovaderm-stop-pigment-creme-jour-spf-50.webp\" \/>\n\t<meta property=\"og:image:width\" content=\"800\" \/>\n\t<meta property=\"og:image:height\" content=\"800\" \/>\n\t<meta property=\"og:image:type\" content=\"image\/webp\" \/>\n<meta name=\"twitter:card\" content=\"summary_large_image\" \/>\n<meta name=\"twitter:label1\" content=\"Dur\u00e9e de lecture estim\u00e9e\" \/>\n\t<meta name=\"twitter:data1\" content=\"1 minute\" \/>\n<script type=\"application\/ld+json\" class=\"yoast-schema-graph\">{\"@context\":\"https:\/\/schema.org\",\"@graph\":[{\"@type\":\"WebPage\",\"@id\":\"https:\/\/pharmadreams.shop\/index.php\/product\/innovaderm-stop-pigment-creme-jour-spf50-50ml\/\",\"url\":\"https:\/\/pharmadreams.shop\/index.php\/product\/innovaderm-stop-pigment-creme-jour-spf50-50ml\/\",\"name\":\"Innovaderm Stop Pigment Cr\u00e8me Jour SPF50+ 50ml - pharmadreams\",\"isPartOf\":{\"@id\":\"https:\/\/pharmadreams.shop\/#website\"},\"primaryImageOfPage\":{\"@id\":\"https:\/\/pharmadreams.shop\/index.php\/product\/innovaderm-stop-pigment-creme-jour-spf50-50ml\/#primaryimage\"},\"image\":{\"@id\":\"https:\/\/pharmadreams.shop\/index.php\/product\/innovaderm-stop-pigment-creme-jour-spf50-50ml\/#primaryimage\"},\"thumbnailUrl\":\"https:\/\/pharmadreams.shop\/wp-content\/uploads\/2024\/05\/innovaderm-stop-pigment-creme-jour-spf-50.webp\",\"datePublished\":\"2024-05-08T17:57:12+00:00\",\"dateModified\":\"2024-05-08T17:57:13+00:00\",\"breadcrumb\":{\"@id\":\"https:\/\/pharmadreams.shop\/index.php\/product\/innovaderm-stop-pigment-creme-jour-spf50-50ml\/#breadcrumb\"},\"inLanguage\":\"fr-FR\",\"potentialAction\":[{\"@type\":\"ReadAction\",\"target\":[\"https:\/\/pharmadreams.shop\/index.php\/product\/innovaderm-stop-pigment-creme-jour-spf50-50ml\/\"]}]},{\"@type\":\"ImageObject\",\"inLanguage\":\"fr-FR\",\"@id\":\"https:\/\/pharmadreams.shop\/index.php\/product\/innovaderm-stop-pigment-creme-jour-spf50-50ml\/#primaryimage\",\"url\":\"https:\/\/pharmadreams.shop\/wp-content\/uploads\/2024\/05\/innovaderm-stop-pigment-creme-jour-spf-50.webp\",\"contentUrl\":\"https:\/\/pharmadreams.shop\/wp-content\/uploads\/2024\/05\/innovaderm-stop-pigment-creme-jour-spf-50.webp\",\"width\":800,\"height\":800},{\"@type\":\"BreadcrumbList\",\"@id\":\"https:\/\/pharmadreams.shop\/index.php\/product\/innovaderm-stop-pigment-creme-jour-spf50-50ml\/#breadcrumb\",\"itemListElement\":[{\"@type\":\"ListItem\",\"position\":1,\"name\":\"Accueil\",\"item\":\"https:\/\/pharmadreams.shop\/\"},{\"@type\":\"ListItem\",\"position\":2,\"name\":\"Shop\",\"item\":\"https:\/\/pharmadreams.shop\/index.php\/shop\/\"},{\"@type\":\"ListItem\",\"position\":3,\"name\":\"Innovaderm Stop Pigment Cr\u00e8me Jour SPF50+ 50ml\"}]},{\"@type\":\"WebSite\",\"@id\":\"https:\/\/pharmadreams.shop\/#website\",\"url\":\"https:\/\/pharmadreams.shop\/\",\"name\":\"pharmadreams\",\"description\":\"Parapharmacie en ligne\",\"potentialAction\":[{\"@type\":\"SearchAction\",\"target\":{\"@type\":\"EntryPoint\",\"urlTemplate\":\"https:\/\/pharmadreams.shop\/?s={search_term_string}\"},\"query-input\":\"required name=search_term_string\"}],\"inLanguage\":\"fr-FR\"}]}<\/script>\n<!-- \/ Yoast SEO plugin. -->","yoast_head_json":{"title":"Innovaderm Stop Pigment Cr\u00e8me Jour SPF50+ 50ml - pharmadreams","robots":{"index":"index","follow":"follow","max-snippet":"max-snippet:-1","max-image-preview":"max-image-preview:large","max-video-preview":"max-video-preview:-1"},"canonical":"https:\/\/pharmadreams.shop\/index.php\/product\/innovaderm-stop-pigment-creme-jour-spf50-50ml\/","og_locale":"fr_FR","og_type":"article","og_title":"Innovaderm Stop Pigment Cr\u00e8me Jour SPF50+ 50ml - pharmadreams","og_description":"INNOVADERM STOP PIGMENT SPF50 r\u00e9duit et pr\u00e9vient l\u00b4intensit\u00e9 et la taille de nouvelles t\u00e2ches pigmentaires gr\u00e2ce \u00e0 son complexe Asyntra 25%synovea HR-B3 qui agit efficacement et durablement sur les t\u00e2ches pigment\u00e9es  L\u2019INNOVADERM STOP PIGMENT SPF50 est \u00e9galement dot\u00e9 d\u2019une protection solaire SPF50, vous offrant une double action : elle pr\u00e9vient non seulement l\u2019apparition de nouvelles t\u00e2ches pigmentaires, mais elle prot\u00e8ge \u00e9galement votre peau des rayons UV nocifs. C\u2019est une formule compl\u00e8te qui prend soin de votre peau tout au long de la journ\u00e9e.  la licorice \u00e9xtrait de reglise va reguler le processus de pigmentation (soulage les irritations les rougeurs et anti inflammatoire) Inhibiteur de la tyrosine intervient dans la synth\u00e8se de la m\u00e9lanine Le tocopherol (vitamine E)protection contre les l\u00b4oxydation Le panthenol (vitamine B5)connue pour ses propri\u00e9t\u00e9s hydratantes et appaisantes L\u2019acide hyaluronique qui va maintenir le niveau d\u00b4hydratation et limite la perte d\u00b4eau.","og_url":"https:\/\/pharmadreams.shop\/index.php\/product\/innovaderm-stop-pigment-creme-jour-spf50-50ml\/","og_site_name":"pharmadreams","article_modified_time":"2024-05-08T17:57:13+00:00","og_image":[{"width":800,"height":800,"url":"https:\/\/pharmadreams.shop\/wp-content\/uploads\/2024\/05\/innovaderm-stop-pigment-creme-jour-spf-50.webp","type":"image\/webp"}],"twitter_card":"summary_large_image","twitter_misc":{"Dur\u00e9e de lecture estim\u00e9e":"1 minute"},"schema":{"@context":"https:\/\/schema.org","@graph":[{"@type":"WebPage","@id":"https:\/\/pharmadreams.shop\/index.php\/product\/innovaderm-stop-pigment-creme-jour-spf50-50ml\/","url":"https:\/\/pharmadreams.shop\/index.php\/product\/innovaderm-stop-pigment-creme-jour-spf50-50ml\/","name":"Innovaderm Stop Pigment Cr\u00e8me Jour SPF50+ 50ml - pharmadreams","isPartOf":{"@id":"https:\/\/pharmadreams.shop\/#website"},"primaryImageOfPage":{"@id":"https:\/\/pharmadreams.shop\/index.php\/product\/innovaderm-stop-pigment-creme-jour-spf50-50ml\/#primaryimage"},"image":{"@id":"https:\/\/pharmadreams.shop\/index.php\/product\/innovaderm-stop-pigment-creme-jour-spf50-50ml\/#primaryimage"},"thumbnailUrl":"https:\/\/pharmadreams.shop\/wp-content\/uploads\/2024\/05\/innovaderm-stop-pigment-creme-jour-spf-50.webp","datePublished":"2024-05-08T17:57:12+00:00","dateModified":"2024-05-08T17:57:13+00:00","breadcrumb":{"@id":"https:\/\/pharmadreams.shop\/index.php\/product\/innovaderm-stop-pigment-creme-jour-spf50-50ml\/#breadcrumb"},"inLanguage":"fr-FR","potentialAction":[{"@type":"ReadAction","target":["https:\/\/pharmadreams.shop\/index.php\/product\/innovaderm-stop-pigment-creme-jour-spf50-50ml\/"]}]},{"@type":"ImageObject","inLanguage":"fr-FR","@id":"https:\/\/pharmadreams.shop\/index.php\/product\/innovaderm-stop-pigment-creme-jour-spf50-50ml\/#primaryimage","url":"https:\/\/pharmadreams.shop\/wp-content\/uploads\/2024\/05\/innovaderm-stop-pigment-creme-jour-spf-50.webp","contentUrl":"https:\/\/pharmadreams.shop\/wp-content\/uploads\/2024\/05\/innovaderm-stop-pigment-creme-jour-spf-50.webp","width":800,"height":800},{"@type":"BreadcrumbList","@id":"https:\/\/pharmadreams.shop\/index.php\/product\/innovaderm-stop-pigment-creme-jour-spf50-50ml\/#breadcrumb","itemListElement":[{"@type":"ListItem","position":1,"name":"Accueil","item":"https:\/\/pharmadreams.shop\/"},{"@type":"ListItem","position":2,"name":"Shop","item":"https:\/\/pharmadreams.shop\/index.php\/shop\/"},{"@type":"ListItem","position":3,"name":"Innovaderm Stop Pigment Cr\u00e8me Jour SPF50+ 50ml"}]},{"@type":"WebSite","@id":"https:\/\/pharmadreams.shop\/#website","url":"https:\/\/pharmadreams.shop\/","name":"pharmadreams","description":"Parapharmacie en ligne","potentialAction":[{"@type":"SearchAction","target":{"@type":"EntryPoint","urlTemplate":"https:\/\/pharmadreams.shop\/?s={search_term_string}"},"query-input":"required name=search_term_string"}],"inLanguage":"fr-FR"}]}},"_links":{"self":[{"href":"https:\/\/pharmadreams.shop\/index.php\/wp-json\/wp\/v2\/product\/18156","targetHints":{"allow":["GET"]}}],"collection":[{"href":"https:\/\/pharmadreams.shop\/index.php\/wp-json\/wp\/v2\/product"}],"about":[{"href":"https:\/\/pharmadreams.shop\/index.php\/wp-json\/wp\/v2\/types\/product"}],"replies":[{"embeddable":true,"href":"https:\/\/pharmadreams.shop\/index.php\/wp-json\/wp\/v2\/comments?post=18156"}],"version-history":[{"count":0,"href":"https:\/\/pharmadreams.shop\/index.php\/wp-json\/wp\/v2\/product\/18156\/revisions"}],"wp:featuredmedia":[{"embeddable":true,"href":"https:\/\/pharmadreams.shop\/index.php\/wp-json\/wp\/v2\/media\/18157"}],"wp:attachment":[{"href":"https:\/\/pharmadreams.shop\/index.php\/wp-json\/wp\/v2\/media?parent=18156"}],"wp:term":[{"taxonomy":"product_brand","embeddable":true,"href":"https:\/\/pharmadreams.shop\/index.php\/wp-json\/wp\/v2\/product_brand?post=18156"},{"taxonomy":"product_cat","embeddable":true,"href":"https:\/\/pharmadreams.shop\/index.php\/wp-json\/wp\/v2\/product_cat?post=18156"},{"taxonomy":"product_tag","embeddable":true,"href":"https:\/\/pharmadreams.shop\/index.php\/wp-json\/wp\/v2\/product_tag?post=18156"}],"curies":[{"name":"wp","href":"https:\/\/api.w.org\/{rel}","templated":true}]}}