{"id":18159,"date":"2024-05-08T19:05:06","date_gmt":"2024-05-08T18:05:06","guid":{"rendered":"https:\/\/pharmadreams.shop\/?post_type=product&#038;p=18159"},"modified":"2024-06-10T18:47:04","modified_gmt":"2024-06-10T17:47:04","slug":"innovaderm-creme-riche-hydratante-peaux-seche-50ml","status":"publish","type":"product","link":"https:\/\/pharmadreams.shop\/index.php\/product\/innovaderm-creme-riche-hydratante-peaux-seche-50ml\/","title":{"rendered":"INNOVADERM CREME RICHE HYDRATANTE PEAUX SECHE 50ML"},"content":{"rendered":"","protected":false},"excerpt":{"rendered":"<p>INNOVADERM Cr\u00e8me Hydratante \u00e0 l&rsquo;acide hyaluronique poss\u00e8de une texture unique qui s&rsquo;absorbe rapidement et p\u00e9n\u00e8tre en profondeur dans l&rsquo;\u00e9piderme pour hydrater la peau seche.<\/p>\n","protected":false},"featured_media":18160,"comment_status":"open","ping_status":"closed","template":"","meta":[],"product_brand":[],"product_cat":[78,98,79,20],"product_tag":[],"class_list":{"0":"post-18159","1":"product","2":"type-product","3":"status-publish","4":"has-post-thumbnail","6":"product_cat-cremes","7":"product_cat-hydratation","8":"product_cat-peaux-seches","9":"product_cat-visage","11":"first","12":"instock","13":"shipping-taxable","14":"purchasable","15":"product-type-simple"},"yoast_head":"<!-- This site is optimized with the Yoast SEO plugin v23.0 - https:\/\/yoast.com\/wordpress\/plugins\/seo\/ -->\n<title>INNOVADERM CREME RICHE HYDRATANTE PEAUX SECHE 50ML - pharmadreams<\/title>\n<meta name=\"robots\" content=\"index, follow, max-snippet:-1, max-image-preview:large, max-video-preview:-1\" \/>\n<link rel=\"canonical\" href=\"https:\/\/pharmadreams.shop\/index.php\/product\/innovaderm-creme-riche-hydratante-peaux-seche-50ml\/\" \/>\n<meta property=\"og:locale\" content=\"fr_FR\" \/>\n<meta property=\"og:type\" content=\"article\" \/>\n<meta property=\"og:title\" content=\"INNOVADERM CREME RICHE HYDRATANTE PEAUX SECHE 50ML - pharmadreams\" \/>\n<meta property=\"og:description\" content=\"INNOVADERM Cr\u00e8me Hydratante \u00e0 l&#039;acide hyaluronique poss\u00e8de une texture unique qui s&#039;absorbe rapidement et p\u00e9n\u00e8tre en profondeur dans l&#039;\u00e9piderme pour hydrater la peau seche.\" \/>\n<meta property=\"og:url\" content=\"https:\/\/pharmadreams.shop\/index.php\/product\/innovaderm-creme-riche-hydratante-peaux-seche-50ml\/\" \/>\n<meta property=\"og:site_name\" content=\"pharmadreams\" \/>\n<meta property=\"article:modified_time\" content=\"2024-06-10T17:47:04+00:00\" \/>\n<meta property=\"og:image\" content=\"https:\/\/pharmadreams.shop\/wp-content\/uploads\/2024\/05\/innovaderm-creme-riche-hydratante-visage-spf-20-50ml.jpg\" \/>\n\t<meta property=\"og:image:width\" content=\"452\" \/>\n\t<meta property=\"og:image:height\" content=\"452\" \/>\n\t<meta property=\"og:image:type\" content=\"image\/jpeg\" \/>\n<meta name=\"twitter:card\" content=\"summary_large_image\" \/>\n<meta name=\"twitter:label1\" content=\"Dur\u00e9e de lecture estim\u00e9e\" \/>\n\t<meta name=\"twitter:data1\" content=\"1 minute\" \/>\n<script type=\"application\/ld+json\" class=\"yoast-schema-graph\">{\"@context\":\"https:\/\/schema.org\",\"@graph\":[{\"@type\":\"WebPage\",\"@id\":\"https:\/\/pharmadreams.shop\/index.php\/product\/innovaderm-creme-riche-hydratante-peaux-seche-50ml\/\",\"url\":\"https:\/\/pharmadreams.shop\/index.php\/product\/innovaderm-creme-riche-hydratante-peaux-seche-50ml\/\",\"name\":\"INNOVADERM CREME RICHE HYDRATANTE PEAUX SECHE 50ML - pharmadreams\",\"isPartOf\":{\"@id\":\"https:\/\/pharmadreams.shop\/#website\"},\"primaryImageOfPage\":{\"@id\":\"https:\/\/pharmadreams.shop\/index.php\/product\/innovaderm-creme-riche-hydratante-peaux-seche-50ml\/#primaryimage\"},\"image\":{\"@id\":\"https:\/\/pharmadreams.shop\/index.php\/product\/innovaderm-creme-riche-hydratante-peaux-seche-50ml\/#primaryimage\"},\"thumbnailUrl\":\"https:\/\/pharmadreams.shop\/wp-content\/uploads\/2024\/05\/innovaderm-creme-riche-hydratante-visage-spf-20-50ml.jpg\",\"datePublished\":\"2024-05-08T18:05:06+00:00\",\"dateModified\":\"2024-06-10T17:47:04+00:00\",\"breadcrumb\":{\"@id\":\"https:\/\/pharmadreams.shop\/index.php\/product\/innovaderm-creme-riche-hydratante-peaux-seche-50ml\/#breadcrumb\"},\"inLanguage\":\"fr-FR\",\"potentialAction\":[{\"@type\":\"ReadAction\",\"target\":[\"https:\/\/pharmadreams.shop\/index.php\/product\/innovaderm-creme-riche-hydratante-peaux-seche-50ml\/\"]}]},{\"@type\":\"ImageObject\",\"inLanguage\":\"fr-FR\",\"@id\":\"https:\/\/pharmadreams.shop\/index.php\/product\/innovaderm-creme-riche-hydratante-peaux-seche-50ml\/#primaryimage\",\"url\":\"https:\/\/pharmadreams.shop\/wp-content\/uploads\/2024\/05\/innovaderm-creme-riche-hydratante-visage-spf-20-50ml.jpg\",\"contentUrl\":\"https:\/\/pharmadreams.shop\/wp-content\/uploads\/2024\/05\/innovaderm-creme-riche-hydratante-visage-spf-20-50ml.jpg\",\"width\":452,\"height\":452},{\"@type\":\"BreadcrumbList\",\"@id\":\"https:\/\/pharmadreams.shop\/index.php\/product\/innovaderm-creme-riche-hydratante-peaux-seche-50ml\/#breadcrumb\",\"itemListElement\":[{\"@type\":\"ListItem\",\"position\":1,\"name\":\"Accueil\",\"item\":\"https:\/\/pharmadreams.shop\/\"},{\"@type\":\"ListItem\",\"position\":2,\"name\":\"Shop\",\"item\":\"https:\/\/pharmadreams.shop\/index.php\/shop\/\"},{\"@type\":\"ListItem\",\"position\":3,\"name\":\"INNOVADERM CREME RICHE HYDRATANTE PEAUX SECHE 50ML\"}]},{\"@type\":\"WebSite\",\"@id\":\"https:\/\/pharmadreams.shop\/#website\",\"url\":\"https:\/\/pharmadreams.shop\/\",\"name\":\"pharmadreams\",\"description\":\"Parapharmacie en ligne\",\"potentialAction\":[{\"@type\":\"SearchAction\",\"target\":{\"@type\":\"EntryPoint\",\"urlTemplate\":\"https:\/\/pharmadreams.shop\/?s={search_term_string}\"},\"query-input\":\"required name=search_term_string\"}],\"inLanguage\":\"fr-FR\"}]}<\/script>\n<!-- \/ Yoast SEO plugin. -->","yoast_head_json":{"title":"INNOVADERM CREME RICHE HYDRATANTE PEAUX SECHE 50ML - pharmadreams","robots":{"index":"index","follow":"follow","max-snippet":"max-snippet:-1","max-image-preview":"max-image-preview:large","max-video-preview":"max-video-preview:-1"},"canonical":"https:\/\/pharmadreams.shop\/index.php\/product\/innovaderm-creme-riche-hydratante-peaux-seche-50ml\/","og_locale":"fr_FR","og_type":"article","og_title":"INNOVADERM CREME RICHE HYDRATANTE PEAUX SECHE 50ML - pharmadreams","og_description":"INNOVADERM Cr\u00e8me Hydratante \u00e0 l'acide hyaluronique poss\u00e8de une texture unique qui s'absorbe rapidement et p\u00e9n\u00e8tre en profondeur dans l'\u00e9piderme pour hydrater la peau seche.","og_url":"https:\/\/pharmadreams.shop\/index.php\/product\/innovaderm-creme-riche-hydratante-peaux-seche-50ml\/","og_site_name":"pharmadreams","article_modified_time":"2024-06-10T17:47:04+00:00","og_image":[{"width":452,"height":452,"url":"https:\/\/pharmadreams.shop\/wp-content\/uploads\/2024\/05\/innovaderm-creme-riche-hydratante-visage-spf-20-50ml.jpg","type":"image\/jpeg"}],"twitter_card":"summary_large_image","twitter_misc":{"Dur\u00e9e de lecture estim\u00e9e":"1 minute"},"schema":{"@context":"https:\/\/schema.org","@graph":[{"@type":"WebPage","@id":"https:\/\/pharmadreams.shop\/index.php\/product\/innovaderm-creme-riche-hydratante-peaux-seche-50ml\/","url":"https:\/\/pharmadreams.shop\/index.php\/product\/innovaderm-creme-riche-hydratante-peaux-seche-50ml\/","name":"INNOVADERM CREME RICHE HYDRATANTE PEAUX SECHE 50ML - pharmadreams","isPartOf":{"@id":"https:\/\/pharmadreams.shop\/#website"},"primaryImageOfPage":{"@id":"https:\/\/pharmadreams.shop\/index.php\/product\/innovaderm-creme-riche-hydratante-peaux-seche-50ml\/#primaryimage"},"image":{"@id":"https:\/\/pharmadreams.shop\/index.php\/product\/innovaderm-creme-riche-hydratante-peaux-seche-50ml\/#primaryimage"},"thumbnailUrl":"https:\/\/pharmadreams.shop\/wp-content\/uploads\/2024\/05\/innovaderm-creme-riche-hydratante-visage-spf-20-50ml.jpg","datePublished":"2024-05-08T18:05:06+00:00","dateModified":"2024-06-10T17:47:04+00:00","breadcrumb":{"@id":"https:\/\/pharmadreams.shop\/index.php\/product\/innovaderm-creme-riche-hydratante-peaux-seche-50ml\/#breadcrumb"},"inLanguage":"fr-FR","potentialAction":[{"@type":"ReadAction","target":["https:\/\/pharmadreams.shop\/index.php\/product\/innovaderm-creme-riche-hydratante-peaux-seche-50ml\/"]}]},{"@type":"ImageObject","inLanguage":"fr-FR","@id":"https:\/\/pharmadreams.shop\/index.php\/product\/innovaderm-creme-riche-hydratante-peaux-seche-50ml\/#primaryimage","url":"https:\/\/pharmadreams.shop\/wp-content\/uploads\/2024\/05\/innovaderm-creme-riche-hydratante-visage-spf-20-50ml.jpg","contentUrl":"https:\/\/pharmadreams.shop\/wp-content\/uploads\/2024\/05\/innovaderm-creme-riche-hydratante-visage-spf-20-50ml.jpg","width":452,"height":452},{"@type":"BreadcrumbList","@id":"https:\/\/pharmadreams.shop\/index.php\/product\/innovaderm-creme-riche-hydratante-peaux-seche-50ml\/#breadcrumb","itemListElement":[{"@type":"ListItem","position":1,"name":"Accueil","item":"https:\/\/pharmadreams.shop\/"},{"@type":"ListItem","position":2,"name":"Shop","item":"https:\/\/pharmadreams.shop\/index.php\/shop\/"},{"@type":"ListItem","position":3,"name":"INNOVADERM CREME RICHE HYDRATANTE PEAUX SECHE 50ML"}]},{"@type":"WebSite","@id":"https:\/\/pharmadreams.shop\/#website","url":"https:\/\/pharmadreams.shop\/","name":"pharmadreams","description":"Parapharmacie en ligne","potentialAction":[{"@type":"SearchAction","target":{"@type":"EntryPoint","urlTemplate":"https:\/\/pharmadreams.shop\/?s={search_term_string}"},"query-input":"required name=search_term_string"}],"inLanguage":"fr-FR"}]}},"_links":{"self":[{"href":"https:\/\/pharmadreams.shop\/index.php\/wp-json\/wp\/v2\/product\/18159","targetHints":{"allow":["GET"]}}],"collection":[{"href":"https:\/\/pharmadreams.shop\/index.php\/wp-json\/wp\/v2\/product"}],"about":[{"href":"https:\/\/pharmadreams.shop\/index.php\/wp-json\/wp\/v2\/types\/product"}],"replies":[{"embeddable":true,"href":"https:\/\/pharmadreams.shop\/index.php\/wp-json\/wp\/v2\/comments?post=18159"}],"version-history":[{"count":0,"href":"https:\/\/pharmadreams.shop\/index.php\/wp-json\/wp\/v2\/product\/18159\/revisions"}],"wp:featuredmedia":[{"embeddable":true,"href":"https:\/\/pharmadreams.shop\/index.php\/wp-json\/wp\/v2\/media\/18160"}],"wp:attachment":[{"href":"https:\/\/pharmadreams.shop\/index.php\/wp-json\/wp\/v2\/media?parent=18159"}],"wp:term":[{"taxonomy":"product_brand","embeddable":true,"href":"https:\/\/pharmadreams.shop\/index.php\/wp-json\/wp\/v2\/product_brand?post=18159"},{"taxonomy":"product_cat","embeddable":true,"href":"https:\/\/pharmadreams.shop\/index.php\/wp-json\/wp\/v2\/product_cat?post=18159"},{"taxonomy":"product_tag","embeddable":true,"href":"https:\/\/pharmadreams.shop\/index.php\/wp-json\/wp\/v2\/product_tag?post=18159"}],"curies":[{"name":"wp","href":"https:\/\/api.w.org\/{rel}","templated":true}]}}