{"id":18182,"date":"2024-05-09T11:13:50","date_gmt":"2024-05-09T10:13:50","guid":{"rendered":"https:\/\/pharmadreams.shop\/?post_type=product&#038;p=18182"},"modified":"2024-05-09T11:13:50","modified_gmt":"2024-05-09T10:13:50","slug":"svr-topialyse-gel-lavant-200ml","status":"publish","type":"product","link":"https:\/\/pharmadreams.shop\/index.php\/product\/svr-topialyse-gel-lavant-200ml\/","title":{"rendered":"SVR Topialyse Gel Lavant 200ml"},"content":{"rendered":"","protected":false},"excerpt":{"rendered":"<p>Le\u00a0<strong>gel lavant Topialyse<\/strong>\u00a0du laboratoire\u00a0<strong>SVR<\/strong>\u00a0est un nettoyant destin\u00e9 aux\u00a0<strong>peaux sensibles et s\u00e8ches<\/strong>. Il peut \u00eatre utilis\u00e9 \u00e0 la fois sur le corps, les cheveux et le visage et convient pour une utilisation par toute la famille, y compris les b\u00e9b\u00e9s. Ce gel lavant\u00a0<strong>nettoie<\/strong>\u00a0la peau tout en douceur, la\u00a0<strong>pr\u00e9serve<\/strong>\u00a0de l\u2019effet dess\u00e9chant induit par le nettoyage \u00e0 l\u2019eau et laisse un\u00a0<strong>film protecteur<\/strong>\u00a0pour limiter l\u2019impact des \u00e9l\u00e9ments ext\u00e9rieurs comme le vent, le froid ou la pollution qui peuvent entra\u00eener des d\u00e9mangeaisons, des irritations et des picotements.<\/p>\n","protected":false},"featured_media":18183,"comment_status":"open","ping_status":"closed","template":"","meta":[],"product_brand":[],"product_cat":[28,163,98,304,194,79,20],"product_tag":[],"class_list":{"0":"post-18182","1":"product","2":"type-product","3":"status-publish","4":"has-post-thumbnail","6":"product_cat-corps","7":"product_cat-gel-lavant","8":"product_cat-hydratation","9":"product_cat-nettoyant-visage","10":"product_cat-peaux-sensibles","11":"product_cat-peaux-seches","12":"product_cat-visage","14":"first","15":"instock","16":"shipping-taxable","17":"purchasable","18":"product-type-simple"},"yoast_head":"<!-- This site is optimized with the Yoast SEO plugin v23.0 - https:\/\/yoast.com\/wordpress\/plugins\/seo\/ -->\n<title>SVR Topialyse Gel Lavant 200ml - pharmadreams<\/title>\n<meta name=\"robots\" content=\"index, follow, max-snippet:-1, max-image-preview:large, max-video-preview:-1\" \/>\n<link rel=\"canonical\" href=\"https:\/\/pharmadreams.shop\/index.php\/product\/svr-topialyse-gel-lavant-200ml\/\" \/>\n<meta property=\"og:locale\" content=\"fr_FR\" \/>\n<meta property=\"og:type\" content=\"article\" \/>\n<meta property=\"og:title\" content=\"SVR Topialyse Gel Lavant 200ml - pharmadreams\" \/>\n<meta property=\"og:description\" content=\"Le\u00a0gel lavant Topialyse\u00a0du laboratoire\u00a0SVR\u00a0est un nettoyant destin\u00e9 aux\u00a0peaux sensibles et s\u00e8ches. Il peut \u00eatre utilis\u00e9 \u00e0 la fois sur le corps, les cheveux et le visage et convient pour une utilisation par toute la famille, y compris les b\u00e9b\u00e9s. Ce gel lavant\u00a0nettoie\u00a0la peau tout en douceur, la\u00a0pr\u00e9serve\u00a0de l\u2019effet dess\u00e9chant induit par le nettoyage \u00e0 l\u2019eau et laisse un\u00a0film protecteur\u00a0pour limiter l\u2019impact des \u00e9l\u00e9ments ext\u00e9rieurs comme le vent, le froid ou la pollution qui peuvent entra\u00eener des d\u00e9mangeaisons, des irritations et des picotements.\" \/>\n<meta property=\"og:url\" content=\"https:\/\/pharmadreams.shop\/index.php\/product\/svr-topialyse-gel-lavant-200ml\/\" \/>\n<meta property=\"og:site_name\" content=\"pharmadreams\" \/>\n<meta property=\"og:image\" content=\"https:\/\/pharmadreams.shop\/wp-content\/uploads\/2024\/05\/317598-laboratoires-svr-topialyse-gel-lavant-200ml-gel-douche-200ml-tube-1000x1000-1.webp\" \/>\n\t<meta property=\"og:image:width\" content=\"1000\" \/>\n\t<meta property=\"og:image:height\" content=\"1000\" \/>\n\t<meta property=\"og:image:type\" content=\"image\/webp\" \/>\n<meta name=\"twitter:card\" content=\"summary_large_image\" \/>\n<meta name=\"twitter:label1\" content=\"Dur\u00e9e de lecture estim\u00e9e\" \/>\n\t<meta name=\"twitter:data1\" content=\"1 minute\" \/>\n<script type=\"application\/ld+json\" class=\"yoast-schema-graph\">{\"@context\":\"https:\/\/schema.org\",\"@graph\":[{\"@type\":\"WebPage\",\"@id\":\"https:\/\/pharmadreams.shop\/index.php\/product\/svr-topialyse-gel-lavant-200ml\/\",\"url\":\"https:\/\/pharmadreams.shop\/index.php\/product\/svr-topialyse-gel-lavant-200ml\/\",\"name\":\"SVR Topialyse Gel Lavant 200ml - pharmadreams\",\"isPartOf\":{\"@id\":\"https:\/\/pharmadreams.shop\/#website\"},\"primaryImageOfPage\":{\"@id\":\"https:\/\/pharmadreams.shop\/index.php\/product\/svr-topialyse-gel-lavant-200ml\/#primaryimage\"},\"image\":{\"@id\":\"https:\/\/pharmadreams.shop\/index.php\/product\/svr-topialyse-gel-lavant-200ml\/#primaryimage\"},\"thumbnailUrl\":\"https:\/\/pharmadreams.shop\/wp-content\/uploads\/2024\/05\/317598-laboratoires-svr-topialyse-gel-lavant-200ml-gel-douche-200ml-tube-1000x1000-1.webp\",\"datePublished\":\"2024-05-09T10:13:50+00:00\",\"dateModified\":\"2024-05-09T10:13:50+00:00\",\"breadcrumb\":{\"@id\":\"https:\/\/pharmadreams.shop\/index.php\/product\/svr-topialyse-gel-lavant-200ml\/#breadcrumb\"},\"inLanguage\":\"fr-FR\",\"potentialAction\":[{\"@type\":\"ReadAction\",\"target\":[\"https:\/\/pharmadreams.shop\/index.php\/product\/svr-topialyse-gel-lavant-200ml\/\"]}]},{\"@type\":\"ImageObject\",\"inLanguage\":\"fr-FR\",\"@id\":\"https:\/\/pharmadreams.shop\/index.php\/product\/svr-topialyse-gel-lavant-200ml\/#primaryimage\",\"url\":\"https:\/\/pharmadreams.shop\/wp-content\/uploads\/2024\/05\/317598-laboratoires-svr-topialyse-gel-lavant-200ml-gel-douche-200ml-tube-1000x1000-1.webp\",\"contentUrl\":\"https:\/\/pharmadreams.shop\/wp-content\/uploads\/2024\/05\/317598-laboratoires-svr-topialyse-gel-lavant-200ml-gel-douche-200ml-tube-1000x1000-1.webp\",\"width\":1000,\"height\":1000},{\"@type\":\"BreadcrumbList\",\"@id\":\"https:\/\/pharmadreams.shop\/index.php\/product\/svr-topialyse-gel-lavant-200ml\/#breadcrumb\",\"itemListElement\":[{\"@type\":\"ListItem\",\"position\":1,\"name\":\"Accueil\",\"item\":\"https:\/\/pharmadreams.shop\/\"},{\"@type\":\"ListItem\",\"position\":2,\"name\":\"Shop\",\"item\":\"https:\/\/pharmadreams.shop\/index.php\/shop\/\"},{\"@type\":\"ListItem\",\"position\":3,\"name\":\"SVR Topialyse Gel Lavant 200ml\"}]},{\"@type\":\"WebSite\",\"@id\":\"https:\/\/pharmadreams.shop\/#website\",\"url\":\"https:\/\/pharmadreams.shop\/\",\"name\":\"pharmadreams\",\"description\":\"Parapharmacie en ligne\",\"potentialAction\":[{\"@type\":\"SearchAction\",\"target\":{\"@type\":\"EntryPoint\",\"urlTemplate\":\"https:\/\/pharmadreams.shop\/?s={search_term_string}\"},\"query-input\":\"required name=search_term_string\"}],\"inLanguage\":\"fr-FR\"}]}<\/script>\n<!-- \/ Yoast SEO plugin. -->","yoast_head_json":{"title":"SVR Topialyse Gel Lavant 200ml - pharmadreams","robots":{"index":"index","follow":"follow","max-snippet":"max-snippet:-1","max-image-preview":"max-image-preview:large","max-video-preview":"max-video-preview:-1"},"canonical":"https:\/\/pharmadreams.shop\/index.php\/product\/svr-topialyse-gel-lavant-200ml\/","og_locale":"fr_FR","og_type":"article","og_title":"SVR Topialyse Gel Lavant 200ml - pharmadreams","og_description":"Le\u00a0gel lavant Topialyse\u00a0du laboratoire\u00a0SVR\u00a0est un nettoyant destin\u00e9 aux\u00a0peaux sensibles et s\u00e8ches. Il peut \u00eatre utilis\u00e9 \u00e0 la fois sur le corps, les cheveux et le visage et convient pour une utilisation par toute la famille, y compris les b\u00e9b\u00e9s. Ce gel lavant\u00a0nettoie\u00a0la peau tout en douceur, la\u00a0pr\u00e9serve\u00a0de l\u2019effet dess\u00e9chant induit par le nettoyage \u00e0 l\u2019eau et laisse un\u00a0film protecteur\u00a0pour limiter l\u2019impact des \u00e9l\u00e9ments ext\u00e9rieurs comme le vent, le froid ou la pollution qui peuvent entra\u00eener des d\u00e9mangeaisons, des irritations et des picotements.","og_url":"https:\/\/pharmadreams.shop\/index.php\/product\/svr-topialyse-gel-lavant-200ml\/","og_site_name":"pharmadreams","og_image":[{"width":1000,"height":1000,"url":"https:\/\/pharmadreams.shop\/wp-content\/uploads\/2024\/05\/317598-laboratoires-svr-topialyse-gel-lavant-200ml-gel-douche-200ml-tube-1000x1000-1.webp","type":"image\/webp"}],"twitter_card":"summary_large_image","twitter_misc":{"Dur\u00e9e de lecture estim\u00e9e":"1 minute"},"schema":{"@context":"https:\/\/schema.org","@graph":[{"@type":"WebPage","@id":"https:\/\/pharmadreams.shop\/index.php\/product\/svr-topialyse-gel-lavant-200ml\/","url":"https:\/\/pharmadreams.shop\/index.php\/product\/svr-topialyse-gel-lavant-200ml\/","name":"SVR Topialyse Gel Lavant 200ml - pharmadreams","isPartOf":{"@id":"https:\/\/pharmadreams.shop\/#website"},"primaryImageOfPage":{"@id":"https:\/\/pharmadreams.shop\/index.php\/product\/svr-topialyse-gel-lavant-200ml\/#primaryimage"},"image":{"@id":"https:\/\/pharmadreams.shop\/index.php\/product\/svr-topialyse-gel-lavant-200ml\/#primaryimage"},"thumbnailUrl":"https:\/\/pharmadreams.shop\/wp-content\/uploads\/2024\/05\/317598-laboratoires-svr-topialyse-gel-lavant-200ml-gel-douche-200ml-tube-1000x1000-1.webp","datePublished":"2024-05-09T10:13:50+00:00","dateModified":"2024-05-09T10:13:50+00:00","breadcrumb":{"@id":"https:\/\/pharmadreams.shop\/index.php\/product\/svr-topialyse-gel-lavant-200ml\/#breadcrumb"},"inLanguage":"fr-FR","potentialAction":[{"@type":"ReadAction","target":["https:\/\/pharmadreams.shop\/index.php\/product\/svr-topialyse-gel-lavant-200ml\/"]}]},{"@type":"ImageObject","inLanguage":"fr-FR","@id":"https:\/\/pharmadreams.shop\/index.php\/product\/svr-topialyse-gel-lavant-200ml\/#primaryimage","url":"https:\/\/pharmadreams.shop\/wp-content\/uploads\/2024\/05\/317598-laboratoires-svr-topialyse-gel-lavant-200ml-gel-douche-200ml-tube-1000x1000-1.webp","contentUrl":"https:\/\/pharmadreams.shop\/wp-content\/uploads\/2024\/05\/317598-laboratoires-svr-topialyse-gel-lavant-200ml-gel-douche-200ml-tube-1000x1000-1.webp","width":1000,"height":1000},{"@type":"BreadcrumbList","@id":"https:\/\/pharmadreams.shop\/index.php\/product\/svr-topialyse-gel-lavant-200ml\/#breadcrumb","itemListElement":[{"@type":"ListItem","position":1,"name":"Accueil","item":"https:\/\/pharmadreams.shop\/"},{"@type":"ListItem","position":2,"name":"Shop","item":"https:\/\/pharmadreams.shop\/index.php\/shop\/"},{"@type":"ListItem","position":3,"name":"SVR Topialyse Gel Lavant 200ml"}]},{"@type":"WebSite","@id":"https:\/\/pharmadreams.shop\/#website","url":"https:\/\/pharmadreams.shop\/","name":"pharmadreams","description":"Parapharmacie en ligne","potentialAction":[{"@type":"SearchAction","target":{"@type":"EntryPoint","urlTemplate":"https:\/\/pharmadreams.shop\/?s={search_term_string}"},"query-input":"required name=search_term_string"}],"inLanguage":"fr-FR"}]}},"_links":{"self":[{"href":"https:\/\/pharmadreams.shop\/index.php\/wp-json\/wp\/v2\/product\/18182","targetHints":{"allow":["GET"]}}],"collection":[{"href":"https:\/\/pharmadreams.shop\/index.php\/wp-json\/wp\/v2\/product"}],"about":[{"href":"https:\/\/pharmadreams.shop\/index.php\/wp-json\/wp\/v2\/types\/product"}],"replies":[{"embeddable":true,"href":"https:\/\/pharmadreams.shop\/index.php\/wp-json\/wp\/v2\/comments?post=18182"}],"version-history":[{"count":0,"href":"https:\/\/pharmadreams.shop\/index.php\/wp-json\/wp\/v2\/product\/18182\/revisions"}],"wp:featuredmedia":[{"embeddable":true,"href":"https:\/\/pharmadreams.shop\/index.php\/wp-json\/wp\/v2\/media\/18183"}],"wp:attachment":[{"href":"https:\/\/pharmadreams.shop\/index.php\/wp-json\/wp\/v2\/media?parent=18182"}],"wp:term":[{"taxonomy":"product_brand","embeddable":true,"href":"https:\/\/pharmadreams.shop\/index.php\/wp-json\/wp\/v2\/product_brand?post=18182"},{"taxonomy":"product_cat","embeddable":true,"href":"https:\/\/pharmadreams.shop\/index.php\/wp-json\/wp\/v2\/product_cat?post=18182"},{"taxonomy":"product_tag","embeddable":true,"href":"https:\/\/pharmadreams.shop\/index.php\/wp-json\/wp\/v2\/product_tag?post=18182"}],"curies":[{"name":"wp","href":"https:\/\/api.w.org\/{rel}","templated":true}]}}