{"id":18188,"date":"2024-05-09T11:27:51","date_gmt":"2024-05-09T10:27:51","guid":{"rendered":"https:\/\/pharmadreams.shop\/?post_type=product&#038;p=18188"},"modified":"2024-05-09T11:27:52","modified_gmt":"2024-05-09T10:27:52","slug":"svr-topialyse-creme-200ml","status":"publish","type":"product","link":"https:\/\/pharmadreams.shop\/index.php\/product\/svr-topialyse-creme-200ml\/","title":{"rendered":"SVR Topialyse Cr\u00e8me 200ml"},"content":{"rendered":"","protected":false},"excerpt":{"rendered":"<p><strong>SVR Topialyse Cr\u00e8me 200ml<\/strong>\u00a0est le soin des peaux s\u00e8ches et sensibles de toute la famille. Cette cr\u00e8me poss\u00e8de une formule apaisante et nourrissante pour dire bye-bye aux sensations de tiraillement pour un confort imm\u00e9diat et durable.<\/p>\n<p>L\u2019hydratation intense dans une cr\u00e8me velours : Sa texture est ultra-fondante non grasse et non collante permet un habillage imm\u00e9diat.<br \/>\nUne nouvelle formule encore plus clean 98% d\u2019ingr\u00e9dients d\u2019origine naturelle enrichie en beurre de karit\u00e9, beurre de babassu et huiles v\u00e9g\u00e9tales.<br \/>\nEt\u00e9 comme hiver, elle prot\u00e8ge la peau des facteurs dess\u00e9chants (chaleur ou froid, pollution, calcaire\u2026).<\/p>\n","protected":false},"featured_media":18189,"comment_status":"open","ping_status":"closed","template":"","meta":[],"product_brand":[],"product_cat":[78,98,194,79,20],"product_tag":[],"class_list":{"0":"post-18188","1":"product","2":"type-product","3":"status-publish","4":"has-post-thumbnail","6":"product_cat-cremes","7":"product_cat-hydratation","8":"product_cat-peaux-sensibles","9":"product_cat-peaux-seches","10":"product_cat-visage","12":"first","13":"instock","14":"shipping-taxable","15":"purchasable","16":"product-type-simple"},"yoast_head":"<!-- This site is optimized with the Yoast SEO plugin v23.0 - https:\/\/yoast.com\/wordpress\/plugins\/seo\/ -->\n<title>SVR Topialyse Cr\u00e8me 200ml - pharmadreams<\/title>\n<meta name=\"robots\" content=\"index, follow, max-snippet:-1, max-image-preview:large, max-video-preview:-1\" \/>\n<link rel=\"canonical\" href=\"https:\/\/pharmadreams.shop\/index.php\/product\/svr-topialyse-creme-200ml\/\" \/>\n<meta property=\"og:locale\" content=\"fr_FR\" \/>\n<meta property=\"og:type\" content=\"article\" \/>\n<meta property=\"og:title\" content=\"SVR Topialyse Cr\u00e8me 200ml - pharmadreams\" \/>\n<meta property=\"og:description\" content=\"SVR Topialyse Cr\u00e8me 200ml\u00a0est le soin des peaux s\u00e8ches et sensibles de toute la famille. Cette cr\u00e8me poss\u00e8de une formule apaisante et nourrissante pour dire bye-bye aux sensations de tiraillement pour un confort imm\u00e9diat et durable.  L\u2019hydratation intense dans une cr\u00e8me velours : Sa texture est ultra-fondante non grasse et non collante permet un habillage imm\u00e9diat. Une nouvelle formule encore plus clean 98% d\u2019ingr\u00e9dients d\u2019origine naturelle enrichie en beurre de karit\u00e9, beurre de babassu et huiles v\u00e9g\u00e9tales. Et\u00e9 comme hiver, elle prot\u00e8ge la peau des facteurs dess\u00e9chants (chaleur ou froid, pollution, calcaire\u2026).\" \/>\n<meta property=\"og:url\" content=\"https:\/\/pharmadreams.shop\/index.php\/product\/svr-topialyse-creme-200ml\/\" \/>\n<meta property=\"og:site_name\" content=\"pharmadreams\" \/>\n<meta property=\"article:modified_time\" content=\"2024-05-09T10:27:52+00:00\" \/>\n<meta property=\"og:image\" content=\"https:\/\/pharmadreams.shop\/wp-content\/uploads\/2024\/05\/topialyse-creme-2022-200_2000x2000_e1faba5e-ff13-4a6e-b4d5-51bd19a03638_3_x3000.pnj_.webp\" \/>\n\t<meta property=\"og:image:width\" content=\"2000\" \/>\n\t<meta property=\"og:image:height\" content=\"2000\" \/>\n\t<meta property=\"og:image:type\" content=\"image\/webp\" \/>\n<meta name=\"twitter:card\" content=\"summary_large_image\" \/>\n<meta name=\"twitter:label1\" content=\"Dur\u00e9e de lecture estim\u00e9e\" \/>\n\t<meta name=\"twitter:data1\" content=\"1 minute\" \/>\n<script type=\"application\/ld+json\" class=\"yoast-schema-graph\">{\"@context\":\"https:\/\/schema.org\",\"@graph\":[{\"@type\":\"WebPage\",\"@id\":\"https:\/\/pharmadreams.shop\/index.php\/product\/svr-topialyse-creme-200ml\/\",\"url\":\"https:\/\/pharmadreams.shop\/index.php\/product\/svr-topialyse-creme-200ml\/\",\"name\":\"SVR Topialyse Cr\u00e8me 200ml - pharmadreams\",\"isPartOf\":{\"@id\":\"https:\/\/pharmadreams.shop\/#website\"},\"primaryImageOfPage\":{\"@id\":\"https:\/\/pharmadreams.shop\/index.php\/product\/svr-topialyse-creme-200ml\/#primaryimage\"},\"image\":{\"@id\":\"https:\/\/pharmadreams.shop\/index.php\/product\/svr-topialyse-creme-200ml\/#primaryimage\"},\"thumbnailUrl\":\"https:\/\/pharmadreams.shop\/wp-content\/uploads\/2024\/05\/topialyse-creme-2022-200_2000x2000_e1faba5e-ff13-4a6e-b4d5-51bd19a03638_3_x3000.pnj_.webp\",\"datePublished\":\"2024-05-09T10:27:51+00:00\",\"dateModified\":\"2024-05-09T10:27:52+00:00\",\"breadcrumb\":{\"@id\":\"https:\/\/pharmadreams.shop\/index.php\/product\/svr-topialyse-creme-200ml\/#breadcrumb\"},\"inLanguage\":\"fr-FR\",\"potentialAction\":[{\"@type\":\"ReadAction\",\"target\":[\"https:\/\/pharmadreams.shop\/index.php\/product\/svr-topialyse-creme-200ml\/\"]}]},{\"@type\":\"ImageObject\",\"inLanguage\":\"fr-FR\",\"@id\":\"https:\/\/pharmadreams.shop\/index.php\/product\/svr-topialyse-creme-200ml\/#primaryimage\",\"url\":\"https:\/\/pharmadreams.shop\/wp-content\/uploads\/2024\/05\/topialyse-creme-2022-200_2000x2000_e1faba5e-ff13-4a6e-b4d5-51bd19a03638_3_x3000.pnj_.webp\",\"contentUrl\":\"https:\/\/pharmadreams.shop\/wp-content\/uploads\/2024\/05\/topialyse-creme-2022-200_2000x2000_e1faba5e-ff13-4a6e-b4d5-51bd19a03638_3_x3000.pnj_.webp\",\"width\":2000,\"height\":2000},{\"@type\":\"BreadcrumbList\",\"@id\":\"https:\/\/pharmadreams.shop\/index.php\/product\/svr-topialyse-creme-200ml\/#breadcrumb\",\"itemListElement\":[{\"@type\":\"ListItem\",\"position\":1,\"name\":\"Accueil\",\"item\":\"https:\/\/pharmadreams.shop\/\"},{\"@type\":\"ListItem\",\"position\":2,\"name\":\"Shop\",\"item\":\"https:\/\/pharmadreams.shop\/index.php\/shop\/\"},{\"@type\":\"ListItem\",\"position\":3,\"name\":\"SVR Topialyse Cr\u00e8me 200ml\"}]},{\"@type\":\"WebSite\",\"@id\":\"https:\/\/pharmadreams.shop\/#website\",\"url\":\"https:\/\/pharmadreams.shop\/\",\"name\":\"pharmadreams\",\"description\":\"Parapharmacie en ligne\",\"potentialAction\":[{\"@type\":\"SearchAction\",\"target\":{\"@type\":\"EntryPoint\",\"urlTemplate\":\"https:\/\/pharmadreams.shop\/?s={search_term_string}\"},\"query-input\":\"required name=search_term_string\"}],\"inLanguage\":\"fr-FR\"}]}<\/script>\n<!-- \/ Yoast SEO plugin. -->","yoast_head_json":{"title":"SVR Topialyse Cr\u00e8me 200ml - pharmadreams","robots":{"index":"index","follow":"follow","max-snippet":"max-snippet:-1","max-image-preview":"max-image-preview:large","max-video-preview":"max-video-preview:-1"},"canonical":"https:\/\/pharmadreams.shop\/index.php\/product\/svr-topialyse-creme-200ml\/","og_locale":"fr_FR","og_type":"article","og_title":"SVR Topialyse Cr\u00e8me 200ml - pharmadreams","og_description":"SVR Topialyse Cr\u00e8me 200ml\u00a0est le soin des peaux s\u00e8ches et sensibles de toute la famille. Cette cr\u00e8me poss\u00e8de une formule apaisante et nourrissante pour dire bye-bye aux sensations de tiraillement pour un confort imm\u00e9diat et durable.  L\u2019hydratation intense dans une cr\u00e8me velours : Sa texture est ultra-fondante non grasse et non collante permet un habillage imm\u00e9diat. Une nouvelle formule encore plus clean 98% d\u2019ingr\u00e9dients d\u2019origine naturelle enrichie en beurre de karit\u00e9, beurre de babassu et huiles v\u00e9g\u00e9tales. Et\u00e9 comme hiver, elle prot\u00e8ge la peau des facteurs dess\u00e9chants (chaleur ou froid, pollution, calcaire\u2026).","og_url":"https:\/\/pharmadreams.shop\/index.php\/product\/svr-topialyse-creme-200ml\/","og_site_name":"pharmadreams","article_modified_time":"2024-05-09T10:27:52+00:00","og_image":[{"width":2000,"height":2000,"url":"https:\/\/pharmadreams.shop\/wp-content\/uploads\/2024\/05\/topialyse-creme-2022-200_2000x2000_e1faba5e-ff13-4a6e-b4d5-51bd19a03638_3_x3000.pnj_.webp","type":"image\/webp"}],"twitter_card":"summary_large_image","twitter_misc":{"Dur\u00e9e de lecture estim\u00e9e":"1 minute"},"schema":{"@context":"https:\/\/schema.org","@graph":[{"@type":"WebPage","@id":"https:\/\/pharmadreams.shop\/index.php\/product\/svr-topialyse-creme-200ml\/","url":"https:\/\/pharmadreams.shop\/index.php\/product\/svr-topialyse-creme-200ml\/","name":"SVR Topialyse Cr\u00e8me 200ml - pharmadreams","isPartOf":{"@id":"https:\/\/pharmadreams.shop\/#website"},"primaryImageOfPage":{"@id":"https:\/\/pharmadreams.shop\/index.php\/product\/svr-topialyse-creme-200ml\/#primaryimage"},"image":{"@id":"https:\/\/pharmadreams.shop\/index.php\/product\/svr-topialyse-creme-200ml\/#primaryimage"},"thumbnailUrl":"https:\/\/pharmadreams.shop\/wp-content\/uploads\/2024\/05\/topialyse-creme-2022-200_2000x2000_e1faba5e-ff13-4a6e-b4d5-51bd19a03638_3_x3000.pnj_.webp","datePublished":"2024-05-09T10:27:51+00:00","dateModified":"2024-05-09T10:27:52+00:00","breadcrumb":{"@id":"https:\/\/pharmadreams.shop\/index.php\/product\/svr-topialyse-creme-200ml\/#breadcrumb"},"inLanguage":"fr-FR","potentialAction":[{"@type":"ReadAction","target":["https:\/\/pharmadreams.shop\/index.php\/product\/svr-topialyse-creme-200ml\/"]}]},{"@type":"ImageObject","inLanguage":"fr-FR","@id":"https:\/\/pharmadreams.shop\/index.php\/product\/svr-topialyse-creme-200ml\/#primaryimage","url":"https:\/\/pharmadreams.shop\/wp-content\/uploads\/2024\/05\/topialyse-creme-2022-200_2000x2000_e1faba5e-ff13-4a6e-b4d5-51bd19a03638_3_x3000.pnj_.webp","contentUrl":"https:\/\/pharmadreams.shop\/wp-content\/uploads\/2024\/05\/topialyse-creme-2022-200_2000x2000_e1faba5e-ff13-4a6e-b4d5-51bd19a03638_3_x3000.pnj_.webp","width":2000,"height":2000},{"@type":"BreadcrumbList","@id":"https:\/\/pharmadreams.shop\/index.php\/product\/svr-topialyse-creme-200ml\/#breadcrumb","itemListElement":[{"@type":"ListItem","position":1,"name":"Accueil","item":"https:\/\/pharmadreams.shop\/"},{"@type":"ListItem","position":2,"name":"Shop","item":"https:\/\/pharmadreams.shop\/index.php\/shop\/"},{"@type":"ListItem","position":3,"name":"SVR Topialyse Cr\u00e8me 200ml"}]},{"@type":"WebSite","@id":"https:\/\/pharmadreams.shop\/#website","url":"https:\/\/pharmadreams.shop\/","name":"pharmadreams","description":"Parapharmacie en ligne","potentialAction":[{"@type":"SearchAction","target":{"@type":"EntryPoint","urlTemplate":"https:\/\/pharmadreams.shop\/?s={search_term_string}"},"query-input":"required name=search_term_string"}],"inLanguage":"fr-FR"}]}},"_links":{"self":[{"href":"https:\/\/pharmadreams.shop\/index.php\/wp-json\/wp\/v2\/product\/18188","targetHints":{"allow":["GET"]}}],"collection":[{"href":"https:\/\/pharmadreams.shop\/index.php\/wp-json\/wp\/v2\/product"}],"about":[{"href":"https:\/\/pharmadreams.shop\/index.php\/wp-json\/wp\/v2\/types\/product"}],"replies":[{"embeddable":true,"href":"https:\/\/pharmadreams.shop\/index.php\/wp-json\/wp\/v2\/comments?post=18188"}],"version-history":[{"count":0,"href":"https:\/\/pharmadreams.shop\/index.php\/wp-json\/wp\/v2\/product\/18188\/revisions"}],"wp:featuredmedia":[{"embeddable":true,"href":"https:\/\/pharmadreams.shop\/index.php\/wp-json\/wp\/v2\/media\/18189"}],"wp:attachment":[{"href":"https:\/\/pharmadreams.shop\/index.php\/wp-json\/wp\/v2\/media?parent=18188"}],"wp:term":[{"taxonomy":"product_brand","embeddable":true,"href":"https:\/\/pharmadreams.shop\/index.php\/wp-json\/wp\/v2\/product_brand?post=18188"},{"taxonomy":"product_cat","embeddable":true,"href":"https:\/\/pharmadreams.shop\/index.php\/wp-json\/wp\/v2\/product_cat?post=18188"},{"taxonomy":"product_tag","embeddable":true,"href":"https:\/\/pharmadreams.shop\/index.php\/wp-json\/wp\/v2\/product_tag?post=18188"}],"curies":[{"name":"wp","href":"https:\/\/api.w.org\/{rel}","templated":true}]}}