{"id":18192,"date":"2024-05-09T11:37:07","date_gmt":"2024-05-09T10:37:07","guid":{"rendered":"https:\/\/pharmadreams.shop\/?post_type=product&#038;p=18192"},"modified":"2024-05-09T11:37:08","modified_gmt":"2024-05-09T10:37:08","slug":"svr-topialyse-baume-lavant-400ml","status":"publish","type":"product","link":"https:\/\/pharmadreams.shop\/index.php\/product\/svr-topialyse-baume-lavant-400ml\/","title":{"rendered":"SVR Topialyse Baume Lavant 400ml"},"content":{"rendered":"","protected":false},"excerpt":{"rendered":"<p><strong>SVR Topialyse Baume Lavant 400ml<\/strong>\u00a0s\u2019utilise au quotidien pour nettoyer les peaux sensibles, s\u00e8ches et \u00e0 tendance atopique.<br \/>\nIl permet \u00e9galement d\u2019hydrater (et de maintenir l\u2019hydratation pendant 24h), de nourrir l\u2019\u00e9piderme et d\u2019\u00e9viter les sensations de grattage.<\/p>\n<p>Baume lavant pour les peaux s\u00e8ches et atopiques, pour le visage, le corps et l\u2019hygi\u00e8ne intime. Convient pour les nourrissons, les enfants et les nourrissons.<\/p>\n","protected":false},"featured_media":18193,"comment_status":"open","ping_status":"closed","template":"","meta":[],"product_brand":[],"product_cat":[324,98,304,194,79,20],"product_tag":[],"class_list":{"0":"post-18192","1":"product","2":"type-product","3":"status-publish","4":"has-post-thumbnail","6":"product_cat-baume-lavant","7":"product_cat-hydratation","8":"product_cat-nettoyant-visage","9":"product_cat-peaux-sensibles","10":"product_cat-peaux-seches","11":"product_cat-visage","13":"first","14":"instock","15":"shipping-taxable","16":"purchasable","17":"product-type-simple"},"yoast_head":"<!-- This site is optimized with the Yoast SEO plugin v23.0 - https:\/\/yoast.com\/wordpress\/plugins\/seo\/ -->\n<title>SVR Topialyse Baume Lavant 400ml - pharmadreams<\/title>\n<meta name=\"robots\" content=\"index, follow, max-snippet:-1, max-image-preview:large, max-video-preview:-1\" \/>\n<link rel=\"canonical\" href=\"https:\/\/pharmadreams.shop\/index.php\/product\/svr-topialyse-baume-lavant-400ml\/\" \/>\n<meta property=\"og:locale\" content=\"fr_FR\" \/>\n<meta property=\"og:type\" content=\"article\" \/>\n<meta property=\"og:title\" content=\"SVR Topialyse Baume Lavant 400ml - pharmadreams\" \/>\n<meta property=\"og:description\" content=\"SVR Topialyse Baume Lavant 400ml\u00a0s\u2019utilise au quotidien pour nettoyer les peaux sensibles, s\u00e8ches et \u00e0 tendance atopique. Il permet \u00e9galement d\u2019hydrater (et de maintenir l\u2019hydratation pendant 24h), de nourrir l\u2019\u00e9piderme et d\u2019\u00e9viter les sensations de grattage.  Baume lavant pour les peaux s\u00e8ches et atopiques, pour le visage, le corps et l\u2019hygi\u00e8ne intime. Convient pour les nourrissons, les enfants et les nourrissons.\" \/>\n<meta property=\"og:url\" content=\"https:\/\/pharmadreams.shop\/index.php\/product\/svr-topialyse-baume-lavant-400ml\/\" \/>\n<meta property=\"og:site_name\" content=\"pharmadreams\" \/>\n<meta property=\"article:modified_time\" content=\"2024-05-09T10:37:08+00:00\" \/>\n<meta property=\"og:image\" content=\"https:\/\/pharmadreams.shop\/wp-content\/uploads\/2024\/05\/317539-laboratoires-svr-topialyse-baume-lavant-400ml-gel-douche-400ml-flacon-pompe-1000x1000-1.webp\" \/>\n\t<meta property=\"og:image:width\" content=\"1000\" \/>\n\t<meta property=\"og:image:height\" content=\"1000\" \/>\n\t<meta property=\"og:image:type\" content=\"image\/webp\" \/>\n<meta name=\"twitter:card\" content=\"summary_large_image\" \/>\n<meta name=\"twitter:label1\" content=\"Dur\u00e9e de lecture estim\u00e9e\" \/>\n\t<meta name=\"twitter:data1\" content=\"1 minute\" \/>\n<script type=\"application\/ld+json\" class=\"yoast-schema-graph\">{\"@context\":\"https:\/\/schema.org\",\"@graph\":[{\"@type\":\"WebPage\",\"@id\":\"https:\/\/pharmadreams.shop\/index.php\/product\/svr-topialyse-baume-lavant-400ml\/\",\"url\":\"https:\/\/pharmadreams.shop\/index.php\/product\/svr-topialyse-baume-lavant-400ml\/\",\"name\":\"SVR Topialyse Baume Lavant 400ml - pharmadreams\",\"isPartOf\":{\"@id\":\"https:\/\/pharmadreams.shop\/#website\"},\"primaryImageOfPage\":{\"@id\":\"https:\/\/pharmadreams.shop\/index.php\/product\/svr-topialyse-baume-lavant-400ml\/#primaryimage\"},\"image\":{\"@id\":\"https:\/\/pharmadreams.shop\/index.php\/product\/svr-topialyse-baume-lavant-400ml\/#primaryimage\"},\"thumbnailUrl\":\"https:\/\/pharmadreams.shop\/wp-content\/uploads\/2024\/05\/317539-laboratoires-svr-topialyse-baume-lavant-400ml-gel-douche-400ml-flacon-pompe-1000x1000-1.webp\",\"datePublished\":\"2024-05-09T10:37:07+00:00\",\"dateModified\":\"2024-05-09T10:37:08+00:00\",\"breadcrumb\":{\"@id\":\"https:\/\/pharmadreams.shop\/index.php\/product\/svr-topialyse-baume-lavant-400ml\/#breadcrumb\"},\"inLanguage\":\"fr-FR\",\"potentialAction\":[{\"@type\":\"ReadAction\",\"target\":[\"https:\/\/pharmadreams.shop\/index.php\/product\/svr-topialyse-baume-lavant-400ml\/\"]}]},{\"@type\":\"ImageObject\",\"inLanguage\":\"fr-FR\",\"@id\":\"https:\/\/pharmadreams.shop\/index.php\/product\/svr-topialyse-baume-lavant-400ml\/#primaryimage\",\"url\":\"https:\/\/pharmadreams.shop\/wp-content\/uploads\/2024\/05\/317539-laboratoires-svr-topialyse-baume-lavant-400ml-gel-douche-400ml-flacon-pompe-1000x1000-1.webp\",\"contentUrl\":\"https:\/\/pharmadreams.shop\/wp-content\/uploads\/2024\/05\/317539-laboratoires-svr-topialyse-baume-lavant-400ml-gel-douche-400ml-flacon-pompe-1000x1000-1.webp\",\"width\":1000,\"height\":1000},{\"@type\":\"BreadcrumbList\",\"@id\":\"https:\/\/pharmadreams.shop\/index.php\/product\/svr-topialyse-baume-lavant-400ml\/#breadcrumb\",\"itemListElement\":[{\"@type\":\"ListItem\",\"position\":1,\"name\":\"Accueil\",\"item\":\"https:\/\/pharmadreams.shop\/\"},{\"@type\":\"ListItem\",\"position\":2,\"name\":\"Shop\",\"item\":\"https:\/\/pharmadreams.shop\/index.php\/shop\/\"},{\"@type\":\"ListItem\",\"position\":3,\"name\":\"SVR Topialyse Baume Lavant 400ml\"}]},{\"@type\":\"WebSite\",\"@id\":\"https:\/\/pharmadreams.shop\/#website\",\"url\":\"https:\/\/pharmadreams.shop\/\",\"name\":\"pharmadreams\",\"description\":\"Parapharmacie en ligne\",\"potentialAction\":[{\"@type\":\"SearchAction\",\"target\":{\"@type\":\"EntryPoint\",\"urlTemplate\":\"https:\/\/pharmadreams.shop\/?s={search_term_string}\"},\"query-input\":\"required name=search_term_string\"}],\"inLanguage\":\"fr-FR\"}]}<\/script>\n<!-- \/ Yoast SEO plugin. -->","yoast_head_json":{"title":"SVR Topialyse Baume Lavant 400ml - pharmadreams","robots":{"index":"index","follow":"follow","max-snippet":"max-snippet:-1","max-image-preview":"max-image-preview:large","max-video-preview":"max-video-preview:-1"},"canonical":"https:\/\/pharmadreams.shop\/index.php\/product\/svr-topialyse-baume-lavant-400ml\/","og_locale":"fr_FR","og_type":"article","og_title":"SVR Topialyse Baume Lavant 400ml - pharmadreams","og_description":"SVR Topialyse Baume Lavant 400ml\u00a0s\u2019utilise au quotidien pour nettoyer les peaux sensibles, s\u00e8ches et \u00e0 tendance atopique. Il permet \u00e9galement d\u2019hydrater (et de maintenir l\u2019hydratation pendant 24h), de nourrir l\u2019\u00e9piderme et d\u2019\u00e9viter les sensations de grattage.  Baume lavant pour les peaux s\u00e8ches et atopiques, pour le visage, le corps et l\u2019hygi\u00e8ne intime. Convient pour les nourrissons, les enfants et les nourrissons.","og_url":"https:\/\/pharmadreams.shop\/index.php\/product\/svr-topialyse-baume-lavant-400ml\/","og_site_name":"pharmadreams","article_modified_time":"2024-05-09T10:37:08+00:00","og_image":[{"width":1000,"height":1000,"url":"https:\/\/pharmadreams.shop\/wp-content\/uploads\/2024\/05\/317539-laboratoires-svr-topialyse-baume-lavant-400ml-gel-douche-400ml-flacon-pompe-1000x1000-1.webp","type":"image\/webp"}],"twitter_card":"summary_large_image","twitter_misc":{"Dur\u00e9e de lecture estim\u00e9e":"1 minute"},"schema":{"@context":"https:\/\/schema.org","@graph":[{"@type":"WebPage","@id":"https:\/\/pharmadreams.shop\/index.php\/product\/svr-topialyse-baume-lavant-400ml\/","url":"https:\/\/pharmadreams.shop\/index.php\/product\/svr-topialyse-baume-lavant-400ml\/","name":"SVR Topialyse Baume Lavant 400ml - pharmadreams","isPartOf":{"@id":"https:\/\/pharmadreams.shop\/#website"},"primaryImageOfPage":{"@id":"https:\/\/pharmadreams.shop\/index.php\/product\/svr-topialyse-baume-lavant-400ml\/#primaryimage"},"image":{"@id":"https:\/\/pharmadreams.shop\/index.php\/product\/svr-topialyse-baume-lavant-400ml\/#primaryimage"},"thumbnailUrl":"https:\/\/pharmadreams.shop\/wp-content\/uploads\/2024\/05\/317539-laboratoires-svr-topialyse-baume-lavant-400ml-gel-douche-400ml-flacon-pompe-1000x1000-1.webp","datePublished":"2024-05-09T10:37:07+00:00","dateModified":"2024-05-09T10:37:08+00:00","breadcrumb":{"@id":"https:\/\/pharmadreams.shop\/index.php\/product\/svr-topialyse-baume-lavant-400ml\/#breadcrumb"},"inLanguage":"fr-FR","potentialAction":[{"@type":"ReadAction","target":["https:\/\/pharmadreams.shop\/index.php\/product\/svr-topialyse-baume-lavant-400ml\/"]}]},{"@type":"ImageObject","inLanguage":"fr-FR","@id":"https:\/\/pharmadreams.shop\/index.php\/product\/svr-topialyse-baume-lavant-400ml\/#primaryimage","url":"https:\/\/pharmadreams.shop\/wp-content\/uploads\/2024\/05\/317539-laboratoires-svr-topialyse-baume-lavant-400ml-gel-douche-400ml-flacon-pompe-1000x1000-1.webp","contentUrl":"https:\/\/pharmadreams.shop\/wp-content\/uploads\/2024\/05\/317539-laboratoires-svr-topialyse-baume-lavant-400ml-gel-douche-400ml-flacon-pompe-1000x1000-1.webp","width":1000,"height":1000},{"@type":"BreadcrumbList","@id":"https:\/\/pharmadreams.shop\/index.php\/product\/svr-topialyse-baume-lavant-400ml\/#breadcrumb","itemListElement":[{"@type":"ListItem","position":1,"name":"Accueil","item":"https:\/\/pharmadreams.shop\/"},{"@type":"ListItem","position":2,"name":"Shop","item":"https:\/\/pharmadreams.shop\/index.php\/shop\/"},{"@type":"ListItem","position":3,"name":"SVR Topialyse Baume Lavant 400ml"}]},{"@type":"WebSite","@id":"https:\/\/pharmadreams.shop\/#website","url":"https:\/\/pharmadreams.shop\/","name":"pharmadreams","description":"Parapharmacie en ligne","potentialAction":[{"@type":"SearchAction","target":{"@type":"EntryPoint","urlTemplate":"https:\/\/pharmadreams.shop\/?s={search_term_string}"},"query-input":"required name=search_term_string"}],"inLanguage":"fr-FR"}]}},"_links":{"self":[{"href":"https:\/\/pharmadreams.shop\/index.php\/wp-json\/wp\/v2\/product\/18192","targetHints":{"allow":["GET"]}}],"collection":[{"href":"https:\/\/pharmadreams.shop\/index.php\/wp-json\/wp\/v2\/product"}],"about":[{"href":"https:\/\/pharmadreams.shop\/index.php\/wp-json\/wp\/v2\/types\/product"}],"replies":[{"embeddable":true,"href":"https:\/\/pharmadreams.shop\/index.php\/wp-json\/wp\/v2\/comments?post=18192"}],"version-history":[{"count":0,"href":"https:\/\/pharmadreams.shop\/index.php\/wp-json\/wp\/v2\/product\/18192\/revisions"}],"wp:featuredmedia":[{"embeddable":true,"href":"https:\/\/pharmadreams.shop\/index.php\/wp-json\/wp\/v2\/media\/18193"}],"wp:attachment":[{"href":"https:\/\/pharmadreams.shop\/index.php\/wp-json\/wp\/v2\/media?parent=18192"}],"wp:term":[{"taxonomy":"product_brand","embeddable":true,"href":"https:\/\/pharmadreams.shop\/index.php\/wp-json\/wp\/v2\/product_brand?post=18192"},{"taxonomy":"product_cat","embeddable":true,"href":"https:\/\/pharmadreams.shop\/index.php\/wp-json\/wp\/v2\/product_cat?post=18192"},{"taxonomy":"product_tag","embeddable":true,"href":"https:\/\/pharmadreams.shop\/index.php\/wp-json\/wp\/v2\/product_tag?post=18192"}],"curies":[{"name":"wp","href":"https:\/\/api.w.org\/{rel}","templated":true}]}}